{"id":25542,"date":"2025-06-26T10:11:26","date_gmt":"2025-06-26T10:11:26","guid":{"rendered":"https:\/\/www.berti.net\/product\/refinir\/"},"modified":"2025-06-27T10:41:47","modified_gmt":"2025-06-27T10:41:47","slug":"refinir","status":"publish","type":"product","link":"https:\/\/berti.net\/fr\/produits-du-parquet\/refinir\/","title":{"rendered":"R\u00c9FINIR"},"content":{"rendered":"\n<div class=\"wp-block-group is-style-container has-global-padding is-content-justification-center is-layout-constrained wp-block-group-is-layout-constrained\">\n<div class=\"wp-block-group title-text-indented-pattern animated fadeIn has-global-padding is-layout-constrained wp-container-core-group-is-layout-a31aa551 wp-block-group-is-layout-constrained\">\n<div class=\"wp-block-group has-global-padding is-layout-constrained wp-block-group-is-layout-constrained\" style=\"margin-bottom:var(--wp--preset--spacing--50)\">\n<p class=\"has-m-font-size\">Son <strong>parfum frais de menthe et de pin<\/strong> procure une agr\u00e9able sensation de propret\u00e9. Il est parfait pour nettoyer les parquets pr\u00e9finis, les bois huil\u00e9s ou peints, et d&rsquo;autres surfaces telles que le marbre, la terre cuite, le gr\u00e8s, le verre, les stratifi\u00e9s et le linol\u00e9um. <\/p>\n\n\n\n<p class=\"has-m-font-size\">Il <strong>ne n\u00e9cessite pas de rin\u00e7age<\/strong> s&rsquo;il est utilis\u00e9 dans les doses recommand\u00e9es et peut \u00eatre appliqu\u00e9 \u00e0 l&rsquo;aide d&rsquo;une serpilli\u00e8re, d&rsquo;un chiffon en coton ou d&rsquo;un vaporisateur.<\/p>\n<\/div>\n<\/div>\n\n\n\n<div class=\"wp-block-group title-text-indented-pattern animated fadeIn has-global-padding is-layout-constrained wp-container-core-group-is-layout-a31aa551 wp-block-group-is-layout-constrained\">\n<h3 class=\"wp-block-heading has-text-color has-m-32-font-size\" style=\"color:#000000\">Principales caract\u00e9ristiques<\/h3>\n\n\n\n<div class=\"wp-block-group has-global-padding is-layout-constrained wp-block-group-is-layout-constrained\" style=\"margin-bottom:var(--wp--preset--spacing--50)\">\n<ul class=\"wp-block-list\">\n<li>Nettoyant sp\u00e9cifique pour parquet et surfaces d\u00e9licates<\/li>\n\n\n\n<li><strong>Peu moussant<\/strong>, ne laisse pas de r\u00e9sidus<\/li>\n\n\n\n<li>Non dangereux, <strong>sans symboles de risque<\/strong><\/li>\n\n\n\n<li>Parfum naturel : menthe-pin, citron ou fleur de lotus<\/li>\n\n\n\n<li>Id\u00e9al pour l&rsquo;usage quotidien et les autolaveuses<\/li>\n\n\n\n<li><strong>\u00c9conomique<\/strong>: rendement \u00e9lev\u00e9 m\u00eame \u00e0 faible dose<\/li>\n<\/ul>\n<\/div>\n<\/div>\n\n\n\n<div class=\"wp-block-group title-text-indented-pattern animated fadeIn has-global-padding is-layout-constrained wp-container-core-group-is-layout-a31aa551 wp-block-group-is-layout-constrained\">\n<h3 class=\"wp-block-heading has-text-color has-m-32-font-size\" style=\"color:#000000\">Modalit\u00e9s d&rsquo;utilisation<\/h3>\n\n\n\n<div class=\"wp-block-group has-global-padding is-layout-constrained wp-block-group-is-layout-constrained\" style=\"margin-bottom:var(--wp--preset--spacing--50)\">\n<h4 class=\"wp-block-heading has-m-22-font-size\">Nettoyage quotidien (serpilli\u00e8re ou chiffon en microfibres)<\/h4>\n\n\n\n<ul class=\"wp-block-list\">\n<li><strong>Passez l&rsquo;aspirateur sur la surface<\/strong> pour enlever la poussi\u00e8re et la salet\u00e9.<\/li>\n\n\n\n<li>Diluer REFINE \u00e0 <strong>1-2%<\/strong> (par exemple, 1 bouchon par litre d&rsquo;eau).<\/li>\n\n\n\n<li>Tremper le chiffon dans la solution et l&rsquo;essorer soigneusement.<\/li>\n\n\n\n<li>Nettoyer <strong>10 \u00e0 20 m\u00b2 \u00e0 la fois<\/strong>, en rin\u00e7ant le chiffon \u00e0 l&rsquo;eau claire.<\/li>\n\n\n\n<li>Aucun rin\u00e7age n&rsquo;est n\u00e9cessaire.<\/li>\n\n\n\n<li>Laisser s\u00e9cher.<\/li>\n<\/ul>\n<\/div>\n\n\n\n<div class=\"wp-block-group has-global-padding is-layout-constrained wp-block-group-is-layout-constrained\" style=\"margin-bottom:var(--wp--preset--spacing--50)\">\n<h4 class=\"wp-block-heading has-m-22-font-size\">Nettoyage \u00e0 l&rsquo;aide d&rsquo;une serpilli\u00e8re<\/h4>\n\n\n\n<ul class=\"wp-block-list\">\n<li>Verser <strong>2 bouchons<\/strong> de REFINE dans <strong>0,5 litre d&rsquo;eau<\/strong> dans le r\u00e9servoir.<\/li>\n\n\n\n<li>Pulv\u00e9riser et passer la serpilli\u00e8re comme d&rsquo;habitude.<\/li>\n\n\n\n<li>En cas de salissures importantes : augmenter la dose \u00e0 10% et rincer.<\/li>\n<\/ul>\n<\/div>\n\n\n\n<div class=\"wp-block-group has-global-padding is-layout-constrained wp-block-group-is-layout-constrained\" style=\"margin-bottom:var(--wp--preset--spacing--50)\">\n<h4 class=\"wp-block-heading has-m-22-font-size\">Pour les salissures tenaces<\/h4>\n\n\n\n<ul class=\"wp-block-list\">\n<li>Diluer REFINE \u00e0 <strong>5-10%<\/strong>.<\/li>\n\n\n\n<li>Appliquer, laisser agir et nettoyer avec un chiffon ou une \u00e9ponge.<\/li>\n\n\n\n<li>Rincer \u00e0 l&rsquo;eau claire.<\/li>\n<\/ul>\n\n\n\n<p><em>Conseil pratique<\/em>: si possible, utilisez deux seaux (un pour le d\u00e9tergent, un pour le rin\u00e7age) afin d&rsquo;\u00e9viter de contaminer la solution propre.<\/p>\n<\/div>\n<\/div>\n\n\n\n<div class=\"wp-block-group title-text-indented-pattern animated fadeIn has-global-padding is-layout-constrained wp-container-core-group-is-layout-a31aa551 wp-block-group-is-layout-constrained\">\n<h3 class=\"wp-block-heading has-text-color has-m-32-font-size\" style=\"color:#000000\">Donn\u00e9es techniques<\/h3>\n\n\n\n<div class=\"wp-block-group has-global-padding is-layout-constrained wp-block-group-is-layout-constrained\" style=\"margin-bottom:var(--wp--preset--spacing--50)\">\n<ul class=\"wp-block-list\">\n<li><strong>Format<\/strong>: 1 litre<\/li>\n\n\n\n<li><strong>Rendement<\/strong>: 10 L = environ 100 m\u00b2<\/li>\n\n\n\n<li><strong>pH (20\u00b0C<\/strong>) : 7,1 &#8211; neutre<\/li>\n\n\n\n<li><strong>Aspect<\/strong>: liquide vert ou jaune<\/li>\n\n\n\n<li><strong>Odeur<\/strong>: menthe-pin, citron<\/li>\n\n\n\n<li><strong>Poids sp\u00e9cifique<\/strong>: 1,004 kg\/L<\/li>\n\n\n\n<li><strong>Point d&rsquo;\u00e9clair<\/strong>: &gt;60\u00b0C<\/li>\n\n\n\n<li><strong>Stockage<\/strong>: 24 mois dans un endroit frais et sec<\/li>\n<\/ul>\n<\/div>\n<\/div>\n\n\n\n<div class=\"wp-block-group title-text-indented-pattern animated fadeIn has-global-padding is-layout-constrained wp-container-core-group-is-layout-a31aa551 wp-block-group-is-layout-constrained\">\n<h3 class=\"wp-block-heading has-text-color has-m-32-font-size\" style=\"color:#000000\">Durabilit\u00e9 et s\u00e9curit\u00e9<\/h3>\n\n\n\n<div class=\"wp-block-group has-global-padding is-layout-constrained wp-block-group-is-layout-constrained\" style=\"margin-bottom:var(--wp--preset--spacing--50)\">\n<ul class=\"wp-block-list\">\n<li>Ingr\u00e9dients <strong>biod\u00e9gradables d&rsquo;origine v\u00e9g\u00e9tale<\/strong><\/li>\n\n\n\n<li>Certifi\u00e9 <strong>ECOCERT<\/strong> et <strong>RSPO<\/strong><\/li>\n\n\n\n<li>Pas de symbole CLP &#8211; <strong>utilisation domestique sans danger<\/strong><\/li>\n\n\n\n<li>Emballage enti\u00e8rement recyclable<\/li>\n<\/ul>\n<\/div>\n<\/div>\n<\/div>\n\n<div style=\"height:var(--wp--preset--spacing--80)\" aria-hidden=\"true\" class=\"wp-block-spacer\"><\/div>\n\n<div class=\"wp-block-group alignwide is-style-container has-contrast-2-background-color has-background has-global-padding is-layout-constrained wp-container-core-group-is-layout-f04d5c41 wp-block-group-is-layout-constrained\" id=\"catalog\">\n<div class=\"wp-block-columns alignwide are-vertically-aligned-center is-layout-flex wp-container-core-columns-is-layout-e4e53ecd wp-block-columns-is-layout-flex\" style=\"margin-top:var(--wp--preset--spacing--100);margin-bottom:var(--wp--preset--spacing--100)\">\n<div class=\"wp-block-column is-layout-flow wp-block-column-is-layout-flow\" style=\"flex-basis:50%\">\n<figure class=\"wp-block-image size-full\"><img loading=\"lazy\" decoding=\"async\" width=\"900\" height=\"901\" src=\"https:\/\/www.berti.net\/wp-content\/uploads\/refine-catalog-ok.jpg\" alt=\"\" class=\"wp-image-25521\" style=\"box-shadow:var(--wp--preset--shadow--deep)\" srcset=\"https:\/\/berti.net\/wp-content\/uploads\/refine-catalog-ok.jpg 900w, https:\/\/berti.net\/wp-content\/uploads\/refine-catalog-ok-812x812.jpg 812w, https:\/\/berti.net\/wp-content\/uploads\/refine-catalog-ok-406x406.jpg 406w, https:\/\/berti.net\/wp-content\/uploads\/refine-catalog-ok-768x769.jpg 768w\" sizes=\"auto, (max-width: 900px) 100vw, 900px\" \/><\/figure>\n<\/div>\n\n\n\n<div class=\"wp-block-column is-layout-flow wp-block-column-is-layout-flow\" style=\"flex-basis:50%\">\n<h4 class=\"wp-block-heading\" style=\"margin-top:var(--wp--preset--spacing--20);margin-bottom:var(--wp--preset--spacing--20);font-size:clamp(26.944px, 1.684rem + ((1vw - 3.2px) * 1.489), 46px);line-height:1\">T\u00e9l\u00e9charger la fiche technique<\/h4>\n\n\n\n<p class=\"has-text-color has-body-font-family\" style=\"color:#000000;padding-right:16%;font-size:14px\">T\u00e9l\u00e9chargez le catalogue pour d\u00e9couvrir la nouvelle collection REFINE de Berti Pavimenti Legno.<\/p>\n\n\n\n<div class=\"wp-block-buttons is-layout-flex wp-block-buttons-is-layout-flex\" style=\"margin-top:var(--wp--preset--spacing--30)\">\n<div class=\"wp-block-button is-style-fill\"><a class=\"wp-block-button__link has-base-3-color has-base-background-color has-text-color has-background has-link-color has-custom-font-size wp-element-button\" href=\"https:\/\/www.berti.net\/wp-content\/uploads\/BERTI_Refine_user_guide_compressed.pdf\" style=\"padding-top:15px;padding-right:40px;padding-bottom:15px;padding-left:40px;font-size:clamp(14px, 0.875rem + ((1vw - 3.2px) * 0.156), 16px);\" target=\"_blank\" rel=\"noreferrer noopener\">T\u00c9L\u00c9CHARGER<\/a><\/div>\n<\/div>\n<\/div>\n<\/div>\n<\/div>\n","protected":false},"excerpt":{"rendered":"<p>Son parfum frais de menthe et de pin procure une agr\u00e9able sensation de propret\u00e9. Il est parfait pour nettoyer les parquets pr\u00e9finis, les bois huil\u00e9s ou peints, et d&rsquo;autres surfaces telles que le marbre, la terre cuite, le gr\u00e8s, le verre, les stratifi\u00e9s et le linol\u00e9um. Il ne n\u00e9cessite pas de rin\u00e7age s&rsquo;il est utilis\u00e9 dans les doses recommand\u00e9es et [&hellip;]<\/p>\n","protected":false},"author":2,"featured_media":25341,"template":"","product_collection":[257],"product_type":[],"product_color":[],"class_list":["post-25542","product","type-product","status-publish","has-post-thumbnail","hentry","product_collection-produits-du-parquet"],"_links":{"self":[{"href":"https:\/\/berti.net\/fr\/wp-json\/wp\/v2\/product\/25542","targetHints":{"allow":["GET"]}}],"collection":[{"href":"https:\/\/berti.net\/fr\/wp-json\/wp\/v2\/product"}],"about":[{"href":"https:\/\/berti.net\/fr\/wp-json\/wp\/v2\/types\/product"}],"author":[{"embeddable":true,"href":"https:\/\/berti.net\/fr\/wp-json\/wp\/v2\/users\/2"}],"wp:featuredmedia":[{"embeddable":true,"href":"https:\/\/berti.net\/fr\/wp-json\/wp\/v2\/media\/25341"}],"wp:attachment":[{"href":"https:\/\/berti.net\/fr\/wp-json\/wp\/v2\/media?parent=25542"}],"wp:term":[{"taxonomy":"product_collection","embeddable":true,"href":"https:\/\/berti.net\/fr\/wp-json\/wp\/v2\/product_collection?post=25542"},{"taxonomy":"product_type","embeddable":true,"href":"https:\/\/berti.net\/fr\/wp-json\/wp\/v2\/product_type?post=25542"},{"taxonomy":"product_color","embeddable":true,"href":"https:\/\/berti.net\/fr\/wp-json\/wp\/v2\/product_color?post=25542"}],"curies":[{"name":"wp","href":"https:\/\/api.w.org\/{rel}","templated":true}]}}