{"id":25537,"date":"2025-06-24T10:45:20","date_gmt":"2025-06-24T10:45:20","guid":{"rendered":"https:\/\/www.berti.net\/product\/mono-grip\/"},"modified":"2025-12-03T16:15:06","modified_gmt":"2025-12-03T16:15:06","slug":"grippix","status":"publish","type":"product","link":"https:\/\/berti.net\/fr\/produits-du-parquet\/grippix\/","title":{"rendered":"GRIPPIX"},"content":{"rendered":"\n<div class=\"wp-block-group is-style-container has-global-padding is-content-justification-center is-layout-constrained wp-block-group-is-layout-constrained\">\n<div class=\"wp-block-group title-text-indented-pattern animated fadeIn has-global-padding is-layout-constrained wp-container-core-group-is-layout-a31aa551 wp-block-group-is-layout-constrained\">\n<h3 class=\"wp-block-heading has-text-color has-m-32-font-size\" style=\"color:#000000\">Principales caract\u00e9ristiques<\/h3>\n\n\n\n<div class=\"wp-block-group has-global-padding is-layout-constrained wp-block-group-is-layout-constrained\" style=\"margin-bottom:var(--wp--preset--spacing--50)\">\n<ul class=\"wp-block-list\">\n<li>Adh\u00e9sif sans <strong>solvant<\/strong>, sans amine et sans r\u00e9sine \u00e9poxyde<\/li>\n\n\n\n<li><strong>Faible viscosit\u00e9<\/strong> et facilit\u00e9 de traitement optimale<\/li>\n\n\n\n<li><strong>Excellente adh\u00e9rence de la ligne<\/strong>: adh\u00e9rence constante m\u00eame sur des surfaces difficiles<\/li>\n\n\n\n<li>Convient \u00e0 tous les types de parquets multicouches<\/li>\n\n\n\n<li><strong>Rendement sup\u00e9rieur de 20 \u00e0 30 %<\/strong> \u00e0 celui des adh\u00e9sifs \u00e0 deux composants<\/li>\n\n\n\n<li>Id\u00e9al pour chauffer les substrats<\/li>\n\n\n\n<li>Pas de m\u00e9lange : <strong>pr\u00eat \u00e0 l&#8217;emploi<\/strong><\/li>\n<\/ul>\n<\/div>\n<\/div>\n\n\n\n<div class=\"wp-block-group title-text-indented-pattern animated fadeIn has-global-padding is-layout-constrained wp-container-core-group-is-layout-a31aa551 wp-block-group-is-layout-constrained\">\n<h3 class=\"wp-block-heading has-text-color has-m-32-font-size\" style=\"color:#000000\">Modalit\u00e9s d&rsquo;utilisation<\/h3>\n\n\n\n<div class=\"wp-block-group has-global-padding is-layout-constrained wp-block-group-is-layout-constrained\" style=\"margin-bottom:var(--wp--preset--spacing--50)\">\n<h4 class=\"wp-block-heading has-m-22-font-size\">Pr\u00e9paration du substrat<\/h4>\n\n\n\n<ul class=\"wp-block-list\">\n<li>V\u00e9rifier que le support est <strong>sec, propre, stable et ferme.<\/strong><\/li>\n\n\n\n<li>En cas d&rsquo;humidit\u00e9 r\u00e9siduelle \u00e9lev\u00e9e, utiliser des appr\u00eats imperm\u00e9abilisants (par exemple Eco Prim PU 1K).<\/li>\n\n\n\n<li>Sur les sols existants (c\u00e9ramique, marbre, bois), poncer ou rendre la surface rugueuse avant le collage.<\/li>\n<\/ul>\n<\/div>\n\n\n\n<div class=\"wp-block-group has-global-padding is-layout-constrained wp-block-group-is-layout-constrained\" style=\"margin-bottom:var(--wp--preset--spacing--50)\">\n<h4 class=\"wp-block-heading has-m-22-font-size\">Application du produit<\/h4>\n\n\n\n<ul class=\"wp-block-list\">\n<li>Ouvrir le <strong>sac en aluminium<\/strong> contenu dans le tambour et verser directement sur le substrat.<\/li>\n\n\n\n<li>\u00c9tendre avec la <strong>truelle dentel\u00e9e MAPEI<\/strong> pour parquet.<\/li>\n\n\n\n<li>N&rsquo;appliquez que la quantit\u00e9 de colle qui peut \u00eatre trait\u00e9e en <strong>110 minutes.<\/strong><\/li>\n\n\n\n<li>Conservez les restes du produit <strong>en fermant le sac et en \u00e9liminant l&rsquo;air restant.<\/strong><\/li>\n<\/ul>\n<\/div>\n\n\n\n<div class=\"wp-block-group has-global-padding is-layout-constrained wp-block-group-is-layout-constrained\" style=\"margin-bottom:var(--wp--preset--spacing--50)\">\n<h4 class=\"wp-block-heading has-m-22-font-size\">Pose de parquet<\/h4>\n\n\n\n<ul class=\"wp-block-list\">\n<li>Presser les panneaux sur le lit de colle en <strong>\u00e9vitant de les coincer dans les joints<\/strong>.<\/li>\n\n\n\n<li>Maintenir un <strong>joint p\u00e9riph\u00e9rique d&rsquo;environ 1 cm<\/strong> autour des murs et des saillies.<\/li>\n\n\n\n<li>Temp\u00e9rature d&rsquo;installation : +10\u00b0C \u00e0 +25\u00b0C.<\/li>\n<\/ul>\n<\/div>\n<\/div>\n\n\n\n<div class=\"wp-block-group title-text-indented-pattern animated fadeIn has-global-padding is-layout-constrained wp-container-core-group-is-layout-a31aa551 wp-block-group-is-layout-constrained\">\n<h3 class=\"wp-block-heading has-text-color has-m-32-font-size\" style=\"color:#000000\">Temps techniques<\/h3>\n\n\n\n<div class=\"wp-block-group has-global-padding is-layout-constrained wp-block-group-is-layout-constrained\" style=\"margin-bottom:var(--wp--preset--spacing--50)\">\n<ul class=\"wp-block-list\">\n<li><strong>Temps ouvert<\/strong> (formation de la peau) : environ 110 minutes<\/li>\n\n\n\n<li><strong>Dur\u00e9e d&rsquo;enregistrement<\/strong>: 3 heures<\/li>\n\n\n\n<li><strong>Accessibilit\u00e9 \u00e0 pied<\/strong>: apr\u00e8s environ <strong>12 heures<\/strong><\/li>\n\n\n\n<li><strong>Pon\u00e7age<\/strong>: apr\u00e8s <strong>3 jours<\/strong><\/li>\n<\/ul>\n<\/div>\n<\/div>\n\n\n\n<div class=\"wp-block-group title-text-indented-pattern animated fadeIn has-global-padding is-layout-constrained wp-container-core-group-is-layout-a31aa551 wp-block-group-is-layout-constrained\">\n<h3 class=\"wp-block-heading has-text-color has-m-32-font-size\" style=\"color:#000000\">Donn\u00e9es techniques<\/h3>\n\n\n\n<div class=\"wp-block-group has-global-padding is-layout-constrained wp-block-group-is-layout-constrained\" style=\"margin-bottom:var(--wp--preset--spacing--50)\">\n<ul class=\"wp-block-list\">\n<li><strong>Format<\/strong>: 15 kg (sac en aluminium dans un f\u00fbt en plastique)<\/li>\n\n\n\n<li><strong>Consistance<\/strong>: p\u00e2te cr\u00e9meuse<\/li>\n\n\n\n<li><strong>Couleur<\/strong>: beige<\/li>\n\n\n\n<li><strong>Consommation<\/strong>: 800-1000 g\/m\u00b2<\/li>\n\n\n\n<li><strong>Densit\u00e9<\/strong>: 1,45 \u00b1 0,05 g\/cm\u00b3.<\/li>\n\n\n\n<li><strong>Viscosit\u00e9<\/strong>: 32 000 \u00b1 4 000 mPa-s<\/li>\n\n\n\n<li><strong>R\u00e9sidus secs<\/strong>: 100<\/li>\n\n\n\n<li><strong>Duret\u00e9 Shore A<\/strong>: 55 (\u00e0 7 jours)<\/li>\n\n\n\n<li><strong>Allongement \u00e0 la rupture<\/strong>: 130%.<\/li>\n\n\n\n<li><strong>Adh\u00e9sion bois-b\u00e9ton<\/strong>: 1,8 N\/mm\u00b2.<\/li>\n\n\n\n<li><strong>Temp\u00e9rature de fonctionnement<\/strong>: -20\u00b0C \u00e0 +80\u00b0C<\/li>\n\n\n\n<li><strong>Stockage<\/strong>: 12 mois<\/li>\n<\/ul>\n<\/div>\n<\/div>\n\n\n\n<div class=\"wp-block-group title-text-indented-pattern animated fadeIn has-global-padding is-layout-constrained wp-container-core-group-is-layout-a31aa551 wp-block-group-is-layout-constrained\">\n<h3 class=\"wp-block-heading has-text-color has-m-32-font-size\" style=\"color:#000000\">S\u00e9curit\u00e9<\/h3>\n\n\n\n<div class=\"wp-block-group has-global-padding is-layout-constrained wp-block-group-is-layout-constrained\" style=\"margin-bottom:var(--wp--preset--spacing--50)\">\n<ul class=\"wp-block-list\">\n<li>GRIPPIX est <strong>corrosif<\/strong> : peut causer de graves l\u00e9sions oculaires.<\/li>\n\n\n\n<li>Porter des <strong>gants, des lunettes, un masque et des v\u00eatements de protection<\/strong> pendant l&rsquo;utilisation.<\/li>\n\n\n\n<li>Il n&rsquo;\u00e9met pas de vapeurs nocives \u00e0 temp\u00e9rature ambiante, mais peut devenir sensibilisant \u00e0 partir de +60\u00b0C.<\/li>\n\n\n\n<li><strong>Usage professionnel uniquement.<\/strong><\/li>\n<\/ul>\n\n\n\n<p>Toujours consulter la <strong>fiche de donn\u00e9es de s\u00e9curit\u00e9<\/strong> mise \u00e0 jour avant l&rsquo;utilisation.<\/p>\n<\/div>\n<\/div>\n<\/div>\n\n<div style=\"height:var(--wp--preset--spacing--80)\" aria-hidden=\"true\" class=\"wp-block-spacer\"><\/div>\n\n<div class=\"wp-block-group alignwide is-style-container has-contrast-2-background-color has-background has-global-padding is-layout-constrained wp-container-core-group-is-layout-f04d5c41 wp-block-group-is-layout-constrained\" id=\"catalog\">\n<div class=\"wp-block-columns alignwide are-vertically-aligned-center is-layout-flex wp-container-core-columns-is-layout-e4e53ecd wp-block-columns-is-layout-flex\" style=\"margin-top:var(--wp--preset--spacing--100);margin-bottom:var(--wp--preset--spacing--100)\">\n<div class=\"wp-block-column is-layout-flow wp-block-column-is-layout-flow\" style=\"flex-basis:50%\">\n<figure class=\"wp-block-image size-full\"><img loading=\"lazy\" decoding=\"async\" width=\"900\" height=\"901\" src=\"https:\/\/www.berti.net\/wp-content\/uploads\/grippix-catalog-ok.jpg\" alt=\"\" class=\"wp-image-29162\" style=\"box-shadow:var(--wp--preset--shadow--deep)\" srcset=\"https:\/\/berti.net\/wp-content\/uploads\/grippix-catalog-ok.jpg 900w, https:\/\/berti.net\/wp-content\/uploads\/grippix-catalog-ok-812x812.jpg 812w, https:\/\/berti.net\/wp-content\/uploads\/grippix-catalog-ok-406x406.jpg 406w, https:\/\/berti.net\/wp-content\/uploads\/grippix-catalog-ok-768x769.jpg 768w\" sizes=\"auto, (max-width: 900px) 100vw, 900px\" \/><\/figure>\n<\/div>\n\n\n\n<div class=\"wp-block-column is-layout-flow wp-block-column-is-layout-flow\" style=\"flex-basis:50%\">\n<h4 class=\"wp-block-heading\" style=\"margin-top:var(--wp--preset--spacing--20);margin-bottom:var(--wp--preset--spacing--20);font-size:clamp(26.944px, 1.684rem + ((1vw - 3.2px) * 1.489), 46px);line-height:1\">T\u00e9l\u00e9charger la fiche technique<\/h4>\n\n\n\n<p class=\"has-text-color has-body-font-family\" style=\"color:#000000;padding-right:16%;font-size:14px\">T\u00e9l\u00e9chargez le catalogue pour d\u00e9couvrir la nouvelle collection GRIPPIX sign\u00e9e Berti Pavimenti Legno.<\/p>\n\n\n\n<div class=\"wp-block-buttons is-layout-flex wp-block-buttons-is-layout-flex\" style=\"margin-top:var(--wp--preset--spacing--30)\">\n<div class=\"wp-block-button is-style-fill\"><a class=\"wp-block-button__link has-base-3-color has-base-background-color has-text-color has-background has-link-color has-custom-font-size wp-element-button\" href=\"https:\/\/www.berti.net\/wp-content\/uploads\/BERTI_Grippix_user_guide.pdf\" style=\"padding-top:15px;padding-right:40px;padding-bottom:15px;padding-left:40px;font-size:clamp(14px, 0.875rem + ((1vw - 3.2px) * 0.156), 16px);\" target=\"_blank\" rel=\"noreferrer noopener\">T\u00c9L\u00c9CHARGER<\/a><\/div>\n<\/div>\n<\/div>\n<\/div>\n<\/div>\n","protected":false},"excerpt":{"rendered":"<p>Principales caract\u00e9ristiques Modalit\u00e9s d&rsquo;utilisation Pr\u00e9paration du substrat Application du produit Pose de parquet Temps techniques Donn\u00e9es techniques S\u00e9curit\u00e9 Toujours consulter la fiche de donn\u00e9es de s\u00e9curit\u00e9 mise \u00e0 jour avant l&rsquo;utilisation. T\u00e9l\u00e9charger la fiche technique T\u00e9l\u00e9chargez le catalogue pour d\u00e9couvrir la nouvelle collection GRIPPIX sign\u00e9e Berti Pavimenti Legno.<\/p>\n","protected":false},"author":2,"featured_media":25281,"template":"","product_collection":[257],"product_type":[],"product_color":[],"class_list":["post-25537","product","type-product","status-publish","has-post-thumbnail","hentry","product_collection-produits-du-parquet"],"_links":{"self":[{"href":"https:\/\/berti.net\/fr\/wp-json\/wp\/v2\/product\/25537","targetHints":{"allow":["GET"]}}],"collection":[{"href":"https:\/\/berti.net\/fr\/wp-json\/wp\/v2\/product"}],"about":[{"href":"https:\/\/berti.net\/fr\/wp-json\/wp\/v2\/types\/product"}],"author":[{"embeddable":true,"href":"https:\/\/berti.net\/fr\/wp-json\/wp\/v2\/users\/2"}],"wp:featuredmedia":[{"embeddable":true,"href":"https:\/\/berti.net\/fr\/wp-json\/wp\/v2\/media\/25281"}],"wp:attachment":[{"href":"https:\/\/berti.net\/fr\/wp-json\/wp\/v2\/media?parent=25537"}],"wp:term":[{"taxonomy":"product_collection","embeddable":true,"href":"https:\/\/berti.net\/fr\/wp-json\/wp\/v2\/product_collection?post=25537"},{"taxonomy":"product_type","embeddable":true,"href":"https:\/\/berti.net\/fr\/wp-json\/wp\/v2\/product_type?post=25537"},{"taxonomy":"product_color","embeddable":true,"href":"https:\/\/berti.net\/fr\/wp-json\/wp\/v2\/product_color?post=25537"}],"curies":[{"name":"wp","href":"https:\/\/api.w.org\/{rel}","templated":true}]}}