{"id":15693,"date":"2024-09-17T15:16:33","date_gmt":"2024-09-17T15:16:33","guid":{"rendered":"https:\/\/www.berti.net\/product\/terra-gold\/"},"modified":"2025-11-06T16:29:55","modified_gmt":"2025-11-06T16:29:55","slug":"terra-gold","status":"publish","type":"product","link":"https:\/\/berti.net\/fr\/parquet\/berti-studio\/berti-studio-chene\/terra-gold\/","title":{"rendered":"Terra Gold"},"content":{"rendered":"\n<div class=\"wp-block-group is-style-container has-global-padding is-content-justification-center is-layout-constrained wp-block-group-is-layout-constrained\">\n<div class=\"wp-block-group is-style-default has-global-padding is-content-justification-left is-layout-constrained wp-container-core-group-is-layout-a6931cc7 wp-block-group-is-layout-constrained\" style=\"margin-top:var(--wp--preset--spacing--130);margin-bottom:var(--wp--preset--spacing--130)\">\n<p class=\"is-style-indent animated fadeIn has-m-22-font-size\">Outre l&rsquo;esth\u00e9tique de la finition avec sa <strong>couleur enveloppante<\/strong> et son<strong>effet huil\u00e9<\/strong>, le choix du ch\u00eane garantit une grande stabilit\u00e9, un soutien, une r\u00e9sistance et une durabilit\u00e9 dans le temps. A cela s&rsquo;ajoute la qualit\u00e9 d&rsquo;un parquet multicouche, compos\u00e9 de 2 ou 3 couches de bois, qui renforcent les lames disponibles dans diff\u00e9rents formats, avec des <strong>mesures de longueur et de largeur variables<\/strong>. <br\/><\/p>\n<\/div>\n\n\n\n<div class=\"wp-block-group alignfull animated fadeIn has-global-padding is-layout-constrained wp-block-group-is-layout-constrained\" style=\"margin-top:0;margin-bottom:0\">\n<div class=\"wp-block-columns alignwide is-layout-flex wp-container-core-columns-is-layout-8fbed60e wp-block-columns-is-layout-flex\" style=\"margin-top:0;margin-bottom:0\">\n<div class=\"wp-block-column is-layout-flow wp-container-core-column-is-layout-8a368f38 wp-block-column-is-layout-flow\" style=\"flex-basis:50%\">\n<figure data-wp-context=\"{&quot;imageId&quot;:&quot;69f02ba841047&quot;}\" data-wp-interactive=\"core\/image\" data-wp-key=\"69f02ba841047\" class=\"wp-block-image size-full is-style-default wp-lightbox-container\"><img loading=\"lazy\" decoding=\"async\" width=\"1600\" height=\"1200\" data-wp-class--hide=\"state.isContentHidden\" data-wp-class--show=\"state.isContentVisible\" data-wp-init=\"callbacks.setButtonStyles\" data-wp-on--click=\"actions.showLightbox\" data-wp-on--load=\"callbacks.setButtonStyles\" data-wp-on-window--resize=\"callbacks.setButtonStyles\" src=\"https:\/\/www.berti.net\/wp-content\/uploads\/BertiStudio_rovere-terra-gold_gallery-2.jpg\" alt=\"\" class=\"wp-image-13934\" srcset=\"https:\/\/berti.net\/wp-content\/uploads\/BertiStudio_rovere-terra-gold_gallery-2.jpg 1600w, https:\/\/berti.net\/wp-content\/uploads\/BertiStudio_rovere-terra-gold_gallery-2-812x609.jpg 812w, https:\/\/berti.net\/wp-content\/uploads\/BertiStudio_rovere-terra-gold_gallery-2-768x576.jpg 768w, https:\/\/berti.net\/wp-content\/uploads\/BertiStudio_rovere-terra-gold_gallery-2-1536x1152.jpg 1536w\" sizes=\"auto, (max-width: 1600px) 100vw, 1600px\" \/><button\n\t\t\tclass=\"lightbox-trigger\"\n\t\t\ttype=\"button\"\n\t\t\taria-haspopup=\"dialog\"\n\t\t\taria-label=\"Agrandir\"\n\t\t\tdata-wp-init=\"callbacks.initTriggerButton\"\n\t\t\tdata-wp-on--click=\"actions.showLightbox\"\n\t\t\tdata-wp-style--right=\"state.imageButtonRight\"\n\t\t\tdata-wp-style--top=\"state.imageButtonTop\"\n\t\t>\n\t\t\t<svg xmlns=\"http:\/\/www.w3.org\/2000\/svg\" width=\"12\" height=\"12\" fill=\"none\" viewBox=\"0 0 12 12\">\n\t\t\t\t<path fill=\"#fff\" d=\"M2 0a2 2 0 0 0-2 2v2h1.5V2a.5.5 0 0 1 .5-.5h2V0H2Zm2 10.5H2a.5.5 0 0 1-.5-.5V8H0v2a2 2 0 0 0 2 2h2v-1.5ZM8 12v-1.5h2a.5.5 0 0 0 .5-.5V8H12v2a2 2 0 0 1-2 2H8Zm2-12a2 2 0 0 1 2 2v2h-1.5V2a.5.5 0 0 0-.5-.5H8V0h2Z\" \/>\n\t\t\t<\/svg>\n\t\t<\/button><\/figure>\n\n\n\n<div style=\"height:var(--wp--preset--spacing--60)\" aria-hidden=\"true\" class=\"wp-block-spacer\"><\/div>\n<\/div>\n\n\n\n<div class=\"wp-block-column is-layout-flow wp-container-core-column-is-layout-8a368f38 wp-block-column-is-layout-flow\" style=\"flex-basis:50%\">\n<figure data-wp-context=\"{&quot;imageId&quot;:&quot;69f02ba841777&quot;}\" data-wp-interactive=\"core\/image\" data-wp-key=\"69f02ba841777\" class=\"wp-block-image size-full is-style-default wp-lightbox-container\"><img loading=\"lazy\" decoding=\"async\" width=\"1165\" height=\"1200\" data-wp-class--hide=\"state.isContentHidden\" data-wp-class--show=\"state.isContentVisible\" data-wp-init=\"callbacks.setButtonStyles\" data-wp-on--click=\"actions.showLightbox\" data-wp-on--load=\"callbacks.setButtonStyles\" data-wp-on-window--resize=\"callbacks.setButtonStyles\" src=\"https:\/\/www.berti.net\/wp-content\/uploads\/BertiStudio_rovere-terra-gold_gallery-1.jpg\" alt=\"\" class=\"wp-image-13931\" srcset=\"https:\/\/berti.net\/wp-content\/uploads\/BertiStudio_rovere-terra-gold_gallery-1.jpg 1165w, https:\/\/berti.net\/wp-content\/uploads\/BertiStudio_rovere-terra-gold_gallery-1-788x812.jpg 788w, https:\/\/berti.net\/wp-content\/uploads\/BertiStudio_rovere-terra-gold_gallery-1-768x791.jpg 768w\" sizes=\"auto, (max-width: 1165px) 100vw, 1165px\" \/><button\n\t\t\tclass=\"lightbox-trigger\"\n\t\t\ttype=\"button\"\n\t\t\taria-haspopup=\"dialog\"\n\t\t\taria-label=\"Agrandir\"\n\t\t\tdata-wp-init=\"callbacks.initTriggerButton\"\n\t\t\tdata-wp-on--click=\"actions.showLightbox\"\n\t\t\tdata-wp-style--right=\"state.imageButtonRight\"\n\t\t\tdata-wp-style--top=\"state.imageButtonTop\"\n\t\t>\n\t\t\t<svg xmlns=\"http:\/\/www.w3.org\/2000\/svg\" width=\"12\" height=\"12\" fill=\"none\" viewBox=\"0 0 12 12\">\n\t\t\t\t<path fill=\"#fff\" d=\"M2 0a2 2 0 0 0-2 2v2h1.5V2a.5.5 0 0 1 .5-.5h2V0H2Zm2 10.5H2a.5.5 0 0 1-.5-.5V8H0v2a2 2 0 0 0 2 2h2v-1.5ZM8 12v-1.5h2a.5.5 0 0 0 .5-.5V8H12v2a2 2 0 0 1-2 2H8Zm2-12a2 2 0 0 1 2 2v2h-1.5V2a.5.5 0 0 0-.5-.5H8V0h2Z\" \/>\n\t\t\t<\/svg>\n\t\t<\/button><\/figure>\n\n\n\n<div style=\"height:var(--wp--preset--spacing--60)\" aria-hidden=\"true\" class=\"wp-block-spacer\"><\/div>\n<\/div>\n<\/div>\n<\/div>\n<\/div>\n","protected":false},"excerpt":{"rendered":"<p>Outre l&rsquo;esth\u00e9tique de la finition avec sa couleur enveloppante et soneffet huil\u00e9, le choix du ch\u00eane garantit une grande stabilit\u00e9, un soutien, une r\u00e9sistance et une durabilit\u00e9 dans le temps. A cela s&rsquo;ajoute la qualit\u00e9 d&rsquo;un parquet multicouche, compos\u00e9 de 2 ou 3 couches de bois, qui renforcent les lames disponibles dans diff\u00e9rents formats, avec des mesures de longueur et [&hellip;]<\/p>\n","protected":false},"author":4,"featured_media":6743,"template":"","product_collection":[98],"product_type":[],"product_color":[78],"class_list":["post-15693","product","type-product","status-publish","has-post-thumbnail","hentry","product_collection-berti-studio-chene","product_color-rosso"],"_links":{"self":[{"href":"https:\/\/berti.net\/fr\/wp-json\/wp\/v2\/product\/15693","targetHints":{"allow":["GET"]}}],"collection":[{"href":"https:\/\/berti.net\/fr\/wp-json\/wp\/v2\/product"}],"about":[{"href":"https:\/\/berti.net\/fr\/wp-json\/wp\/v2\/types\/product"}],"author":[{"embeddable":true,"href":"https:\/\/berti.net\/fr\/wp-json\/wp\/v2\/users\/4"}],"wp:featuredmedia":[{"embeddable":true,"href":"https:\/\/berti.net\/fr\/wp-json\/wp\/v2\/media\/6743"}],"wp:attachment":[{"href":"https:\/\/berti.net\/fr\/wp-json\/wp\/v2\/media?parent=15693"}],"wp:term":[{"taxonomy":"product_collection","embeddable":true,"href":"https:\/\/berti.net\/fr\/wp-json\/wp\/v2\/product_collection?post=15693"},{"taxonomy":"product_type","embeddable":true,"href":"https:\/\/berti.net\/fr\/wp-json\/wp\/v2\/product_type?post=15693"},{"taxonomy":"product_color","embeddable":true,"href":"https:\/\/berti.net\/fr\/wp-json\/wp\/v2\/product_color?post=15693"}],"curies":[{"name":"wp","href":"https:\/\/api.w.org\/{rel}","templated":true}]}}