{"id":15683,"date":"2024-09-20T10:30:11","date_gmt":"2024-09-20T10:30:11","guid":{"rendered":"https:\/\/www.berti.net\/product\/noyer-americain-neutre\/"},"modified":"2025-11-18T14:02:40","modified_gmt":"2025-11-18T14:02:40","slug":"noyer-americain-neutre","status":"publish","type":"product","link":"https:\/\/berti.net\/fr\/parquet\/parquet-essential\/noyer-americain-neutre\/","title":{"rendered":"Noyer am\u00e9ricain Neutre"},"content":{"rendered":"\n<div class=\"wp-block-group is-style-container has-global-padding is-content-justification-center is-layout-constrained wp-block-group-is-layout-constrained\">\n<div class=\"wp-block-group is-style-default has-global-padding is-content-justification-left is-layout-constrained wp-container-core-group-is-layout-a6931cc7 wp-block-group-is-layout-constrained\" style=\"margin-top:var(--wp--preset--spacing--130);margin-bottom:var(--wp--preset--spacing--130)\">\n<p class=\"is-style-indent animated fadeIn has-m-22-font-size\">Contrairement \u00e0 la couleur du noyer national, le noyer am\u00e9ricain, qui est un <strong>bois fonc\u00e9<\/strong>, est plus intense avec des nuances qui peuvent varier entre le brun fonc\u00e9 et le violet-noir.  <\/p>\n\n\n\n<p class=\"is-style-indent animated fadeIn has-m-22-font-size\">Gr\u00e2ce \u00e0 la beaut\u00e9 de sa structure et de son veinage, le parquet en noyer am\u00e9ricain Neutro convient parfaitement aux int\u00e9rieurs classiques et modernes. R\u00e9sistant <strong>et stable<\/strong>, il b\u00e9n\u00e9ficie d&rsquo;une bonne durabilit\u00e9.<\/p>\n<\/div>\n<\/div>\n","protected":false},"excerpt":{"rendered":"<p>Contrairement \u00e0 la couleur du noyer national, le noyer am\u00e9ricain, qui est un bois fonc\u00e9, est plus intense avec des nuances qui peuvent varier entre le brun fonc\u00e9 et le violet-noir. Gr\u00e2ce \u00e0 la beaut\u00e9 de sa structure et de son veinage, le parquet en noyer am\u00e9ricain Neutro convient parfaitement aux int\u00e9rieurs classiques et modernes. R\u00e9sistant et stable, il b\u00e9n\u00e9ficie [&hellip;]<\/p>\n","protected":false},"author":4,"featured_media":11096,"template":"","product_collection":[99],"product_type":[],"product_color":[],"class_list":["post-15683","product","type-product","status-publish","has-post-thumbnail","hentry","product_collection-parquet-essential"],"_links":{"self":[{"href":"https:\/\/berti.net\/fr\/wp-json\/wp\/v2\/product\/15683","targetHints":{"allow":["GET"]}}],"collection":[{"href":"https:\/\/berti.net\/fr\/wp-json\/wp\/v2\/product"}],"about":[{"href":"https:\/\/berti.net\/fr\/wp-json\/wp\/v2\/types\/product"}],"author":[{"embeddable":true,"href":"https:\/\/berti.net\/fr\/wp-json\/wp\/v2\/users\/4"}],"wp:featuredmedia":[{"embeddable":true,"href":"https:\/\/berti.net\/fr\/wp-json\/wp\/v2\/media\/11096"}],"wp:attachment":[{"href":"https:\/\/berti.net\/fr\/wp-json\/wp\/v2\/media?parent=15683"}],"wp:term":[{"taxonomy":"product_collection","embeddable":true,"href":"https:\/\/berti.net\/fr\/wp-json\/wp\/v2\/product_collection?post=15683"},{"taxonomy":"product_type","embeddable":true,"href":"https:\/\/berti.net\/fr\/wp-json\/wp\/v2\/product_type?post=15683"},{"taxonomy":"product_color","embeddable":true,"href":"https:\/\/berti.net\/fr\/wp-json\/wp\/v2\/product_color?post=15683"}],"curies":[{"name":"wp","href":"https:\/\/api.w.org\/{rel}","templated":true}]}}