{"id":15682,"date":"2024-09-20T10:10:02","date_gmt":"2024-09-20T10:10:02","guid":{"rendered":"https:\/\/www.berti.net\/product\/lait-de-chene\/"},"modified":"2025-10-31T13:55:21","modified_gmt":"2025-10-31T13:55:21","slug":"lait-de-chene","status":"publish","type":"product","link":"https:\/\/berti.net\/fr\/parquet\/parquet-essential\/lait-de-chene\/","title":{"rendered":"Ch\u00eane Milk"},"content":{"rendered":"\n<div class=\"wp-block-group is-style-container has-global-padding is-content-justification-center is-layout-constrained wp-block-group-is-layout-constrained\">\n<div class=\"wp-block-group is-style-default has-global-padding is-content-justification-left is-layout-constrained wp-container-core-group-is-layout-a6931cc7 wp-block-group-is-layout-constrained\" style=\"margin-top:var(--wp--preset--spacing--130);margin-bottom:var(--wp--preset--spacing--130)\">\n<p class=\"is-style-indent animated fadeIn has-m-22-font-size\">Ces planches de ch\u00eane, qui rappellent vaguement le <strong>bois blanchi<\/strong>, sont l\u00e9g\u00e8rement bross\u00e9es en surface pour mettre en valeur les veines du bois, cr\u00e9ant ainsi un effet de classe.  <\/p>\n\n\n\n<p class=\"is-style-indent animated fadeIn has-m-22-font-size\"><strong>Oak Milk <\/strong>est disponible en diff\u00e9rents formats pour une installation en cours ou par Chevrons, adapt\u00e9e \u00e0 une installation flottante ou coll\u00e9e et sur des syst\u00e8mes de chauffage\/refroidissement.<\/p>\n<\/div>\n<\/div>\n","protected":false},"excerpt":{"rendered":"<p>Ces planches de ch\u00eane, qui rappellent vaguement le bois blanchi, sont l\u00e9g\u00e8rement bross\u00e9es en surface pour mettre en valeur les veines du bois, cr\u00e9ant ainsi un effet de classe. Oak Milk est disponible en diff\u00e9rents formats pour une installation en cours ou par Chevrons, adapt\u00e9e \u00e0 une installation flottante ou coll\u00e9e et sur des syst\u00e8mes de chauffage\/refroidissement.<\/p>\n","protected":false},"author":4,"featured_media":1675,"template":"","product_collection":[99],"product_type":[],"product_color":[77],"class_list":["post-15682","product","type-product","status-publish","has-post-thumbnail","hentry","product_collection-parquet-essential","product_color-grigio"],"_links":{"self":[{"href":"https:\/\/berti.net\/fr\/wp-json\/wp\/v2\/product\/15682","targetHints":{"allow":["GET"]}}],"collection":[{"href":"https:\/\/berti.net\/fr\/wp-json\/wp\/v2\/product"}],"about":[{"href":"https:\/\/berti.net\/fr\/wp-json\/wp\/v2\/types\/product"}],"author":[{"embeddable":true,"href":"https:\/\/berti.net\/fr\/wp-json\/wp\/v2\/users\/4"}],"wp:featuredmedia":[{"embeddable":true,"href":"https:\/\/berti.net\/fr\/wp-json\/wp\/v2\/media\/1675"}],"wp:attachment":[{"href":"https:\/\/berti.net\/fr\/wp-json\/wp\/v2\/media?parent=15682"}],"wp:term":[{"taxonomy":"product_collection","embeddable":true,"href":"https:\/\/berti.net\/fr\/wp-json\/wp\/v2\/product_collection?post=15682"},{"taxonomy":"product_type","embeddable":true,"href":"https:\/\/berti.net\/fr\/wp-json\/wp\/v2\/product_type?post=15682"},{"taxonomy":"product_color","embeddable":true,"href":"https:\/\/berti.net\/fr\/wp-json\/wp\/v2\/product_color?post=15682"}],"curies":[{"name":"wp","href":"https:\/\/api.w.org\/{rel}","templated":true}]}}