{"id":15676,"date":"2024-09-20T10:17:03","date_gmt":"2024-09-20T10:17:03","guid":{"rendered":"https:\/\/www.berti.net\/product\/chene-moka\/"},"modified":"2025-10-31T16:51:39","modified_gmt":"2025-10-31T16:51:39","slug":"chene-moka","status":"publish","type":"product","link":"https:\/\/berti.net\/fr\/parquet\/parquet-essential\/chene-moka\/","title":{"rendered":"Ch\u00eane moka"},"content":{"rendered":"\n<div class=\"wp-block-group is-style-container has-global-padding is-content-justification-center is-layout-constrained wp-block-group-is-layout-constrained\">\n<div class=\"wp-block-group is-style-default has-global-padding is-content-justification-left is-layout-constrained wp-container-core-group-is-layout-a6931cc7 wp-block-group-is-layout-constrained\" style=\"margin-top:var(--wp--preset--spacing--130);margin-bottom:var(--wp--preset--spacing--130)\">\n<p class=\"is-style-indent animated fadeIn has-m-22-font-size\"><strong>Moka pr\u00e9fini<\/strong> est disponible sur des planches de bois \u00e0 deux couches, sur des planches de petit, moyen et grand format adapt\u00e9es \u00e0 la pose flottante ou coll\u00e9e de parquets et aux <strong>syst\u00e8mes de chauffage par le sol.<\/strong><\/p>\n<\/div>\n<\/div>\n","protected":false},"excerpt":{"rendered":"<p>Moka pr\u00e9fini est disponible sur des planches de bois \u00e0 deux couches, sur des planches de petit, moyen et grand format adapt\u00e9es \u00e0 la pose flottante ou coll\u00e9e de parquets et aux syst\u00e8mes de chauffage par le sol.<\/p>\n","protected":false},"author":4,"featured_media":1739,"template":"","product_collection":[99],"product_type":[],"product_color":[76],"class_list":["post-15676","product","type-product","status-publish","has-post-thumbnail","hentry","product_collection-parquet-essential","product_color-scuro"],"_links":{"self":[{"href":"https:\/\/berti.net\/fr\/wp-json\/wp\/v2\/product\/15676","targetHints":{"allow":["GET"]}}],"collection":[{"href":"https:\/\/berti.net\/fr\/wp-json\/wp\/v2\/product"}],"about":[{"href":"https:\/\/berti.net\/fr\/wp-json\/wp\/v2\/types\/product"}],"author":[{"embeddable":true,"href":"https:\/\/berti.net\/fr\/wp-json\/wp\/v2\/users\/4"}],"wp:featuredmedia":[{"embeddable":true,"href":"https:\/\/berti.net\/fr\/wp-json\/wp\/v2\/media\/1739"}],"wp:attachment":[{"href":"https:\/\/berti.net\/fr\/wp-json\/wp\/v2\/media?parent=15676"}],"wp:term":[{"taxonomy":"product_collection","embeddable":true,"href":"https:\/\/berti.net\/fr\/wp-json\/wp\/v2\/product_collection?post=15676"},{"taxonomy":"product_type","embeddable":true,"href":"https:\/\/berti.net\/fr\/wp-json\/wp\/v2\/product_type?post=15676"},{"taxonomy":"product_color","embeddable":true,"href":"https:\/\/berti.net\/fr\/wp-json\/wp\/v2\/product_color?post=15676"}],"curies":[{"name":"wp","href":"https:\/\/api.w.org\/{rel}","templated":true}]}}