{"id":15675,"date":"2024-09-20T14:21:57","date_gmt":"2024-09-20T14:21:57","guid":{"rendered":"https:\/\/www.berti.net\/product\/noyer-europeen-rabote-morciato\/"},"modified":"2025-11-05T08:19:55","modified_gmt":"2025-11-05T08:19:55","slug":"noyer-europeen-rabote-morciato","status":"publish","type":"product","link":"https:\/\/berti.net\/fr\/parquet\/parquet-essential\/noyer-europeen-rabote-morciato\/","title":{"rendered":"Noyer europ\u00e9en rabot\u00e9 Morciato"},"content":{"rendered":"\n<div class=\"wp-block-group is-style-container has-global-padding is-content-justification-center is-layout-constrained wp-block-group-is-layout-constrained\">\n<div class=\"wp-block-group is-style-default has-global-padding is-content-justification-left is-layout-constrained wp-container-core-group-is-layout-a6931cc7 wp-block-group-is-layout-constrained\" style=\"margin-top:var(--wp--preset--spacing--130);margin-bottom:var(--wp--preset--spacing--130)\">\n<p class=\"is-style-indent animated fadeIn has-m-22-font-size\">R\u00e9alis\u00e9 avec un <strong>l\u00e9ger brossage<\/strong> en surface et verni mat avec une technique de finition sp\u00e9ciale de vernis \u00e0 base d&rsquo;eau, il est ensuite rabot\u00e9 et mordanc\u00e9.  <\/p>\n\n\n\n<p class=\"is-style-indent animated fadeIn has-m-22-font-size\">Le <strong>rabotage<\/strong> donne au parquet un aspect vieilli en cr\u00e9ant diff\u00e9rentes ondulations irr\u00e9guli\u00e8res pour chaque planche. Le <strong>moulage<\/strong>, quant \u00e0 lui, est r\u00e9alis\u00e9 imm\u00e9diatement apr\u00e8s le rabotage en massant les sols naturels, planche par planche. Ce proc\u00e9d\u00e9 prestigieux conf\u00e8re au parquet pr\u00e9fini en noyer europ\u00e9en rabot\u00e9 Morciato une tonalit\u00e9 plus sombre et plus chaude.  <\/p>\n<\/div>\n\n\n\n<div class=\"wp-block-group alignfull has-global-padding is-layout-constrained wp-block-group-is-layout-constrained\" style=\"margin-top:0;margin-bottom:0\">\n<figure data-wp-context=\"{&quot;imageId&quot;:&quot;69f004c603c49&quot;}\" data-wp-interactive=\"core\/image\" data-wp-key=\"69f004c603c49\" class=\"wp-block-image aligncenter size-full is-style-default wp-lightbox-container\"><img loading=\"lazy\" decoding=\"async\" width=\"653\" height=\"871\" data-wp-class--hide=\"state.isContentHidden\" data-wp-class--show=\"state.isContentVisible\" data-wp-init=\"callbacks.setButtonStyles\" data-wp-on--click=\"actions.showLightbox\" data-wp-on--load=\"callbacks.setButtonStyles\" data-wp-on-window--resize=\"callbacks.setButtonStyles\" src=\"https:\/\/www.berti.net\/wp-content\/uploads\/2024\/09\/parquet-noce-nazionale-tavole-piallato-morciato-essential-berti.jpg\" alt=\"\" class=\"wp-image-6550\" srcset=\"https:\/\/berti.net\/wp-content\/uploads\/2024\/09\/parquet-noce-nazionale-tavole-piallato-morciato-essential-berti.jpg 653w, https:\/\/berti.net\/wp-content\/uploads\/2024\/09\/parquet-noce-nazionale-tavole-piallato-morciato-essential-berti-225x300.jpg 225w\" sizes=\"auto, (max-width: 653px) 100vw, 653px\" \/><button\n\t\t\tclass=\"lightbox-trigger\"\n\t\t\ttype=\"button\"\n\t\t\taria-haspopup=\"dialog\"\n\t\t\taria-label=\"Agrandir\"\n\t\t\tdata-wp-init=\"callbacks.initTriggerButton\"\n\t\t\tdata-wp-on--click=\"actions.showLightbox\"\n\t\t\tdata-wp-style--right=\"state.imageButtonRight\"\n\t\t\tdata-wp-style--top=\"state.imageButtonTop\"\n\t\t>\n\t\t\t<svg xmlns=\"http:\/\/www.w3.org\/2000\/svg\" width=\"12\" height=\"12\" fill=\"none\" viewBox=\"0 0 12 12\">\n\t\t\t\t<path fill=\"#fff\" d=\"M2 0a2 2 0 0 0-2 2v2h1.5V2a.5.5 0 0 1 .5-.5h2V0H2Zm2 10.5H2a.5.5 0 0 1-.5-.5V8H0v2a2 2 0 0 0 2 2h2v-1.5ZM8 12v-1.5h2a.5.5 0 0 0 .5-.5V8H12v2a2 2 0 0 1-2 2H8Zm2-12a2 2 0 0 1 2 2v2h-1.5V2a.5.5 0 0 0-.5-.5H8V0h2Z\" \/>\n\t\t\t<\/svg>\n\t\t<\/button><\/figure>\n<\/div>\n\n\n\n<div style=\"height:100px\" aria-hidden=\"true\" class=\"wp-block-spacer\"><\/div>\n<\/div>\n","protected":false},"excerpt":{"rendered":"<p>R\u00e9alis\u00e9 avec un l\u00e9ger brossage en surface et verni mat avec une technique de finition sp\u00e9ciale de vernis \u00e0 base d&rsquo;eau, il est ensuite rabot\u00e9 et mordanc\u00e9. Le rabotage donne au parquet un aspect vieilli en cr\u00e9ant diff\u00e9rentes ondulations irr\u00e9guli\u00e8res pour chaque planche. Le moulage, quant \u00e0 lui, est r\u00e9alis\u00e9 imm\u00e9diatement apr\u00e8s le rabotage en massant les sols naturels, planche [&hellip;]<\/p>\n","protected":false},"author":2,"featured_media":1755,"template":"","product_collection":[99],"product_type":[],"product_color":[76],"class_list":["post-15675","product","type-product","status-publish","has-post-thumbnail","hentry","product_collection-parquet-essential","product_color-scuro"],"_links":{"self":[{"href":"https:\/\/berti.net\/fr\/wp-json\/wp\/v2\/product\/15675","targetHints":{"allow":["GET"]}}],"collection":[{"href":"https:\/\/berti.net\/fr\/wp-json\/wp\/v2\/product"}],"about":[{"href":"https:\/\/berti.net\/fr\/wp-json\/wp\/v2\/types\/product"}],"author":[{"embeddable":true,"href":"https:\/\/berti.net\/fr\/wp-json\/wp\/v2\/users\/2"}],"wp:featuredmedia":[{"embeddable":true,"href":"https:\/\/berti.net\/fr\/wp-json\/wp\/v2\/media\/1755"}],"wp:attachment":[{"href":"https:\/\/berti.net\/fr\/wp-json\/wp\/v2\/media?parent=15675"}],"wp:term":[{"taxonomy":"product_collection","embeddable":true,"href":"https:\/\/berti.net\/fr\/wp-json\/wp\/v2\/product_collection?post=15675"},{"taxonomy":"product_type","embeddable":true,"href":"https:\/\/berti.net\/fr\/wp-json\/wp\/v2\/product_type?post=15675"},{"taxonomy":"product_color","embeddable":true,"href":"https:\/\/berti.net\/fr\/wp-json\/wp\/v2\/product_color?post=15675"}],"curies":[{"name":"wp","href":"https:\/\/api.w.org\/{rel}","templated":true}]}}