{"id":15674,"date":"2024-09-20T14:43:33","date_gmt":"2024-09-20T14:43:33","guid":{"rendered":"https:\/\/www.berti.net\/product\/doussie-antique\/"},"modified":"2025-11-06T15:31:26","modified_gmt":"2025-11-06T15:31:26","slug":"doussie-antique","status":"publish","type":"product","link":"https:\/\/berti.net\/fr\/parquet\/parquet-essential\/doussie-antique\/","title":{"rendered":"Doussi\u00e8 Antique"},"content":{"rendered":"\n<div class=\"wp-block-group is-style-container has-global-padding is-content-justification-center is-layout-constrained wp-block-group-is-layout-constrained\">\n<div class=\"wp-block-group is-style-default has-global-padding is-content-justification-left is-layout-constrained wp-container-core-group-is-layout-a6931cc7 wp-block-group-is-layout-constrained\" style=\"margin-top:var(--wp--preset--spacing--130);margin-bottom:var(--wp--preset--spacing--130)\">\n<p class=\"is-style-indent animated fadeIn has-m-22-font-size\">Le <strong>Doussi\u00e9<\/strong>, class\u00e9 parmi les bois exotiques les plus durs, est un <strong>parquet r\u00e9sistant \u00e0 l&rsquo;humidit\u00e9 et au pi\u00e9tinement<\/strong>, permettant une grande stabilit\u00e9 m\u00eame avec un chauffage au sol.  <\/p>\n\n\n\n<p class=\"is-style-indent animated fadeIn has-m-22-font-size\">Sa grande <strong>r\u00e9sistance \u00e0 l&rsquo;humidit\u00e9<\/strong> lui permet de s&rsquo;adapter \u00e0 toutes les pi\u00e8ces de la maison, de la salle de bain \u00e0 la cuisine.  <\/p>\n\n\n\n<p class=\"is-style-indent animated fadeIn has-m-22-font-size\">Disponible sur des lattes de bois \u00e0 2 plis d&rsquo;une \u00e9paisseur totale de 13 mm, id\u00e9ales pour la pose courante ou la pose en \u00e9pingle.<\/p>\n<\/div>\n<\/div>\n","protected":false},"excerpt":{"rendered":"<p>Le Doussi\u00e9, class\u00e9 parmi les bois exotiques les plus durs, est un parquet r\u00e9sistant \u00e0 l&rsquo;humidit\u00e9 et au pi\u00e9tinement, permettant une grande stabilit\u00e9 m\u00eame avec un chauffage au sol. Sa grande r\u00e9sistance \u00e0 l&rsquo;humidit\u00e9 lui permet de s&rsquo;adapter \u00e0 toutes les pi\u00e8ces de la maison, de la salle de bain \u00e0 la cuisine. Disponible sur des lattes de bois \u00e0 [&hellip;]<\/p>\n","protected":false},"author":4,"featured_media":1767,"template":"","product_collection":[99],"product_type":[],"product_color":[],"class_list":["post-15674","product","type-product","status-publish","has-post-thumbnail","hentry","product_collection-parquet-essential"],"_links":{"self":[{"href":"https:\/\/berti.net\/fr\/wp-json\/wp\/v2\/product\/15674","targetHints":{"allow":["GET"]}}],"collection":[{"href":"https:\/\/berti.net\/fr\/wp-json\/wp\/v2\/product"}],"about":[{"href":"https:\/\/berti.net\/fr\/wp-json\/wp\/v2\/types\/product"}],"author":[{"embeddable":true,"href":"https:\/\/berti.net\/fr\/wp-json\/wp\/v2\/users\/4"}],"wp:featuredmedia":[{"embeddable":true,"href":"https:\/\/berti.net\/fr\/wp-json\/wp\/v2\/media\/1767"}],"wp:attachment":[{"href":"https:\/\/berti.net\/fr\/wp-json\/wp\/v2\/media?parent=15674"}],"wp:term":[{"taxonomy":"product_collection","embeddable":true,"href":"https:\/\/berti.net\/fr\/wp-json\/wp\/v2\/product_collection?post=15674"},{"taxonomy":"product_type","embeddable":true,"href":"https:\/\/berti.net\/fr\/wp-json\/wp\/v2\/product_type?post=15674"},{"taxonomy":"product_color","embeddable":true,"href":"https:\/\/berti.net\/fr\/wp-json\/wp\/v2\/product_color?post=15674"}],"curies":[{"name":"wp","href":"https:\/\/api.w.org\/{rel}","templated":true}]}}