{"id":15669,"date":"2024-09-20T14:36:34","date_gmt":"2024-09-20T14:36:34","guid":{"rendered":"https:\/\/www.berti.net\/product\/iroko-neutre\/"},"modified":"2025-11-06T13:49:48","modified_gmt":"2025-11-06T13:49:48","slug":"iroko-neutre","status":"publish","type":"product","link":"https:\/\/berti.net\/fr\/parquet\/parquet-essential\/iroko-neutre\/","title":{"rendered":"Iroko neutre"},"content":{"rendered":"\n<div class=\"wp-block-group is-style-container has-global-padding is-content-justification-center is-layout-constrained wp-block-group-is-layout-constrained\">\n<div class=\"wp-block-group is-style-default has-global-padding is-content-justification-left is-layout-constrained wp-container-core-group-is-layout-a6931cc7 wp-block-group-is-layout-constrained\" style=\"margin-top:var(--wp--preset--spacing--130);margin-bottom:var(--wp--preset--spacing--130)\">\n<p class=\"is-style-indent animated fadeIn has-m-22-font-size\">L&rsquo;iroko est un <strong>bois africain de couleur jaune-brun<\/strong> dont les principales caract\u00e9ristiques sont la stabilit\u00e9, la duret\u00e9 et la durabilit\u00e9. Il poss\u00e8de des fibres riches en huile qui le rendent imperm\u00e9able <strong>et r\u00e9sistant<\/strong> \u00e0 l&rsquo;humidit\u00e9, m\u00eame sans traitement sp\u00e9cial.   <\/p>\n\n\n\n<p class=\"is-style-indent animated fadeIn has-m-22-font-size\">En raison de ses qualit\u00e9s particuli\u00e8res de <strong>r\u00e9sistance et de durabilit\u00e9<\/strong>, l&rsquo;iroko est recommand\u00e9 pour les environnements humides (parquet dans la salle de bains).  <\/p>\n\n\n\n<p class=\"is-style-indent animated fadeIn has-m-22-font-size\">Le <strong>parquet Iroko<\/strong> est un sol tr\u00e8s \u00e9l\u00e9gant qui est presque toujours plac\u00e9 dans des pi\u00e8ces meubl\u00e9es de mani\u00e8re classique. En raison de son excellente r\u00e9sistance au pi\u00e9tinement, il est \u00e9galement largement s\u00e9lectionn\u00e9 en pr\u00e9sence d&rsquo;un chauffage par le sol. <\/p>\n<\/div>\n<\/div>\n","protected":false},"excerpt":{"rendered":"<p>L&rsquo;iroko est un bois africain de couleur jaune-brun dont les principales caract\u00e9ristiques sont la stabilit\u00e9, la duret\u00e9 et la durabilit\u00e9. Il poss\u00e8de des fibres riches en huile qui le rendent imperm\u00e9able et r\u00e9sistant \u00e0 l&rsquo;humidit\u00e9, m\u00eame sans traitement sp\u00e9cial. En raison de ses qualit\u00e9s particuli\u00e8res de r\u00e9sistance et de durabilit\u00e9, l&rsquo;iroko est recommand\u00e9 pour les environnements humides (parquet dans la [&hellip;]<\/p>\n","protected":false},"author":4,"featured_media":1761,"template":"","product_collection":[99],"product_type":[],"product_color":[],"class_list":["post-15669","product","type-product","status-publish","has-post-thumbnail","hentry","product_collection-parquet-essential"],"_links":{"self":[{"href":"https:\/\/berti.net\/fr\/wp-json\/wp\/v2\/product\/15669","targetHints":{"allow":["GET"]}}],"collection":[{"href":"https:\/\/berti.net\/fr\/wp-json\/wp\/v2\/product"}],"about":[{"href":"https:\/\/berti.net\/fr\/wp-json\/wp\/v2\/types\/product"}],"author":[{"embeddable":true,"href":"https:\/\/berti.net\/fr\/wp-json\/wp\/v2\/users\/4"}],"wp:featuredmedia":[{"embeddable":true,"href":"https:\/\/berti.net\/fr\/wp-json\/wp\/v2\/media\/1761"}],"wp:attachment":[{"href":"https:\/\/berti.net\/fr\/wp-json\/wp\/v2\/media?parent=15669"}],"wp:term":[{"taxonomy":"product_collection","embeddable":true,"href":"https:\/\/berti.net\/fr\/wp-json\/wp\/v2\/product_collection?post=15669"},{"taxonomy":"product_type","embeddable":true,"href":"https:\/\/berti.net\/fr\/wp-json\/wp\/v2\/product_type?post=15669"},{"taxonomy":"product_color","embeddable":true,"href":"https:\/\/berti.net\/fr\/wp-json\/wp\/v2\/product_color?post=15669"}],"curies":[{"name":"wp","href":"https:\/\/api.w.org\/{rel}","templated":true}]}}