{"id":15668,"date":"2024-09-20T15:03:56","date_gmt":"2024-09-20T15:03:56","guid":{"rendered":"https:\/\/www.berti.net\/product\/blanchi\/"},"modified":"2025-11-07T16:07:13","modified_gmt":"2025-11-07T16:07:13","slug":"blanchi","status":"publish","type":"product","link":"https:\/\/berti.net\/fr\/parquet\/berti-studio\/berti-studio-chene\/blanchi\/","title":{"rendered":"Blanchi"},"content":{"rendered":"\n<div class=\"wp-block-group is-style-container has-global-padding is-content-justification-center is-layout-constrained wp-block-group-is-layout-constrained\">\n<div class=\"wp-block-group is-style-default has-global-padding is-content-justification-left is-layout-constrained wp-container-core-group-is-layout-a6931cc7 wp-block-group-is-layout-constrained\" style=\"margin-top:var(--wp--preset--spacing--130);margin-bottom:var(--wp--preset--spacing--130)\">\n<p class=\"is-style-indent animated fadeIn has-m-22-font-size\">Un <strong>parquet blanc laiteux <\/strong>qui refl\u00e8te la lumi\u00e8re et la diffuse avec douceur, \u00e9quilibre et harmonie, conf\u00e9rant \u00e0 la pi\u00e8ce une atmosph\u00e8re enveloppante et relaxante, en parfaite harmonie avec un int\u00e9rieur minimal-chic aux lignes essentielles, aux tons neutres et aux formes de composition \u00e9quilibr\u00e9es.  <\/p>\n\n\n\n<p class=\"is-style-indent animated fadeIn has-m-22-font-size\">Une solution qui fait toujours appel \u00e0 la qualit\u00e9 du bois de ch\u00eane, ici dispos\u00e9 dans sa version ch\u00eane blanchi, pour garantir la qualit\u00e9, la valeur esth\u00e9tique et tactile, ainsi qu&rsquo;une r\u00e9sistance et une durabilit\u00e9 extr\u00eames.<\/p>\n<\/div>\n\n\n\n<div class=\"wp-block-group alignfull animated fadeInUp has-global-padding is-layout-constrained wp-block-group-is-layout-constrained\" style=\"margin-top:0;margin-bottom:0\">\n<div class=\"wp-block-columns alignwide is-layout-flex wp-container-core-columns-is-layout-8fbed60e wp-block-columns-is-layout-flex\" style=\"margin-top:0;margin-bottom:0\">\n<div class=\"wp-block-column is-layout-flow wp-container-core-column-is-layout-8a368f38 wp-block-column-is-layout-flow\" style=\"flex-basis:50%\">\n<figure data-wp-context=\"{&quot;imageId&quot;:&quot;69f0430a7e93f&quot;}\" data-wp-interactive=\"core\/image\" data-wp-key=\"69f0430a7e93f\" class=\"wp-block-image size-full is-style-default wp-lightbox-container\"><img loading=\"lazy\" decoding=\"async\" width=\"1400\" height=\"946\" data-wp-class--hide=\"state.isContentHidden\" data-wp-class--show=\"state.isContentVisible\" data-wp-init=\"callbacks.setButtonStyles\" data-wp-on--click=\"actions.showLightbox\" data-wp-on--load=\"callbacks.setButtonStyles\" data-wp-on-window--resize=\"callbacks.setButtonStyles\" src=\"https:\/\/www.berti.net\/wp-content\/uploads\/BertiStudio_rovere-sbiancato_gallery-1.jpg\" alt=\"\" class=\"wp-image-13891\" srcset=\"https:\/\/berti.net\/wp-content\/uploads\/BertiStudio_rovere-sbiancato_gallery-1.jpg 1400w, https:\/\/berti.net\/wp-content\/uploads\/BertiStudio_rovere-sbiancato_gallery-1-812x549.jpg 812w, https:\/\/berti.net\/wp-content\/uploads\/BertiStudio_rovere-sbiancato_gallery-1-768x519.jpg 768w\" sizes=\"auto, (max-width: 1400px) 100vw, 1400px\" \/><button\n\t\t\tclass=\"lightbox-trigger\"\n\t\t\ttype=\"button\"\n\t\t\taria-haspopup=\"dialog\"\n\t\t\taria-label=\"Agrandir\"\n\t\t\tdata-wp-init=\"callbacks.initTriggerButton\"\n\t\t\tdata-wp-on--click=\"actions.showLightbox\"\n\t\t\tdata-wp-style--right=\"state.imageButtonRight\"\n\t\t\tdata-wp-style--top=\"state.imageButtonTop\"\n\t\t>\n\t\t\t<svg xmlns=\"http:\/\/www.w3.org\/2000\/svg\" width=\"12\" height=\"12\" fill=\"none\" viewBox=\"0 0 12 12\">\n\t\t\t\t<path fill=\"#fff\" d=\"M2 0a2 2 0 0 0-2 2v2h1.5V2a.5.5 0 0 1 .5-.5h2V0H2Zm2 10.5H2a.5.5 0 0 1-.5-.5V8H0v2a2 2 0 0 0 2 2h2v-1.5ZM8 12v-1.5h2a.5.5 0 0 0 .5-.5V8H12v2a2 2 0 0 1-2 2H8Zm2-12a2 2 0 0 1 2 2v2h-1.5V2a.5.5 0 0 0-.5-.5H8V0h2Z\" \/>\n\t\t\t<\/svg>\n\t\t<\/button><\/figure>\n\n\n\n<div style=\"height:var(--wp--preset--spacing--60)\" aria-hidden=\"true\" class=\"wp-block-spacer\"><\/div>\n<\/div>\n\n\n\n<div class=\"wp-block-column is-layout-flow wp-container-core-column-is-layout-8a368f38 wp-block-column-is-layout-flow\" style=\"flex-basis:50%\">\n<figure data-wp-context=\"{&quot;imageId&quot;:&quot;69f0430a7ebc4&quot;}\" data-wp-interactive=\"core\/image\" data-wp-key=\"69f0430a7ebc4\" class=\"wp-block-image size-full is-style-default wp-lightbox-container\"><img loading=\"lazy\" decoding=\"async\" width=\"653\" height=\"871\" data-wp-class--hide=\"state.isContentHidden\" data-wp-class--show=\"state.isContentVisible\" data-wp-init=\"callbacks.setButtonStyles\" data-wp-on--click=\"actions.showLightbox\" data-wp-on--load=\"callbacks.setButtonStyles\" data-wp-on-window--resize=\"callbacks.setButtonStyles\" src=\"https:\/\/www.berti.net\/wp-content\/uploads\/2024\/09\/parquet-legno-bertistudio-sbiancato-01.jpg\" alt=\"\" class=\"wp-image-6491\" srcset=\"https:\/\/berti.net\/wp-content\/uploads\/2024\/09\/parquet-legno-bertistudio-sbiancato-01.jpg 653w, https:\/\/berti.net\/wp-content\/uploads\/2024\/09\/parquet-legno-bertistudio-sbiancato-01-225x300.jpg 225w\" sizes=\"auto, (max-width: 653px) 100vw, 653px\" \/><button\n\t\t\tclass=\"lightbox-trigger\"\n\t\t\ttype=\"button\"\n\t\t\taria-haspopup=\"dialog\"\n\t\t\taria-label=\"Agrandir\"\n\t\t\tdata-wp-init=\"callbacks.initTriggerButton\"\n\t\t\tdata-wp-on--click=\"actions.showLightbox\"\n\t\t\tdata-wp-style--right=\"state.imageButtonRight\"\n\t\t\tdata-wp-style--top=\"state.imageButtonTop\"\n\t\t>\n\t\t\t<svg xmlns=\"http:\/\/www.w3.org\/2000\/svg\" width=\"12\" height=\"12\" fill=\"none\" viewBox=\"0 0 12 12\">\n\t\t\t\t<path fill=\"#fff\" d=\"M2 0a2 2 0 0 0-2 2v2h1.5V2a.5.5 0 0 1 .5-.5h2V0H2Zm2 10.5H2a.5.5 0 0 1-.5-.5V8H0v2a2 2 0 0 0 2 2h2v-1.5ZM8 12v-1.5h2a.5.5 0 0 0 .5-.5V8H12v2a2 2 0 0 1-2 2H8Zm2-12a2 2 0 0 1 2 2v2h-1.5V2a.5.5 0 0 0-.5-.5H8V0h2Z\" \/>\n\t\t\t<\/svg>\n\t\t<\/button><\/figure>\n\n\n\n<div style=\"height:var(--wp--preset--spacing--60)\" aria-hidden=\"true\" class=\"wp-block-spacer\"><\/div>\n<\/div>\n<\/div>\n<\/div>\n<\/div>\n","protected":false},"excerpt":{"rendered":"<p>Un parquet blanc laiteux qui refl\u00e8te la lumi\u00e8re et la diffuse avec douceur, \u00e9quilibre et harmonie, conf\u00e9rant \u00e0 la pi\u00e8ce une atmosph\u00e8re enveloppante et relaxante, en parfaite harmonie avec un int\u00e9rieur minimal-chic aux lignes essentielles, aux tons neutres et aux formes de composition \u00e9quilibr\u00e9es. Une solution qui fait toujours appel \u00e0 la qualit\u00e9 du bois de ch\u00eane, ici dispos\u00e9 dans [&hellip;]<\/p>\n","protected":false},"author":4,"featured_media":6724,"template":"","product_collection":[98],"product_type":[],"product_color":[75],"class_list":["post-15668","product","type-product","status-publish","has-post-thumbnail","hentry","product_collection-berti-studio-chene","product_color-chiaro"],"_links":{"self":[{"href":"https:\/\/berti.net\/fr\/wp-json\/wp\/v2\/product\/15668","targetHints":{"allow":["GET"]}}],"collection":[{"href":"https:\/\/berti.net\/fr\/wp-json\/wp\/v2\/product"}],"about":[{"href":"https:\/\/berti.net\/fr\/wp-json\/wp\/v2\/types\/product"}],"author":[{"embeddable":true,"href":"https:\/\/berti.net\/fr\/wp-json\/wp\/v2\/users\/4"}],"wp:featuredmedia":[{"embeddable":true,"href":"https:\/\/berti.net\/fr\/wp-json\/wp\/v2\/media\/6724"}],"wp:attachment":[{"href":"https:\/\/berti.net\/fr\/wp-json\/wp\/v2\/media?parent=15668"}],"wp:term":[{"taxonomy":"product_collection","embeddable":true,"href":"https:\/\/berti.net\/fr\/wp-json\/wp\/v2\/product_collection?post=15668"},{"taxonomy":"product_type","embeddable":true,"href":"https:\/\/berti.net\/fr\/wp-json\/wp\/v2\/product_type?post=15668"},{"taxonomy":"product_color","embeddable":true,"href":"https:\/\/berti.net\/fr\/wp-json\/wp\/v2\/product_color?post=15668"}],"curies":[{"name":"wp","href":"https:\/\/api.w.org\/{rel}","templated":true}]}}