{"id":15666,"date":"2024-09-20T15:08:28","date_gmt":"2024-09-20T15:08:28","guid":{"rendered":"https:\/\/www.berti.net\/product\/scratch-turtledove\/"},"modified":"2025-11-07T16:09:27","modified_gmt":"2025-11-07T16:09:27","slug":"scratch-turtledove","status":"publish","type":"product","link":"https:\/\/berti.net\/fr\/parquet\/berti-studio\/berti-studio-chene\/scratch-turtledove\/","title":{"rendered":"Scratch Tortora"},"content":{"rendered":"\n<div class=\"wp-block-group is-style-container has-global-padding is-content-justification-center is-layout-constrained wp-block-group-is-layout-constrained\">\n<div class=\"wp-block-group is-style-default has-global-padding is-content-justification-left is-layout-constrained wp-container-core-group-is-layout-a6931cc7 wp-block-group-is-layout-constrained\" style=\"margin-top:var(--wp--preset--spacing--130);margin-bottom:var(--wp--preset--spacing--130)\">\n<p class=\"is-style-indent animated fadeIn has-m-22-font-size\">Ici, la formule du <strong>parquet clair<\/strong> prend de l&rsquo;ampleur pour une teinte qui allie le raffinement du parquet gris et la chaleur de la couleur naturelle du bois, <strong>dans une nuance, celle du gris tourterelle<\/strong>, qui conf\u00e8re douceur et continuit\u00e9 \u00e0 l&rsquo;ambiance.  <\/p>\n\n\n\n<p class=\"is-style-indent animated fadeIn has-m-22-font-size\">Le <strong>traitement de l&rsquo;effet de tissage<\/strong> d\u00e9finit alors une surface de bois avec une texture vivante et textur\u00e9e et l&rsquo;attrait vivant d&rsquo;un parquet ray\u00e9, combinant la douceur de la couleur avec un caract\u00e8re fort et unique qui ne manque pas d&rsquo;habiller tout int\u00e9rieur d&rsquo;une \u00e9l\u00e9gance d\u00e9contract\u00e9e.<\/p>\n<\/div>\n\n\n\n<div class=\"wp-block-group alignfull animated fadeInUp has-global-padding is-layout-constrained wp-block-group-is-layout-constrained\" style=\"margin-top:0;margin-bottom:0\">\n<figure data-wp-context=\"{&quot;imageId&quot;:&quot;69f05bc852854&quot;}\" data-wp-interactive=\"core\/image\" data-wp-key=\"69f05bc852854\" class=\"wp-block-image alignfull size-full is-style-default wp-lightbox-container\"><img loading=\"lazy\" decoding=\"async\" width=\"1200\" height=\"820\" data-wp-class--hide=\"state.isContentHidden\" data-wp-class--show=\"state.isContentVisible\" data-wp-init=\"callbacks.setButtonStyles\" data-wp-on--click=\"actions.showLightbox\" data-wp-on--load=\"callbacks.setButtonStyles\" data-wp-on-window--resize=\"callbacks.setButtonStyles\" src=\"https:\/\/www.berti.net\/wp-content\/uploads\/BertiStudio_rovere-scratch-tortora_gallery-1.jpg\" alt=\"\" class=\"wp-image-13901\" srcset=\"https:\/\/berti.net\/wp-content\/uploads\/BertiStudio_rovere-scratch-tortora_gallery-1.jpg 1200w, https:\/\/berti.net\/wp-content\/uploads\/BertiStudio_rovere-scratch-tortora_gallery-1-812x555.jpg 812w, https:\/\/berti.net\/wp-content\/uploads\/BertiStudio_rovere-scratch-tortora_gallery-1-768x525.jpg 768w\" sizes=\"auto, (max-width: 1200px) 100vw, 1200px\" \/><button\n\t\t\tclass=\"lightbox-trigger\"\n\t\t\ttype=\"button\"\n\t\t\taria-haspopup=\"dialog\"\n\t\t\taria-label=\"Agrandir\"\n\t\t\tdata-wp-init=\"callbacks.initTriggerButton\"\n\t\t\tdata-wp-on--click=\"actions.showLightbox\"\n\t\t\tdata-wp-style--right=\"state.imageButtonRight\"\n\t\t\tdata-wp-style--top=\"state.imageButtonTop\"\n\t\t>\n\t\t\t<svg xmlns=\"http:\/\/www.w3.org\/2000\/svg\" width=\"12\" height=\"12\" fill=\"none\" viewBox=\"0 0 12 12\">\n\t\t\t\t<path fill=\"#fff\" d=\"M2 0a2 2 0 0 0-2 2v2h1.5V2a.5.5 0 0 1 .5-.5h2V0H2Zm2 10.5H2a.5.5 0 0 1-.5-.5V8H0v2a2 2 0 0 0 2 2h2v-1.5ZM8 12v-1.5h2a.5.5 0 0 0 .5-.5V8H12v2a2 2 0 0 1-2 2H8Zm2-12a2 2 0 0 1 2 2v2h-1.5V2a.5.5 0 0 0-.5-.5H8V0h2Z\" \/>\n\t\t\t<\/svg>\n\t\t<\/button><\/figure>\n\n\n\n<div style=\"margin-top:0;margin-bottom:0;height:var(--wp--preset--spacing--60)\" aria-hidden=\"true\" class=\"wp-block-spacer\"><\/div>\n<\/div>\n<\/div>\n","protected":false},"excerpt":{"rendered":"<p>Ici, la formule du parquet clair prend de l&rsquo;ampleur pour une teinte qui allie le raffinement du parquet gris et la chaleur de la couleur naturelle du bois, dans une nuance, celle du gris tourterelle, qui conf\u00e8re douceur et continuit\u00e9 \u00e0 l&rsquo;ambiance. Le traitement de l&rsquo;effet de tissage d\u00e9finit alors une surface de bois avec une texture vivante et textur\u00e9e [&hellip;]<\/p>\n","protected":false},"author":4,"featured_media":6720,"template":"","product_collection":[98],"product_type":[],"product_color":[77],"class_list":["post-15666","product","type-product","status-publish","has-post-thumbnail","hentry","product_collection-berti-studio-chene","product_color-grigio"],"_links":{"self":[{"href":"https:\/\/berti.net\/fr\/wp-json\/wp\/v2\/product\/15666","targetHints":{"allow":["GET"]}}],"collection":[{"href":"https:\/\/berti.net\/fr\/wp-json\/wp\/v2\/product"}],"about":[{"href":"https:\/\/berti.net\/fr\/wp-json\/wp\/v2\/types\/product"}],"author":[{"embeddable":true,"href":"https:\/\/berti.net\/fr\/wp-json\/wp\/v2\/users\/4"}],"wp:featuredmedia":[{"embeddable":true,"href":"https:\/\/berti.net\/fr\/wp-json\/wp\/v2\/media\/6720"}],"wp:attachment":[{"href":"https:\/\/berti.net\/fr\/wp-json\/wp\/v2\/media?parent=15666"}],"wp:term":[{"taxonomy":"product_collection","embeddable":true,"href":"https:\/\/berti.net\/fr\/wp-json\/wp\/v2\/product_collection?post=15666"},{"taxonomy":"product_type","embeddable":true,"href":"https:\/\/berti.net\/fr\/wp-json\/wp\/v2\/product_type?post=15666"},{"taxonomy":"product_color","embeddable":true,"href":"https:\/\/berti.net\/fr\/wp-json\/wp\/v2\/product_color?post=15666"}],"curies":[{"name":"wp","href":"https:\/\/api.w.org\/{rel}","templated":true}]}}