{"id":15665,"date":"2024-09-20T14:41:41","date_gmt":"2024-09-20T14:41:41","guid":{"rendered":"https:\/\/www.berti.net\/product\/doussie-neutre\/"},"modified":"2025-11-06T15:25:18","modified_gmt":"2025-11-06T15:25:18","slug":"doussie-neutre","status":"publish","type":"product","link":"https:\/\/berti.net\/fr\/parquet\/parquet-essential\/doussie-neutre\/","title":{"rendered":"Doussi\u00e8 neutre"},"content":{"rendered":"\n<div class=\"wp-block-group is-style-container has-global-padding is-content-justification-center is-layout-constrained wp-block-group-is-layout-constrained\">\n<div class=\"wp-block-group is-style-default has-global-padding is-content-justification-left is-layout-constrained wp-container-core-group-is-layout-a6931cc7 wp-block-group-is-layout-constrained\" style=\"margin-top:var(--wp--preset--spacing--130);margin-bottom:var(--wp--preset--spacing--130)\">\n<p class=\"is-style-indent animated fadeIn has-m-22-font-size\">En tant que <strong>bois exotique, il est particuli\u00e8rement dur et compact<\/strong> et se pr\u00eate bien \u00e0 la pose dans des endroits humides (parquet dans la salle de bain ou la cuisine) et \u00e0 fort passage. L&rsquo;essence de bois doussi\u00e8 se pr\u00eate parfaitement \u00e0 la r\u00e9alisation de parquets classiques ou modernes. <\/p>\n<\/div>\n<\/div>\n","protected":false},"excerpt":{"rendered":"<p>En tant que bois exotique, il est particuli\u00e8rement dur et compact et se pr\u00eate bien \u00e0 la pose dans des endroits humides (parquet dans la salle de bain ou la cuisine) et \u00e0 fort passage. L&rsquo;essence de bois doussi\u00e8 se pr\u00eate parfaitement \u00e0 la r\u00e9alisation de parquets classiques ou modernes.<\/p>\n","protected":false},"author":4,"featured_media":1765,"template":"","product_collection":[99],"product_type":[],"product_color":[78],"class_list":["post-15665","product","type-product","status-publish","has-post-thumbnail","hentry","product_collection-parquet-essential","product_color-rosso"],"_links":{"self":[{"href":"https:\/\/berti.net\/fr\/wp-json\/wp\/v2\/product\/15665","targetHints":{"allow":["GET"]}}],"collection":[{"href":"https:\/\/berti.net\/fr\/wp-json\/wp\/v2\/product"}],"about":[{"href":"https:\/\/berti.net\/fr\/wp-json\/wp\/v2\/types\/product"}],"author":[{"embeddable":true,"href":"https:\/\/berti.net\/fr\/wp-json\/wp\/v2\/users\/4"}],"wp:featuredmedia":[{"embeddable":true,"href":"https:\/\/berti.net\/fr\/wp-json\/wp\/v2\/media\/1765"}],"wp:attachment":[{"href":"https:\/\/berti.net\/fr\/wp-json\/wp\/v2\/media?parent=15665"}],"wp:term":[{"taxonomy":"product_collection","embeddable":true,"href":"https:\/\/berti.net\/fr\/wp-json\/wp\/v2\/product_collection?post=15665"},{"taxonomy":"product_type","embeddable":true,"href":"https:\/\/berti.net\/fr\/wp-json\/wp\/v2\/product_type?post=15665"},{"taxonomy":"product_color","embeddable":true,"href":"https:\/\/berti.net\/fr\/wp-json\/wp\/v2\/product_color?post=15665"}],"curies":[{"name":"wp","href":"https:\/\/api.w.org\/{rel}","templated":true}]}}