{"id":15603,"date":"2024-10-15T15:49:54","date_gmt":"2024-10-15T15:49:54","guid":{"rendered":"https:\/\/www.berti.net\/product\/veine-de-chene\/"},"modified":"2025-10-24T09:20:42","modified_gmt":"2025-10-24T09:20:42","slug":"veine-de-chene","status":"publish","type":"product","link":"https:\/\/berti.net\/fr\/parquet\/parquet-diesel-living\/veine-de-chene\/","title":{"rendered":"Ch\u00eane Vein"},"content":{"rendered":"\n<div class=\"wp-block-group is-style-container has-global-padding is-content-justification-center is-layout-constrained wp-block-group-is-layout-constrained\">\n<div class=\"wp-block-group is-style-default has-global-padding is-content-justification-left is-layout-constrained wp-container-core-group-is-layout-a6931cc7 wp-block-group-is-layout-constrained\" style=\"margin-top:var(--wp--preset--spacing--130);margin-bottom:var(--wp--preset--spacing--130)\">\n<p class=\"is-style-indent animated fadeIn has-m-22-font-size\">Une finition avec la texture d&rsquo;un <strong>parquet en ch\u00eane naturel qui met en valeur le bois dans la qualit\u00e9 de ses caract\u00e9ristiques les plus distinctives et texturales<\/strong>, gr\u00e2ce aux traitements combin\u00e9s de brossage et de d\u00e9capage.<\/p>\n\n\n\n<p class=\"is-style-indent animated fadeIn has-m-22-font-size\">Ici, le ch\u00eane s&rsquo;exprime pleinement dans le treillis de son grain anim\u00e9, pour d\u00e9crire une surface vari\u00e9e et saisissante, sans exclure une note de surprise dans la couleur.  <\/p>\n\n\n\n<p class=\"is-style-indent animated fadeIn has-m-22-font-size\">La <strong>teinte naturelle noisette<\/strong> est en effet <strong>contamin\u00e9e par des points de gris<\/strong> qui d\u00e9taillent les lignes du bois, cr\u00e9ant une nuance nouvelle et originale, pour <strong>une atmosph\u00e8re \u00e0 vocation plus urbaine et contemporaine<\/strong>. Un choix esth\u00e9tique de parquet en ch\u00eane naturel, au caract\u00e8re fort et \u00e0 la connotation exclusive. <\/p>\n\n\n\n<p class=\"is-style-indent animated fadeIn has-m-22-font-size\"><\/p>\n<\/div>\n\n\n\n<div class=\"wp-block-group alignfull has-global-padding is-layout-constrained wp-block-group-is-layout-constrained\" style=\"margin-top:0;margin-bottom:0\">\n<figure data-wp-context=\"{&quot;imageId&quot;:&quot;69f00e5020a4c&quot;}\" data-wp-interactive=\"core\/image\" data-wp-key=\"69f00e5020a4c\" class=\"wp-block-image aligncenter size-full is-style-default wp-lightbox-container\"><img loading=\"lazy\" decoding=\"async\" width=\"653\" height=\"871\" data-wp-class--hide=\"state.isContentHidden\" data-wp-class--show=\"state.isContentVisible\" data-wp-init=\"callbacks.setButtonStyles\" data-wp-on--click=\"actions.showLightbox\" data-wp-on--load=\"callbacks.setButtonStyles\" data-wp-on-window--resize=\"callbacks.setButtonStyles\" src=\"https:\/\/www.berti.net\/wp-content\/uploads\/2024\/10\/pavimento-parquet-rovere-vein-berti-diesel.jpg\" alt=\"\" class=\"wp-image-6983\" srcset=\"https:\/\/berti.net\/wp-content\/uploads\/2024\/10\/pavimento-parquet-rovere-vein-berti-diesel.jpg 653w, https:\/\/berti.net\/wp-content\/uploads\/2024\/10\/pavimento-parquet-rovere-vein-berti-diesel-225x300.jpg 225w\" sizes=\"auto, (max-width: 653px) 100vw, 653px\" \/><button\n\t\t\tclass=\"lightbox-trigger\"\n\t\t\ttype=\"button\"\n\t\t\taria-haspopup=\"dialog\"\n\t\t\taria-label=\"Agrandir\"\n\t\t\tdata-wp-init=\"callbacks.initTriggerButton\"\n\t\t\tdata-wp-on--click=\"actions.showLightbox\"\n\t\t\tdata-wp-style--right=\"state.imageButtonRight\"\n\t\t\tdata-wp-style--top=\"state.imageButtonTop\"\n\t\t>\n\t\t\t<svg xmlns=\"http:\/\/www.w3.org\/2000\/svg\" width=\"12\" height=\"12\" fill=\"none\" viewBox=\"0 0 12 12\">\n\t\t\t\t<path fill=\"#fff\" d=\"M2 0a2 2 0 0 0-2 2v2h1.5V2a.5.5 0 0 1 .5-.5h2V0H2Zm2 10.5H2a.5.5 0 0 1-.5-.5V8H0v2a2 2 0 0 0 2 2h2v-1.5ZM8 12v-1.5h2a.5.5 0 0 0 .5-.5V8H12v2a2 2 0 0 1-2 2H8Zm2-12a2 2 0 0 1 2 2v2h-1.5V2a.5.5 0 0 0-.5-.5H8V0h2Z\" \/>\n\t\t\t<\/svg>\n\t\t<\/button><\/figure>\n<\/div>\n\n\n\n<div style=\"height:100px\" aria-hidden=\"true\" class=\"wp-block-spacer\"><\/div>\n<\/div>\n","protected":false},"excerpt":{"rendered":"<p>Une finition avec la texture d&rsquo;un parquet en ch\u00eane naturel qui met en valeur le bois dans la qualit\u00e9 de ses caract\u00e9ristiques les plus distinctives et texturales, gr\u00e2ce aux traitements combin\u00e9s de brossage et de d\u00e9capage. Ici, le ch\u00eane s&rsquo;exprime pleinement dans le treillis de son grain anim\u00e9, pour d\u00e9crire une surface vari\u00e9e et saisissante, sans exclure une note de [&hellip;]<\/p>\n","protected":false},"author":2,"featured_media":6845,"template":"","product_collection":[96],"product_type":[],"product_color":[],"class_list":["post-15603","product","type-product","status-publish","has-post-thumbnail","hentry","product_collection-parquet-diesel-living"],"_links":{"self":[{"href":"https:\/\/berti.net\/fr\/wp-json\/wp\/v2\/product\/15603","targetHints":{"allow":["GET"]}}],"collection":[{"href":"https:\/\/berti.net\/fr\/wp-json\/wp\/v2\/product"}],"about":[{"href":"https:\/\/berti.net\/fr\/wp-json\/wp\/v2\/types\/product"}],"author":[{"embeddable":true,"href":"https:\/\/berti.net\/fr\/wp-json\/wp\/v2\/users\/2"}],"wp:featuredmedia":[{"embeddable":true,"href":"https:\/\/berti.net\/fr\/wp-json\/wp\/v2\/media\/6845"}],"wp:attachment":[{"href":"https:\/\/berti.net\/fr\/wp-json\/wp\/v2\/media?parent=15603"}],"wp:term":[{"taxonomy":"product_collection","embeddable":true,"href":"https:\/\/berti.net\/fr\/wp-json\/wp\/v2\/product_collection?post=15603"},{"taxonomy":"product_type","embeddable":true,"href":"https:\/\/berti.net\/fr\/wp-json\/wp\/v2\/product_type?post=15603"},{"taxonomy":"product_color","embeddable":true,"href":"https:\/\/berti.net\/fr\/wp-json\/wp\/v2\/product_color?post=15603"}],"curies":[{"name":"wp","href":"https:\/\/api.w.org\/{rel}","templated":true}]}}