{"id":15600,"date":"2024-10-15T15:22:35","date_gmt":"2024-10-15T15:22:35","guid":{"rendered":"https:\/\/www.berti.net\/product\/chene-rouge\/"},"modified":"2025-10-24T09:12:56","modified_gmt":"2025-10-24T09:12:56","slug":"chene-rouge","status":"publish","type":"product","link":"https:\/\/berti.net\/fr\/parquet\/parquet-diesel-living\/chene-rouge\/","title":{"rendered":"Ch\u00eane Rrred"},"content":{"rendered":"\n<div class=\"wp-block-group is-style-container has-global-padding is-content-justification-center is-layout-constrained wp-block-group-is-layout-constrained\">\n<div class=\"wp-block-group is-style-default has-global-padding is-content-justification-left is-layout-constrained wp-container-core-group-is-layout-a6931cc7 wp-block-group-is-layout-constrained\" style=\"margin-top:var(--wp--preset--spacing--130);margin-bottom:var(--wp--preset--spacing--130)\">\n<p class=\"is-style-indent animated fadeIn has-m-22-font-size\">Ici, le <strong>ch\u00eane<\/strong> est <strong>teint en noir et teint\u00e9, puis surteint de rouge, comme un jean<\/strong>, de sorte que la transition d&rsquo;une nuance chaude de brun-rouge \u00e0 une nuance froide qui vire au gris est \u00e9vidente sur la largeur de chaque planche de bois.  <\/p>\n\n\n\n<p class=\"is-style-indent animated fadeIn has-m-22-font-size\"><strong>Un traitement esth\u00e9tique exclusif<\/strong> qui cr\u00e9e un effet d&rsquo;ombrage tridimensionnel et donne du mouvement \u00e0 la surface, en donnant du caract\u00e8re et de la profondeur \u00e0 la pi\u00e8ce.<\/p>\n\n\n\n<p class=\"is-style-indent animated fadeIn has-m-22-font-size\">\u00c0 cela s&rsquo;ajoute un proc\u00e9d\u00e9 technique qui consiste \u00e0 <strong>poncer le parquet avant la phase de vernissage<\/strong>, ce qui permet d&rsquo;obtenir un sol en bois parfaitement lisse et homog\u00e8ne au toucher.<\/p>\n<\/div>\n\n\n\n<div class=\"wp-block-group alignfull has-global-padding is-layout-constrained wp-block-group-is-layout-constrained\" style=\"margin-top:0;margin-bottom:0\">\n<figure data-wp-context=\"{&quot;imageId&quot;:&quot;69eff6425694f&quot;}\" data-wp-interactive=\"core\/image\" data-wp-key=\"69eff6425694f\" class=\"wp-block-image aligncenter size-full is-style-default wp-lightbox-container\"><img loading=\"lazy\" decoding=\"async\" width=\"653\" height=\"871\" data-wp-class--hide=\"state.isContentHidden\" data-wp-class--show=\"state.isContentVisible\" data-wp-init=\"callbacks.setButtonStyles\" data-wp-on--click=\"actions.showLightbox\" data-wp-on--load=\"callbacks.setButtonStyles\" data-wp-on-window--resize=\"callbacks.setButtonStyles\" src=\"https:\/\/www.berti.net\/wp-content\/uploads\/2024\/10\/parquet-scuro-rovere-berti-rrred-diesel.jpg\" alt=\"\" class=\"wp-image-6994\" srcset=\"https:\/\/berti.net\/wp-content\/uploads\/2024\/10\/parquet-scuro-rovere-berti-rrred-diesel.jpg 653w, https:\/\/berti.net\/wp-content\/uploads\/2024\/10\/parquet-scuro-rovere-berti-rrred-diesel-225x300.jpg 225w\" sizes=\"auto, (max-width: 653px) 100vw, 653px\" \/><button\n\t\t\tclass=\"lightbox-trigger\"\n\t\t\ttype=\"button\"\n\t\t\taria-haspopup=\"dialog\"\n\t\t\taria-label=\"Agrandir\"\n\t\t\tdata-wp-init=\"callbacks.initTriggerButton\"\n\t\t\tdata-wp-on--click=\"actions.showLightbox\"\n\t\t\tdata-wp-style--right=\"state.imageButtonRight\"\n\t\t\tdata-wp-style--top=\"state.imageButtonTop\"\n\t\t>\n\t\t\t<svg xmlns=\"http:\/\/www.w3.org\/2000\/svg\" width=\"12\" height=\"12\" fill=\"none\" viewBox=\"0 0 12 12\">\n\t\t\t\t<path fill=\"#fff\" d=\"M2 0a2 2 0 0 0-2 2v2h1.5V2a.5.5 0 0 1 .5-.5h2V0H2Zm2 10.5H2a.5.5 0 0 1-.5-.5V8H0v2a2 2 0 0 0 2 2h2v-1.5ZM8 12v-1.5h2a.5.5 0 0 0 .5-.5V8H12v2a2 2 0 0 1-2 2H8Zm2-12a2 2 0 0 1 2 2v2h-1.5V2a.5.5 0 0 0-.5-.5H8V0h2Z\" \/>\n\t\t\t<\/svg>\n\t\t<\/button><\/figure>\n<\/div>\n\n\n\n<div style=\"height:100px\" aria-hidden=\"true\" class=\"wp-block-spacer\"><\/div>\n<\/div>\n","protected":false},"excerpt":{"rendered":"<p>Ici, le ch\u00eane est teint en noir et teint\u00e9, puis surteint de rouge, comme un jean, de sorte que la transition d&rsquo;une nuance chaude de brun-rouge \u00e0 une nuance froide qui vire au gris est \u00e9vidente sur la largeur de chaque planche de bois. Un traitement esth\u00e9tique exclusif qui cr\u00e9e un effet d&rsquo;ombrage tridimensionnel et donne du mouvement \u00e0 la [&hellip;]<\/p>\n","protected":false},"author":2,"featured_media":6833,"template":"","product_collection":[96],"product_type":[],"product_color":[78],"class_list":["post-15600","product","type-product","status-publish","has-post-thumbnail","hentry","product_collection-parquet-diesel-living","product_color-rosso"],"_links":{"self":[{"href":"https:\/\/berti.net\/fr\/wp-json\/wp\/v2\/product\/15600","targetHints":{"allow":["GET"]}}],"collection":[{"href":"https:\/\/berti.net\/fr\/wp-json\/wp\/v2\/product"}],"about":[{"href":"https:\/\/berti.net\/fr\/wp-json\/wp\/v2\/types\/product"}],"author":[{"embeddable":true,"href":"https:\/\/berti.net\/fr\/wp-json\/wp\/v2\/users\/2"}],"wp:featuredmedia":[{"embeddable":true,"href":"https:\/\/berti.net\/fr\/wp-json\/wp\/v2\/media\/6833"}],"wp:attachment":[{"href":"https:\/\/berti.net\/fr\/wp-json\/wp\/v2\/media?parent=15600"}],"wp:term":[{"taxonomy":"product_collection","embeddable":true,"href":"https:\/\/berti.net\/fr\/wp-json\/wp\/v2\/product_collection?post=15600"},{"taxonomy":"product_type","embeddable":true,"href":"https:\/\/berti.net\/fr\/wp-json\/wp\/v2\/product_type?post=15600"},{"taxonomy":"product_color","embeddable":true,"href":"https:\/\/berti.net\/fr\/wp-json\/wp\/v2\/product_color?post=15600"}],"curies":[{"name":"wp","href":"https:\/\/api.w.org\/{rel}","templated":true}]}}