{"id":15596,"date":"2024-10-16T09:04:27","date_gmt":"2024-10-16T09:04:27","guid":{"rendered":"https:\/\/www.berti.net\/product\/chene-light-canvas\/"},"modified":"2025-10-24T09:24:21","modified_gmt":"2025-10-24T09:24:21","slug":"chene-light-canvas","status":"publish","type":"product","link":"https:\/\/berti.net\/fr\/parquet\/parquet-diesel-living\/chene-light-canvas\/","title":{"rendered":"Ch\u00eane Light Canvas"},"content":{"rendered":"\n<div class=\"wp-block-group is-style-container has-global-padding is-content-justification-center is-layout-constrained wp-block-group-is-layout-constrained\">\n<div class=\"wp-block-group is-style-default has-global-padding is-content-justification-left is-layout-constrained wp-container-core-group-is-layout-a6931cc7 wp-block-group-is-layout-constrained\" style=\"margin-top:var(--wp--preset--spacing--130);margin-bottom:var(--wp--preset--spacing--130)\">\n<p class=\"is-style-indent animated fadeIn has-m-22-font-size\">Un <strong>parquet clair<\/strong>, n\u00e9 de la collaboration entre Berti et <strong>Diesel<\/strong>, dont la texture rappelle le fil d&rsquo;une toile en version expans\u00e9e, vue de pr\u00e8s.  <\/p>\n\n\n\n<p class=\"is-style-indent animated fadeIn has-m-22-font-size\">Et <strong>l&rsquo;expression du grain d&rsquo;un tissu<\/strong> est ici obtenue par le traitement sp\u00e9cifique \u00e0 effet de trame que Berti applique au parquet, pr\u00e9alablement bross\u00e9 et ensuite verni en couleur glace. Le r\u00e9sultat est donc celui d&rsquo;un <strong>sol gris clair avec des rayures en ch\u00eane<\/strong>, comme du denim trait\u00e9 et teint\u00e9, avec un caract\u00e8re exclusif et original, pour personnaliser les pi\u00e8ces dans un <strong>style \u00e9clectique-contemporain<\/strong> avec du flair, de la recherche et de l&rsquo;espi\u00e8glerie. <br\/><br\/><\/p>\n<\/div>\n\n\n\n<div class=\"wp-block-group alignfull has-global-padding is-layout-constrained wp-block-group-is-layout-constrained\" style=\"margin-top:0;margin-bottom:0\">\n<figure data-wp-context=\"{&quot;imageId&quot;:&quot;69eff7f564691&quot;}\" data-wp-interactive=\"core\/image\" data-wp-key=\"69eff7f564691\" class=\"wp-block-image aligncenter size-full is-style-default wp-lightbox-container\"><img loading=\"lazy\" decoding=\"async\" width=\"653\" height=\"871\" data-wp-class--hide=\"state.isContentHidden\" data-wp-class--show=\"state.isContentVisible\" data-wp-init=\"callbacks.setButtonStyles\" data-wp-on--click=\"actions.showLightbox\" data-wp-on--load=\"callbacks.setButtonStyles\" data-wp-on-window--resize=\"callbacks.setButtonStyles\" src=\"https:\/\/www.berti.net\/wp-content\/uploads\/Diesel_TreatedC_Ambientata_LightCanvas-2.jpeg\" alt=\"\" class=\"wp-image-21346\" srcset=\"https:\/\/berti.net\/wp-content\/uploads\/Diesel_TreatedC_Ambientata_LightCanvas-2.jpeg 653w, https:\/\/berti.net\/wp-content\/uploads\/Diesel_TreatedC_Ambientata_LightCanvas-2-609x812.jpeg 609w\" sizes=\"auto, (max-width: 653px) 100vw, 653px\" \/><button\n\t\t\tclass=\"lightbox-trigger\"\n\t\t\ttype=\"button\"\n\t\t\taria-haspopup=\"dialog\"\n\t\t\taria-label=\"Agrandir\"\n\t\t\tdata-wp-init=\"callbacks.initTriggerButton\"\n\t\t\tdata-wp-on--click=\"actions.showLightbox\"\n\t\t\tdata-wp-style--right=\"state.imageButtonRight\"\n\t\t\tdata-wp-style--top=\"state.imageButtonTop\"\n\t\t>\n\t\t\t<svg xmlns=\"http:\/\/www.w3.org\/2000\/svg\" width=\"12\" height=\"12\" fill=\"none\" viewBox=\"0 0 12 12\">\n\t\t\t\t<path fill=\"#fff\" d=\"M2 0a2 2 0 0 0-2 2v2h1.5V2a.5.5 0 0 1 .5-.5h2V0H2Zm2 10.5H2a.5.5 0 0 1-.5-.5V8H0v2a2 2 0 0 0 2 2h2v-1.5ZM8 12v-1.5h2a.5.5 0 0 0 .5-.5V8H12v2a2 2 0 0 1-2 2H8Zm2-12a2 2 0 0 1 2 2v2h-1.5V2a.5.5 0 0 0-.5-.5H8V0h2Z\" \/>\n\t\t\t<\/svg>\n\t\t<\/button><\/figure>\n<\/div>\n\n\n\n<div style=\"height:100px\" aria-hidden=\"true\" class=\"wp-block-spacer\"><\/div>\n<\/div>\n","protected":false},"excerpt":{"rendered":"<p>Un parquet clair, n\u00e9 de la collaboration entre Berti et Diesel, dont la texture rappelle le fil d&rsquo;une toile en version expans\u00e9e, vue de pr\u00e8s. Et l&rsquo;expression du grain d&rsquo;un tissu est ici obtenue par le traitement sp\u00e9cifique \u00e0 effet de trame que Berti applique au parquet, pr\u00e9alablement bross\u00e9 et ensuite verni en couleur glace. Le r\u00e9sultat est donc celui [&hellip;]<\/p>\n","protected":false},"author":4,"featured_media":7063,"template":"","product_collection":[96],"product_type":[],"product_color":[75],"class_list":["post-15596","product","type-product","status-publish","has-post-thumbnail","hentry","product_collection-parquet-diesel-living","product_color-chiaro"],"_links":{"self":[{"href":"https:\/\/berti.net\/fr\/wp-json\/wp\/v2\/product\/15596","targetHints":{"allow":["GET"]}}],"collection":[{"href":"https:\/\/berti.net\/fr\/wp-json\/wp\/v2\/product"}],"about":[{"href":"https:\/\/berti.net\/fr\/wp-json\/wp\/v2\/types\/product"}],"author":[{"embeddable":true,"href":"https:\/\/berti.net\/fr\/wp-json\/wp\/v2\/users\/4"}],"wp:featuredmedia":[{"embeddable":true,"href":"https:\/\/berti.net\/fr\/wp-json\/wp\/v2\/media\/7063"}],"wp:attachment":[{"href":"https:\/\/berti.net\/fr\/wp-json\/wp\/v2\/media?parent=15596"}],"wp:term":[{"taxonomy":"product_collection","embeddable":true,"href":"https:\/\/berti.net\/fr\/wp-json\/wp\/v2\/product_collection?post=15596"},{"taxonomy":"product_type","embeddable":true,"href":"https:\/\/berti.net\/fr\/wp-json\/wp\/v2\/product_type?post=15596"},{"taxonomy":"product_color","embeddable":true,"href":"https:\/\/berti.net\/fr\/wp-json\/wp\/v2\/product_color?post=15596"}],"curies":[{"name":"wp","href":"https:\/\/api.w.org\/{rel}","templated":true}]}}