{"id":15595,"date":"2024-10-15T15:39:59","date_gmt":"2024-10-15T15:39:59","guid":{"rendered":"https:\/\/www.berti.net\/product\/chene-de-bkleach\/"},"modified":"2025-10-24T09:18:23","modified_gmt":"2025-10-24T09:18:23","slug":"chene-de-bkleach","status":"publish","type":"product","link":"https:\/\/berti.net\/fr\/parquet\/parquet-diesel-living\/chene-de-bkleach\/","title":{"rendered":"Ch\u00eane Bkleach"},"content":{"rendered":"\n<div class=\"wp-block-group is-style-container has-global-padding is-content-justification-center is-layout-constrained wp-block-group-is-layout-constrained\">\n<div class=\"wp-block-group is-style-default has-global-padding is-content-justification-left is-layout-constrained wp-container-core-group-is-layout-a6931cc7 wp-block-group-is-layout-constrained\" style=\"margin-top:var(--wp--preset--spacing--130);margin-bottom:var(--wp--preset--spacing--130)\">\n<p class=\"is-style-indent animated fadeIn has-m-22-font-size\">Avec la connotation particuli\u00e8re de <strong>ch\u00eane blanchi<\/strong>, en effet, ce sol est trait\u00e9 <strong>selon un processus de blanchiment similaire \u00e0 la<\/strong> technique utilis\u00e9e dans l&rsquo;industrie de la mode <strong>pour blanchir les jeans.<\/strong> <\/p>\n\n\n\n<p class=\"is-style-indent animated fadeIn has-m-22-font-size\"><strong>La teinte qui en r\u00e9sulte est un \u00e9l\u00e9gant gris glac\u00e9 nuanc\u00e9<\/strong>, qui termine les pi\u00e8ces avec un go\u00fbt moderne, essentiel et raffin\u00e9, sans sacrifier les composantes de confort et de convivialit\u00e9 exclusives au bois.  <\/p>\n\n\n\n<p class=\"is-style-indent animated fadeIn has-m-22-font-size\">Et ici, l&rsquo;essence du mat\u00e9riau est toujours reconnaissable dans la texture et la consistance d&rsquo;un parquet en ch\u00eane bross\u00e9 profond avec une valeur tactile et exp\u00e9rientielle distinctive. <strong>Une finition qui s&rsquo;oriente vers un minimalisme contemporain<\/strong>, en accueillant le naturel mat\u00e9riel du bois intact.<br\/><\/p>\n<\/div>\n\n\n\n<div class=\"wp-block-group alignfull has-global-padding is-layout-constrained wp-block-group-is-layout-constrained\" style=\"margin-top:0;margin-bottom:0\">\n<figure data-wp-context=\"{&quot;imageId&quot;:&quot;69efe133d9dac&quot;}\" data-wp-interactive=\"core\/image\" data-wp-key=\"69efe133d9dac\" class=\"wp-block-image aligncenter size-full is-style-default wp-lightbox-container\"><img loading=\"lazy\" decoding=\"async\" width=\"653\" height=\"871\" data-wp-class--hide=\"state.isContentHidden\" data-wp-class--show=\"state.isContentVisible\" data-wp-init=\"callbacks.setButtonStyles\" data-wp-on--click=\"actions.showLightbox\" data-wp-on--load=\"callbacks.setButtonStyles\" data-wp-on-window--resize=\"callbacks.setButtonStyles\" src=\"https:\/\/www.berti.net\/wp-content\/uploads\/2024\/10\/parquet-chiaro-bkleach-berti-diesel.jpg\" alt=\"\" class=\"wp-image-6988\" srcset=\"https:\/\/berti.net\/wp-content\/uploads\/2024\/10\/parquet-chiaro-bkleach-berti-diesel.jpg 653w, https:\/\/berti.net\/wp-content\/uploads\/2024\/10\/parquet-chiaro-bkleach-berti-diesel-225x300.jpg 225w\" sizes=\"auto, (max-width: 653px) 100vw, 653px\" \/><button\n\t\t\tclass=\"lightbox-trigger\"\n\t\t\ttype=\"button\"\n\t\t\taria-haspopup=\"dialog\"\n\t\t\taria-label=\"Agrandir\"\n\t\t\tdata-wp-init=\"callbacks.initTriggerButton\"\n\t\t\tdata-wp-on--click=\"actions.showLightbox\"\n\t\t\tdata-wp-style--right=\"state.imageButtonRight\"\n\t\t\tdata-wp-style--top=\"state.imageButtonTop\"\n\t\t>\n\t\t\t<svg xmlns=\"http:\/\/www.w3.org\/2000\/svg\" width=\"12\" height=\"12\" fill=\"none\" viewBox=\"0 0 12 12\">\n\t\t\t\t<path fill=\"#fff\" d=\"M2 0a2 2 0 0 0-2 2v2h1.5V2a.5.5 0 0 1 .5-.5h2V0H2Zm2 10.5H2a.5.5 0 0 1-.5-.5V8H0v2a2 2 0 0 0 2 2h2v-1.5ZM8 12v-1.5h2a.5.5 0 0 0 .5-.5V8H12v2a2 2 0 0 1-2 2H8Zm2-12a2 2 0 0 1 2 2v2h-1.5V2a.5.5 0 0 0-.5-.5H8V0h2Z\" \/>\n\t\t\t<\/svg>\n\t\t<\/button><\/figure>\n<\/div>\n\n\n\n<div style=\"height:100px\" aria-hidden=\"true\" class=\"wp-block-spacer\"><\/div>\n<\/div>\n","protected":false},"excerpt":{"rendered":"<p>Avec la connotation particuli\u00e8re de ch\u00eane blanchi, en effet, ce sol est trait\u00e9 selon un processus de blanchiment similaire \u00e0 la technique utilis\u00e9e dans l&rsquo;industrie de la mode pour blanchir les jeans. La teinte qui en r\u00e9sulte est un \u00e9l\u00e9gant gris glac\u00e9 nuanc\u00e9, qui termine les pi\u00e8ces avec un go\u00fbt moderne, essentiel et raffin\u00e9, sans sacrifier les composantes de confort [&hellip;]<\/p>\n","protected":false},"author":2,"featured_media":6841,"template":"","product_collection":[96],"product_type":[],"product_color":[77],"class_list":["post-15595","product","type-product","status-publish","has-post-thumbnail","hentry","product_collection-parquet-diesel-living","product_color-grigio"],"_links":{"self":[{"href":"https:\/\/berti.net\/fr\/wp-json\/wp\/v2\/product\/15595","targetHints":{"allow":["GET"]}}],"collection":[{"href":"https:\/\/berti.net\/fr\/wp-json\/wp\/v2\/product"}],"about":[{"href":"https:\/\/berti.net\/fr\/wp-json\/wp\/v2\/types\/product"}],"author":[{"embeddable":true,"href":"https:\/\/berti.net\/fr\/wp-json\/wp\/v2\/users\/2"}],"wp:featuredmedia":[{"embeddable":true,"href":"https:\/\/berti.net\/fr\/wp-json\/wp\/v2\/media\/6841"}],"wp:attachment":[{"href":"https:\/\/berti.net\/fr\/wp-json\/wp\/v2\/media?parent=15595"}],"wp:term":[{"taxonomy":"product_collection","embeddable":true,"href":"https:\/\/berti.net\/fr\/wp-json\/wp\/v2\/product_collection?post=15595"},{"taxonomy":"product_type","embeddable":true,"href":"https:\/\/berti.net\/fr\/wp-json\/wp\/v2\/product_type?post=15595"},{"taxonomy":"product_color","embeddable":true,"href":"https:\/\/berti.net\/fr\/wp-json\/wp\/v2\/product_color?post=15595"}],"curies":[{"name":"wp","href":"https:\/\/api.w.org\/{rel}","templated":true}]}}