{"id":15594,"date":"2024-10-16T09:14:01","date_gmt":"2024-10-16T09:14:01","guid":{"rendered":"https:\/\/www.berti.net\/product\/chene-contrast-canvas\/"},"modified":"2025-10-24T09:24:07","modified_gmt":"2025-10-24T09:24:07","slug":"chene-contrast-canvas","status":"publish","type":"product","link":"https:\/\/berti.net\/fr\/parquet\/parquet-diesel-living\/chene-contrast-canvas\/","title":{"rendered":"Ch\u00eane Contrast Canvas"},"content":{"rendered":"\n<div class=\"wp-block-group is-style-container has-global-padding is-content-justification-center is-layout-constrained wp-block-group-is-layout-constrained\">\n<div class=\"wp-block-group is-style-default has-global-padding is-content-justification-left is-layout-constrained wp-container-core-group-is-layout-a6931cc7 wp-block-group-is-layout-constrained\" style=\"margin-top:var(--wp--preset--spacing--130);margin-bottom:var(--wp--preset--spacing--130)\">\n<p class=\"is-style-indent animated fadeIn has-m-22-font-size\">Il s&rsquo;agit d&rsquo;une proposition de parquet Berti pr\u00e9fini de la <strong>ligne Treated Canvas pour Diesel Living<\/strong>, qui <strong>joue sur le concept de la rencontre entre le mat\u00e9riau et le fil<\/strong>, o\u00f9 le bois prend l&rsquo;apparence d&rsquo;une fibre textile.<\/p>\n\n\n\n<p class=\"is-style-indent animated fadeIn has-m-22-font-size\">Un parquet qui conserve la <strong>teinte naturelle<\/strong> du bois de ch\u00eane et la typicit\u00e9 des veines et des cercles concentriques, pour les combiner avec la suggestion particuli\u00e8re de l&rsquo;<strong>usinage \u00e0 effet de tissage<\/strong>, avec des incisions denses sur les deux c\u00f4t\u00e9s de la surface.  <\/p>\n\n\n\n<p class=\"is-style-indent animated fadeIn has-m-22-font-size\">Ainsi, une expressivit\u00e9 sans pr\u00e9c\u00e9dent, jou\u00e9e dans un m\u00e9lange de mat\u00e9riaux et de textures, d\u00e9crit une finition de parquet clair pour des int\u00e9rieurs au caract\u00e8re distinctif et choisi, o\u00f9 le m\u00e9lange et l&rsquo;assortiment sont r\u00e9solus dans un <strong>go\u00fbt contemporain<\/strong>.<\/p>\n<\/div>\n\n\n\n<div class=\"wp-block-group alignfull has-global-padding is-layout-constrained wp-block-group-is-layout-constrained\" style=\"margin-top:0;margin-bottom:0\">\n<figure data-wp-context=\"{&quot;imageId&quot;:&quot;69f05bc4bd636&quot;}\" data-wp-interactive=\"core\/image\" data-wp-key=\"69f05bc4bd636\" class=\"wp-block-image aligncenter size-full is-style-default wp-lightbox-container\"><img loading=\"lazy\" decoding=\"async\" width=\"653\" height=\"871\" data-wp-class--hide=\"state.isContentHidden\" data-wp-class--show=\"state.isContentVisible\" data-wp-init=\"callbacks.setButtonStyles\" data-wp-on--click=\"actions.showLightbox\" data-wp-on--load=\"callbacks.setButtonStyles\" data-wp-on-window--resize=\"callbacks.setButtonStyles\" src=\"https:\/\/www.berti.net\/wp-content\/uploads\/2024\/10\/parquet-prefinito-spazzolato-contrast-canvas-berti.jpg\" alt=\"\" class=\"wp-image-7203\" srcset=\"https:\/\/berti.net\/wp-content\/uploads\/2024\/10\/parquet-prefinito-spazzolato-contrast-canvas-berti.jpg 653w, https:\/\/berti.net\/wp-content\/uploads\/2024\/10\/parquet-prefinito-spazzolato-contrast-canvas-berti-225x300.jpg 225w\" sizes=\"auto, (max-width: 653px) 100vw, 653px\" \/><button\n\t\t\tclass=\"lightbox-trigger\"\n\t\t\ttype=\"button\"\n\t\t\taria-haspopup=\"dialog\"\n\t\t\taria-label=\"Agrandir\"\n\t\t\tdata-wp-init=\"callbacks.initTriggerButton\"\n\t\t\tdata-wp-on--click=\"actions.showLightbox\"\n\t\t\tdata-wp-style--right=\"state.imageButtonRight\"\n\t\t\tdata-wp-style--top=\"state.imageButtonTop\"\n\t\t>\n\t\t\t<svg xmlns=\"http:\/\/www.w3.org\/2000\/svg\" width=\"12\" height=\"12\" fill=\"none\" viewBox=\"0 0 12 12\">\n\t\t\t\t<path fill=\"#fff\" d=\"M2 0a2 2 0 0 0-2 2v2h1.5V2a.5.5 0 0 1 .5-.5h2V0H2Zm2 10.5H2a.5.5 0 0 1-.5-.5V8H0v2a2 2 0 0 0 2 2h2v-1.5ZM8 12v-1.5h2a.5.5 0 0 0 .5-.5V8H12v2a2 2 0 0 1-2 2H8Zm2-12a2 2 0 0 1 2 2v2h-1.5V2a.5.5 0 0 0-.5-.5H8V0h2Z\" \/>\n\t\t\t<\/svg>\n\t\t<\/button><\/figure>\n<\/div>\n\n\n\n<div style=\"height:100px\" aria-hidden=\"true\" class=\"wp-block-spacer\"><\/div>\n<\/div>\n","protected":false},"excerpt":{"rendered":"<p>Il s&rsquo;agit d&rsquo;une proposition de parquet Berti pr\u00e9fini de la ligne Treated Canvas pour Diesel Living, qui joue sur le concept de la rencontre entre le mat\u00e9riau et le fil, o\u00f9 le bois prend l&rsquo;apparence d&rsquo;une fibre textile. Un parquet qui conserve la teinte naturelle du bois de ch\u00eane et la typicit\u00e9 des veines et des cercles concentriques, pour les [&hellip;]<\/p>\n","protected":false},"author":2,"featured_media":7110,"template":"","product_collection":[96],"product_type":[],"product_color":[76],"class_list":["post-15594","product","type-product","status-publish","has-post-thumbnail","hentry","product_collection-parquet-diesel-living","product_color-scuro"],"_links":{"self":[{"href":"https:\/\/berti.net\/fr\/wp-json\/wp\/v2\/product\/15594","targetHints":{"allow":["GET"]}}],"collection":[{"href":"https:\/\/berti.net\/fr\/wp-json\/wp\/v2\/product"}],"about":[{"href":"https:\/\/berti.net\/fr\/wp-json\/wp\/v2\/types\/product"}],"author":[{"embeddable":true,"href":"https:\/\/berti.net\/fr\/wp-json\/wp\/v2\/users\/2"}],"wp:featuredmedia":[{"embeddable":true,"href":"https:\/\/berti.net\/fr\/wp-json\/wp\/v2\/media\/7110"}],"wp:attachment":[{"href":"https:\/\/berti.net\/fr\/wp-json\/wp\/v2\/media?parent=15594"}],"wp:term":[{"taxonomy":"product_collection","embeddable":true,"href":"https:\/\/berti.net\/fr\/wp-json\/wp\/v2\/product_collection?post=15594"},{"taxonomy":"product_type","embeddable":true,"href":"https:\/\/berti.net\/fr\/wp-json\/wp\/v2\/product_type?post=15594"},{"taxonomy":"product_color","embeddable":true,"href":"https:\/\/berti.net\/fr\/wp-json\/wp\/v2\/product_color?post=15594"}],"curies":[{"name":"wp","href":"https:\/\/api.w.org\/{rel}","templated":true}]}}