{"id":15593,"date":"2024-10-16T10:10:40","date_gmt":"2024-10-16T10:10:40","guid":{"rendered":"https:\/\/www.berti.net\/product\/chene-total-noir\/"},"modified":"2026-02-19T09:45:54","modified_gmt":"2026-02-19T09:45:54","slug":"chene-total-noir","status":"publish","type":"product","link":"https:\/\/berti.net\/fr\/parquet\/parquet-diesel-living\/chene-total-noir\/","title":{"rendered":"Ch\u00eane Total Black"},"content":{"rendered":"\n<div class=\"wp-block-group is-style-container has-global-padding is-content-justification-center is-layout-constrained wp-block-group-is-layout-constrained\">\n<div class=\"wp-block-group is-style-default has-global-padding is-content-justification-left is-layout-constrained wp-container-core-group-is-layout-a6931cc7 wp-block-group-is-layout-constrained\" style=\"margin-top:var(--wp--preset--spacing--130);margin-bottom:var(--wp--preset--spacing--130)\">\n<p class=\"is-style-indent animated fadeIn has-m-22-font-size\">Une <strong>teinte enrichie d&rsquo;une pointe de bleu<\/strong>, vibrante et intense, qui attire le regard et s&rsquo;exprime avec force et charme.  <\/p>\n\n\n\n<p class=\"is-style-indent animated fadeIn has-m-22-font-size\">Une finition qui combine le choix de la couleur avec le rendement d&rsquo;un <strong>parquet<\/strong> brillant, <strong>\u00e9clatant<\/strong> <strong>, lumineux<\/strong> et catalyseur de reflets saisissants.  <\/p>\n\n\n\n<p class=\"is-style-indent animated fadeIn has-m-22-font-size\">C&rsquo;est la formule d&rsquo;un parquet moderne \u00e0 l&rsquo;<strong>\u00e2me glam-rock<\/strong>, rappelant le total black vinyl des ann\u00e9es 1980, sans exclure les propri\u00e9t\u00e9s de l&rsquo;exp\u00e9rience naturelle du bois, qui reste perceptible au toucher dans toutes ses caract\u00e9ristiques essentielles.<br\/><\/p>\n<\/div>\n\n\n\n<div class=\"wp-block-group alignfull has-global-padding is-layout-constrained wp-block-group-is-layout-constrained\" style=\"margin-top:0;margin-bottom:0\"><\/div>\n\n\n\n<div style=\"height:100px\" aria-hidden=\"true\" class=\"wp-block-spacer\"><\/div>\n<\/div>\n","protected":false},"excerpt":{"rendered":"<p>Une teinte enrichie d&rsquo;une pointe de bleu, vibrante et intense, qui attire le regard et s&rsquo;exprime avec force et charme. Une finition qui combine le choix de la couleur avec le rendement d&rsquo;un parquet brillant, \u00e9clatant , lumineux et catalyseur de reflets saisissants. C&rsquo;est la formule d&rsquo;un parquet moderne \u00e0 l&rsquo;\u00e2me glam-rock, rappelant le total black vinyl des ann\u00e9es 1980, [&hellip;]<\/p>\n","protected":false},"author":4,"featured_media":11172,"template":"","product_collection":[96],"product_type":[],"product_color":[76],"class_list":["post-15593","product","type-product","status-publish","has-post-thumbnail","hentry","product_collection-parquet-diesel-living","product_color-scuro"],"_links":{"self":[{"href":"https:\/\/berti.net\/fr\/wp-json\/wp\/v2\/product\/15593","targetHints":{"allow":["GET"]}}],"collection":[{"href":"https:\/\/berti.net\/fr\/wp-json\/wp\/v2\/product"}],"about":[{"href":"https:\/\/berti.net\/fr\/wp-json\/wp\/v2\/types\/product"}],"author":[{"embeddable":true,"href":"https:\/\/berti.net\/fr\/wp-json\/wp\/v2\/users\/4"}],"wp:featuredmedia":[{"embeddable":true,"href":"https:\/\/berti.net\/fr\/wp-json\/wp\/v2\/media\/11172"}],"wp:attachment":[{"href":"https:\/\/berti.net\/fr\/wp-json\/wp\/v2\/media?parent=15593"}],"wp:term":[{"taxonomy":"product_collection","embeddable":true,"href":"https:\/\/berti.net\/fr\/wp-json\/wp\/v2\/product_collection?post=15593"},{"taxonomy":"product_type","embeddable":true,"href":"https:\/\/berti.net\/fr\/wp-json\/wp\/v2\/product_type?post=15593"},{"taxonomy":"product_color","embeddable":true,"href":"https:\/\/berti.net\/fr\/wp-json\/wp\/v2\/product_color?post=15593"}],"curies":[{"name":"wp","href":"https:\/\/api.w.org\/{rel}","templated":true}]}}