{"id":15589,"date":"2024-10-16T09:54:56","date_gmt":"2024-10-16T09:54:56","guid":{"rendered":"https:\/\/www.berti.net\/product\/chene-indigo-veritable\/"},"modified":"2025-10-24T09:28:10","modified_gmt":"2025-10-24T09:28:10","slug":"chene-indigo-veritable","status":"publish","type":"product","link":"https:\/\/berti.net\/fr\/parquet\/parquet-diesel-living\/chene-indigo-veritable\/","title":{"rendered":"Ch\u00eane True Indigo"},"content":{"rendered":"\n<div class=\"wp-block-group is-style-container has-global-padding is-content-justification-center is-layout-constrained wp-block-group-is-layout-constrained\">\n<div class=\"wp-block-group is-style-default has-global-padding is-content-justification-left is-layout-constrained wp-container-core-group-is-layout-a6931cc7 wp-block-group-is-layout-constrained\" style=\"margin-top:var(--wp--preset--spacing--130);margin-bottom:var(--wp--preset--spacing--130)\">\n<p class=\"is-style-indent animated fadeIn has-m-22-font-size\">D\u00e9velopp\u00e9 par Berti en collaboration avec <strong>Diesel<\/strong>, ce sol est en fait un <strong>parquet color\u00e9<\/strong> qui fait entrer la nuance la plus typique du denim dans l&rsquo;int\u00e9rieur : l&rsquo;<strong>indigo<\/strong>.  <\/p>\n\n\n\n<p class=\"is-style-indent animated fadeIn has-m-22-font-size\">Une <strong>teinte enveloppante et \u00e9vocatrice<\/strong>, quelque part entre le bleu profond et le violet, jou\u00e9e en diff\u00e9rentes nuances et m\u00e9lang\u00e9e \u00e0 la tonalit\u00e9 bois\u00e9e compl\u00e9mentaire qui lui donne corps et mouvement.  <\/p>\n\n\n\n<p class=\"is-style-indent animated fadeIn has-m-22-font-size\">Perception : un <strong>parquet bleu qui s&rsquo;illumine de reflets ambr\u00e9s<\/strong> pour donner \u00e0 l&rsquo;int\u00e9rieur une grande atmosph\u00e8re, enveloppant la pi\u00e8ce d&rsquo;une lumi\u00e8re particuli\u00e8re, velout\u00e9e et lounge. <br\/>Un choix de finition bois pour une <strong>d\u00e9coration convaincante et contemporaine<\/strong> qui recherche l&rsquo;armure, la touche personnelle et le <strong>design original<\/strong>.<br\/><br\/><\/p>\n<\/div>\n\n\n\n<div class=\"wp-block-group alignfull has-global-padding is-layout-constrained wp-block-group-is-layout-constrained\" style=\"margin-top:0;margin-bottom:0\">\n<div class=\"wp-block-columns alignwide is-layout-flex wp-container-core-columns-is-layout-8fbed60e wp-block-columns-is-layout-flex\" style=\"margin-top:0;margin-bottom:0\">\n<div class=\"wp-block-column is-layout-flow wp-container-core-column-is-layout-8a368f38 wp-block-column-is-layout-flow\" style=\"flex-basis:60%\">\n<figure data-wp-context=\"{&quot;imageId&quot;:&quot;69f03eda7e6ef&quot;}\" data-wp-interactive=\"core\/image\" data-wp-key=\"69f03eda7e6ef\" class=\"wp-block-image size-full is-resized is-style-default wp-lightbox-container\"><img loading=\"lazy\" decoding=\"async\" width=\"653\" height=\"871\" data-wp-class--hide=\"state.isContentHidden\" data-wp-class--show=\"state.isContentVisible\" data-wp-init=\"callbacks.setButtonStyles\" data-wp-on--click=\"actions.showLightbox\" data-wp-on--load=\"callbacks.setButtonStyles\" data-wp-on-window--resize=\"callbacks.setButtonStyles\" src=\"https:\/\/www.berti.net\/wp-content\/uploads\/2024\/10\/pavimenti-in-legno-blu-prefinito-berti-diesel.jpg\" alt=\"\" class=\"wp-image-7220\" style=\"width:660px;height:auto\" srcset=\"https:\/\/berti.net\/wp-content\/uploads\/2024\/10\/pavimenti-in-legno-blu-prefinito-berti-diesel.jpg 653w, https:\/\/berti.net\/wp-content\/uploads\/2024\/10\/pavimenti-in-legno-blu-prefinito-berti-diesel-225x300.jpg 225w\" sizes=\"auto, (max-width: 653px) 100vw, 653px\" \/><button\n\t\t\tclass=\"lightbox-trigger\"\n\t\t\ttype=\"button\"\n\t\t\taria-haspopup=\"dialog\"\n\t\t\taria-label=\"Agrandir\"\n\t\t\tdata-wp-init=\"callbacks.initTriggerButton\"\n\t\t\tdata-wp-on--click=\"actions.showLightbox\"\n\t\t\tdata-wp-style--right=\"state.imageButtonRight\"\n\t\t\tdata-wp-style--top=\"state.imageButtonTop\"\n\t\t>\n\t\t\t<svg xmlns=\"http:\/\/www.w3.org\/2000\/svg\" width=\"12\" height=\"12\" fill=\"none\" viewBox=\"0 0 12 12\">\n\t\t\t\t<path fill=\"#fff\" d=\"M2 0a2 2 0 0 0-2 2v2h1.5V2a.5.5 0 0 1 .5-.5h2V0H2Zm2 10.5H2a.5.5 0 0 1-.5-.5V8H0v2a2 2 0 0 0 2 2h2v-1.5ZM8 12v-1.5h2a.5.5 0 0 0 .5-.5V8H12v2a2 2 0 0 1-2 2H8Zm2-12a2 2 0 0 1 2 2v2h-1.5V2a.5.5 0 0 0-.5-.5H8V0h2Z\" \/>\n\t\t\t<\/svg>\n\t\t<\/button><\/figure>\n\n\n\n<div style=\"height:var(--wp--preset--spacing--60)\" aria-hidden=\"true\" class=\"wp-block-spacer\"><\/div>\n<\/div>\n\n\n\n<div class=\"wp-block-column is-layout-flow wp-container-core-column-is-layout-8a368f38 wp-block-column-is-layout-flow\" style=\"flex-basis:40%\">\n<figure data-wp-context=\"{&quot;imageId&quot;:&quot;69f03eda7e95e&quot;}\" data-wp-interactive=\"core\/image\" data-wp-key=\"69f03eda7e95e\" class=\"wp-block-image size-full is-style-default wp-lightbox-container\"><img loading=\"lazy\" decoding=\"async\" width=\"653\" height=\"871\" data-wp-class--hide=\"state.isContentHidden\" data-wp-class--show=\"state.isContentVisible\" data-wp-init=\"callbacks.setButtonStyles\" data-wp-on--click=\"actions.showLightbox\" data-wp-on--load=\"callbacks.setButtonStyles\" data-wp-on-window--resize=\"callbacks.setButtonStyles\" src=\"https:\/\/www.berti.net\/wp-content\/uploads\/2024\/10\/rovere-spazzolato-colorato-blu-berti-diesel.jpg\" alt=\"\" class=\"wp-image-7223\" srcset=\"https:\/\/berti.net\/wp-content\/uploads\/2024\/10\/rovere-spazzolato-colorato-blu-berti-diesel.jpg 653w, https:\/\/berti.net\/wp-content\/uploads\/2024\/10\/rovere-spazzolato-colorato-blu-berti-diesel-225x300.jpg 225w\" sizes=\"auto, (max-width: 653px) 100vw, 653px\" \/><button\n\t\t\tclass=\"lightbox-trigger\"\n\t\t\ttype=\"button\"\n\t\t\taria-haspopup=\"dialog\"\n\t\t\taria-label=\"Agrandir\"\n\t\t\tdata-wp-init=\"callbacks.initTriggerButton\"\n\t\t\tdata-wp-on--click=\"actions.showLightbox\"\n\t\t\tdata-wp-style--right=\"state.imageButtonRight\"\n\t\t\tdata-wp-style--top=\"state.imageButtonTop\"\n\t\t>\n\t\t\t<svg xmlns=\"http:\/\/www.w3.org\/2000\/svg\" width=\"12\" height=\"12\" fill=\"none\" viewBox=\"0 0 12 12\">\n\t\t\t\t<path fill=\"#fff\" d=\"M2 0a2 2 0 0 0-2 2v2h1.5V2a.5.5 0 0 1 .5-.5h2V0H2Zm2 10.5H2a.5.5 0 0 1-.5-.5V8H0v2a2 2 0 0 0 2 2h2v-1.5ZM8 12v-1.5h2a.5.5 0 0 0 .5-.5V8H12v2a2 2 0 0 1-2 2H8Zm2-12a2 2 0 0 1 2 2v2h-1.5V2a.5.5 0 0 0-.5-.5H8V0h2Z\" \/>\n\t\t\t<\/svg>\n\t\t<\/button><\/figure>\n\n\n\n<div style=\"height:var(--wp--preset--spacing--60)\" aria-hidden=\"true\" class=\"wp-block-spacer\"><\/div>\n\n\n\n<figure data-wp-context=\"{&quot;imageId&quot;:&quot;69f03eda7eb11&quot;}\" data-wp-interactive=\"core\/image\" data-wp-key=\"69f03eda7eb11\" class=\"wp-block-image size-full is-style-default wp-lightbox-container\"><img loading=\"lazy\" decoding=\"async\" width=\"653\" height=\"871\" data-wp-class--hide=\"state.isContentHidden\" data-wp-class--show=\"state.isContentVisible\" data-wp-init=\"callbacks.setButtonStyles\" data-wp-on--click=\"actions.showLightbox\" data-wp-on--load=\"callbacks.setButtonStyles\" data-wp-on-window--resize=\"callbacks.setButtonStyles\" src=\"https:\/\/www.berti.net\/wp-content\/uploads\/2024\/10\/rovere-europero-blu-berti-deisel.jpg\" alt=\"\" class=\"wp-image-7226\" srcset=\"https:\/\/berti.net\/wp-content\/uploads\/2024\/10\/rovere-europero-blu-berti-deisel.jpg 653w, https:\/\/berti.net\/wp-content\/uploads\/2024\/10\/rovere-europero-blu-berti-deisel-225x300.jpg 225w\" sizes=\"auto, (max-width: 653px) 100vw, 653px\" \/><button\n\t\t\tclass=\"lightbox-trigger\"\n\t\t\ttype=\"button\"\n\t\t\taria-haspopup=\"dialog\"\n\t\t\taria-label=\"Agrandir\"\n\t\t\tdata-wp-init=\"callbacks.initTriggerButton\"\n\t\t\tdata-wp-on--click=\"actions.showLightbox\"\n\t\t\tdata-wp-style--right=\"state.imageButtonRight\"\n\t\t\tdata-wp-style--top=\"state.imageButtonTop\"\n\t\t>\n\t\t\t<svg xmlns=\"http:\/\/www.w3.org\/2000\/svg\" width=\"12\" height=\"12\" fill=\"none\" viewBox=\"0 0 12 12\">\n\t\t\t\t<path fill=\"#fff\" d=\"M2 0a2 2 0 0 0-2 2v2h1.5V2a.5.5 0 0 1 .5-.5h2V0H2Zm2 10.5H2a.5.5 0 0 1-.5-.5V8H0v2a2 2 0 0 0 2 2h2v-1.5ZM8 12v-1.5h2a.5.5 0 0 0 .5-.5V8H12v2a2 2 0 0 1-2 2H8Zm2-12a2 2 0 0 1 2 2v2h-1.5V2a.5.5 0 0 0-.5-.5H8V0h2Z\" \/>\n\t\t\t<\/svg>\n\t\t<\/button><\/figure>\n<\/div>\n<\/div>\n<\/div>\n\n\n\n<div style=\"height:100px\" aria-hidden=\"true\" class=\"wp-block-spacer\"><\/div>\n<\/div>\n","protected":false},"excerpt":{"rendered":"<p>D\u00e9velopp\u00e9 par Berti en collaboration avec Diesel, ce sol est en fait un parquet color\u00e9 qui fait entrer la nuance la plus typique du denim dans l&rsquo;int\u00e9rieur : l&rsquo;indigo. Une teinte enveloppante et \u00e9vocatrice, quelque part entre le bleu profond et le violet, jou\u00e9e en diff\u00e9rentes nuances et m\u00e9lang\u00e9e \u00e0 la tonalit\u00e9 bois\u00e9e compl\u00e9mentaire qui lui donne corps et mouvement. [&hellip;]<\/p>\n","protected":false},"author":2,"featured_media":7192,"template":"","product_collection":[96],"product_type":[],"product_color":[76],"class_list":["post-15589","product","type-product","status-publish","has-post-thumbnail","hentry","product_collection-parquet-diesel-living","product_color-scuro"],"_links":{"self":[{"href":"https:\/\/berti.net\/fr\/wp-json\/wp\/v2\/product\/15589","targetHints":{"allow":["GET"]}}],"collection":[{"href":"https:\/\/berti.net\/fr\/wp-json\/wp\/v2\/product"}],"about":[{"href":"https:\/\/berti.net\/fr\/wp-json\/wp\/v2\/types\/product"}],"author":[{"embeddable":true,"href":"https:\/\/berti.net\/fr\/wp-json\/wp\/v2\/users\/2"}],"wp:featuredmedia":[{"embeddable":true,"href":"https:\/\/berti.net\/fr\/wp-json\/wp\/v2\/media\/7192"}],"wp:attachment":[{"href":"https:\/\/berti.net\/fr\/wp-json\/wp\/v2\/media?parent=15589"}],"wp:term":[{"taxonomy":"product_collection","embeddable":true,"href":"https:\/\/berti.net\/fr\/wp-json\/wp\/v2\/product_collection?post=15589"},{"taxonomy":"product_type","embeddable":true,"href":"https:\/\/berti.net\/fr\/wp-json\/wp\/v2\/product_type?post=15589"},{"taxonomy":"product_color","embeddable":true,"href":"https:\/\/berti.net\/fr\/wp-json\/wp\/v2\/product_color?post=15589"}],"curies":[{"name":"wp","href":"https:\/\/api.w.org\/{rel}","templated":true}]}}