{"id":15586,"date":"2024-10-16T10:25:46","date_gmt":"2024-10-16T10:25:46","guid":{"rendered":"https:\/\/www.berti.net\/product\/chene-a-colombages\/"},"modified":"2025-10-24T09:39:00","modified_gmt":"2025-10-24T09:39:00","slug":"chene-a-colombages","status":"publish","type":"product","link":"https:\/\/www.berti.net\/fr\/parquet\/parquet-diesel-living\/chene-a-colombages\/","title":{"rendered":"Stud Oak"},"content":{"rendered":"\n<div class=\"wp-block-group is-style-container has-global-padding is-content-justification-center is-layout-constrained wp-block-group-is-layout-constrained\">\n<div class=\"wp-block-group is-style-default has-global-padding is-content-justification-left is-layout-constrained wp-container-core-group-is-layout-a6931cc7 wp-block-group-is-layout-constrained\" style=\"margin-top:var(--wp--preset--spacing--130);margin-bottom:var(--wp--preset--spacing--130)\">\n<p class=\"is-style-indent animated fadeIn has-m-22-font-size\">Sa configuration est celle d&rsquo;un fin parquet compos\u00e9 de Dalles de parquet finies par des <strong>incrustations g\u00e9om\u00e9triques<\/strong> et le d\u00e9tail de petites plaques de m\u00e9tal, faisant \u00e9cho aux d\u00e9tails typiques de la confection denim, tels que les coutures, les appliqu\u00e9s, les clous et les rivets.  <\/p>\n\n\n\n<p class=\"is-style-indent animated fadeIn has-m-22-font-size\">Voici la version <strong>marron<\/strong>, une nuance de marron intense et enveloppante, qui exprime le prestige, la classe et l&rsquo;\u00e9l\u00e9gance intemporelle. Une finition en bois incrust\u00e9, pr\u00e9cieuse et raffin\u00e9e, avec un style particulier et un grand impact d\u00e9coratif, qui sait rendre hommage aux ornements classiques pour les red\u00e9finir dans une tonalit\u00e9 contemporaine et rock.   <\/p>\n\n\n\n<p class=\"is-style-indent animated fadeIn has-m-22-font-size\">Le choix d&rsquo;un parquet en <strong>ch\u00eane fonc\u00e9<\/strong> est id\u00e9al pour les pi\u00e8ces con\u00e7ues selon un concept de raffinement moderne, \u00e9clectique et avant-gardiste.<\/p>\n<\/div>\n\n\n\n<div class=\"wp-block-group alignfull has-global-padding is-layout-constrained wp-block-group-is-layout-constrained\" style=\"margin-top:0;margin-bottom:0\">\n<div class=\"wp-block-columns alignwide is-layout-flex wp-container-core-columns-is-layout-8fbed60e wp-block-columns-is-layout-flex\" style=\"margin-top:0;margin-bottom:0\">\n<div class=\"wp-block-column is-layout-flow wp-container-core-column-is-layout-8a368f38 wp-block-column-is-layout-flow\" style=\"flex-basis:60%\">\n<figure data-wp-context=\"{&quot;imageId&quot;:&quot;69f311e7b2eba&quot;}\" data-wp-interactive=\"core\/image\" data-wp-key=\"69f311e7b2eba\" class=\"wp-block-image size-full is-resized is-style-default wp-lightbox-container\"><img loading=\"lazy\" decoding=\"async\" width=\"653\" height=\"871\" data-wp-class--hide=\"state.isContentHidden\" data-wp-class--show=\"state.isContentVisible\" data-wp-init=\"callbacks.setButtonStyles\" data-wp-on--click=\"actions.showLightbox\" data-wp-on--load=\"callbacks.setButtonStyles\" data-wp-on-window--resize=\"callbacks.setButtonStyles\" src=\"https:\/\/www.berti.net\/wp-content\/uploads\/2024\/10\/quadrotte-in-legno-parquet-scuro-stud-oak-berti.jpg\" alt=\"\" class=\"wp-image-7274\" style=\"width:660px;height:auto\" srcset=\"https:\/\/www.berti.net\/wp-content\/uploads\/2024\/10\/quadrotte-in-legno-parquet-scuro-stud-oak-berti.jpg 653w, https:\/\/www.berti.net\/wp-content\/uploads\/2024\/10\/quadrotte-in-legno-parquet-scuro-stud-oak-berti-225x300.jpg 225w\" sizes=\"auto, (max-width: 653px) 100vw, 653px\" \/><button\n\t\t\tclass=\"lightbox-trigger\"\n\t\t\ttype=\"button\"\n\t\t\taria-haspopup=\"dialog\"\n\t\t\taria-label=\"Agrandir\"\n\t\t\tdata-wp-init=\"callbacks.initTriggerButton\"\n\t\t\tdata-wp-on--click=\"actions.showLightbox\"\n\t\t\tdata-wp-style--right=\"state.imageButtonRight\"\n\t\t\tdata-wp-style--top=\"state.imageButtonTop\"\n\t\t>\n\t\t\t<svg xmlns=\"http:\/\/www.w3.org\/2000\/svg\" width=\"12\" height=\"12\" fill=\"none\" viewBox=\"0 0 12 12\">\n\t\t\t\t<path fill=\"#fff\" d=\"M2 0a2 2 0 0 0-2 2v2h1.5V2a.5.5 0 0 1 .5-.5h2V0H2Zm2 10.5H2a.5.5 0 0 1-.5-.5V8H0v2a2 2 0 0 0 2 2h2v-1.5ZM8 12v-1.5h2a.5.5 0 0 0 .5-.5V8H12v2a2 2 0 0 1-2 2H8Zm2-12a2 2 0 0 1 2 2v2h-1.5V2a.5.5 0 0 0-.5-.5H8V0h2Z\" \/>\n\t\t\t<\/svg>\n\t\t<\/button><\/figure>\n\n\n\n<div style=\"height:var(--wp--preset--spacing--60)\" aria-hidden=\"true\" class=\"wp-block-spacer\"><\/div>\n<\/div>\n\n\n\n<div class=\"wp-block-column is-layout-flow wp-container-core-column-is-layout-8a368f38 wp-block-column-is-layout-flow\" style=\"flex-basis:40%\">\n<figure data-wp-context=\"{&quot;imageId&quot;:&quot;69f311e7b3261&quot;}\" data-wp-interactive=\"core\/image\" data-wp-key=\"69f311e7b3261\" class=\"wp-block-image size-full is-style-default wp-lightbox-container\"><img loading=\"lazy\" decoding=\"async\" width=\"653\" height=\"871\" data-wp-class--hide=\"state.isContentHidden\" data-wp-class--show=\"state.isContentVisible\" data-wp-init=\"callbacks.setButtonStyles\" data-wp-on--click=\"actions.showLightbox\" data-wp-on--load=\"callbacks.setButtonStyles\" data-wp-on-window--resize=\"callbacks.setButtonStyles\" src=\"https:\/\/www.berti.net\/wp-content\/uploads\/2024\/10\/parquet-scuro-stud-oak.jpg\" alt=\"\" class=\"wp-image-7280\" srcset=\"https:\/\/www.berti.net\/wp-content\/uploads\/2024\/10\/parquet-scuro-stud-oak.jpg 653w, https:\/\/www.berti.net\/wp-content\/uploads\/2024\/10\/parquet-scuro-stud-oak-225x300.jpg 225w\" sizes=\"auto, (max-width: 653px) 100vw, 653px\" \/><button\n\t\t\tclass=\"lightbox-trigger\"\n\t\t\ttype=\"button\"\n\t\t\taria-haspopup=\"dialog\"\n\t\t\taria-label=\"Agrandir\"\n\t\t\tdata-wp-init=\"callbacks.initTriggerButton\"\n\t\t\tdata-wp-on--click=\"actions.showLightbox\"\n\t\t\tdata-wp-style--right=\"state.imageButtonRight\"\n\t\t\tdata-wp-style--top=\"state.imageButtonTop\"\n\t\t>\n\t\t\t<svg xmlns=\"http:\/\/www.w3.org\/2000\/svg\" width=\"12\" height=\"12\" fill=\"none\" viewBox=\"0 0 12 12\">\n\t\t\t\t<path fill=\"#fff\" d=\"M2 0a2 2 0 0 0-2 2v2h1.5V2a.5.5 0 0 1 .5-.5h2V0H2Zm2 10.5H2a.5.5 0 0 1-.5-.5V8H0v2a2 2 0 0 0 2 2h2v-1.5ZM8 12v-1.5h2a.5.5 0 0 0 .5-.5V8H12v2a2 2 0 0 1-2 2H8Zm2-12a2 2 0 0 1 2 2v2h-1.5V2a.5.5 0 0 0-.5-.5H8V0h2Z\" \/>\n\t\t\t<\/svg>\n\t\t<\/button><\/figure>\n\n\n\n<div style=\"height:var(--wp--preset--spacing--60)\" aria-hidden=\"true\" class=\"wp-block-spacer\"><\/div>\n<\/div>\n<\/div>\n<\/div>\n<\/div>\n","protected":false},"excerpt":{"rendered":"<p>Sa configuration est celle d&rsquo;un fin parquet compos\u00e9 de Dalles de parquet finies par des incrustations g\u00e9om\u00e9triques et le d\u00e9tail de petites plaques de m\u00e9tal, faisant \u00e9cho aux d\u00e9tails typiques de la confection denim, tels que les coutures, les appliqu\u00e9s, les clous et les rivets. Voici la version marron, une nuance de marron intense et enveloppante, qui exprime le prestige, [&hellip;]<\/p>\n","protected":false},"author":2,"featured_media":7247,"template":"","product_collection":[96],"product_type":[],"product_color":[76],"class_list":["post-15586","product","type-product","status-publish","has-post-thumbnail","hentry","product_collection-parquet-diesel-living","product_color-scuro"],"_links":{"self":[{"href":"https:\/\/www.berti.net\/fr\/wp-json\/wp\/v2\/product\/15586","targetHints":{"allow":["GET"]}}],"collection":[{"href":"https:\/\/www.berti.net\/fr\/wp-json\/wp\/v2\/product"}],"about":[{"href":"https:\/\/www.berti.net\/fr\/wp-json\/wp\/v2\/types\/product"}],"author":[{"embeddable":true,"href":"https:\/\/www.berti.net\/fr\/wp-json\/wp\/v2\/users\/2"}],"wp:featuredmedia":[{"embeddable":true,"href":"https:\/\/www.berti.net\/fr\/wp-json\/wp\/v2\/media\/7247"}],"wp:attachment":[{"href":"https:\/\/www.berti.net\/fr\/wp-json\/wp\/v2\/media?parent=15586"}],"wp:term":[{"taxonomy":"product_collection","embeddable":true,"href":"https:\/\/www.berti.net\/fr\/wp-json\/wp\/v2\/product_collection?post=15586"},{"taxonomy":"product_type","embeddable":true,"href":"https:\/\/www.berti.net\/fr\/wp-json\/wp\/v2\/product_type?post=15586"},{"taxonomy":"product_color","embeddable":true,"href":"https:\/\/www.berti.net\/fr\/wp-json\/wp\/v2\/product_color?post=15586"}],"curies":[{"name":"wp","href":"https:\/\/api.w.org\/{rel}","templated":true}]}}