{"id":15306,"date":"2024-09-16T13:45:14","date_gmt":"2024-09-16T13:45:14","guid":{"rendered":"https:\/\/www.berti.net\/product\/i-plank-antique\/"},"modified":"2025-10-24T10:04:10","modified_gmt":"2025-10-24T10:04:10","slug":"i-plank-antique","status":"publish","type":"product","link":"https:\/\/berti.net\/fr\/i-bois\/i-plank-antique\/","title":{"rendered":"I-Plank Antique"},"content":{"rendered":"\n<div class=\"wp-block-group is-style-container has-global-padding is-content-justification-center is-layout-constrained wp-block-group-is-layout-constrained\">\n<div class=\"wp-block-group is-style-default has-global-padding is-content-justification-left is-layout-constrained wp-container-core-group-is-layout-a6931cc7 wp-block-group-is-layout-constrained\" style=\"margin-top:var(--wp--preset--spacing--130);margin-bottom:var(--wp--preset--spacing--130)\">\n<p class=\"is-style-indent animated fadeIn has-m-22-font-size\">Les planches de bois ont une structure \u00e0 trois couches de seulement 10,2 mm, o\u00f9 le potentiel du ch\u00eane est parfaitement combin\u00e9 avec la fonctionnalit\u00e9 du contreplaqu\u00e9 de bouleau.<\/p>\n\n\n\n<p class=\"is-style-indent animated fadeIn has-m-22-font-size\">Les couches de peinture <strong>Xstremestrong<\/strong> constituent un rev\u00eatement puissant qui fait de l&rsquo;<strong> I-Plank<\/strong> un produit ignifuge de classe 1 \u00e0 trafic \u00e9lev\u00e9, id\u00e9al pour les environnements priv\u00e9s et publics tr\u00e8s fr\u00e9quent\u00e9s.<\/p>\n<\/div>\n\n\n\n<div class=\"wp-block-group alignfull has-global-padding is-layout-constrained wp-block-group-is-layout-constrained\" style=\"margin-top:0;margin-bottom:0\">\n<figure class=\"wp-block-image aligncenter size-full is-style-default\"><img loading=\"lazy\" decoding=\"async\" width=\"653\" height=\"871\" src=\"https:\/\/www.berti.net\/wp-content\/uploads\/2024\/09\/rivestimento-in-legno-iplank-antico-gipsy-iwood-berti-2.jpg\" alt=\"\" class=\"wp-image-7139\" srcset=\"https:\/\/berti.net\/wp-content\/uploads\/2024\/09\/rivestimento-in-legno-iplank-antico-gipsy-iwood-berti-2.jpg 653w, https:\/\/berti.net\/wp-content\/uploads\/2024\/09\/rivestimento-in-legno-iplank-antico-gipsy-iwood-berti-2-225x300.jpg 225w\" sizes=\"auto, (max-width: 653px) 100vw, 653px\" \/><\/figure>\n<\/div>\n\n\n\n<div style=\"height:100px\" aria-hidden=\"true\" class=\"wp-block-spacer\"><\/div>\n<\/div>\n","protected":false},"excerpt":{"rendered":"<p>Les planches de bois ont une structure \u00e0 trois couches de seulement 10,2 mm, o\u00f9 le potentiel du ch\u00eane est parfaitement combin\u00e9 avec la fonctionnalit\u00e9 du contreplaqu\u00e9 de bouleau. Les couches de peinture Xstremestrong constituent un rev\u00eatement puissant qui fait de l&rsquo; I-Plank un produit ignifuge de classe 1 \u00e0 trafic \u00e9lev\u00e9, id\u00e9al pour les environnements priv\u00e9s et publics tr\u00e8s [&hellip;]<\/p>\n","protected":false},"author":2,"featured_media":1607,"template":"","product_collection":[97],"product_type":[],"product_color":[],"class_list":["post-15306","product","type-product","status-publish","has-post-thumbnail","hentry","product_collection-i-bois"],"_links":{"self":[{"href":"https:\/\/berti.net\/fr\/wp-json\/wp\/v2\/product\/15306","targetHints":{"allow":["GET"]}}],"collection":[{"href":"https:\/\/berti.net\/fr\/wp-json\/wp\/v2\/product"}],"about":[{"href":"https:\/\/berti.net\/fr\/wp-json\/wp\/v2\/types\/product"}],"author":[{"embeddable":true,"href":"https:\/\/berti.net\/fr\/wp-json\/wp\/v2\/users\/2"}],"wp:featuredmedia":[{"embeddable":true,"href":"https:\/\/berti.net\/fr\/wp-json\/wp\/v2\/media\/1607"}],"wp:attachment":[{"href":"https:\/\/berti.net\/fr\/wp-json\/wp\/v2\/media?parent=15306"}],"wp:term":[{"taxonomy":"product_collection","embeddable":true,"href":"https:\/\/berti.net\/fr\/wp-json\/wp\/v2\/product_collection?post=15306"},{"taxonomy":"product_type","embeddable":true,"href":"https:\/\/berti.net\/fr\/wp-json\/wp\/v2\/product_type?post=15306"},{"taxonomy":"product_color","embeddable":true,"href":"https:\/\/berti.net\/fr\/wp-json\/wp\/v2\/product_color?post=15306"}],"curies":[{"name":"wp","href":"https:\/\/api.w.org\/{rel}","templated":true}]}}