{"id":15304,"date":"2024-09-16T14:01:58","date_gmt":"2024-09-16T14:01:58","guid":{"rendered":"https:\/\/www.berti.net\/product\/i-plank-gispy\/"},"modified":"2025-10-24T09:57:51","modified_gmt":"2025-10-24T09:57:51","slug":"i-plank-gispy","status":"publish","type":"product","link":"https:\/\/berti.net\/fr\/i-bois\/i-plank-gispy\/","title":{"rendered":"I-Plank Gispy"},"content":{"rendered":"\n<div class=\"wp-block-group is-style-container has-global-padding is-content-justification-center is-layout-constrained wp-block-group-is-layout-constrained\">\n<div class=\"wp-block-group is-style-default has-global-padding is-content-justification-left is-layout-constrained wp-container-core-group-is-layout-a6931cc7 wp-block-group-is-layout-constrained\" style=\"margin-top:var(--wp--preset--spacing--130);margin-bottom:var(--wp--preset--spacing--130)\">\n<p class=\"is-style-indent animated fadeIn has-m-22-font-size\"><strong>I-Plank<\/strong> exploite le potentiel du ch\u00eane, dans une feuille de 0,6 mm, et la stabilit\u00e9 du contreplaqu\u00e9 de bouleau.<br\/><br\/>Les couches finales de peinture <strong>Xstremestrong<\/strong> sont un rev\u00eatement puissant qui fait d&rsquo;<strong> I-Plank<\/strong> un produit r\u00e9sistant au <strong>feu de classe 1<\/strong>\u00a0\u00bb\u00e0 fort trafic\u00a0\u00bb, id\u00e9al pour les environnements publics et priv\u00e9s tr\u00e8s fr\u00e9quent\u00e9s.<\/p>\n<\/div>\n\n\n\n<div class=\"wp-block-group alignfull has-global-padding is-layout-constrained wp-block-group-is-layout-constrained\" style=\"margin-top:0;margin-bottom:0\">\n<figure class=\"wp-block-image aligncenter size-full is-style-default\"><img loading=\"lazy\" decoding=\"async\" width=\"653\" height=\"871\" src=\"https:\/\/www.berti.net\/wp-content\/uploads\/2024\/09\/rivestimento-in-legno-iplank-gipsy-iwood-berti-2-1.jpg-2-1.jpg\" alt=\"\" class=\"wp-image-7130\" srcset=\"https:\/\/berti.net\/wp-content\/uploads\/2024\/09\/rivestimento-in-legno-iplank-gipsy-iwood-berti-2-1.jpg-2-1.jpg 653w, https:\/\/berti.net\/wp-content\/uploads\/2024\/09\/rivestimento-in-legno-iplank-gipsy-iwood-berti-2-1.jpg-2-1-225x300.jpg 225w\" sizes=\"auto, (max-width: 653px) 100vw, 653px\" \/><\/figure>\n<\/div>\n\n\n\n<div style=\"height:100px\" aria-hidden=\"true\" class=\"wp-block-spacer\"><\/div>\n<\/div>\n","protected":false},"excerpt":{"rendered":"<p>I-Plank exploite le potentiel du ch\u00eane, dans une feuille de 0,6 mm, et la stabilit\u00e9 du contreplaqu\u00e9 de bouleau. Les couches finales de peinture Xstremestrong sont un rev\u00eatement puissant qui fait d&rsquo; I-Plank un produit r\u00e9sistant au feu de classe 1\u00a0\u00bb\u00e0 fort trafic\u00a0\u00bb, id\u00e9al pour les environnements publics et priv\u00e9s tr\u00e8s fr\u00e9quent\u00e9s.<\/p>\n","protected":false},"author":2,"featured_media":1601,"template":"","product_collection":[97],"product_type":[],"product_color":[],"class_list":["post-15304","product","type-product","status-publish","has-post-thumbnail","hentry","product_collection-i-bois"],"_links":{"self":[{"href":"https:\/\/berti.net\/fr\/wp-json\/wp\/v2\/product\/15304","targetHints":{"allow":["GET"]}}],"collection":[{"href":"https:\/\/berti.net\/fr\/wp-json\/wp\/v2\/product"}],"about":[{"href":"https:\/\/berti.net\/fr\/wp-json\/wp\/v2\/types\/product"}],"author":[{"embeddable":true,"href":"https:\/\/berti.net\/fr\/wp-json\/wp\/v2\/users\/2"}],"wp:featuredmedia":[{"embeddable":true,"href":"https:\/\/berti.net\/fr\/wp-json\/wp\/v2\/media\/1601"}],"wp:attachment":[{"href":"https:\/\/berti.net\/fr\/wp-json\/wp\/v2\/media?parent=15304"}],"wp:term":[{"taxonomy":"product_collection","embeddable":true,"href":"https:\/\/berti.net\/fr\/wp-json\/wp\/v2\/product_collection?post=15304"},{"taxonomy":"product_type","embeddable":true,"href":"https:\/\/berti.net\/fr\/wp-json\/wp\/v2\/product_type?post=15304"},{"taxonomy":"product_color","embeddable":true,"href":"https:\/\/berti.net\/fr\/wp-json\/wp\/v2\/product_color?post=15304"}],"curies":[{"name":"wp","href":"https:\/\/api.w.org\/{rel}","templated":true}]}}