{"id":15295,"date":"2024-09-16T15:48:15","date_gmt":"2024-09-16T15:48:15","guid":{"rendered":"https:\/\/www.berti.net\/product\/teinte-foncee\/"},"modified":"2025-10-24T08:58:09","modified_gmt":"2025-10-24T08:58:09","slug":"teinte-foncee","status":"publish","type":"product","link":"https:\/\/berti.net\/fr\/i-bois\/teinte-foncee\/","title":{"rendered":"Dark Shade"},"content":{"rendered":"\n<div class=\"wp-block-group is-style-container has-global-padding is-content-justification-center is-layout-constrained wp-block-group-is-layout-constrained\">\n<div class=\"wp-block-group is-style-default has-global-padding is-content-justification-left is-layout-constrained wp-container-core-group-is-layout-a6931cc7 wp-block-group-is-layout-constrained\" style=\"margin-top:var(--wp--preset--spacing--130);margin-bottom:var(--wp--preset--spacing--130)\">\n<p class=\"is-style-indent animated fadeIn has-m-22-font-size\">Un design con\u00e7u en collaboration avec l&rsquo;\u00e9quipe cr\u00e9ative de <strong>Diesel<\/strong> pour la collection maison et r\u00e9alis\u00e9 gr\u00e2ce \u00e0 une impression num\u00e9rique de pointe. Il s&rsquo;agit d&rsquo;une technologie moderne utilisant des couleurs non toxiques, ininflammables, inodores et \u00e0 base d&rsquo;eau qui ne couvrent pas les veines du bois. <\/p>\n\n\n\n<p class=\"is-style-indent animated fadeIn has-m-22-font-size\">Les couches de vernis <strong>Xstremestrong<\/strong> prot\u00e8gent le bois de ch\u00eane en surface et rendent ce produit r\u00e9sistant au trafic intense.<\/p>\n<\/div>\n\n\n\n<div class=\"wp-block-group products-group is-style-container has-global-padding is-content-justification-center is-layout-constrained wp-container-core-group-is-layout-81aff78e wp-block-group-is-layout-constrained\" style=\"margin-top:var(--wp--preset--spacing--30);margin-bottom:var(--wp--preset--spacing--130)\">\n<h2 class=\"wp-block-heading has-text-align-center products-group-title animated fadeIn has-ml-font-size\" style=\"margin-bottom:var(--wp--preset--spacing--40)\">Laissez-vous inspirer<\/h2>\n\n\n\n<div class=\"wp-block-group items-list has-3-columns has-base-color has-text-color has-link-color wp-elements-380e7890802264814ac7cbe50ab846d2 is-layout-grid wp-container-core-group-is-layout-8763a382 wp-block-group-is-layout-grid\">\n<div class=\"wp-block-group item is-vertical is-content-justification-center is-layout-flex wp-container-core-group-is-layout-ce155fab wp-block-group-is-layout-flex\">\n<figure class=\"wp-block-image size-full is-style-default animated fadeIn\"><a href=\"https:\/\/berti.threedesk.it\/player.html?model=-860352530&amp;bg=f1ede8&amp;dy=44&amp;dist=-40\" target=\"_blank\" rel=\"noreferrer noopener\"><img loading=\"lazy\" decoding=\"async\" width=\"736\" height=\"736\" src=\"https:\/\/www.berti.net\/wp-content\/uploads\/2024\/09\/darkshade_a.jpg\" alt=\"\" class=\"wp-image-9701\" srcset=\"https:\/\/berti.net\/wp-content\/uploads\/2024\/09\/darkshade_a.jpg 736w, https:\/\/berti.net\/wp-content\/uploads\/2024\/09\/darkshade_a-300x300.jpg 300w, https:\/\/berti.net\/wp-content\/uploads\/2024\/09\/darkshade_a-150x150.jpg 150w\" sizes=\"auto, (max-width: 736px) 100vw, 736px\" \/><\/a><\/figure>\n\n\n\n<div class=\"wp-block-group is-vertical is-content-justification-center is-layout-flex wp-container-core-group-is-layout-980b417d wp-block-group-is-layout-flex\">\n<h4 class=\"wp-block-heading has-text-align-center\" style=\"font-size:clamp(15.747px, 0.984rem + ((1vw - 3.2px) * 0.645), 24px);font-style:normal;font-weight:700\"><a href=\"https:\/\/berti.threedesk.it\/player.html?model=-860352530&amp;bg=f1ede8&amp;dy=44&amp;dist=-40\" target=\"_blank\" rel=\"noreferrer noopener nofollow\">Configuration A<\/a><\/h4>\n\n\n\n<p class=\"has-text-align-center\" style=\"font-size:clamp(14px, 0.875rem + ((1vw - 3.2px) * 0.313), 18px);\"><a href=\"https:\/\/berti.threedesk.it\/player.html?model=-860352530&amp;bg=f1ede8&amp;dy=44&amp;dist=-40\" target=\"_blank\" rel=\"noreferrer noopener nofollow\">Dark Shade en ch\u00eane avec impression num\u00e9rique<\/a><\/p>\n<\/div>\n<\/div>\n\n\n\n<div class=\"wp-block-group item is-vertical is-content-justification-center is-layout-flex wp-container-core-group-is-layout-ce155fab wp-block-group-is-layout-flex\">\n<figure class=\"wp-block-image size-full is-style-default animated fadeIn\"><a href=\"https:\/\/berti.threedesk.it\/player.html?model=-1949097242&amp;bg=f1ede8&amp;dy=44&amp;dist=-40\" target=\"_blank\" rel=\"noreferrer noopener\"><img loading=\"lazy\" decoding=\"async\" width=\"977\" height=\"977\" src=\"https:\/\/www.berti.net\/wp-content\/uploads\/2024\/09\/darkshade_b.jpg\" alt=\"\" class=\"wp-image-9698\" srcset=\"https:\/\/berti.net\/wp-content\/uploads\/2024\/09\/darkshade_b.jpg 977w, https:\/\/berti.net\/wp-content\/uploads\/2024\/09\/darkshade_b-300x300.jpg 300w, https:\/\/berti.net\/wp-content\/uploads\/2024\/09\/darkshade_b-150x150.jpg 150w, https:\/\/berti.net\/wp-content\/uploads\/2024\/09\/darkshade_b-768x768.jpg 768w\" sizes=\"auto, (max-width: 977px) 100vw, 977px\" \/><\/a><\/figure>\n\n\n\n<div class=\"wp-block-group is-vertical is-content-justification-center is-layout-flex wp-container-core-group-is-layout-980b417d wp-block-group-is-layout-flex\">\n<h4 class=\"wp-block-heading has-text-align-center\" style=\"font-size:clamp(15.747px, 0.984rem + ((1vw - 3.2px) * 0.645), 24px);font-style:normal;font-weight:700\"><a href=\"https:\/\/berti.threedesk.it\/player.html?model=-1949097242&amp;bg=f1ede8&amp;dy=44&amp;dist=-40\" target=\"_blank\" rel=\"noreferrer noopener nofollow\">Configuration B<\/a><\/h4>\n\n\n\n<p class=\"has-text-align-center\" style=\"font-size:clamp(14px, 0.875rem + ((1vw - 3.2px) * 0.313), 18px);\"><a href=\"https:\/\/berti.threedesk.it\/player.html?model=-1949097242&amp;bg=f1ede8&amp;dy=44&amp;dist=-40\" target=\"_blank\" rel=\"noreferrer noopener nofollow\">Dark Shade en ch\u00eane avec impression num\u00e9rique<\/a><\/p>\n<\/div>\n<\/div>\n\n\n\n<div class=\"wp-block-group item is-vertical is-content-justification-center is-layout-flex wp-container-core-group-is-layout-ce155fab wp-block-group-is-layout-flex\">\n<figure class=\"wp-block-image size-full is-style-default animated fadeIn\"><a href=\"https:\/\/berti.threedesk.it\/player.html?model=825643544&amp;bg=f1ede8&amp;dy=44&amp;dist=-40\" target=\"_blank\" rel=\"noreferrer noopener\"><img loading=\"lazy\" decoding=\"async\" width=\"890\" height=\"890\" src=\"https:\/\/www.berti.net\/wp-content\/uploads\/2024\/09\/darkshade_c.jpg\" alt=\"\" class=\"wp-image-9695\" srcset=\"https:\/\/berti.net\/wp-content\/uploads\/2024\/09\/darkshade_c.jpg 890w, https:\/\/berti.net\/wp-content\/uploads\/2024\/09\/darkshade_c-300x300.jpg 300w, https:\/\/berti.net\/wp-content\/uploads\/2024\/09\/darkshade_c-150x150.jpg 150w, https:\/\/berti.net\/wp-content\/uploads\/2024\/09\/darkshade_c-768x768.jpg 768w\" sizes=\"auto, (max-width: 890px) 100vw, 890px\" \/><\/a><\/figure>\n\n\n\n<div class=\"wp-block-group is-vertical is-content-justification-center is-layout-flex wp-container-core-group-is-layout-980b417d wp-block-group-is-layout-flex\">\n<h4 class=\"wp-block-heading has-text-align-center\" style=\"font-size:clamp(15.747px, 0.984rem + ((1vw - 3.2px) * 0.645), 24px);font-style:normal;font-weight:700\"><a href=\"https:\/\/berti.threedesk.it\/player.html?model=825643544&amp;bg=f1ede8&amp;dy=44&amp;dist=-40\" target=\"_blank\" rel=\"noreferrer noopener nofollow\">Configuration C<\/a><\/h4>\n\n\n\n<p class=\"has-text-align-center\" style=\"font-size:clamp(14px, 0.875rem + ((1vw - 3.2px) * 0.313), 18px);\"><a href=\"https:\/\/berti.threedesk.it\/player.html?model=825643544&amp;bg=f1ede8&amp;dy=44&amp;dist=-40\" target=\"_blank\" rel=\"noreferrer noopener nofollow\">Dark Shade en ch\u00eane avec impression num\u00e9rique<\/a><\/p>\n<\/div>\n<\/div>\n<\/div>\n<\/div>\n\n\n\n<div class=\"wp-block-group alignfull has-global-padding is-layout-constrained wp-block-group-is-layout-constrained\" style=\"margin-top:0;margin-bottom:0\">\n<div class=\"wp-block-columns alignwide is-layout-flex wp-container-core-columns-is-layout-8fbed60e wp-block-columns-is-layout-flex\" style=\"margin-top:0;margin-bottom:0\">\n<div class=\"wp-block-column is-layout-flow wp-container-core-column-is-layout-8a368f38 wp-block-column-is-layout-flow\" style=\"flex-basis:60%\">\n<figure data-wp-context=\"{&quot;imageId&quot;:&quot;69efda332cb05&quot;}\" data-wp-interactive=\"core\/image\" data-wp-key=\"69efda332cb05\" class=\"wp-block-image size-full is-resized is-style-default wp-lightbox-container\"><img loading=\"lazy\" decoding=\"async\" width=\"653\" height=\"871\" data-wp-class--hide=\"state.isContentHidden\" data-wp-class--show=\"state.isContentVisible\" data-wp-init=\"callbacks.setButtonStyles\" data-wp-on--click=\"actions.showLightbox\" data-wp-on--load=\"callbacks.setButtonStyles\" data-wp-on-window--resize=\"callbacks.setButtonStyles\" src=\"https:\/\/www.berti.net\/wp-content\/uploads\/2024\/09\/berti-rivestimenti-in-legno-diesel-darkshade-iwood-living.jpg\" alt=\"\" class=\"wp-image-6968\" style=\"width:660px;height:auto\" srcset=\"https:\/\/berti.net\/wp-content\/uploads\/2024\/09\/berti-rivestimenti-in-legno-diesel-darkshade-iwood-living.jpg 653w, https:\/\/berti.net\/wp-content\/uploads\/2024\/09\/berti-rivestimenti-in-legno-diesel-darkshade-iwood-living-225x300.jpg 225w\" sizes=\"auto, (max-width: 653px) 100vw, 653px\" \/><button\n\t\t\tclass=\"lightbox-trigger\"\n\t\t\ttype=\"button\"\n\t\t\taria-haspopup=\"dialog\"\n\t\t\taria-label=\"Agrandir\"\n\t\t\tdata-wp-init=\"callbacks.initTriggerButton\"\n\t\t\tdata-wp-on--click=\"actions.showLightbox\"\n\t\t\tdata-wp-style--right=\"state.imageButtonRight\"\n\t\t\tdata-wp-style--top=\"state.imageButtonTop\"\n\t\t>\n\t\t\t<svg xmlns=\"http:\/\/www.w3.org\/2000\/svg\" width=\"12\" height=\"12\" fill=\"none\" viewBox=\"0 0 12 12\">\n\t\t\t\t<path fill=\"#fff\" d=\"M2 0a2 2 0 0 0-2 2v2h1.5V2a.5.5 0 0 1 .5-.5h2V0H2Zm2 10.5H2a.5.5 0 0 1-.5-.5V8H0v2a2 2 0 0 0 2 2h2v-1.5ZM8 12v-1.5h2a.5.5 0 0 0 .5-.5V8H12v2a2 2 0 0 1-2 2H8Zm2-12a2 2 0 0 1 2 2v2h-1.5V2a.5.5 0 0 0-.5-.5H8V0h2Z\" \/>\n\t\t\t<\/svg>\n\t\t<\/button><\/figure>\n\n\n\n<div style=\"height:var(--wp--preset--spacing--60)\" aria-hidden=\"true\" class=\"wp-block-spacer\"><\/div>\n<\/div>\n\n\n\n<div class=\"wp-block-column is-layout-flow wp-container-core-column-is-layout-8a368f38 wp-block-column-is-layout-flow\" style=\"flex-basis:40%\">\n<figure data-wp-context=\"{&quot;imageId&quot;:&quot;69efda332cd4b&quot;}\" data-wp-interactive=\"core\/image\" data-wp-key=\"69efda332cd4b\" class=\"wp-block-image size-full is-style-default wp-lightbox-container\"><img loading=\"lazy\" decoding=\"async\" width=\"873\" height=\"651\" data-wp-class--hide=\"state.isContentHidden\" data-wp-class--show=\"state.isContentVisible\" data-wp-init=\"callbacks.setButtonStyles\" data-wp-on--click=\"actions.showLightbox\" data-wp-on--load=\"callbacks.setButtonStyles\" data-wp-on-window--resize=\"callbacks.setButtonStyles\" src=\"https:\/\/www.berti.net\/wp-content\/uploads\/2024\/09\/rivestimento-in-legno-darkshade-iwood-diesel-berti-01-2.jpg\" alt=\"\" class=\"wp-image-6971\" srcset=\"https:\/\/berti.net\/wp-content\/uploads\/2024\/09\/rivestimento-in-legno-darkshade-iwood-diesel-berti-01-2.jpg 873w, https:\/\/berti.net\/wp-content\/uploads\/2024\/09\/rivestimento-in-legno-darkshade-iwood-diesel-berti-01-2-300x224.jpg 300w, https:\/\/berti.net\/wp-content\/uploads\/2024\/09\/rivestimento-in-legno-darkshade-iwood-diesel-berti-01-2-768x573.jpg 768w\" sizes=\"auto, (max-width: 873px) 100vw, 873px\" \/><button\n\t\t\tclass=\"lightbox-trigger\"\n\t\t\ttype=\"button\"\n\t\t\taria-haspopup=\"dialog\"\n\t\t\taria-label=\"Agrandir\"\n\t\t\tdata-wp-init=\"callbacks.initTriggerButton\"\n\t\t\tdata-wp-on--click=\"actions.showLightbox\"\n\t\t\tdata-wp-style--right=\"state.imageButtonRight\"\n\t\t\tdata-wp-style--top=\"state.imageButtonTop\"\n\t\t>\n\t\t\t<svg xmlns=\"http:\/\/www.w3.org\/2000\/svg\" width=\"12\" height=\"12\" fill=\"none\" viewBox=\"0 0 12 12\">\n\t\t\t\t<path fill=\"#fff\" d=\"M2 0a2 2 0 0 0-2 2v2h1.5V2a.5.5 0 0 1 .5-.5h2V0H2Zm2 10.5H2a.5.5 0 0 1-.5-.5V8H0v2a2 2 0 0 0 2 2h2v-1.5ZM8 12v-1.5h2a.5.5 0 0 0 .5-.5V8H12v2a2 2 0 0 1-2 2H8Zm2-12a2 2 0 0 1 2 2v2h-1.5V2a.5.5 0 0 0-.5-.5H8V0h2Z\" \/>\n\t\t\t<\/svg>\n\t\t<\/button><\/figure>\n\n\n\n<div style=\"height:var(--wp--preset--spacing--60)\" aria-hidden=\"true\" class=\"wp-block-spacer\"><\/div>\n\n\n\n<figure data-wp-context=\"{&quot;imageId&quot;:&quot;69efda332ceed&quot;}\" data-wp-interactive=\"core\/image\" data-wp-key=\"69efda332ceed\" class=\"wp-block-image size-full is-style-default wp-lightbox-container\"><img loading=\"lazy\" decoding=\"async\" width=\"653\" height=\"871\" data-wp-class--hide=\"state.isContentHidden\" data-wp-class--show=\"state.isContentVisible\" data-wp-init=\"callbacks.setButtonStyles\" data-wp-on--click=\"actions.showLightbox\" data-wp-on--load=\"callbacks.setButtonStyles\" data-wp-on-window--resize=\"callbacks.setButtonStyles\" src=\"https:\/\/www.berti.net\/wp-content\/uploads\/2024\/09\/rivestimento-in-legno-darkshade-iwood-diesel-berti-2.jpg\" alt=\"\" class=\"wp-image-6974\" srcset=\"https:\/\/berti.net\/wp-content\/uploads\/2024\/09\/rivestimento-in-legno-darkshade-iwood-diesel-berti-2.jpg 653w, https:\/\/berti.net\/wp-content\/uploads\/2024\/09\/rivestimento-in-legno-darkshade-iwood-diesel-berti-2-225x300.jpg 225w\" sizes=\"auto, (max-width: 653px) 100vw, 653px\" \/><button\n\t\t\tclass=\"lightbox-trigger\"\n\t\t\ttype=\"button\"\n\t\t\taria-haspopup=\"dialog\"\n\t\t\taria-label=\"Agrandir\"\n\t\t\tdata-wp-init=\"callbacks.initTriggerButton\"\n\t\t\tdata-wp-on--click=\"actions.showLightbox\"\n\t\t\tdata-wp-style--right=\"state.imageButtonRight\"\n\t\t\tdata-wp-style--top=\"state.imageButtonTop\"\n\t\t>\n\t\t\t<svg xmlns=\"http:\/\/www.w3.org\/2000\/svg\" width=\"12\" height=\"12\" fill=\"none\" viewBox=\"0 0 12 12\">\n\t\t\t\t<path fill=\"#fff\" d=\"M2 0a2 2 0 0 0-2 2v2h1.5V2a.5.5 0 0 1 .5-.5h2V0H2Zm2 10.5H2a.5.5 0 0 1-.5-.5V8H0v2a2 2 0 0 0 2 2h2v-1.5ZM8 12v-1.5h2a.5.5 0 0 0 .5-.5V8H12v2a2 2 0 0 1-2 2H8Zm2-12a2 2 0 0 1 2 2v2h-1.5V2a.5.5 0 0 0-.5-.5H8V0h2Z\" \/>\n\t\t\t<\/svg>\n\t\t<\/button><\/figure>\n<\/div>\n<\/div>\n<\/div>\n\n\n\n<div style=\"height:100px\" aria-hidden=\"true\" class=\"wp-block-spacer\"><\/div>\n<\/div>\n","protected":false},"excerpt":{"rendered":"<p>Un design con\u00e7u en collaboration avec l&rsquo;\u00e9quipe cr\u00e9ative de Diesel pour la collection maison et r\u00e9alis\u00e9 gr\u00e2ce \u00e0 une impression num\u00e9rique de pointe. Il s&rsquo;agit d&rsquo;une technologie moderne utilisant des couleurs non toxiques, ininflammables, inodores et \u00e0 base d&rsquo;eau qui ne couvrent pas les veines du bois. Les couches de vernis Xstremestrong prot\u00e8gent le bois de ch\u00eane en surface et [&hellip;]<\/p>\n","protected":false},"author":2,"featured_media":1575,"template":"","product_collection":[97,96],"product_type":[],"product_color":[],"class_list":["post-15295","product","type-product","status-publish","has-post-thumbnail","hentry","product_collection-i-bois","product_collection-parquet-diesel-living"],"_links":{"self":[{"href":"https:\/\/berti.net\/fr\/wp-json\/wp\/v2\/product\/15295","targetHints":{"allow":["GET"]}}],"collection":[{"href":"https:\/\/berti.net\/fr\/wp-json\/wp\/v2\/product"}],"about":[{"href":"https:\/\/berti.net\/fr\/wp-json\/wp\/v2\/types\/product"}],"author":[{"embeddable":true,"href":"https:\/\/berti.net\/fr\/wp-json\/wp\/v2\/users\/2"}],"wp:featuredmedia":[{"embeddable":true,"href":"https:\/\/berti.net\/fr\/wp-json\/wp\/v2\/media\/1575"}],"wp:attachment":[{"href":"https:\/\/berti.net\/fr\/wp-json\/wp\/v2\/media?parent=15295"}],"wp:term":[{"taxonomy":"product_collection","embeddable":true,"href":"https:\/\/berti.net\/fr\/wp-json\/wp\/v2\/product_collection?post=15295"},{"taxonomy":"product_type","embeddable":true,"href":"https:\/\/berti.net\/fr\/wp-json\/wp\/v2\/product_type?post=15295"},{"taxonomy":"product_color","embeddable":true,"href":"https:\/\/berti.net\/fr\/wp-json\/wp\/v2\/product_color?post=15295"}],"curies":[{"name":"wp","href":"https:\/\/api.w.org\/{rel}","templated":true}]}}