{"id":15129,"date":"2024-10-24T15:47:14","date_gmt":"2024-10-24T15:47:14","guid":{"rendered":"https:\/\/www.berti.net\/demandez-une-consultation\/"},"modified":"2025-05-27T15:14:22","modified_gmt":"2025-05-27T15:14:22","slug":"demandez-une-consultation","status":"publish","type":"page","link":"https:\/\/berti.net\/fr\/demandez-une-consultation\/","title":{"rendered":"Demandez une consultation"},"content":{"rendered":"\n<div class=\"wp-block-group is-style-container has-global-padding is-layout-constrained wp-container-core-group-is-layout-1039f945 wp-block-group-is-layout-constrained\" style=\"margin-top:var(--wp--preset--spacing--130);margin-bottom:var(--wp--preset--spacing--130)\">\n<div class=\"wp-block-columns is-layout-flex wp-container-core-columns-is-layout-b987c810 wp-block-columns-is-layout-flex\">\n<div class=\"wp-block-column is-layout-flow wp-block-column-is-layout-flow\" style=\"flex-basis:60%\">\n<div class=\"wp-block-group has-global-padding is-layout-constrained wp-block-group-is-layout-constrained\">\n<h1 class=\"wp-block-heading has-ml-font-size\" style=\"margin-bottom:var(--wp--preset--spacing--10)\">D\u00e9veloppons votre id\u00e9e.<br\/>Ensemble.<\/h1>\n\n\n\n<p class=\"is-style-default has-m-font-size\" style=\"margin-top:0;margin-bottom:var(--wp--preset--spacing--50)\">Contactez-nous pour demander une consultation cibl\u00e9e,<br\/>nos experts pourront r\u00e9pondre aux besoins les plus sophistiqu\u00e9s.<\/p>\n\n\n\n<div class=\"wp-block-group animated fadeIn has-global-padding is-layout-constrained wp-block-group-is-layout-constrained\">\n<div class=\"wp-block-group animated fadeIn has-global-padding is-layout-constrained wp-block-group-is-layout-constrained\"><script>\nvar gform;gform||(document.addEventListener(\"gform_main_scripts_loaded\",function(){gform.scriptsLoaded=!0}),document.addEventListener(\"gform\/theme\/scripts_loaded\",function(){gform.themeScriptsLoaded=!0}),window.addEventListener(\"DOMContentLoaded\",function(){gform.domLoaded=!0}),gform={domLoaded:!1,scriptsLoaded:!1,themeScriptsLoaded:!1,isFormEditor:()=>\"function\"==typeof InitializeEditor,callIfLoaded:function(o){return!(!gform.domLoaded||!gform.scriptsLoaded||!gform.themeScriptsLoaded&&!gform.isFormEditor()||(gform.isFormEditor()&&console.warn(\"The use of gform.initializeOnLoaded() is deprecated in the form editor context and will be removed in Gravity Forms 3.1.\"),o(),0))},initializeOnLoaded:function(o){gform.callIfLoaded(o)||(document.addEventListener(\"gform_main_scripts_loaded\",()=>{gform.scriptsLoaded=!0,gform.callIfLoaded(o)}),document.addEventListener(\"gform\/theme\/scripts_loaded\",()=>{gform.themeScriptsLoaded=!0,gform.callIfLoaded(o)}),window.addEventListener(\"DOMContentLoaded\",()=>{gform.domLoaded=!0,gform.callIfLoaded(o)}))},hooks:{action:{},filter:{}},addAction:function(o,r,e,t){gform.addHook(\"action\",o,r,e,t)},addFilter:function(o,r,e,t){gform.addHook(\"filter\",o,r,e,t)},doAction:function(o){gform.doHook(\"action\",o,arguments)},applyFilters:function(o){return gform.doHook(\"filter\",o,arguments)},removeAction:function(o,r){gform.removeHook(\"action\",o,r)},removeFilter:function(o,r,e){gform.removeHook(\"filter\",o,r,e)},addHook:function(o,r,e,t,n){null==gform.hooks[o][r]&&(gform.hooks[o][r]=[]);var d=gform.hooks[o][r];null==n&&(n=r+\"_\"+d.length),gform.hooks[o][r].push({tag:n,callable:e,priority:t=null==t?10:t})},doHook:function(r,o,e){var t;if(e=Array.prototype.slice.call(e,1),null!=gform.hooks[r][o]&&((o=gform.hooks[r][o]).sort(function(o,r){return o.priority-r.priority}),o.forEach(function(o){\"function\"!=typeof(t=o.callable)&&(t=window[t]),\"action\"==r?t.apply(null,e):e[0]=t.apply(null,e)})),\"filter\"==r)return e[0]},removeHook:function(o,r,t,n){var e;null!=gform.hooks[o][r]&&(e=(e=gform.hooks[o][r]).filter(function(o,r,e){return!!(null!=n&&n!=o.tag||null!=t&&t!=o.priority)}),gform.hooks[o][r]=e)}});\n<\/script>\n\n                <div class='gf_browser_gecko gform_wrapper gravity-theme gform-theme--no-framework bt-form__form_wrapper' data-form-theme='gravity-theme' data-form-index='0' id='gform_wrapper_561' >\n                        <div class='gform_heading'>\n                            <p class='gform_description'><\/p>\n\t\t\t\t\t\t\t<p class='gform_required_legend'>\u00ab\u00a0<span class=\"gfield_required gfield_required_asterisk\">*<\/span>\u00a0\u00bb indique les champs n\u00e9cessaires<\/p>\n                        <\/div><form method='post' enctype='multipart\/form-data'  id='gform_561' class='bt-form__form' action='\/fr\/wp-json\/wp\/v2\/pages\/15129' data-formid='561' novalidate>\n                        <div class='gform-body gform_body'><div id='gform_fields_561' class='gform_fields top_label form_sublabel_below description_below validation_below'><div id=\"field_561_21\" class=\"gfield gfield--type-hidden gfield--input-type-hidden gfield--width-full gform_hidden field_sublabel_below gfield--no-description field_description_below field_validation_below gfield_visibility_visible\"  ><div class='ginput_container ginput_container_text'><input name='input_21' id='input_561_21' type='hidden' class='gform_hidden'  aria-invalid=\"false\" value='il' \/><\/div><\/div><fieldset id=\"field_561_1\" class=\"gfield gfield--type-name gfield--input-type-name gfield_contains_required field_sublabel_hidden_label gfield--no-description field_description_below hidden_label field_validation_below gfield_visibility_visible\"  ><legend class='gfield_label gform-field-label gfield_label_before_complex' >Pr\u00e9nom<span class=\"gfield_required\"><span class=\"gfield_required gfield_required_asterisk\">*<\/span><\/span><\/legend><div class='ginput_complex ginput_container ginput_container--name no_prefix has_first_name no_middle_name no_last_name no_suffix gf_name_has_1 ginput_container_name gform-grid-row' id='input_561_1'>\n                            \n                            <span id='input_561_1_3_container' class='name_first gform-grid-col gform-grid-col--size-auto' >\n                                                    <input type='text' name='input_1.3' id='input_561_1_3' value=''   aria-required='true'   placeholder='Nom*'  \/>\n                                                    <label for='input_561_1_3' class='gform-field-label gform-field-label--type-sub hidden_sub_label screen-reader-text'>Premi\u00e8re<\/label>\n                                                <\/span>\n                            \n                            \n                            \n                        <\/div><\/fieldset><fieldset id=\"field_561_6\" class=\"gfield gfield--type-name gfield--input-type-name gfield_contains_required field_sublabel_hidden_label gfield--no-description field_description_below hidden_label field_validation_below gfield_visibility_visible\"  ><legend class='gfield_label gform-field-label gfield_label_before_complex' >Nom<span class=\"gfield_required\"><span class=\"gfield_required gfield_required_asterisk\">*<\/span><\/span><\/legend><div class='ginput_complex ginput_container ginput_container--name no_prefix no_first_name no_middle_name has_last_name no_suffix gf_name_has_1 ginput_container_name gform-grid-row' id='input_561_6'>\n                            \n                            \n                            \n                            <span id='input_561_6_6_container' class='name_last gform-grid-col gform-grid-col--size-auto' >\n                                                    <input type='text' name='input_6.6' id='input_561_6_6' value=''   aria-required='true'   placeholder='Pr\u00e9nom*'  \/>\n                                                    <label for='input_561_6_6' class='gform-field-label gform-field-label--type-sub hidden_sub_label screen-reader-text'>Derni\u00e8re<\/label>\n                                                <\/span>\n                            \n                        <\/div><\/fieldset><div id=\"field_561_3\" class=\"gfield gfield--type-email gfield--input-type-email gfield_contains_required field_sublabel_below gfield--no-description field_description_below hidden_label field_validation_below gfield_visibility_visible\"  ><label class='gfield_label gform-field-label' for='input_561_3'>Courriel<span class=\"gfield_required\"><span class=\"gfield_required gfield_required_asterisk\">*<\/span><\/span><\/label><div class='ginput_container ginput_container_email'>\n                            <input name='input_3' id='input_561_3' type='email' value='' class='large'   placeholder='Courriel*' aria-required=\"true\" aria-invalid=\"false\"  \/>\n                        <\/div><\/div><div id=\"field_561_20\" class=\"gfield gfield--type-phone gfield--input-type-phone gfield_contains_required field_sublabel_below gfield--no-description field_description_below hidden_label field_validation_below gfield_visibility_visible\"  ><label class='gfield_label gform-field-label' for='input_561_20'>T\u00e9l\u00e9phone<span class=\"gfield_required\"><span class=\"gfield_required gfield_required_asterisk\">*<\/span><\/span><\/label><div class='ginput_container ginput_container_phone'><input name='input_20' id='input_561_20' type='tel' value='' class='large'  placeholder='T\u00e9l\u00e9phone*' aria-required=\"true\" aria-invalid=\"false\"   \/><\/div><\/div><div id=\"field_561_22\" class=\"gfield gfield--type-text gfield--input-type-text gfield--width-full gfield_contains_required field_sublabel_below gfield--no-description field_description_below hidden_label field_validation_below gfield_visibility_visible\"  ><label class='gfield_label gform-field-label' for='input_561_22'>O\u00f9 \u00e9crivez-vous ?<span class=\"gfield_required\"><span class=\"gfield_required gfield_required_asterisk\">*<\/span><\/span><\/label><div class='ginput_container ginput_container_text'><input name='input_22' id='input_561_22' type='text' value='' class='large'    placeholder='Da dove ci scrivi?*' aria-required=\"true\" aria-invalid=\"false\"   \/><\/div><\/div><div id=\"field_561_5\" class=\"gfield gfield--type-textarea gfield--input-type-textarea gfield_contains_required field_sublabel_below gfield--no-description field_description_below hidden_label field_validation_below gfield_visibility_visible\"  ><label class='gfield_label gform-field-label' for='input_561_5'>Racontez votre projet*<span class=\"gfield_required\"><span class=\"gfield_required gfield_required_asterisk\">*<\/span><\/span><\/label><div class='ginput_container ginput_container_textarea'><textarea name='input_5' id='input_561_5' class='textarea large'    placeholder='Racontez votre projet*' aria-required=\"true\" aria-invalid=\"false\"   rows='10' cols='50'><\/textarea><\/div><\/div><fieldset id=\"field_561_12\" class=\"gfield gfield--type-consent gfield--type-choice gfield--input-type-consent gfield_contains_required field_sublabel_below gfield--no-description field_description_below hidden_label field_validation_below gfield_visibility_visible\"  ><legend class='gfield_label gform-field-label gfield_label_before_complex' >Consentement<span class=\"gfield_required\"><span class=\"gfield_required gfield_required_asterisk\">*<\/span><\/span><\/legend><div class='ginput_container ginput_container_consent'><input name='input_12.1' id='input_561_12_1' type='checkbox' value='1'   aria-required=\"true\" aria-invalid=\"false\"   \/> <label class=\"gform-field-label gform-field-label--type-inline gfield_consent_label\" for='input_561_12_1' >Sottoscrivo la <a href=\"politique de confidentialit\u00e9\" target=\"_blank\"> Privacy Policy*<\/a>.<span class=\"gfield_required gfield_required_asterisk\">*<\/span><\/label><input type='hidden' name='input_12.2' value='Sottoscrivo la &lt;a href=&quot;politique de confidentialit\u00e9&quot; target=&quot;_blank&quot;&gt; Privacy Policy*&lt;\/a&gt;.' class='gform_hidden' \/><input type='hidden' name='input_12.3' value='560' class='gform_hidden' \/><\/div><\/fieldset><\/div><\/div>\n        <div class='gform-footer gform_footer top_label'> <input type='submit' id='gform_submit_button_561' class='gform_button button' onclick='gform.submission.handleButtonClick(this);' data-submission-type='submit' value='Envoyer'  \/> \n            <input type='hidden' class='gform_hidden' name='gform_submission_method' data-js='gform_submission_method_561' value='postback' \/>\n            <input type='hidden' class='gform_hidden' name='gform_theme' data-js='gform_theme_561' id='gform_theme_561' value='gravity-theme' \/>\n            <input type='hidden' class='gform_hidden' name='gform_style_settings' data-js='gform_style_settings_561' id='gform_style_settings_561' value='{&quot;inputPrimaryColor&quot;:&quot;#204ce5&quot;}' \/>\n            <input type='hidden' class='gform_hidden' name='is_submit_561' value='1' \/>\n            <input type='hidden' class='gform_hidden' name='gform_submit' value='561' \/>\n            \n            <input type='hidden' class='gform_hidden' name='gform_currency' data-currency='EUR' value='QRYLjjdrPRulEJkGwodkjQWDYhDInuHmEN4pY\/eUzAi6vqO+7tVF82AoHswiMVdpjrwgSxMN2F+mKrR1oAvq0hsZCraw+oCo8BnPvfJnpO+Rb0s=' \/>\n            <input type='hidden' class='gform_hidden' name='gform_unique_id' value='' \/>\n            <input type='hidden' class='gform_hidden' name='state_561' value='WyJ7XCIxMi4xXCI6XCJlNjVmOWJjMzI3YWZjMmI5MGRhYzQ4ZjdhMTdiNzE3OFwiLFwiMTIuMlwiOlwiYmEwMjhjNTcyODI5ZGMxNWI1OTlmYWI0ZjliM2I4MTNcIixcIjEyLjNcIjpcIjIxMTEzZTUwZGIxZDhjNWQwNGUzNTcwMTI1YTU5MmE4XCJ9IiwiOWZlMTJmNTA3MDNkMTBlZmJiYzRjN2NkODczNzg5ZGIiXQ==' \/>\n            <input type='hidden' autocomplete='off' class='gform_hidden' name='gform_target_page_number_561' id='gform_target_page_number_561' value='0' \/>\n            <input type='hidden' autocomplete='off' class='gform_hidden' name='gform_source_page_number_561' id='gform_source_page_number_561' value='1' \/>\n            <input type='hidden' name='gform_field_values' value='' \/>\n            \n        <\/div>\n                        <\/form>\n                        <\/div><script>\ngform.initializeOnLoaded( function() {gformInitSpinner( 561, 'https:\/\/berti.net\/wp-content\/themes\/thombase\/public\/images\/tube-spinner.svg', true );jQuery('#gform_ajax_frame_561').on('load',function(){var contents = jQuery(this).contents().find('*').html();var is_postback = contents.indexOf('GF_AJAX_POSTBACK') >= 0;if(!is_postback){return;}var form_content = jQuery(this).contents().find('#gform_wrapper_561');var is_confirmation = jQuery(this).contents().find('#gform_confirmation_wrapper_561').length > 0;var is_redirect = contents.indexOf('gformRedirect(){') >= 0;var is_form = form_content.length > 0 && ! is_redirect && ! is_confirmation;var mt = parseInt(jQuery('html').css('margin-top'), 10) + parseInt(jQuery('body').css('margin-top'), 10) + 100;if(is_form){jQuery('#gform_wrapper_561').html(form_content.html());if(form_content.hasClass('gform_validation_error')){jQuery('#gform_wrapper_561').addClass('gform_validation_error');} else {jQuery('#gform_wrapper_561').removeClass('gform_validation_error');}setTimeout( function() { \/* delay the scroll by 50 milliseconds to fix a bug in chrome *\/  }, 50 );if(window['gformInitDatepicker']) {gformInitDatepicker();}if(window['gformInitPriceFields']) {gformInitPriceFields();}var current_page = jQuery('#gform_source_page_number_561').val();gformInitSpinner( 561, 'https:\/\/berti.net\/wp-content\/themes\/thombase\/public\/images\/tube-spinner.svg', true );jQuery(document).trigger('gform_page_loaded', [561, current_page]);window['gf_submitting_561'] = false;}else if(!is_redirect){var confirmation_content = jQuery(this).contents().find('.GF_AJAX_POSTBACK').html();if(!confirmation_content){confirmation_content = contents;}jQuery('#gform_wrapper_561').replaceWith(confirmation_content);jQuery(document).trigger('gform_confirmation_loaded', [561]);window['gf_submitting_561'] = false;wp.a11y.speak(jQuery('#gform_confirmation_message_561').text());}else{jQuery('#gform_561').append(contents);if(window['gformRedirect']) {gformRedirect();}}jQuery(document).trigger(\"gform_pre_post_render\", [{ formId: \"561\", currentPage: \"current_page\", abort: function() { this.preventDefault(); } }]);        if (event && event.defaultPrevented) {                return;        }        const gformWrapperDiv = document.getElementById( \"gform_wrapper_561\" );        if ( gformWrapperDiv ) {            const visibilitySpan = document.createElement( \"span\" );            visibilitySpan.id = \"gform_visibility_test_561\";            gformWrapperDiv.insertAdjacentElement( \"afterend\", visibilitySpan );        }        const visibilityTestDiv = document.getElementById( \"gform_visibility_test_561\" );        let postRenderFired = false;        function triggerPostRender() {            if ( postRenderFired ) {                return;            }            postRenderFired = true;            gform.core.triggerPostRenderEvents( 561, current_page );            if ( visibilityTestDiv ) {                visibilityTestDiv.parentNode.removeChild( visibilityTestDiv );            }        }        function debounce( func, wait, immediate ) {            var timeout;            return function() {                var context = this, args = arguments;                var later = function() {                    timeout = null;                    if ( !immediate ) func.apply( context, args );                };                var callNow = immediate && !timeout;                clearTimeout( timeout );                timeout = setTimeout( later, wait );                if ( callNow ) func.apply( context, args );            };        }        const debouncedTriggerPostRender = debounce( function() {            triggerPostRender();        }, 200 );        if ( visibilityTestDiv && visibilityTestDiv.offsetParent === null ) {            const observer = new MutationObserver( ( mutations ) => {                mutations.forEach( ( mutation ) => {                    if ( mutation.type === 'attributes' && visibilityTestDiv.offsetParent !== null ) {                        debouncedTriggerPostRender();                        observer.disconnect();                    }                });            });            observer.observe( document.body, {                attributes: true,                childList: false,                subtree: true,                attributeFilter: [ 'style', 'class' ],            });        } else {            triggerPostRender();        }    } );} );\n<\/script>\n<\/div>\n<\/div>\n<\/div>\n<\/div>\n\n\n\n<div class=\"wp-block-column is-layout-flow wp-block-column-is-layout-flow\" style=\"flex-basis:40%\"><div class=\"col-left-contact wp-block-template-part\">\n<div class=\"wp-block-group has-global-padding is-layout-constrained wp-block-group-is-layout-constrained\"\n     style=\"margin-top:var(--wp--preset--spacing--10);margin-bottom:var(--wp--preset--spacing--10)\">\n    \n    <div class=\"wp-block-group has-heading-font-family has-s-font-size animated fadeIn is-vertical is-layout-flex wp-container-core-group-is-layout-965348f3 wp-block-group-is-layout-flex\"\n         style=\"border-top-color:var(--wp--preset--color--base-2);border-top-width:4px;padding-top:var(--wp--preset--spacing--40)\">\n        \n        <p>\n            <strong>Berti Pavimenti s.n.c.<\/strong><br>Via Rettilineo 81 &#8211; 35010<br>Villa del Conte (PD)<br>info@berti.net<br>Tel. 049.9323.611\n        <\/p>\n        \n\n        \n        <p><strong>Marketing<\/strong><br>expressyourstyle@berti.net <br>Tel. 049.9323657 <\/p>\n        \n\n        \n        <p><strong>Commerciale<\/strong><br>commerciale@berti.net <br>Tel. 049.9323.692 <\/p>\n        \n\n        \n        <p><strong>Estero<\/strong><br>sales@berti.net <br>Tel. 049.9323.647 <\/p>\n        \n\n        \n        <p><strong>Tecnico<\/strong> <br>ufficiotecnico@berti.net <\/p>\n        \n\n        \n        <p><strong>Amministrazione<\/strong> <br>amministrazione@berti.net<\/p>\n        \n    <\/div>\n    \n<\/div>\n\n\n<\/div><\/div>\n<\/div>\n<\/div>\n\n<div class=\"wp-block-cover alignfull is-light estimate-request-content animated fadeIn\" style=\"margin-top:0\"><span aria-hidden=\"true\" class=\"wp-block-cover__background has-background-dim-0 has-background-dim\"><\/span><img decoding=\"async\" class=\"wp-block-cover__image-background\" alt=\"\" src=\"https:\/\/www.berti.net\/wp-content\/themes\/thombase\/public\/images\/estimateBanner.webp\" data-object-fit=\"cover\"\/><div class=\"wp-block-cover__inner-container has-global-padding is-layout-constrained wp-block-cover-is-layout-constrained\">\n<div id=\"estimate\" class=\"wp-block-group alignleft estimate-request-content-inner has-global-padding is-content-justification-left is-layout-constrained wp-container-core-group-is-layout-94054b8f wp-block-group-is-layout-constrained\">\n<h5 class=\"wp-block-heading\">Demandez un <strong>devis<\/strong><br\/>entrez dans le monde Berti<\/h5>\n\n\n\n<p>Remplissez le formulaire de demande de devis. Vous recevrez une r\u00e9ponse de notre \u00e9quipe dans les plus brefs d\u00e9lais. <\/p>\n\n\n\n<div class=\"wp-block-buttons is-layout-flex wp-block-buttons-is-layout-flex\">\n<div class=\"wp-block-button is-style-link\"><a class=\"wp-block-button__link wp-element-button\" href=\"https:\/\/www.berti.net\/fr\/demander-un-devis\/\">POSEZ VOTRE CANDIDATURE D\u00c8S MAINTENANT<\/a><\/div>\n<\/div>\n<\/div>\n<\/div><\/div>\n","protected":false},"excerpt":{"rendered":"<p>D\u00e9veloppons votre id\u00e9e.Ensemble. Contactez-nous pour demander une consultation cibl\u00e9e,nos experts pourront r\u00e9pondre aux besoins les plus sophistiqu\u00e9s.<\/p>\n","protected":false},"author":2,"featured_media":0,"parent":0,"menu_order":0,"comment_status":"closed","ping_status":"closed","template":"","meta":{"footnotes":""},"class_list":["post-15129","page","type-page","status-publish","hentry"],"_links":{"self":[{"href":"https:\/\/berti.net\/fr\/wp-json\/wp\/v2\/pages\/15129","targetHints":{"allow":["GET"]}}],"collection":[{"href":"https:\/\/berti.net\/fr\/wp-json\/wp\/v2\/pages"}],"about":[{"href":"https:\/\/berti.net\/fr\/wp-json\/wp\/v2\/types\/page"}],"author":[{"embeddable":true,"href":"https:\/\/berti.net\/fr\/wp-json\/wp\/v2\/users\/2"}],"replies":[{"embeddable":true,"href":"https:\/\/berti.net\/fr\/wp-json\/wp\/v2\/comments?post=15129"}],"version-history":[{"count":6,"href":"https:\/\/berti.net\/fr\/wp-json\/wp\/v2\/pages\/15129\/revisions"}],"predecessor-version":[{"id":21569,"href":"https:\/\/berti.net\/fr\/wp-json\/wp\/v2\/pages\/15129\/revisions\/21569"}],"wp:attachment":[{"href":"https:\/\/berti.net\/fr\/wp-json\/wp\/v2\/media?parent=15129"}],"curies":[{"name":"wp","href":"https:\/\/api.w.org\/{rel}","templated":true}]}}