{"id":15107,"date":"2025-02-03T13:43:26","date_gmt":"2025-02-03T13:43:26","guid":{"rendered":"https:\/\/www.berti.net\/parquet-a-chevilles-courbees\/"},"modified":"2025-09-26T07:27:40","modified_gmt":"2025-09-26T07:27:40","slug":"parquet-a-batons-rompus-courbes","status":"publish","type":"page","link":"https:\/\/berti.net\/fr\/parquet-a-batons-rompus-courbes\/","title":{"rendered":"Parquet \u00e0 chevrons et b\u00e2tons rompus"},"content":{"rendered":"\n<div class=\"wp-block-group alignfull hero-title-slider-pattern has-global-padding is-layout-constrained wp-block-group-is-layout-constrained\">\n<div class=\"wp-block-cover alignfull banner-hero has-aspect-ratio wp-duotone-unset-1\" style=\"padding-top:0px;padding-right:0;padding-bottom:0px;padding-left:0;min-height:516px;aspect-ratio:auto;min-height:unset;\"><img loading=\"lazy\" decoding=\"async\" width=\"1600\" height=\"1200\" class=\"wp-block-cover__image-background wp-image-13233\" alt=\"\" src=\"https:\/\/www.berti.net\/wp-content\/uploads\/Berti_spina_curva_bg.jpg\" data-object-fit=\"cover\" srcset=\"https:\/\/berti.net\/wp-content\/uploads\/Berti_spina_curva_bg.jpg 1600w, https:\/\/berti.net\/wp-content\/uploads\/Berti_spina_curva_bg-812x609.jpg 812w, https:\/\/berti.net\/wp-content\/uploads\/Berti_spina_curva_bg-768x576.jpg 768w, https:\/\/berti.net\/wp-content\/uploads\/Berti_spina_curva_bg-1536x1152.jpg 1536w\" sizes=\"auto, (max-width: 1600px) 100vw, 1600px\" \/><span aria-hidden=\"true\" class=\"wp-block-cover__background has-background-dim-70 has-background-dim wp-block-cover__gradient-background has-background-gradient\" style=\"background:linear-gradient(180deg,rgba(25,25,25,0) 0%,rgb(25,25,25) 100%)\"><\/span><div class=\"wp-block-cover__inner-container is-layout-flow wp-block-cover-is-layout-flow\">\n<div class=\"wp-block-group banner-hero-content has-global-padding is-layout-constrained wp-container-core-group-is-layout-a05d3a21 wp-block-group-is-layout-constrained\">\n<div class=\"wp-block-group has-global-padding is-layout-constrained wp-container-core-group-is-layout-b831be90 wp-block-group-is-layout-constrained\"><h1 style=\"line-height:1;text-transform:uppercase;\" class=\"has-text-align-center has-link-color wp-elements-a5fdec94e3cace30e3d3b888b881736c wp-block-post-title has-text-color has-base-3-color has-heading-font-family\">Parquet \u00e0 chevrons et b\u00e2tons rompus<\/h1>\n\n\n<h2 class=\"wp-block-heading has-text-align-center has-ml-font-size\">Une r\u00e9volution dans la conception des parquets<\/h2>\n<\/div>\n<\/div>\n<\/div><\/div>\n\n\n\n<div class=\"wp-block-group alignfull slider-hero has-global-padding is-layout-constrained wp-block-group-is-layout-constrained\">\n<figure class=\"wp-block-image size-full\"><img loading=\"lazy\" decoding=\"async\" width=\"1160\" height=\"600\" src=\"https:\/\/www.berti.net\/wp-content\/uploads\/Berti_spina_curva-1.jpg\" alt=\"\" class=\"wp-image-13246\" srcset=\"https:\/\/berti.net\/wp-content\/uploads\/Berti_spina_curva-1.jpg 1160w, https:\/\/berti.net\/wp-content\/uploads\/Berti_spina_curva-1-812x420.jpg 812w, https:\/\/berti.net\/wp-content\/uploads\/Berti_spina_curva-1-768x397.jpg 768w\" sizes=\"auto, (max-width: 1160px) 100vw, 1160px\" \/><\/figure>\n<\/div>\n<\/div>\n\n<div class=\"wp-block-group alignwide has-global-padding is-layout-constrained wp-container-core-group-is-layout-92dded1c wp-block-group-is-layout-constrained\" style=\"margin-top:var(--wp--preset--spacing--120);margin-bottom:var(--wp--preset--spacing--120)\">\n<div class=\"wp-block-group title-text-indented-pattern is-style-default has-global-padding is-layout-constrained wp-container-core-group-is-layout-f36bc466 wp-block-group-is-layout-constrained\">\n<h3 class=\"wp-block-heading has-text-color\" style=\"color:#000000\">Berti Pavimenti Legno pr\u00e9sente une nouvelle innovation importante, le Parquet <strong>en chevrons courbes<\/strong>.<\/h3>\n\n\n\n<div class=\"wp-block-group has-global-padding is-layout-constrained wp-block-group-is-layout-constrained\">\n<p class=\"has-text-color has-m-22-font-size\" style=\"line-height:1.5\">Cette nouveaut\u00e9 extraordinaire a \u00e9t\u00e9 cr\u00e9\u00e9e pour r\u00e9interpr\u00e9ter une grande <strong>ar\u00eate de poisson<\/strong> classique, en associant l&rsquo;artisanat traditionnel au design contemporain pour offrir une solution qui allie l&rsquo;innovation, l&rsquo;\u00e9l\u00e9gance et le <strong>style contemporain<\/strong>.<\/p>\n\n\n\n<p class=\"has-text-color has-m-22-font-size\" style=\"line-height:1.5\">Le design exclusif des Chevrons courbes se caract\u00e9rise par une forme sinueuse et harmonieuse, cr\u00e9ant un flux visuel continu et une sensation de mouvement fluide et dynamique dans les pi\u00e8ces, une ligne qui anticipe les tendances r\u00e9centes de la <strong>d\u00e9coration int\u00e9rieure<\/strong>.<\/p>\n<\/div>\n<\/div>\n<\/div>\n\n<div class=\"wp-block-group has-global-padding is-layout-constrained wp-container-core-group-is-layout-873d44f9 wp-block-group-is-layout-constrained\" style=\"margin-top:var(--wp--preset--spacing--60);margin-bottom:var(--wp--preset--spacing--60)\">\n<div class=\"wp-block-columns is-layout-flex wp-container-core-columns-is-layout-28f84493 wp-block-columns-is-layout-flex\">\n<div class=\"wp-block-column is-layout-flow wp-block-column-is-layout-flow\">\n<div class=\"wp-block-cover is-light has-custom-content-position is-position-bottom-center is-style-full-linked\"><img loading=\"lazy\" decoding=\"async\" width=\"1600\" height=\"1964\" class=\"wp-block-cover__image-background wp-image-13261\" alt=\"\" src=\"https:\/\/www.berti.net\/wp-content\/uploads\/malaspina_3.jpg\" data-object-fit=\"cover\" srcset=\"https:\/\/berti.net\/wp-content\/uploads\/malaspina_3.jpg 1600w, https:\/\/berti.net\/wp-content\/uploads\/malaspina_3-662x812.jpg 662w, https:\/\/berti.net\/wp-content\/uploads\/malaspina_3-1564x1920.jpg 1564w, https:\/\/berti.net\/wp-content\/uploads\/malaspina_3-768x943.jpg 768w, https:\/\/berti.net\/wp-content\/uploads\/malaspina_3-1251x1536.jpg 1251w\" sizes=\"auto, (max-width: 1600px) 100vw, 1600px\" \/><span aria-hidden=\"true\" class=\"wp-block-cover__background has-background-dim-0 has-background-dim\"><\/span><div class=\"wp-block-cover__inner-container has-global-padding is-layout-constrained wp-container-core-cover-is-layout-b4332228 wp-block-cover-is-layout-constrained\">\n<h4 class=\"wp-block-heading has-text-align-left has-contrast-2-color has-text-color has-link-color has-ml-font-size wp-elements-091c6e6b959e6c28b57cf8cfcd343ea1\" style=\"line-height:1.2\"><a href=\"https:\/\/www.berti.net\/fr\/product\/malaspina\/\">MALASPINE<\/a><\/h4>\n\n\n\n<p class=\"has-text-align-left is-style-default has-contrast-2-color has-text-color has-link-color has-m-font-size wp-elements-784c49f7f05f578b0146aacffa245648\" style=\"margin-top:0;line-height:1.2\"><a href=\"https:\/\/www.berti.net\/fr\/product\/malaspina\/\">Parquet ch\u00eane neutre<\/a><\/p>\n<\/div><\/div>\n<\/div>\n\n\n\n<div class=\"wp-block-column is-layout-flow wp-block-column-is-layout-flow\">\n<div class=\"wp-block-cover is-light has-custom-content-position is-position-bottom-center is-style-full-linked\"><img loading=\"lazy\" decoding=\"async\" width=\"1200\" height=\"1473\" class=\"wp-block-cover__image-background wp-image-13277\" alt=\"\" src=\"https:\/\/www.berti.net\/wp-content\/uploads\/rotonda_3-1.jpg\" data-object-fit=\"cover\" srcset=\"https:\/\/berti.net\/wp-content\/uploads\/rotonda_3-1.jpg 1200w, https:\/\/berti.net\/wp-content\/uploads\/rotonda_3-1-662x812.jpg 662w, https:\/\/berti.net\/wp-content\/uploads\/rotonda_3-1-768x943.jpg 768w\" sizes=\"auto, (max-width: 1200px) 100vw, 1200px\" \/><span aria-hidden=\"true\" class=\"wp-block-cover__background has-background-dim-0 has-background-dim\" style=\"background-color:#ae987e\"><\/span><div class=\"wp-block-cover__inner-container has-global-padding is-layout-constrained wp-container-core-cover-is-layout-b4332228 wp-block-cover-is-layout-constrained\">\n<h3 class=\"wp-block-heading has-text-align-left has-contrast-2-color has-text-color has-link-color has-ml-font-size wp-elements-7963425f844d716a6065c0d1b142fb02\"><a href=\"https:\/\/www.berti.net\/fr\/product\/la-rotonda\/\">LA ROTUNDA<\/a><\/h3>\n\n\n\n<p class=\"has-text-align-left is-style-default has-contrast-2-color has-text-color has-link-color has-m-font-size wp-elements-878095b8bb1d4eddc18d8f4426015050\" style=\"margin-top:0;line-height:1.2\"><a href=\"https:\/\/www.berti.net\/fr\/product\/la-rotonda\/\">Parquet ch\u00eane neutre<\/a><\/p>\n<\/div><\/div>\n<\/div>\n<\/div>\n<\/div>\n\n<div class=\"wp-block-media-text alignfull is-stacked-on-mobile is-vertically-aligned-center is-image-fill-element has-base-3-color has-base-2-background-color has-text-color has-background has-link-color wp-elements-56b40245a8df915151c3a7d4f8b6c56a\"><figure class=\"wp-block-media-text__media\"><img loading=\"lazy\" decoding=\"async\" width=\"1564\" height=\"1920\" src=\"https:\/\/www.berti.net\/wp-content\/uploads\/malaspina_2-1564x1920.jpg\" alt=\"\" class=\"wp-image-13258 size-full\" style=\"object-position:50% 50%\" srcset=\"https:\/\/berti.net\/wp-content\/uploads\/malaspina_2-1564x1920.jpg 1564w, https:\/\/berti.net\/wp-content\/uploads\/malaspina_2-662x812.jpg 662w, https:\/\/berti.net\/wp-content\/uploads\/malaspina_2-768x943.jpg 768w, https:\/\/berti.net\/wp-content\/uploads\/malaspina_2-1251x1536.jpg 1251w, https:\/\/berti.net\/wp-content\/uploads\/malaspina_2.jpg 1600w\" sizes=\"auto, (max-width: 1564px) 100vw, 1564px\" \/><\/figure><div class=\"wp-block-media-text__content\">\n<div class=\"wp-block-group animated fadeInUp has-global-padding is-layout-constrained wp-container-core-group-is-layout-42c4862e wp-block-group-is-layout-constrained\" style=\"padding-top:var(--wp--preset--spacing--100);padding-right:var(--wp--preset--spacing--50);padding-bottom:var(--wp--preset--spacing--100);padding-left:5%\">\n<p class=\"has-text-color has-link-color wp-elements-4501a9f4ce87d34d0256a2e0da234050\" style=\"color:#f4f4f4;line-height:1.5\"><strong>SPINE<\/strong> repr\u00e9sente un langage esth\u00e9tique qui rehausse les int\u00e9rieurs avec <strong>\u00e9l\u00e9gance et originalit\u00e9<\/strong>. Les lignes courbes et savamment travaill\u00e9es cr\u00e9ent un dynamisme visuel qui s&rsquo;int\u00e8gre dans n&rsquo;importe quel environnement en lui conf\u00e9rant personnalit\u00e9 et chaleur. Les finitions <strong>\u00e9cologiques<\/strong>, sans solvant ni formald\u00e9hyde, garantissent <strong>r\u00e9sistance<\/strong>, <strong>durabilit\u00e9<\/strong> et respect de l&rsquo;environnement.  <\/p>\n\n\n\n<p><strong>D\u00e9couvrez comment SPINE peut r\u00e9volutionner votre espace.<\/strong><\/p>\n\n\n\n<div class=\"wp-block-buttons is-layout-flex wp-block-buttons-is-layout-flex\">\n<div class=\"wp-block-button o-typing-slower o-typing-delay-100ms is-style-link\"><a class=\"wp-block-button__link has-base-3-color has-text-color has-link-color has-xxs-font-size has-custom-font-size wp-element-button\" href=\"https:\/\/www.berti.net\/fr\/types-de-pose-en-chevrons\/\"><strong>En savoir <o-anim-typing>plus<\/o-anim-typing><\/strong><\/a><\/div>\n<\/div>\n<\/div>\n<\/div><\/div>\n\n<div class=\"wp-block-cover alignfull is-light estimate-request-content animated fadeIn\" style=\"margin-top:0\"><img decoding=\"async\" class=\"wp-block-cover__image-background\" alt=\"\" src=\"https:\/\/www.berti.net\/wp-content\/themes\/thombase\/public\/images\/estimateBanner.webp\" data-object-fit=\"cover\"\/><span aria-hidden=\"true\" class=\"wp-block-cover__background has-background-dim-0 has-background-dim\"><\/span><div class=\"wp-block-cover__inner-container has-global-padding is-layout-constrained wp-block-cover-is-layout-constrained\">\n<div id=\"estimate\" class=\"wp-block-group alignleft estimate-request-content-inner has-global-padding is-content-justification-left is-layout-constrained wp-container-core-group-is-layout-94054b8f wp-block-group-is-layout-constrained\">\n<h5 class=\"wp-block-heading\">Demandez un <strong>devis<\/strong>,<br\/>entrez dans le monde Berti<\/h5>\n\n\n\n<p style=\"line-height:1.5\">\n  Remplissez le formulaire pour demander un devis. Vous recevrez une r\u00e9ponse de notre \u00e9quipe dans les plus brefs d\u00e9lais. \n            <\/p>\n\n\n\n<div class=\"wp-block-buttons is-layout-flex wp-block-buttons-is-layout-flex\">\n<div class=\"wp-block-button is-style-link\"><a class=\"wp-block-button__link wp-element-button\" href=\"https:\/\/www.berti.net\/fr\/demander-un-devis\/\">POSEZ VOTRE CANDIDATURE D\u00c8S MAINTENANT<\/a><\/div>\n<\/div>\n<\/div>\n<\/div><\/div>\n","protected":false},"excerpt":{"rendered":"<p>Berti Pavimenti Legno pr\u00e9sente une nouvelle innovation importante, le Parquet en chevrons courbes. Cette nouveaut\u00e9 extraordinaire a \u00e9t\u00e9 cr\u00e9\u00e9e pour r\u00e9interpr\u00e9ter une grande ar\u00eate de poisson classique, en associant l&rsquo;artisanat traditionnel au design contemporain pour offrir une solution qui allie l&rsquo;innovation, l&rsquo;\u00e9l\u00e9gance et le style contemporain. Le design exclusif des Chevrons courbes se caract\u00e9rise par une forme sinueuse et harmonieuse, [&hellip;]<\/p>\n","protected":false},"author":2,"featured_media":0,"parent":0,"menu_order":0,"comment_status":"closed","ping_status":"closed","template":"page-with-overlying-header","meta":{"footnotes":""},"class_list":["post-15107","page","type-page","status-publish","hentry"],"_links":{"self":[{"href":"https:\/\/berti.net\/fr\/wp-json\/wp\/v2\/pages\/15107","targetHints":{"allow":["GET"]}}],"collection":[{"href":"https:\/\/berti.net\/fr\/wp-json\/wp\/v2\/pages"}],"about":[{"href":"https:\/\/berti.net\/fr\/wp-json\/wp\/v2\/types\/page"}],"author":[{"embeddable":true,"href":"https:\/\/berti.net\/fr\/wp-json\/wp\/v2\/users\/2"}],"replies":[{"embeddable":true,"href":"https:\/\/berti.net\/fr\/wp-json\/wp\/v2\/comments?post=15107"}],"version-history":[{"count":9,"href":"https:\/\/berti.net\/fr\/wp-json\/wp\/v2\/pages\/15107\/revisions"}],"predecessor-version":[{"id":27181,"href":"https:\/\/berti.net\/fr\/wp-json\/wp\/v2\/pages\/15107\/revisions\/27181"}],"wp:attachment":[{"href":"https:\/\/berti.net\/fr\/wp-json\/wp\/v2\/media?parent=15107"}],"curies":[{"name":"wp","href":"https:\/\/api.w.org\/{rel}","templated":true}]}}