{"id":15085,"date":"2024-09-18T15:01:52","date_gmt":"2024-09-18T15:01:52","guid":{"rendered":"https:\/\/www.berti.net\/parquet\/"},"modified":"2025-07-21T12:53:54","modified_gmt":"2025-07-21T12:53:54","slug":"parquet","status":"publish","type":"page","link":"https:\/\/berti.net\/fr\/parquet\/","title":{"rendered":"Parquet"},"content":{"rendered":"\n<div class=\"wp-block-group alignfull hero-title-slider-pattern has-global-padding is-layout-constrained wp-block-group-is-layout-constrained\">\n<div class=\"wp-block-cover alignfull banner-hero has-aspect-ratio wp-duotone-unset-1\" style=\"padding-top:0px;padding-right:0;padding-bottom:0px;padding-left:0;min-height:516px;aspect-ratio:auto;min-height:unset;\"><img loading=\"lazy\" decoding=\"async\" width=\"1600\" height=\"1200\" class=\"wp-block-cover__image-background wp-image-233\" alt=\"\" src=\"https:\/\/www.berti.net\/wp-content\/uploads\/2024\/09\/Hero_1.jpg\" data-object-fit=\"cover\" srcset=\"https:\/\/berti.net\/wp-content\/uploads\/2024\/09\/Hero_1.jpg 1600w, https:\/\/berti.net\/wp-content\/uploads\/2024\/09\/Hero_1-300x225.jpg 300w, https:\/\/berti.net\/wp-content\/uploads\/2024\/09\/Hero_1-1024x768.jpg 1024w, https:\/\/berti.net\/wp-content\/uploads\/2024\/09\/Hero_1-768x576.jpg 768w, https:\/\/berti.net\/wp-content\/uploads\/2024\/09\/Hero_1-1536x1152.jpg 1536w\" sizes=\"auto, (max-width: 1600px) 100vw, 1600px\" \/><span aria-hidden=\"true\" class=\"wp-block-cover__background has-base-background-color has-background-dim\"><\/span><div class=\"wp-block-cover__inner-container is-layout-flow wp-block-cover-is-layout-flow\">\n<div class=\"wp-block-group banner-hero-content has-global-padding is-layout-constrained wp-container-core-group-is-layout-a05d3a21 wp-block-group-is-layout-constrained\">\n<div class=\"wp-block-group has-global-padding is-layout-constrained wp-container-core-group-is-layout-b831be90 wp-block-group-is-layout-constrained\">\n<h1 class=\"wp-block-heading has-text-align-center has-white-color has-text-color has-xxl-font-size\" style=\"letter-spacing:0px;line-height:1\">Parquet<\/h1>\n<\/div>\n<\/div>\n<\/div><\/div>\n<\/div>\n\n<div class=\"wp-block-group alignwide has-global-padding is-layout-constrained wp-container-core-group-is-layout-92dded1c wp-block-group-is-layout-constrained\" style=\"margin-top:var(--wp--preset--spacing--120);margin-bottom:var(--wp--preset--spacing--120)\">\n<div class=\"wp-block-group title-text-indented-pattern has-global-padding is-layout-constrained wp-container-core-group-is-layout-a31aa551 wp-block-group-is-layout-constrained\">\n<h2 class=\"wp-block-heading animated fadeInUp has-text-color\" style=\"color:#000000\">D\u00e9couvrez toutes les collections <strong>Berti Pavimenti Legno<\/strong>: parquets et rev\u00eatements de sol en bois pr\u00e9finis, du ch\u00eane au noyer, du style contemporain aux incrustations les plus artistiques.<\/h2>\n\n\n\n<div class=\"wp-block-group animated fadeInUp has-global-padding is-layout-constrained wp-container-core-group-is-layout-81356f74 wp-block-group-is-layout-constrained\" style=\"padding-right:var(--wp--preset--spacing--10)\">\n<p class=\"has-text-color has-m-22-font-size\" style=\"line-height:1.5\">Le bois est le mat\u00e9riau naturel par excellence : toujours pl\u00e9biscit\u00e9 comme mat\u00e9riau vivant, il est le choix du bien-\u00eatre. L&rsquo;\u00e9motion et la chaleur du bois naturel ne peuvent \u00eatre compar\u00e9es \u00e0 aucun autre choix en mati\u00e8re de rev\u00eatement, associ\u00e9es \u00e0 de hautes performances et \u00e0 une remarquable \u00e9l\u00e9gance esth\u00e9tique et d\u00e9corative. Vous connaissez la qualit\u00e9 de nos produits : le bois et le parquet sont nos passions.  <\/p>\n<\/div>\n<\/div>\n<\/div>\n\n<div class=\"wp-block-group alignwide animated fadeIn has-global-padding is-layout-constrained wp-container-core-group-is-layout-d427c859 wp-block-group-is-layout-constrained\" style=\"margin-top:var(--wp--preset--spacing--50);margin-bottom:var(--wp--preset--spacing--50);padding-right:16px;padding-left:16px\">\n<figure class=\"wp-block-image size-large\"><a href=\"https:\/\/www.berti.net\/fr\/parquet\/parquet-essential\/\"><img loading=\"lazy\" decoding=\"async\" width=\"1024\" height=\"576\" src=\"https:\/\/www.berti.net\/wp-content\/uploads\/2024\/09\/berti-pavimenti-in-legno_parquet-rovere_essential-sand-1024x576.jpg\" alt=\"Parquet Essential\" class=\"wp-image-602\" srcset=\"https:\/\/berti.net\/wp-content\/uploads\/2024\/09\/berti-pavimenti-in-legno_parquet-rovere_essential-sand-1024x576.jpg 1024w, https:\/\/berti.net\/wp-content\/uploads\/2024\/09\/berti-pavimenti-in-legno_parquet-rovere_essential-sand-300x169.jpg 300w, https:\/\/berti.net\/wp-content\/uploads\/2024\/09\/berti-pavimenti-in-legno_parquet-rovere_essential-sand-768x432.jpg 768w, https:\/\/berti.net\/wp-content\/uploads\/2024\/09\/berti-pavimenti-in-legno_parquet-rovere_essential-sand-1536x864.jpg 1536w, https:\/\/berti.net\/wp-content\/uploads\/2024\/09\/berti-pavimenti-in-legno_parquet-rovere_essential-sand.jpg 1928w\" sizes=\"auto, (max-width: 1024px) 100vw, 1024px\" \/><\/a><\/figure>\n<\/div>\n\n<div class=\"wp-block-group alignwide animated fadeIn has-base-color has-text-color has-link-color wp-elements-62bb7e35f304aaef7d5e7a8a7f6b0dfe has-global-padding is-layout-constrained wp-container-core-group-is-layout-e7f6fb82 wp-block-group-is-layout-constrained\" style=\"padding-top:0;padding-bottom:var(--wp--preset--spacing--90)\">\n<h3 class=\"wp-block-heading has-text-color has-l-48-font-size\" style=\"color:#000000;text-decoration:none\"><a href=\"https:\/\/www.berti.net\/fr\/parquet\/parquet-essential\/\">Parquet Essential<\/a><\/h3>\n\n\n\n<div class=\"wp-block-group has-global-padding is-layout-constrained wp-block-group-is-layout-constrained\">\n<p class=\"has-m-22-font-size\" style=\"line-height:1.5\"><a href=\"https:\/\/www.berti.net\/fr\/parquet\/parquet-essential\/\">La collection de parquets pr\u00e9finis Essential s&rsquo;adapte \u00e0 tous les types d&rsquo;environnement. Une gamme d&rsquo;essences de bois allant des plus recherch\u00e9es et prestigieuses comme le teck de Birmanie, le noyer dans ses variantes europ\u00e9ennes et am\u00e9ricaines, le doussi\u00e9 et l&rsquo;iroko jusqu&rsquo;au ch\u00eane europ\u00e9en dans des tons d\u00e9licats et mats. <\/a><\/p>\n\n\n\n<div class=\"wp-block-buttons is-layout-flex wp-block-buttons-is-layout-flex\" style=\"margin-top:var(--wp--preset--spacing--40)\">\n<div class=\"wp-block-button is-style-fill\"><a class=\"wp-block-button__link has-contrast-2-color has-base-background-color has-text-color has-background has-link-color wp-element-button\" href=\"https:\/\/www.berti.net\/fr\/parquet\/parquet-essential\/\" style=\"padding-top:15px;padding-right:30px;padding-bottom:15px;padding-left:30px\">D\u00e9couvrez les produits<\/a><\/div>\n<\/div>\n<\/div>\n<\/div>\n\n<div class=\"wp-block-group alignwide animated fadeIn has-global-padding is-layout-constrained wp-container-core-group-is-layout-d427c859 wp-block-group-is-layout-constrained\" style=\"margin-top:var(--wp--preset--spacing--50);margin-bottom:var(--wp--preset--spacing--50);padding-right:16px;padding-left:16px\">\n<figure class=\"wp-block-image size-large\"><a href=\"https:\/\/www.berti.net\/fr\/parquet\/parquet-countryside\/\"><img loading=\"lazy\" decoding=\"async\" width=\"1024\" height=\"576\" src=\"https:\/\/www.berti.net\/wp-content\/uploads\/2024\/09\/parquet-prefinito-rovere-spazzolato-countyside-1024x576.jpg\" alt=\"Parquet Countryside\" class=\"wp-image-592\" srcset=\"https:\/\/berti.net\/wp-content\/uploads\/2024\/09\/parquet-prefinito-rovere-spazzolato-countyside-1024x576.jpg 1024w, https:\/\/berti.net\/wp-content\/uploads\/2024\/09\/parquet-prefinito-rovere-spazzolato-countyside-300x169.jpg 300w, https:\/\/berti.net\/wp-content\/uploads\/2024\/09\/parquet-prefinito-rovere-spazzolato-countyside-768x432.jpg 768w, https:\/\/berti.net\/wp-content\/uploads\/2024\/09\/parquet-prefinito-rovere-spazzolato-countyside-1536x864.jpg 1536w, https:\/\/berti.net\/wp-content\/uploads\/2024\/09\/parquet-prefinito-rovere-spazzolato-countyside.jpg 1928w\" sizes=\"auto, (max-width: 1024px) 100vw, 1024px\" \/><\/a><\/figure>\n<\/div>\n\n<div class=\"wp-block-group alignwide animated fadeIn has-base-color has-text-color has-link-color wp-elements-64a086353e45d47b7893f818932da231 has-global-padding is-layout-constrained wp-container-core-group-is-layout-e7f6fb82 wp-block-group-is-layout-constrained\" style=\"padding-top:0;padding-bottom:var(--wp--preset--spacing--90)\">\n<h3 class=\"wp-block-heading has-text-color has-l-48-font-size\" style=\"color:#000000\"><a href=\"https:\/\/www.berti.net\/fr\/parquet\/parquet-countryside\/\">Parquet Countryside<\/a><\/h3>\n\n\n\n<div class=\"wp-block-group has-global-padding is-layout-constrained wp-block-group-is-layout-constrained\">\n<p class=\"has-m-22-font-size\" style=\"line-height:1.5\"><a href=\"https:\/\/www.berti.net\/fr\/parquet\/parquet-countryside\/\">Les planches de ch\u00eane pr\u00e9finies Countryside se caract\u00e9risent par des finitions et des traitements qui mettent en valeur le caract\u00e8re naturel du bois. Ch\u00eane teint\u00e9 de clair \u00e0 fonc\u00e9 pour un parquet shabby chic ou pour des meubles modernes avec de la personnalit\u00e9. <\/a><\/p>\n\n\n\n<div class=\"wp-block-buttons is-layout-flex wp-block-buttons-is-layout-flex\" style=\"margin-top:var(--wp--preset--spacing--40)\">\n<div class=\"wp-block-button is-style-fill\"><a class=\"wp-block-button__link has-contrast-2-color has-base-background-color has-text-color has-background has-link-color wp-element-button\" href=\"https:\/\/www.berti.net\/fr\/parquet\/parquet-countryside\/\" style=\"padding-top:15px;padding-right:30px;padding-bottom:15px;padding-left:30px\">D\u00e9couvrez les produits<\/a><\/div>\n<\/div>\n<\/div>\n<\/div>\n\n<div class=\"wp-block-group alignwide animated fadeIn has-global-padding is-layout-constrained wp-container-core-group-is-layout-d427c859 wp-block-group-is-layout-constrained\" style=\"margin-top:var(--wp--preset--spacing--50);margin-bottom:var(--wp--preset--spacing--50);padding-right:16px;padding-left:16px\">\n<figure class=\"wp-block-image size-large\"><a href=\"https:\/\/www.berti.net\/fr\/parquet\/collection-berti-studio\/\"><img loading=\"lazy\" decoding=\"async\" width=\"1024\" height=\"576\" src=\"https:\/\/www.berti.net\/wp-content\/uploads\/2024\/09\/berti-pavimenti-in-legno_parquet-rovere-greyish_berti-studio-1024x576.jpg\" alt=\"Parquet Berti Studio\" class=\"wp-image-594\" srcset=\"https:\/\/berti.net\/wp-content\/uploads\/2024\/09\/berti-pavimenti-in-legno_parquet-rovere-greyish_berti-studio-1024x576.jpg 1024w, https:\/\/berti.net\/wp-content\/uploads\/2024\/09\/berti-pavimenti-in-legno_parquet-rovere-greyish_berti-studio-300x169.jpg 300w, https:\/\/berti.net\/wp-content\/uploads\/2024\/09\/berti-pavimenti-in-legno_parquet-rovere-greyish_berti-studio-768x432.jpg 768w, https:\/\/berti.net\/wp-content\/uploads\/2024\/09\/berti-pavimenti-in-legno_parquet-rovere-greyish_berti-studio-1536x864.jpg 1536w, https:\/\/berti.net\/wp-content\/uploads\/2024\/09\/berti-pavimenti-in-legno_parquet-rovere-greyish_berti-studio.jpg 1928w\" sizes=\"auto, (max-width: 1024px) 100vw, 1024px\" \/><\/a><\/figure>\n<\/div>\n\n<div class=\"wp-block-group alignwide animated fadeIn has-base-color has-text-color has-link-color wp-elements-8011cb2a8d053fea3f6cf480d05a1d59 has-global-padding is-layout-constrained wp-container-core-group-is-layout-e7f6fb82 wp-block-group-is-layout-constrained\" style=\"padding-top:0;padding-bottom:var(--wp--preset--spacing--90)\">\n<h3 class=\"wp-block-heading has-text-color has-l-48-font-size\" style=\"color:#000000\"><a href=\"https:\/\/www.berti.net\/fr\/parquet\/collection-berti-studio\/\">Parquet Berti Studio<\/a><\/h3>\n\n\n\n<div class=\"wp-block-group has-global-padding is-layout-constrained wp-block-group-is-layout-constrained\">\n<p class=\"has-m-22-font-size\" style=\"line-height:1.5\"><a href=\"https:\/\/www.berti.net\/fr\/parquet\/collection-berti-studio\/\">Un style jeune et extraverti. Berti Studio est une gamme vivante et originale de parquets en ch\u00eane pr\u00e9finis avec laquelle le parquet se r\u00e9invente et devient un espace ouvert \u00e0 l&rsquo;exp\u00e9rimentation, au nouveau, \u00e0 l&rsquo;insolite. Pour un parquet qui devient une pi\u00e8ce unique et non reproductible, la collection Parquet Studio revendique un travail artisanal bas\u00e9 sur le savoir-faire de nos artisans.  <\/a><\/p>\n\n\n\n<div class=\"wp-block-buttons is-layout-flex wp-block-buttons-is-layout-flex\" style=\"margin-top:var(--wp--preset--spacing--40)\">\n<div class=\"wp-block-button is-style-fill\"><a class=\"wp-block-button__link has-contrast-2-color has-base-background-color has-text-color has-background has-link-color wp-element-button\" href=\"https:\/\/www.berti.net\/fr\/parquet\/collection-berti-studio\/\" style=\"padding-top:15px;padding-right:30px;padding-bottom:15px;padding-left:30px\">D\u00e9couvrez les produits<\/a><\/div>\n<\/div>\n<\/div>\n<\/div>\n\n<div class=\"wp-block-group alignwide animated fadeIn has-global-padding is-layout-constrained wp-container-core-group-is-layout-d427c859 wp-block-group-is-layout-constrained\" style=\"margin-top:var(--wp--preset--spacing--50);margin-bottom:var(--wp--preset--spacing--50);padding-right:16px;padding-left:16px\">\n<figure class=\"wp-block-image size-large\"><a href=\"https:\/\/www.berti.net\/parquet\/parquet-diesel-living\/\"><img loading=\"lazy\" decoding=\"async\" width=\"1024\" height=\"576\" src=\"https:\/\/www.berti.net\/wp-content\/uploads\/2024\/09\/berti-pavimenti-in-legno_parquet-rovere-black_diesel-1024x576.jpg\" alt=\"Diesel Living with Berti\" class=\"wp-image-595\" srcset=\"https:\/\/berti.net\/wp-content\/uploads\/2024\/09\/berti-pavimenti-in-legno_parquet-rovere-black_diesel-1024x576.jpg 1024w, https:\/\/berti.net\/wp-content\/uploads\/2024\/09\/berti-pavimenti-in-legno_parquet-rovere-black_diesel-300x169.jpg 300w, https:\/\/berti.net\/wp-content\/uploads\/2024\/09\/berti-pavimenti-in-legno_parquet-rovere-black_diesel-768x432.jpg 768w, https:\/\/berti.net\/wp-content\/uploads\/2024\/09\/berti-pavimenti-in-legno_parquet-rovere-black_diesel-1536x864.jpg 1536w, https:\/\/berti.net\/wp-content\/uploads\/2024\/09\/berti-pavimenti-in-legno_parquet-rovere-black_diesel.jpg 1928w\" sizes=\"auto, (max-width: 1024px) 100vw, 1024px\" \/><\/a><\/figure>\n<\/div>\n\n<div class=\"wp-block-group alignwide animated fadeIn has-base-color has-text-color has-link-color wp-elements-1dd724ed516cecacce39e8b436722f89 has-global-padding is-layout-constrained wp-container-core-group-is-layout-e7f6fb82 wp-block-group-is-layout-constrained\" style=\"padding-top:0;padding-bottom:var(--wp--preset--spacing--90)\">\n<h3 class=\"wp-block-heading has-text-color has-l-48-font-size\" style=\"color:#000000\"><a href=\"https:\/\/www.berti.net\/parquet\/parquet-diesel-living\/\">Diesel Living with Berti<\/a><\/h3>\n\n\n\n<div class=\"wp-block-group has-global-padding is-layout-constrained wp-block-group-is-layout-constrained\">\n<p class=\"has-m-22-font-size\" style=\"line-height:1.5\"><a href=\"https:\/\/www.berti.net\/parquet\/parquet-diesel-living\/\">En collaboration avec Diesel Living, Berti a con\u00e7u des sols en bois en partant de l&rsquo;id\u00e9e que la qualit\u00e9 de vie est d\u00e9termin\u00e9e par la passion, l&rsquo;exp\u00e9rience et les sentiments. La ligne Parquet Living with Berti propose une interpr\u00e9tation du parquet pr\u00e9fini sur une base en ch\u00eane avec un go\u00fbt contemporain distinct, avec des d\u00e9tails dans les nuances de couleur et les processus de traitement. Une proposition de parquet avec des formes contrast\u00e9es et des traitements sp\u00e9ciaux combin\u00e9s \u00e0 une recherche constante de go\u00fbt contemporain et vintage.  <\/a><\/p>\n\n\n\n<div class=\"wp-block-buttons is-layout-flex wp-block-buttons-is-layout-flex\" style=\"margin-top:var(--wp--preset--spacing--40)\">\n<div class=\"wp-block-button is-style-fill\"><a class=\"wp-block-button__link has-contrast-2-color has-base-background-color has-text-color has-background has-link-color wp-element-button\" href=\"https:\/\/www.berti.net\/parquet\/parquet-diesel-living\/\" style=\"padding-top:15px;padding-right:30px;padding-bottom:15px;padding-left:30px\">D\u00e9couvrez les produits<\/a><\/div>\n<\/div>\n<\/div>\n<\/div>\n\n<div class=\"wp-block-group alignwide animated fadeIn has-global-padding is-layout-constrained wp-container-core-group-is-layout-d427c859 wp-block-group-is-layout-constrained\" style=\"margin-top:var(--wp--preset--spacing--50);margin-bottom:var(--wp--preset--spacing--50);padding-right:16px;padding-left:16px\">\n<figure class=\"wp-block-image size-large\"><a href=\"https:\/\/www.berti.net\/fr\/parquet\/dalles-de-parquet-square-space\/\"><img loading=\"lazy\" decoding=\"async\" width=\"1024\" height=\"576\" src=\"https:\/\/www.berti.net\/wp-content\/uploads\/2024\/09\/berti-pavimenti-in-legno_star_intarsi-1024x576.jpg\" alt=\"Parquet Square Space\" class=\"wp-image-593\" srcset=\"https:\/\/berti.net\/wp-content\/uploads\/2024\/09\/berti-pavimenti-in-legno_star_intarsi-1024x576.jpg 1024w, https:\/\/berti.net\/wp-content\/uploads\/2024\/09\/berti-pavimenti-in-legno_star_intarsi-300x169.jpg 300w, https:\/\/berti.net\/wp-content\/uploads\/2024\/09\/berti-pavimenti-in-legno_star_intarsi-768x432.jpg 768w, https:\/\/berti.net\/wp-content\/uploads\/2024\/09\/berti-pavimenti-in-legno_star_intarsi-1536x864.jpg 1536w, https:\/\/berti.net\/wp-content\/uploads\/2024\/09\/berti-pavimenti-in-legno_star_intarsi.jpg 1928w\" sizes=\"auto, (max-width: 1024px) 100vw, 1024px\" \/><\/a><\/figure>\n<\/div>\n\n<div class=\"wp-block-group alignwide animated fadeIn has-base-color has-text-color has-link-color wp-elements-a0f3fbe8359bea4dd21ddf05d37405aa has-global-padding is-layout-constrained wp-container-core-group-is-layout-e7f6fb82 wp-block-group-is-layout-constrained\" style=\"padding-top:0;padding-bottom:var(--wp--preset--spacing--90)\">\n<h3 class=\"wp-block-heading has-text-color has-l-48-font-size\" style=\"color:#000000\"><a href=\"https:\/\/www.berti.net\/fr\/parquet\/dalles-de-parquet-square-space\/\">Parquet Square Space<\/a><\/h3>\n\n\n\n<div class=\"wp-block-group has-global-padding is-layout-constrained wp-block-group-is-layout-constrained\">\n<p class=\"has-m-22-font-size\" style=\"line-height:1.5\"><a href=\"https:\/\/www.berti.net\/fr\/parquet\/dalles-de-parquet-square-space\/\">La collection Square Space est d&rsquo;une beaut\u00e9 intemporelle, qu&rsquo;elle soit classique ou moderne. Ils jouent un r\u00f4le de premier plan dans l&rsquo;ameublement, car leur pr\u00e9sence donne de la chaleur et du charme aux pi\u00e8ces, les rendant confortables et accueillantes. Disponible en pr\u00e9fini et sur demande en bois massif.  <\/a><a href=\"https:\/\/www.berti.net\/fr\/parquet\/dalles-de-parquet-square-space\/\"><\/a><\/p>\n\n\n\n<div class=\"wp-block-buttons is-layout-flex wp-block-buttons-is-layout-flex\" style=\"margin-top:var(--wp--preset--spacing--40)\">\n<div class=\"wp-block-button is-style-fill\"><a class=\"wp-block-button__link has-contrast-2-color has-base-background-color has-text-color has-background has-link-color wp-element-button\" href=\"https:\/\/www.berti.net\/fr\/parquet\/dalles-de-parquet-square-space\/\" style=\"padding-top:15px;padding-right:30px;padding-bottom:15px;padding-left:30px\">D\u00e9couvrez les produits<\/a><\/div>\n<\/div>\n<\/div>\n<\/div>\n\n<div class=\"wp-block-group alignwide animated fadeIn has-global-padding is-layout-constrained wp-container-core-group-is-layout-d427c859 wp-block-group-is-layout-constrained\" style=\"margin-top:var(--wp--preset--spacing--50);margin-bottom:var(--wp--preset--spacing--50);padding-right:16px;padding-left:16px\">\n<figure class=\"wp-block-image size-large\"><img loading=\"lazy\" decoding=\"async\" width=\"1920\" height=\"1080\" src=\"https:\/\/www.berti.net\/wp-content\/uploads\/intarsi_emozionale-1920x1080.jpg\" alt=\"Marqueterie\" class=\"wp-image-22085\" srcset=\"https:\/\/berti.net\/wp-content\/uploads\/intarsi_emozionale-1920x1080.jpg 1920w, https:\/\/berti.net\/wp-content\/uploads\/intarsi_emozionale-812x457.jpg 812w, https:\/\/berti.net\/wp-content\/uploads\/intarsi_emozionale-768x432.jpg 768w, https:\/\/berti.net\/wp-content\/uploads\/intarsi_emozionale-1536x864.jpg 1536w, https:\/\/berti.net\/wp-content\/uploads\/intarsi_emozionale.jpg 1928w\" sizes=\"auto, (max-width: 1920px) 100vw, 1920px\" \/><\/figure>\n<\/div>\n\n<div class=\"wp-block-group alignwide animated fadeIn has-base-color has-text-color has-link-color wp-elements-32c2f46844ea5cfd94c585272c9ed47c has-global-padding is-layout-constrained wp-container-core-group-is-layout-e7f6fb82 wp-block-group-is-layout-constrained\" style=\"padding-top:0;padding-bottom:var(--wp--preset--spacing--90)\">\n<h3 class=\"wp-block-heading has-text-color has-l-48-font-size\" style=\"color:#000000\"><a href=\"https:\/\/www.berti.net\/fr\/parquet\/incrustations\/\">Marqueterie<\/a><\/h3>\n\n\n\n<div class=\"wp-block-group has-global-padding is-layout-constrained wp-block-group-is-layout-constrained\">\n<p class=\"has-m-22-font-size\" style=\"line-height:1.5\"><a href=\"https:\/\/www.berti.net\/fr\/parquet\/incrustations\/\">Les sols marquet\u00e9s de Berti sont des \u0153uvres d&rsquo;une grande valeur esth\u00e9tique, qui t\u00e9moignent de la mani\u00e8re dont l&rsquo;art ancien de la marqueterie de bois a retrouv\u00e9 toute sa splendeur gr\u00e2ce \u00e0 la technologie moderne.<\/a><\/p>\n\n\n\n<div class=\"wp-block-buttons is-layout-flex wp-block-buttons-is-layout-flex\" style=\"margin-top:var(--wp--preset--spacing--40)\">\n<div class=\"wp-block-button is-style-fill\"><a class=\"wp-block-button__link has-contrast-2-color has-base-background-color has-text-color has-background has-link-color wp-element-button\" href=\"https:\/\/www.berti.net\/fr\/parquet\/incrustations\/\" style=\"padding-top:15px;padding-right:30px;padding-bottom:15px;padding-left:30px\">D\u00e9couvrez les produits<\/a><\/div>\n<\/div>\n<\/div>\n<\/div>\n\n<div style=\"height:100px\" aria-hidden=\"true\" class=\"wp-block-spacer\"><\/div>\n\n<div class=\"wp-block-cover alignfull is-light estimate-request-content animated fadeIn\" style=\"margin-top:0\"><img decoding=\"async\" class=\"wp-block-cover__image-background\" alt=\"\" src=\"https:\/\/www.berti.net\/wp-content\/themes\/thombase\/public\/images\/estimateBanner.webp\" data-object-fit=\"cover\"\/><span aria-hidden=\"true\" class=\"wp-block-cover__background has-background-dim-0 has-background-dim\"><\/span><div class=\"wp-block-cover__inner-container has-global-padding is-layout-constrained wp-block-cover-is-layout-constrained\">\n<div id=\"estimate\" class=\"wp-block-group alignleft estimate-request-content-inner has-global-padding is-content-justification-left is-layout-constrained wp-container-core-group-is-layout-94054b8f wp-block-group-is-layout-constrained\">\n<h5 class=\"wp-block-heading\">Demandez un <strong>devis<\/strong>,<br\/>entrez dans le monde Berti<\/h5>\n\n\n\n<p style=\"line-height:1.5\">Remplissez le formulaire de demande de devis. Vous recevrez une r\u00e9ponse de notre \u00e9quipe dans les plus brefs d\u00e9lais.   <\/p>\n\n\n\n<div class=\"wp-block-buttons is-layout-flex wp-block-buttons-is-layout-flex\">\n<div class=\"wp-block-button is-style-link\"><a class=\"wp-block-button__link wp-element-button\" href=\"https:\/\/www.berti.net\/fr\/demander-un-devis\/\">POSEZ VOTRE CANDIDATURE D\u00c8S MAINTENANT<\/a><\/div>\n<\/div>\n<\/div>\n<\/div><\/div>\n","protected":false},"excerpt":{"rendered":"<p>D\u00e9couvrez toutes les collections Berti Pavimenti Legno: parquets et rev\u00eatements de sol en bois pr\u00e9finis, du ch\u00eane au noyer, du style contemporain aux incrustations les plus artistiques. Le bois est le mat\u00e9riau naturel par excellence : toujours pl\u00e9biscit\u00e9 comme mat\u00e9riau vivant, il est le choix du bien-\u00eatre. L&rsquo;\u00e9motion et la chaleur du bois naturel ne peuvent \u00eatre compar\u00e9es \u00e0 aucun [&hellip;]<\/p>\n","protected":false},"author":2,"featured_media":0,"parent":0,"menu_order":0,"comment_status":"closed","ping_status":"closed","template":"page-with-overlying-header","meta":{"footnotes":""},"class_list":["post-15085","page","type-page","status-publish","hentry"],"_links":{"self":[{"href":"https:\/\/berti.net\/fr\/wp-json\/wp\/v2\/pages\/15085","targetHints":{"allow":["GET"]}}],"collection":[{"href":"https:\/\/berti.net\/fr\/wp-json\/wp\/v2\/pages"}],"about":[{"href":"https:\/\/berti.net\/fr\/wp-json\/wp\/v2\/types\/page"}],"author":[{"embeddable":true,"href":"https:\/\/berti.net\/fr\/wp-json\/wp\/v2\/users\/2"}],"replies":[{"embeddable":true,"href":"https:\/\/berti.net\/fr\/wp-json\/wp\/v2\/comments?post=15085"}],"version-history":[{"count":6,"href":"https:\/\/berti.net\/fr\/wp-json\/wp\/v2\/pages\/15085\/revisions"}],"predecessor-version":[{"id":26022,"href":"https:\/\/berti.net\/fr\/wp-json\/wp\/v2\/pages\/15085\/revisions\/26022"}],"wp:attachment":[{"href":"https:\/\/berti.net\/fr\/wp-json\/wp\/v2\/media?parent=15085"}],"curies":[{"name":"wp","href":"https:\/\/api.w.org\/{rel}","templated":true}]}}