{"id":15075,"date":"2024-10-16T14:28:45","date_gmt":"2024-10-16T14:28:45","guid":{"rendered":"https:\/\/www.berti.net\/incrustations\/"},"modified":"2025-07-10T09:00:33","modified_gmt":"2025-07-10T09:00:33","slug":"incrustations","status":"publish","type":"page","link":"https:\/\/berti.net\/fr\/parquet\/incrustations\/","title":{"rendered":"Marqueterie"},"content":{"rendered":"\n<div class=\"wp-block-group alignfull hero-title-slider-pattern has-global-padding is-layout-constrained wp-block-group-is-layout-constrained\">\n<div class=\"wp-block-cover alignfull banner-hero has-aspect-ratio wp-duotone-unset-1\" style=\"padding-top:0px;padding-right:0;padding-bottom:0px;padding-left:0;min-height:516px;aspect-ratio:auto;min-height:unset;\"><img loading=\"lazy\" decoding=\"async\" width=\"1600\" height=\"1200\" class=\"wp-block-cover__image-background wp-image-233\" alt=\"\" src=\"https:\/\/www.berti.net\/wp-content\/uploads\/2024\/09\/Hero_1.jpg\" data-object-fit=\"cover\" srcset=\"https:\/\/berti.net\/wp-content\/uploads\/2024\/09\/Hero_1.jpg 1600w, https:\/\/berti.net\/wp-content\/uploads\/2024\/09\/Hero_1-300x225.jpg 300w, https:\/\/berti.net\/wp-content\/uploads\/2024\/09\/Hero_1-1024x768.jpg 1024w, https:\/\/berti.net\/wp-content\/uploads\/2024\/09\/Hero_1-768x576.jpg 768w, https:\/\/berti.net\/wp-content\/uploads\/2024\/09\/Hero_1-1536x1152.jpg 1536w\" sizes=\"auto, (max-width: 1600px) 100vw, 1600px\" \/><span aria-hidden=\"true\" class=\"wp-block-cover__background has-base-background-color has-background-dim\"><\/span><div class=\"wp-block-cover__inner-container is-layout-flow wp-block-cover-is-layout-flow\">\n<div class=\"wp-block-group banner-hero-content has-global-padding is-layout-constrained wp-container-core-group-is-layout-ebc48d2c wp-block-group-is-layout-constrained\" style=\"padding-bottom:var(--wp--preset--spacing--80)\">\n<div class=\"wp-block-group has-global-padding is-layout-constrained wp-container-core-group-is-layout-b831be90 wp-block-group-is-layout-constrained\">\n<h1 class=\"wp-block-heading has-text-align-center has-white-color has-text-color has-xxl-font-size\" style=\"letter-spacing:0px;line-height:1\">Collection Marqueterie<\/h1>\n<\/div>\n<\/div>\n<\/div><\/div>\n<\/div>\n\n\n\n<div class=\"wp-block-group alignwide has-global-padding is-layout-constrained wp-container-core-group-is-layout-92dded1c wp-block-group-is-layout-constrained\" style=\"margin-top:var(--wp--preset--spacing--120);margin-bottom:var(--wp--preset--spacing--120)\">\n<div class=\"wp-block-group title-text-indented-pattern has-global-padding is-layout-constrained wp-container-core-group-is-layout-a31aa551 wp-block-group-is-layout-constrained\">\n<h2 class=\"wp-block-heading animated fadeInUp has-text-color\" style=\"color:#000000\">Technologie laser et parquet : <strong>l&rsquo;art de l&rsquo;incrustation<\/strong><\/h2>\n\n\n\n<div class=\"wp-block-group animated fadeInUp has-global-padding is-layout-constrained wp-block-group-is-layout-constrained\">\n<p class=\"has-text-color has-m-22-font-size\" style=\"line-height:1.5\">En \u00e9tant la <strong>premi\u00e8re entreprise au monde<\/strong> \u00e0 appliquer la technologie laser aux sols en bois, <strong>Berti Pavimenti Legno<\/strong> est devenue une r\u00e9f\u00e9rence dans l&rsquo;art de l&rsquo;incrustation. Gr\u00e2ce \u00e0 cette innovation, Berti cr\u00e9e de v\u00e9ritables <strong>\u0153uvres d&rsquo;art en bois<\/strong>, alliant savoir-faire traditionnel et technologie de pointe. <\/p>\n\n\n\n<p class=\"has-text-color has-m-22-font-size\" style=\"line-height:1.5\">Nous collaborons avec les <strong>designers<\/strong> et <strong>architectes<\/strong> les plus renomm\u00e9s, mettant \u00e0 disposition notre d\u00e9partement technique pour concevoir et cr\u00e9er des sols en bois incrust\u00e9, des bordures d\u00e9coratives et des d\u00e9cors muraux originaux. Chaque cr\u00e9ation est unique et con\u00e7ue pour rehausser tout environnement avec style et \u00e9l\u00e9gance. <\/p>\n<\/div>\n<\/div>\n<\/div>\n\n\n\n<div class=\"wp-block-group alignwide animated fadeIn has-global-padding is-layout-constrained wp-container-core-group-is-layout-d427c859 wp-block-group-is-layout-constrained\" style=\"margin-top:var(--wp--preset--spacing--50);margin-bottom:var(--wp--preset--spacing--50);padding-right:16px;padding-left:16px\">\n<figure class=\"wp-block-image size-large\"><img loading=\"lazy\" decoding=\"async\" width=\"1920\" height=\"1080\" src=\"https:\/\/www.berti.net\/wp-content\/uploads\/parquet-bordure-intarsiate-africa-berti-1920x1080.jpg\" alt=\"\" class=\"wp-image-22071\" srcset=\"https:\/\/berti.net\/wp-content\/uploads\/parquet-bordure-intarsiate-africa-berti-1920x1080.jpg 1920w, https:\/\/berti.net\/wp-content\/uploads\/parquet-bordure-intarsiate-africa-berti-812x457.jpg 812w, https:\/\/berti.net\/wp-content\/uploads\/parquet-bordure-intarsiate-africa-berti-768x432.jpg 768w, https:\/\/berti.net\/wp-content\/uploads\/parquet-bordure-intarsiate-africa-berti-1536x864.jpg 1536w, https:\/\/berti.net\/wp-content\/uploads\/parquet-bordure-intarsiate-africa-berti.jpg 1928w\" sizes=\"auto, (max-width: 1920px) 100vw, 1920px\" \/><\/figure>\n<\/div>\n\n\n\n<div class=\"wp-block-group alignwide animated fadeIn has-base-color has-text-color has-link-color wp-elements-9a423dea74591574b0ac42a4c84ceb99 has-global-padding is-layout-constrained wp-container-core-group-is-layout-e7f6fb82 wp-block-group-is-layout-constrained\" style=\"padding-top:0;padding-bottom:var(--wp--preset--spacing--90)\">\n<h3 class=\"wp-block-heading has-text-color has-l-48-font-size\" style=\"color:#000000\">Marqueterie artistique<\/h3>\n\n\n\n<div class=\"wp-block-group has-global-padding is-layout-constrained wp-block-group-is-layout-constrained\">\n<p class=\"has-m-22-font-size\" style=\"line-height:1.5\"><a href=\"https:\/\/www.berti.net\/fr\/parquet\/incrustations\/incrustations-artistiques\/\">La technique de la<strong>marqueterie artistique<\/strong> permet de cr\u00e9er des parquets d\u00e9cor\u00e9s, des motifs centraux et des d\u00e9tails qui mettent en valeur des zones sp\u00e9cifiques d&rsquo;une pi\u00e8ce. Chaque d\u00e9coration est r\u00e9alis\u00e9e sur mesure pour r\u00e9pondre aux besoins esth\u00e9tiques et fonctionnels du client. <\/a><\/p>\n\n\n\n<div class=\"wp-block-buttons is-layout-flex wp-block-buttons-is-layout-flex\" style=\"margin-top:var(--wp--preset--spacing--40)\">\n<div class=\"wp-block-button is-style-fill\"><a class=\"wp-block-button__link has-contrast-2-color has-base-background-color has-text-color has-background has-link-color wp-element-button\" href=\"https:\/\/www.berti.net\/fr\/parquet\/incrustations\/incrustations-artistiques\/\" style=\"padding-top:15px;padding-right:30px;padding-bottom:15px;padding-left:30px\">En savoir plus sur nos incrustations artistiques<\/a><\/div>\n<\/div>\n<\/div>\n<\/div>\n\n\n\n<div class=\"wp-block-group alignwide animated fadeIn has-global-padding is-layout-constrained wp-container-core-group-is-layout-d427c859 wp-block-group-is-layout-constrained\" style=\"margin-top:var(--wp--preset--spacing--50);margin-bottom:var(--wp--preset--spacing--50);padding-right:16px;padding-left:16px\">\n<figure class=\"wp-block-image size-large\"><img loading=\"lazy\" decoding=\"async\" width=\"1920\" height=\"1080\" src=\"https:\/\/www.berti.net\/wp-content\/uploads\/parquet-intarsi-laser-dubai-berti-1920x1080.jpg\" alt=\"\" class=\"wp-image-22075\" srcset=\"https:\/\/berti.net\/wp-content\/uploads\/parquet-intarsi-laser-dubai-berti-1920x1080.jpg 1920w, https:\/\/berti.net\/wp-content\/uploads\/parquet-intarsi-laser-dubai-berti-812x457.jpg 812w, https:\/\/berti.net\/wp-content\/uploads\/parquet-intarsi-laser-dubai-berti-768x432.jpg 768w, https:\/\/berti.net\/wp-content\/uploads\/parquet-intarsi-laser-dubai-berti-1536x864.jpg 1536w, https:\/\/berti.net\/wp-content\/uploads\/parquet-intarsi-laser-dubai-berti.jpg 1928w\" sizes=\"auto, (max-width: 1920px) 100vw, 1920px\" \/><\/figure>\n<\/div>\n\n\n\n<div class=\"wp-block-group alignwide animated fadeIn has-base-color has-text-color has-link-color wp-elements-f3fdc331f757e4bd156b6dbaf76e3e0a has-global-padding is-layout-constrained wp-container-core-group-is-layout-e7f6fb82 wp-block-group-is-layout-constrained\" style=\"padding-top:0;padding-bottom:var(--wp--preset--spacing--90)\">\n<h3 class=\"wp-block-heading has-text-color has-l-48-font-size\" style=\"color:#000000\">Bordures incrust\u00e9es<\/h3>\n\n\n\n<div class=\"wp-block-group has-global-padding is-layout-constrained wp-block-group-is-layout-constrained\">\n<p class=\"has-m-22-font-size\" style=\"line-height:1.5\"><a href=\"https:\/\/www.berti.net\/fr\/parquet\/incrustations\/bordures-incrustees\/\">Les <strong>bordures marquet\u00e9es<\/strong> sont des bandes d\u00e9coratives con\u00e7ues avec des styles et des essences de bois du monde entier. Ces d\u00e9tails ornementaux ajoutent une touche de prestige aux sols, rendant chaque pi\u00e8ce unique et exclusive. <\/a><\/p>\n\n\n\n<div class=\"wp-block-buttons is-layout-flex wp-block-buttons-is-layout-flex\" style=\"margin-top:var(--wp--preset--spacing--40)\">\n<div class=\"wp-block-button is-style-fill\"><a class=\"wp-block-button__link has-contrast-2-color has-base-background-color has-text-color has-background has-link-color wp-element-button\" href=\"https:\/\/www.berti.net\/fr\/parquet\/incrustations\/bordures-incrustees\/\" style=\"padding-top:15px;padding-right:30px;padding-bottom:15px;padding-left:30px\">En savoir plus sur nos fronti\u00e8res<\/a><\/div>\n<\/div>\n<\/div>\n<\/div>\n\n\n\n<div class=\"wp-block-group is-style-default has-global-padding is-layout-constrained wp-block-group-is-layout-constrained\" style=\"margin-top:var(--wp--preset--spacing--60)\">\n<figure class=\"wp-block-embed aligncenter is-type-video is-provider-youtube wp-block-embed-youtube wp-embed-aspect-16-9 wp-has-aspect-ratio\"><div class=\"wp-block-embed__wrapper\">\n<iframe loading=\"lazy\" title=\"Parquets Intarsio par Berti : Motifs artistiques et technologie laser de pointe\" width=\"500\" height=\"281\" src=\"https:\/\/www.youtube.com\/embed\/Cq5UF1SV_v0?feature=oembed\" frameborder=\"0\" allow=\"accelerometer; autoplay; clipboard-write; encrypted-media; gyroscope; picture-in-picture; web-share\" referrerpolicy=\"strict-origin-when-cross-origin\" allowfullscreen><\/iframe>\n<\/div><\/figure>\n<\/div>\n\n\n\n<div style=\"height:100px\" aria-hidden=\"true\" class=\"wp-block-spacer\"><\/div>\n\n\n\n<div class=\"wp-block-cover alignfull is-light estimate-request-content animated fadeIn\" style=\"margin-top:0\"><img decoding=\"async\" class=\"wp-block-cover__image-background\" alt=\"\" src=\"https:\/\/www.berti.net\/wp-content\/themes\/thombase\/public\/images\/estimateBanner.webp\" data-object-fit=\"cover\"\/><span aria-hidden=\"true\" class=\"wp-block-cover__background has-background-dim-0 has-background-dim\"><\/span><div class=\"wp-block-cover__inner-container has-global-padding is-layout-constrained wp-block-cover-is-layout-constrained\">\n<div id=\"estimate\" class=\"wp-block-group alignleft estimate-request-content-inner has-global-padding is-content-justification-left is-layout-constrained wp-container-core-group-is-layout-94054b8f wp-block-group-is-layout-constrained\">\n<h5 class=\"wp-block-heading\">Demandez un <strong>devis<\/strong><br>entrez dans le monde Berti<\/h5>\n\n\n\n<p style=\"line-height:1.5\">Remplissez le formulaire de demande de devis. Vous recevrez une r\u00e9ponse de notre \u00e9quipe dans les plus brefs d\u00e9lais.   <\/p>\n\n\n\n<div class=\"wp-block-buttons is-layout-flex wp-block-buttons-is-layout-flex\">\n<div class=\"wp-block-button is-style-link\"><a class=\"wp-block-button__link wp-element-button\" href=\"https:\/\/www.berti.net\/fr\/demander-un-devis\/\">POSEZ VOTRE CANDIDATURE D\u00c8S MAINTENANT<\/a><\/div>\n<\/div>\n<\/div>\n<\/div><\/div>\n","protected":false},"excerpt":{"rendered":"<p>Technologie laser et parquet : l&rsquo;art de l&rsquo;incrustation En \u00e9tant la premi\u00e8re entreprise au monde \u00e0 appliquer la technologie laser aux sols en bois, Berti Pavimenti Legno est devenue une r\u00e9f\u00e9rence dans l&rsquo;art de l&rsquo;incrustation. Gr\u00e2ce \u00e0 cette innovation, Berti cr\u00e9e de v\u00e9ritables \u0153uvres d&rsquo;art en bois, alliant savoir-faire traditionnel et technologie de pointe. Nous collaborons avec les designers et [&hellip;]<\/p>\n","protected":false},"author":4,"featured_media":0,"parent":15085,"menu_order":0,"comment_status":"closed","ping_status":"closed","template":"page-with-overlying-header","meta":{"footnotes":""},"class_list":["post-15075","page","type-page","status-publish","hentry"],"_links":{"self":[{"href":"https:\/\/berti.net\/fr\/wp-json\/wp\/v2\/pages\/15075","targetHints":{"allow":["GET"]}}],"collection":[{"href":"https:\/\/berti.net\/fr\/wp-json\/wp\/v2\/pages"}],"about":[{"href":"https:\/\/berti.net\/fr\/wp-json\/wp\/v2\/types\/page"}],"author":[{"embeddable":true,"href":"https:\/\/berti.net\/fr\/wp-json\/wp\/v2\/users\/4"}],"replies":[{"embeddable":true,"href":"https:\/\/berti.net\/fr\/wp-json\/wp\/v2\/comments?post=15075"}],"version-history":[{"count":11,"href":"https:\/\/berti.net\/fr\/wp-json\/wp\/v2\/pages\/15075\/revisions"}],"predecessor-version":[{"id":25826,"href":"https:\/\/berti.net\/fr\/wp-json\/wp\/v2\/pages\/15075\/revisions\/25826"}],"up":[{"embeddable":true,"href":"https:\/\/berti.net\/fr\/wp-json\/wp\/v2\/pages\/15085"}],"wp:attachment":[{"href":"https:\/\/berti.net\/fr\/wp-json\/wp\/v2\/media?parent=15075"}],"curies":[{"name":"wp","href":"https:\/\/api.w.org\/{rel}","templated":true}]}}