{"id":14944,"date":"2024-09-12T13:20:20","date_gmt":"2024-09-12T13:20:20","guid":{"rendered":"https:\/\/www.berti.net\/telecharger\/"},"modified":"2025-05-16T10:05:06","modified_gmt":"2025-05-16T10:05:06","slug":"telecharger","status":"publish","type":"page","link":"https:\/\/berti.net\/fr\/telecharger\/","title":{"rendered":"T\u00e9l\u00e9charger"},"content":{"rendered":"\n<div class=\"wp-block-group alignfull hero-title-slider-pattern has-global-padding is-layout-constrained wp-block-group-is-layout-constrained\">\n<div class=\"wp-block-group banner-hero-content has-global-padding is-layout-constrained wp-container-core-group-is-layout-09a7d114 wp-block-group-is-layout-constrained\" style=\"margin-top:var(--wp--preset--spacing--70);margin-bottom:var(--wp--preset--spacing--30)\">\n<div class=\"wp-block-group is-style-container has-global-padding is-layout-constrained wp-container-core-group-is-layout-a816393c wp-block-group-is-layout-constrained\">\n<h1 class=\"wp-block-heading has-text-align-center has-xxl-font-size\" style=\"margin-bottom:16px;letter-spacing:0px;line-height:1\">Zone de t\u00e9l\u00e9chargement<\/h1>\n\n\n\n<p class=\"has-text-align-center has-m-22-font-size\" style=\"line-height:1.45\">Dans cette section, vous trouverez toutes les ressources n\u00e9cessaires pour en savoir plus sur le monde des sols Berti. <strong>Catalogues<\/strong>, <strong>fiches techniques<\/strong>, <strong>guides de pose<\/strong> et <strong>mat\u00e9riel d&rsquo;information<\/strong> sont \u00e0 votre disposition pour vous aider \u00e0 choisir la solution id\u00e9ale et \u00e0 conna\u00eetre les moindres d\u00e9tails de nos produits. T\u00e9l\u00e9chargez les documents dont vous avez besoin et d\u00e9couvrez l&rsquo;excellence et la qualit\u00e9 qui caract\u00e9risent les <strong>sols en bois Berti<\/strong>. <\/p>\n<\/div>\n<\/div>\n<\/div>\n\n<div class=\"wp-block-group is-style-container has-global-padding is-layout-constrained wp-block-group-is-layout-constrained\" style=\"margin-top:var(--wp--preset--spacing--60);margin-bottom:var(--wp--preset--spacing--60)\">\n<div class=\"wp-block-columns is-layout-flex wp-container-core-columns-is-layout-7fc3d43a wp-block-columns-is-layout-flex\">\n<div class=\"wp-block-column is-layout-flow wp-block-column-is-layout-flow\" style=\"flex-basis:33.34%\">\n<div class=\"wp-block-group is-style-default hover-border-item is-vertical is-content-justification-left is-nowrap is-layout-flex wp-container-core-group-is-layout-87328470 wp-block-group-is-layout-flex\">\n<div class=\"wp-block-group image-container has-global-padding is-layout-constrained wp-block-group-is-layout-constrained\">\n<figure class=\"wp-block-image size-large\"><a href=\"https:\/\/www.berti.net\/fr\/telecharger\/catalogues-et-cahiers-dexercices\/\"><img loading=\"lazy\" decoding=\"async\" width=\"1920\" height=\"1920\" src=\"https:\/\/www.berti.net\/wp-content\/uploads\/berti-pavimenti-in-legno_parquet-download-catalogo-1920x1920.jpg\" alt=\"\" class=\"wp-image-11420\" srcset=\"https:\/\/berti.net\/wp-content\/uploads\/berti-pavimenti-in-legno_parquet-download-catalogo-1920x1920.jpg 1920w, https:\/\/berti.net\/wp-content\/uploads\/berti-pavimenti-in-legno_parquet-download-catalogo-812x812.jpg 812w, https:\/\/berti.net\/wp-content\/uploads\/berti-pavimenti-in-legno_parquet-download-catalogo-406x406.jpg 406w, https:\/\/berti.net\/wp-content\/uploads\/berti-pavimenti-in-legno_parquet-download-catalogo-768x768.jpg 768w, https:\/\/berti.net\/wp-content\/uploads\/berti-pavimenti-in-legno_parquet-download-catalogo-1536x1536.jpg 1536w, https:\/\/berti.net\/wp-content\/uploads\/berti-pavimenti-in-legno_parquet-download-catalogo-2048x2048.jpg 2048w, https:\/\/berti.net\/wp-content\/uploads\/berti-pavimenti-in-legno_parquet-download-catalogo-300x300.jpg 300w, https:\/\/berti.net\/wp-content\/uploads\/berti-pavimenti-in-legno_parquet-download-catalogo-400x400.jpg 400w, https:\/\/berti.net\/wp-content\/uploads\/berti-pavimenti-in-legno_parquet-download-catalogo-600x600.jpg 600w\" sizes=\"auto, (max-width: 1920px) 100vw, 1920px\" \/><\/a><\/figure>\n<\/div>\n\n\n\n<div class=\"wp-block-group has-global-padding is-content-justification-left is-layout-constrained wp-container-core-group-is-layout-cc1c0e03 wp-block-group-is-layout-constrained\" style=\"padding-right:var(--wp--preset--spacing--10);padding-left:var(--wp--preset--spacing--10)\">\n<h2 class=\"wp-block-heading has-base-color has-text-color has-link-color has-m-22-font-size wp-elements-f3d80b3e8779825b7b0e09bf966b52c9\" style=\"text-decoration:none\"><a href=\"https:\/\/www.berti.net\/fr\/telecharger\/catalogues-et-cahiers-dexercices\/\">Catalogues et cahiers d&rsquo;exercices<\/a><\/h2>\n<\/div>\n<\/div>\n<\/div>\n\n\n\n<div class=\"wp-block-column is-layout-flow wp-block-column-is-layout-flow\" style=\"flex-basis:33.34%\">\n<div class=\"wp-block-group is-style-default hover-border-item is-vertical is-content-justification-left is-nowrap is-layout-flex wp-container-core-group-is-layout-87328470 wp-block-group-is-layout-flex\">\n<div class=\"wp-block-group image-container has-global-padding is-layout-constrained wp-block-group-is-layout-constrained\">\n<figure class=\"wp-block-image size-large\"><a href=\"https:\/\/www.berti.net\/fr\/telecharger\/fiches-techniques\/\"><img loading=\"lazy\" decoding=\"async\" width=\"1022\" height=\"1024\" src=\"https:\/\/www.berti.net\/wp-content\/uploads\/2024\/09\/download1-1022x1024.png\" alt=\"\" class=\"wp-image-100\" srcset=\"https:\/\/berti.net\/wp-content\/uploads\/2024\/09\/download1-1022x1024.png 1022w, https:\/\/berti.net\/wp-content\/uploads\/2024\/09\/download1-300x300.png 300w, https:\/\/berti.net\/wp-content\/uploads\/2024\/09\/download1-150x150.png 150w, https:\/\/berti.net\/wp-content\/uploads\/2024\/09\/download1-768x769.png 768w, https:\/\/berti.net\/wp-content\/uploads\/2024\/09\/download1.png 1066w\" sizes=\"auto, (max-width: 1022px) 100vw, 1022px\" \/><\/a><\/figure>\n<\/div>\n\n\n\n<div class=\"wp-block-group has-global-padding is-layout-constrained wp-container-core-group-is-layout-b13d32f8 wp-block-group-is-layout-constrained\" style=\"padding-right:var(--wp--preset--spacing--10);padding-left:var(--wp--preset--spacing--10)\">\n<h2 class=\"wp-block-heading has-text-align-left has-base-color has-text-color has-link-color has-m-22-font-size wp-elements-3f51683e8a7246b9c5db8bc8829e07e5\" style=\"text-decoration:none\"><a href=\"https:\/\/www.berti.net\/fr\/telecharger\/fiches-techniques\/\">Fiches techniques<\/a><\/h2>\n<\/div>\n<\/div>\n<\/div>\n\n\n\n<div class=\"wp-block-column is-layout-flow wp-block-column-is-layout-flow\" style=\"flex-basis:33.33%\">\n<div class=\"wp-block-group is-style-default hover-border-item is-vertical is-content-justification-left is-nowrap is-layout-flex wp-container-core-group-is-layout-87328470 wp-block-group-is-layout-flex\">\n<div class=\"wp-block-group image-container has-global-padding is-layout-constrained wp-block-group-is-layout-constrained\">\n<figure class=\"wp-block-image size-large\"><a href=\"https:\/\/www.berti.net\/fr\/telecharger\/dossier-de-presse\/\"><img loading=\"lazy\" decoding=\"async\" width=\"1022\" height=\"1024\" src=\"https:\/\/www.berti.net\/wp-content\/uploads\/2024\/09\/download2-1022x1024.png\" alt=\"\" class=\"wp-image-99\" srcset=\"https:\/\/berti.net\/wp-content\/uploads\/2024\/09\/download2-1022x1024.png 1022w, https:\/\/berti.net\/wp-content\/uploads\/2024\/09\/download2-300x300.png 300w, https:\/\/berti.net\/wp-content\/uploads\/2024\/09\/download2-150x150.png 150w, https:\/\/berti.net\/wp-content\/uploads\/2024\/09\/download2-768x769.png 768w, https:\/\/berti.net\/wp-content\/uploads\/2024\/09\/download2.png 1066w\" sizes=\"auto, (max-width: 1022px) 100vw, 1022px\" \/><\/a><\/figure>\n<\/div>\n\n\n\n<div class=\"wp-block-group has-global-padding is-layout-constrained wp-container-core-group-is-layout-b13d32f8 wp-block-group-is-layout-constrained\" style=\"padding-right:var(--wp--preset--spacing--10);padding-left:var(--wp--preset--spacing--10)\">\n<h2 class=\"wp-block-heading has-base-color has-text-color has-link-color has-m-22-font-size wp-elements-79618f1464ce5bdae6f76f6084f0926d\" style=\"text-decoration:none\"><a href=\"https:\/\/www.berti.net\/fr\/telecharger\/dossier-de-presse\/\">Dossier de presse<\/a><\/h2>\n<\/div>\n<\/div>\n<\/div>\n<\/div>\n<\/div>\n\n<div style=\"height:var(--wp--preset--spacing--80)\" aria-hidden=\"true\" class=\"wp-block-spacer\"><\/div>\n\n<div class=\"wp-block-cover alignfull is-light estimate-request-content\" style=\"margin-top:0\"><span aria-hidden=\"true\" class=\"wp-block-cover__background has-background-dim-0 has-background-dim\"><\/span><img decoding=\"async\" class=\"wp-block-cover__image-background\" alt=\"\" src=\"https:\/\/www.berti.net\/wp-content\/themes\/thombase\/public\/images\/estimateBanner.webp\" data-object-fit=\"cover\"\/><div class=\"wp-block-cover__inner-container has-global-padding is-layout-constrained wp-block-cover-is-layout-constrained\">\n<div id=\"estimate\" class=\"wp-block-group alignleft estimate-request-content-inner has-global-padding is-content-justification-left is-layout-constrained wp-container-core-group-is-layout-94054b8f wp-block-group-is-layout-constrained\">\n<h5 class=\"wp-block-heading\">Demandez un <strong>devis<\/strong><br\/>entrez dans le monde Berti<\/h5>\n\n\n\n<p>Remplissez le formulaire pour demander une devis.  <br\/>Vous recevrez une r\u00e9ponse de notre personnel dans les plus brefs d\u00e9lais.<\/p>\n\n\n\n<div class=\"wp-block-buttons is-layout-flex wp-block-buttons-is-layout-flex\">\n<div class=\"wp-block-button is-style-link\"><a class=\"wp-block-button__link wp-element-button\" href=\"https:\/\/www.berti.net\/fr\/demander-un-devis\/\">POSEZ VOTRE CANDIDATURE D\u00c8S MAINTENANT<\/a><\/div>\n<\/div>\n<\/div>\n<\/div><\/div>\n","protected":false},"excerpt":{"rendered":"<p>Zone de t\u00e9l\u00e9chargement Dans cette section, vous trouverez toutes les ressources n\u00e9cessaires pour en savoir plus sur le monde des sols Berti. Catalogues, fiches techniques, guides de pose et mat\u00e9riel d&rsquo;information sont \u00e0 votre disposition pour vous aider \u00e0 choisir la solution id\u00e9ale et \u00e0 conna\u00eetre les moindres d\u00e9tails de nos produits. T\u00e9l\u00e9chargez les documents dont vous avez besoin et [&hellip;]<\/p>\n","protected":false},"author":2,"featured_media":0,"parent":0,"menu_order":0,"comment_status":"closed","ping_status":"closed","template":"","meta":{"footnotes":""},"class_list":["post-14944","page","type-page","status-publish","hentry"],"_links":{"self":[{"href":"https:\/\/berti.net\/fr\/wp-json\/wp\/v2\/pages\/14944","targetHints":{"allow":["GET"]}}],"collection":[{"href":"https:\/\/berti.net\/fr\/wp-json\/wp\/v2\/pages"}],"about":[{"href":"https:\/\/berti.net\/fr\/wp-json\/wp\/v2\/types\/page"}],"author":[{"embeddable":true,"href":"https:\/\/berti.net\/fr\/wp-json\/wp\/v2\/users\/2"}],"replies":[{"embeddable":true,"href":"https:\/\/berti.net\/fr\/wp-json\/wp\/v2\/comments?post=14944"}],"version-history":[{"count":4,"href":"https:\/\/berti.net\/fr\/wp-json\/wp\/v2\/pages\/14944\/revisions"}],"predecessor-version":[{"id":18639,"href":"https:\/\/berti.net\/fr\/wp-json\/wp\/v2\/pages\/14944\/revisions\/18639"}],"wp:attachment":[{"href":"https:\/\/berti.net\/fr\/wp-json\/wp\/v2\/media?parent=14944"}],"curies":[{"name":"wp","href":"https:\/\/api.w.org\/{rel}","templated":true}]}}