{"id":14936,"date":"2024-09-12T13:23:29","date_gmt":"2024-09-12T13:23:29","guid":{"rendered":"https:\/\/www.berti.net\/catalogues-et-cahiers-dexercices\/"},"modified":"2025-12-04T10:58:47","modified_gmt":"2025-12-04T10:58:47","slug":"catalogues-et-cahiers-dexercices","status":"publish","type":"page","link":"https:\/\/berti.net\/fr\/telecharger\/catalogues-et-cahiers-dexercices\/","title":{"rendered":"Catalogues et cahiers d&rsquo;exercices"},"content":{"rendered":"\n<div class=\"wp-block-group alignfull hero-title-slider-pattern has-global-padding is-layout-constrained wp-block-group-is-layout-constrained\">\n<div class=\"wp-block-group banner-hero-content has-global-padding is-layout-constrained wp-container-core-group-is-layout-09a7d114 wp-block-group-is-layout-constrained\" style=\"margin-top:var(--wp--preset--spacing--70);margin-bottom:var(--wp--preset--spacing--30)\">\n<div class=\"wp-block-group is-style-container has-global-padding is-layout-constrained wp-container-core-group-is-layout-a816393c wp-block-group-is-layout-constrained\">\n<h1 class=\"wp-block-heading has-text-align-center has-xxl-font-size\" style=\"margin-bottom:16px;letter-spacing:0px;line-height:1\">Catalogues et cahiers d&rsquo;exercices<\/h1>\n\n\n\n<p class=\"has-text-align-center has-base-color has-text-color has-link-color has-xxs-font-size wp-elements-a361efdddc0103f3ccc96d70815319b9\" style=\"margin-top:var(--wp--preset--spacing--30);line-height:1.45;text-decoration:none\">\n                <a href=\"https:\/\/www.berti.net\/fr\/telecharger\/\">Retour \u00e0 la liste<\/a>\n            <\/p>\n<\/div>\n<\/div>\n<\/div>\n\n<div class=\"wp-block-group is-style-container has-global-padding is-layout-constrained wp-block-group-is-layout-constrained\" style=\"margin-top:var(--wp--preset--spacing--90);margin-bottom:var(--wp--preset--spacing--90)\">\n<div class=\"wp-block-columns is-layout-flex wp-container-core-columns-is-layout-cf05694f wp-block-columns-is-layout-flex\">\n<div class=\"wp-block-column is-layout-flow wp-block-column-is-layout-flow\" style=\"flex-basis:30%\">\n<div class=\"wp-block-group has-base-color has-text-color has-link-color has-m-font-size wp-elements-a047e70b0a561c3c83b17e5b25c466e2 is-vertical is-nowrap is-layout-flex wp-container-core-group-is-layout-6fe931d8 wp-block-group-is-layout-flex\" style=\"border-top-color:var(--wp--preset--color--base);border-top-width:2px\"><ul class=\"wp-block-page-list has-m-font-size\"><li class=\"wp-block-pages-list__item\"><a class=\"wp-block-pages-list__item__link\" href=\"https:\/\/berti.net\/fr\/telecharger\/catalogues-et-cahiers-dexercices\/\">Catalogues et cahiers d&rsquo;exercices<\/a><\/li><li class=\"wp-block-pages-list__item\"><a class=\"wp-block-pages-list__item__link\" href=\"https:\/\/berti.net\/fr\/telecharger\/dossier-de-presse\/\">Dossier de presse<\/a><\/li><li class=\"wp-block-pages-list__item\"><a class=\"wp-block-pages-list__item__link\" href=\"https:\/\/berti.net\/fr\/telecharger\/fiches-techniques\/\">Fiches techniques<\/a><\/li><\/ul><\/div>\n<\/div>\n\n\n\n<div class=\"wp-block-column is-layout-flow wp-block-column-is-layout-flow\" style=\"flex-basis:70%\">\n<div class=\"wp-block-group thom-download-list has-s-font-size has-global-padding is-layout-constrained wp-block-group-is-layout-constrained\" style=\"line-height:1.5\">\n<div class=\"wp-block-group has-body-font-family has-s-font-size is-layout-flex wp-container-core-group-is-layout-a671d2dd wp-block-group-is-layout-flex\" style=\"border-top-color:var(--wp--preset--color--base);border-top-width:1px;border-bottom-color:var(--wp--preset--color--base);border-bottom-width:1px;margin-top:0;margin-bottom:0;padding-top:20px;padding-right:46px;padding-bottom:20px;padding-left:var(--wp--preset--spacing--10)\">\n<h6 class=\"wp-block-heading has-body-font-family has-s-font-size\"><strong>Monographie Berti<\/strong><\/h6>\n\n\n\n<p class=\"has-s-font-size wp-container-content-9cfa9a5a\">Profil de l&rsquo;entreprise<\/p>\n\n\n\n<div class=\"wp-block-file icon-download has-link-color\"><a id=\"wp-block-file--media-6333137a-85f4-44e7-a861-7d2819de962a\" href=\"https:\/\/www.berti.net\/wp-content\/uploads\/berti-monografia-INT-2023-01_web.pdf\" target=\"_blank\" rel=\"noreferrer noopener\">berti-monografia-INT-2023-01_web<\/a><a href=\"https:\/\/www.berti.net\/wp-content\/uploads\/berti-monografia-INT-2023-01_web.pdf\" class=\"wp-block-file__button wp-element-button\" download=\"\" aria-describedby=\"wp-block-file--media-6333137a-85f4-44e7-a861-7d2819de962a\">T\u00e9l\u00e9charger<\/a><\/div>\n<\/div>\n\n\n\n<div class=\"wp-block-group is-layout-flex wp-container-core-group-is-layout-ae06bbc4 wp-block-group-is-layout-flex\" style=\"border-bottom-color:var(--wp--preset--color--base);border-bottom-width:1px;margin-top:0;margin-bottom:0;padding-top:20px;padding-right:46px;padding-bottom:20px;padding-left:var(--wp--preset--spacing--10)\">\n<h6 class=\"wp-block-heading has-body-font-family has-s-font-size\"><strong>I-Wood<\/strong><\/h6>\n\n\n\n<p class=\"wp-container-content-9cfa9a5a\">Collection de bardages en bois<\/p>\n\n\n\n<div class=\"wp-block-file icon-download has-link-color\"><a id=\"wp-block-file--media-38081e75-acfd-4904-8df2-7fa14399992b\" href=\"https:\/\/www.berti.net\/wp-content\/uploads\/2024\/10\/berti_I-Wood_catalogo-web_02-112022-1.pdf\" target=\"_blank\" rel=\"noreferrer noopener\">berti_I-Wood_catalogo-web_02-112022-1<\/a><a href=\"https:\/\/www.berti.net\/wp-content\/uploads\/2024\/10\/berti_I-Wood_catalogo-web_02-112022-1.pdf\" class=\"wp-block-file__button wp-element-button\" download=\"\" aria-describedby=\"wp-block-file--media-38081e75-acfd-4904-8df2-7fa14399992b\">T\u00e9l\u00e9charger<\/a><\/div>\n<\/div>\n\n\n\n<div class=\"wp-block-group is-layout-flex wp-container-core-group-is-layout-ae06bbc4 wp-block-group-is-layout-flex\" style=\"border-bottom-color:var(--wp--preset--color--base);border-bottom-width:1px;margin-top:0;margin-bottom:0;padding-top:20px;padding-right:46px;padding-bottom:20px;padding-left:var(--wp--preset--spacing--10)\">\n<h6 class=\"wp-block-heading has-body-font-family has-s-font-size\"><strong>Catalogue Parquet Pr\u00e9fini<\/strong><\/h6>\n\n\n\n<p class=\"wp-container-content-9cfa9a5a\">Collection Berti et Berti Studio<\/p>\n\n\n\n<div class=\"wp-block-file icon-download has-link-color\"><a id=\"wp-block-file--media-1e602347-77f6-437e-96ef-1ee736a5d201\" href=\"https:\/\/www.berti.net\/wp-content\/uploads\/2024\/10\/berti-parquet-catalogo-prefiniti_2022.pdf\" target=\"_blank\" rel=\"noreferrer noopener\">berti-parquet-catalogue-prefiniti_2022<\/a><a href=\"https:\/\/www.berti.net\/wp-content\/uploads\/2024\/10\/berti-parquet-catalogo-prefiniti_2022.pdf\" class=\"wp-block-file__button wp-element-button\" download=\"\" aria-describedby=\"wp-block-file--media-1e602347-77f6-437e-96ef-1ee736a5d201\">T\u00e9l\u00e9charger<\/a><\/div>\n<\/div>\n\n\n\n<div class=\"wp-block-group is-layout-flex wp-container-core-group-is-layout-ae06bbc4 wp-block-group-is-layout-flex\" style=\"border-bottom-color:var(--wp--preset--color--base);border-bottom-width:1px;margin-top:0;margin-bottom:0;padding-top:20px;padding-right:46px;padding-bottom:20px;padding-left:var(--wp--preset--spacing--10)\">\n<h6 class=\"wp-block-heading has-body-font-family has-s-font-size\"><strong>Catalogue Square Space<\/strong><\/h6>\n\n\n\n<p class=\"wp-container-content-9cfa9a5a\">Dalles de parquet<\/p>\n\n\n\n<div class=\"wp-block-file icon-download has-link-color\"><a id=\"wp-block-file--media-facac459-f69d-4728-b56f-2d2f2ee962e8\" href=\"https:\/\/www.berti.net\/wp-content\/uploads\/2024\/10\/catalogo_quadrotte-squarespace_01-2022.pdf\" target=\"_blank\" rel=\"noreferrer noopener\">Dalles de parquet<\/a><a href=\"https:\/\/www.berti.net\/wp-content\/uploads\/2024\/10\/catalogo_quadrotte-squarespace_01-2022.pdf\" class=\"wp-block-file__button wp-element-button\" download=\"\" aria-describedby=\"wp-block-file--media-facac459-f69d-4728-b56f-2d2f2ee962e8\">T\u00e9l\u00e9charger<\/a><\/div>\n<\/div>\n\n\n\n<div class=\"wp-block-group is-layout-flex wp-container-core-group-is-layout-ae06bbc4 wp-block-group-is-layout-flex\" style=\"border-bottom-color:var(--wp--preset--color--base);border-bottom-width:1px;margin-top:0;margin-bottom:0;padding-top:20px;padding-right:46px;padding-bottom:20px;padding-left:var(--wp--preset--spacing--10)\">\n<h6 class=\"wp-block-heading has-body-font-family has-s-font-size\"><strong>Marqueteries et frises marquet\u00e9es<\/strong><\/h6>\n\n\n\n<p class=\"wp-container-content-9cfa9a5a\">Catalogue<\/p>\n\n\n\n<div class=\"wp-block-file icon-download has-link-color\"><a id=\"wp-block-file--media-9907f995-c55a-4b5f-93c9-bb964406da7f\" href=\"https:\/\/www.berti.net\/wp-content\/uploads\/catalogo_berti_intarsi.pdf\" target=\"_blank\" rel=\"noreferrer noopener\">catalogue_berti_intarsi<\/a><a href=\"https:\/\/www.berti.net\/wp-content\/uploads\/catalogo_berti_intarsi.pdf\" class=\"wp-block-file__button wp-element-button\" download=\"\" aria-describedby=\"wp-block-file--media-9907f995-c55a-4b5f-93c9-bb964406da7f\">T\u00e9l\u00e9charger<\/a><\/div>\n<\/div>\n\n\n\n<div class=\"wp-block-group is-layout-flex wp-container-core-group-is-layout-ae06bbc4 wp-block-group-is-layout-flex\" style=\"border-bottom-color:var(--wp--preset--color--base);border-bottom-width:1px;margin-top:0;margin-bottom:0;padding-top:20px;padding-right:46px;padding-bottom:20px;padding-left:var(--wp--preset--spacing--10)\">\n<h6 class=\"wp-block-heading has-body-font-family has-s-font-size\"><strong>Diesel Living with Berti<\/strong><\/h6>\n\n\n\n<p class=\"wp-container-content-9cfa9a5a\">Catalogue<\/p>\n\n\n\n<div class=\"wp-block-file icon-download has-link-color\"><a id=\"wp-block-file--media-da250af5-daf3-4271-9cb6-9a9598a958cb\" href=\"https:\/\/www.berti.net\/wp-content\/uploads\/DIESEL-2025-BERTI-PAVIMENTI-CATALOGO-41225.pdf\" target=\"_blank\" rel=\"noreferrer noopener\">DIESEL-2025-BERTI-PAVIMENTI-CATALOGUE-41225<\/a><a href=\"https:\/\/www.berti.net\/wp-content\/uploads\/DIESEL-2025-BERTI-PAVIMENTI-CATALOGO-41225.pdf\" class=\"wp-block-file__button wp-element-button\" download=\"\" aria-describedby=\"wp-block-file--media-da250af5-daf3-4271-9cb6-9a9598a958cb\">T\u00e9l\u00e9charger<\/a><\/div>\n<\/div>\n\n\n\n<div class=\"wp-block-group is-layout-flex wp-container-core-group-is-layout-ae06bbc4 wp-block-group-is-layout-flex\" style=\"border-bottom-color:var(--wp--preset--color--base);border-bottom-width:1px;margin-top:0;margin-bottom:0;padding-top:20px;padding-right:46px;padding-bottom:20px;padding-left:var(--wp--preset--spacing--10)\">\n<h6 class=\"wp-block-heading has-body-font-family has-s-font-size\"><strong>Sol de la salle de bains<\/strong><\/h6>\n\n\n\n<p class=\"wp-container-content-9cfa9a5a\">Pliable<\/p>\n\n\n\n<div class=\"wp-block-file icon-download has-link-color\"><a id=\"wp-block-file--media-01bc97b8-8e2c-48bb-a074-9954fbc156d4\" href=\"https:\/\/www.berti.net\/wp-content\/uploads\/2024\/10\/berti_pavimenti-legno_parquet_piano-bagno_catalogo.pdf\" target=\"_blank\" rel=\"noreferrer noopener\">berti_floors-wood_parquet_bathroom_catalogue<\/a><a href=\"https:\/\/www.berti.net\/wp-content\/uploads\/2024\/10\/berti_pavimenti-legno_parquet_piano-bagno_catalogo.pdf\" class=\"wp-block-file__button wp-element-button\" download=\"\" aria-describedby=\"wp-block-file--media-01bc97b8-8e2c-48bb-a074-9954fbc156d4\">T\u00e9l\u00e9charger<\/a><\/div>\n<\/div>\n\n\n\n<div class=\"wp-block-group is-layout-flex wp-container-core-group-is-layout-ae06bbc4 wp-block-group-is-layout-flex\" style=\"border-bottom-color:var(--wp--preset--color--base);border-bottom-width:1px;margin-top:0;margin-bottom:0;padding-top:20px;padding-right:46px;padding-bottom:20px;padding-left:var(--wp--preset--spacing--10)\">\n<h6 class=\"wp-block-heading has-body-font-family has-s-font-size\"><strong>Profil de r\u00e9f\u00e9rence<\/strong><\/h6>\n\n\n\n<p class=\"wp-container-content-9cfa9a5a\">Cahier d&rsquo;exercices<\/p>\n\n\n\n<div class=\"wp-block-file icon-download has-link-color\"><a id=\"wp-block-file--media-7a723491-c09a-4767-a6ce-ffe39d6bea18\" href=\"https:\/\/www.berti.net\/wp-content\/uploads\/berti_pavimenti-legno_parquet_reference-profile-IT.pdf\" target=\"_blank\" rel=\"noreferrer noopener\">berti_pavimenti-legno_parquet_reference-profile-FR<\/a><a href=\"https:\/\/www.berti.net\/wp-content\/uploads\/berti_pavimenti-legno_parquet_reference-profile-IT.pdf\" class=\"wp-block-file__button wp-element-button\" download=\"\" aria-describedby=\"wp-block-file--media-7a723491-c09a-4767-a6ce-ffe39d6bea18\">T\u00e9l\u00e9charger<\/a><\/div>\n<\/div>\n\n\n\n<div class=\"wp-block-group is-layout-flex wp-container-core-group-is-layout-ae06bbc4 wp-block-group-is-layout-flex\" style=\"border-bottom-color:var(--wp--preset--color--base);border-bottom-width:1px;margin-top:0;margin-bottom:0;padding-top:20px;padding-right:46px;padding-bottom:20px;padding-left:var(--wp--preset--spacing--10)\">\n<h6 class=\"wp-block-heading has-body-font-family has-s-font-size\"><strong>Peinture antibact\u00e9rienne Silver Protector<\/strong><\/h6>\n\n\n\n<p class=\"wp-container-content-9cfa9a5a\">Cahier d&rsquo;exercices<\/p>\n\n\n\n<div class=\"wp-block-file icon-download has-link-color\"><a id=\"wp-block-file--media-774901ea-896b-48e9-a97e-1c4dcf6278b4\" href=\"https:\/\/www.berti.net\/wp-content\/uploads\/berti_pavimenti-legno_parquet_silver-protector.pdf\" target=\"_blank\" rel=\"noreferrer noopener\">berti_floors-wood_parquet_silver-protector<\/a><a href=\"https:\/\/www.berti.net\/wp-content\/uploads\/berti_pavimenti-legno_parquet_silver-protector.pdf\" class=\"wp-block-file__button wp-element-button\" download=\"\" aria-describedby=\"wp-block-file--media-774901ea-896b-48e9-a97e-1c4dcf6278b4\">T\u00e9l\u00e9charger<\/a><\/div>\n<\/div>\n\n\n\n<div class=\"wp-block-group is-layout-flex wp-container-core-group-is-layout-ae06bbc4 wp-block-group-is-layout-flex\" style=\"border-bottom-color:var(--wp--preset--color--base);border-bottom-width:1px;margin-top:0;margin-bottom:0;padding-top:20px;padding-right:46px;padding-bottom:20px;padding-left:var(--wp--preset--spacing--10)\">\n<h6 class=\"wp-block-heading has-body-font-family has-s-font-size\"><strong>Faq Berti<\/strong><span class=\"bt-download-list__item--text\" style=\"box-sizing: border-box; font-size: 18px; font-stretch: normal; line-height: 30px; color: rgb(51, 51, 51); font-family: Karla; white-space-collapse: collapse; background-color: rgb(255, 255, 255);\"><\/span><\/h6>\n\n\n\n<p class=\"wp-container-content-9cfa9a5a\">Cahier d&rsquo;exercices<\/p>\n\n\n\n<div class=\"wp-block-file icon-download has-link-color\"><a id=\"wp-block-file--media-634938bd-267d-40fb-af3d-7f8d44f9fc4f\" href=\"https:\/\/www.berti.net\/wp-content\/uploads\/BERTI-PAVIMENTI-LEGNO-FAQ_ITA.pdf\" target=\"_blank\" rel=\"noreferrer noopener\">BERTI-SOLS-BOIS-FAQ_ITA<\/a><a href=\"https:\/\/www.berti.net\/wp-content\/uploads\/BERTI-PAVIMENTI-LEGNO-FAQ_ITA.pdf\" class=\"wp-block-file__button wp-element-button\" download=\"\" aria-describedby=\"wp-block-file--media-634938bd-267d-40fb-af3d-7f8d44f9fc4f\">T\u00e9l\u00e9charger<\/a><\/div>\n<\/div>\n\n\n\n<div class=\"wp-block-group is-layout-flex wp-container-core-group-is-layout-ae06bbc4 wp-block-group-is-layout-flex\" style=\"border-bottom-color:var(--wp--preset--color--base);border-bottom-width:1px;margin-top:0;margin-bottom:0;padding-top:20px;padding-right:46px;padding-bottom:20px;padding-left:var(--wp--preset--spacing--10)\">\n<h6 class=\"wp-block-heading has-body-font-family has-s-font-size\"><strong>Exp\u00e9rience d&rsquo;achat<\/strong><span class=\"bt-download-list__item--text\" style=\"box-sizing: border-box; font-size: 18px; font-stretch: normal; line-height: 30px; color: rgb(51, 51, 51); font-family: Karla; white-space-collapse: collapse; background-color: rgb(255, 255, 255);\"><\/span><\/h6>\n\n\n\n<p class=\"wp-container-content-9cfa9a5a\">Livre de travail<\/p>\n\n\n\n<div class=\"wp-block-file icon-download has-link-color\"><a id=\"wp-block-file--media-55078655-845e-4a6c-a35b-dd8fe58bd2e1\" href=\"https:\/\/www.berti.net\/wp-content\/uploads\/2024\/11\/shopping-experience-082023-IT.pdf\" target=\"_blank\" rel=\"noreferrer noopener\">shopping-experience-082023-IT<\/a><a href=\"https:\/\/www.berti.net\/wp-content\/uploads\/2024\/11\/shopping-experience-082023-IT.pdf\" class=\"wp-block-file__button wp-element-button\" download=\"\" aria-describedby=\"wp-block-file--media-55078655-845e-4a6c-a35b-dd8fe58bd2e1\">T\u00e9l\u00e9charger<\/a><\/div>\n<\/div>\n<\/div>\n<\/div>\n<\/div>\n<\/div>\n\n<div style=\"height:var(--wp--preset--spacing--80)\" aria-hidden=\"true\" class=\"wp-block-spacer\"><\/div>\n\n<div class=\"wp-block-cover alignfull is-light estimate-request-content\" style=\"margin-top:0\"><img decoding=\"async\" class=\"wp-block-cover__image-background\" alt=\"\" src=\"https:\/\/www.berti.net\/wp-content\/themes\/thombase\/public\/images\/estimateBanner.webp\" data-object-fit=\"cover\"\/><span aria-hidden=\"true\" class=\"wp-block-cover__background has-background-dim-0 has-background-dim\"><\/span><div class=\"wp-block-cover__inner-container has-global-padding is-layout-constrained wp-block-cover-is-layout-constrained\">\n<div id=\"estimate\" class=\"wp-block-group alignleft estimate-request-content-inner has-global-padding is-content-justification-left is-layout-constrained wp-container-core-group-is-layout-94054b8f wp-block-group-is-layout-constrained\">\n<h5 class=\"wp-block-heading\">Demandez un <strong>devis<\/strong>,<br\/>entrez dans le monde Berti<\/h5>\n\n\n\n<p>Remplissez le formulaire pour demander un devis.  <br\/>Vous recevrez une r\u00e9ponse de notre personnel dans les plus brefs d\u00e9lais.<\/p>\n\n\n\n<div class=\"wp-block-buttons is-layout-flex wp-block-buttons-is-layout-flex\">\n<div class=\"wp-block-button is-style-link\"><a class=\"wp-block-button__link wp-element-button\" href=\"https:\/\/www.berti.net\/fr\/demander-un-devis\/\">POSEZ VOTRE CANDIDATURE D\u00c8S MAINTENANT<\/a><\/div>\n<\/div>\n<\/div>\n<\/div><\/div>\n","protected":false},"excerpt":{"rendered":"<p>Catalogues et cahiers d&rsquo;exercices Retour \u00e0 la liste Monographie Berti Profil de l&rsquo;entreprise I-Wood Collection de bardages en bois Catalogue Parquet Pr\u00e9fini Collection Berti et Berti Studio Catalogue Square Space Dalles de parquet Marqueteries et frises marquet\u00e9es Catalogue Diesel Living with Berti Catalogue Sol de la salle de bains Pliable Profil de r\u00e9f\u00e9rence Cahier d&rsquo;exercices Peinture antibact\u00e9rienne Silver Protector Cahier [&hellip;]<\/p>\n","protected":false},"author":2,"featured_media":0,"parent":14944,"menu_order":0,"comment_status":"closed","ping_status":"closed","template":"","meta":{"footnotes":""},"class_list":["post-14936","page","type-page","status-publish","hentry"],"_links":{"self":[{"href":"https:\/\/berti.net\/fr\/wp-json\/wp\/v2\/pages\/14936","targetHints":{"allow":["GET"]}}],"collection":[{"href":"https:\/\/berti.net\/fr\/wp-json\/wp\/v2\/pages"}],"about":[{"href":"https:\/\/berti.net\/fr\/wp-json\/wp\/v2\/types\/page"}],"author":[{"embeddable":true,"href":"https:\/\/berti.net\/fr\/wp-json\/wp\/v2\/users\/2"}],"replies":[{"embeddable":true,"href":"https:\/\/berti.net\/fr\/wp-json\/wp\/v2\/comments?post=14936"}],"version-history":[{"count":5,"href":"https:\/\/berti.net\/fr\/wp-json\/wp\/v2\/pages\/14936\/revisions"}],"predecessor-version":[{"id":29181,"href":"https:\/\/berti.net\/fr\/wp-json\/wp\/v2\/pages\/14936\/revisions\/29181"}],"up":[{"embeddable":true,"href":"https:\/\/berti.net\/fr\/wp-json\/wp\/v2\/pages\/14944"}],"wp:attachment":[{"href":"https:\/\/berti.net\/fr\/wp-json\/wp\/v2\/media?parent=14936"}],"curies":[{"name":"wp","href":"https:\/\/api.w.org\/{rel}","templated":true}]}}