{"id":11784,"date":"2025-01-15T10:31:36","date_gmt":"2025-01-15T10:31:36","guid":{"rendered":"https:\/\/www.berti.net\/politique-en-matiere-de-cookies\/"},"modified":"2025-01-17T13:58:25","modified_gmt":"2025-01-17T13:58:25","slug":"politique-en-matiere-de-cookies","status":"publish","type":"page","link":"https:\/\/berti.net\/fr\/politique-en-matiere-de-cookies\/","title":{"rendered":"Politique Cookies"},"content":{"rendered":"\n<div class=\"wp-block-group alignfull hero-title-slider-pattern has-global-padding is-layout-constrained wp-block-group-is-layout-constrained\">\n<div class=\"wp-block-group banner-hero-content has-global-padding is-layout-constrained wp-container-core-group-is-layout-09a7d114 wp-block-group-is-layout-constrained\" style=\"margin-top:var(--wp--preset--spacing--70);margin-bottom:var(--wp--preset--spacing--30)\">\n<div class=\"wp-block-group is-style-container has-global-padding is-layout-constrained wp-container-core-group-is-layout-a816393c wp-block-group-is-layout-constrained\">\n<h1 class=\"wp-block-heading has-text-align-center has-xxl-font-size\" style=\"margin-bottom:16px;letter-spacing:0px;line-height:1\">Politique en mati\u00e8re de cookies<\/h1>\n<\/div>\n<\/div>\n<\/div>\n\n<div class=\"wp-block-group is-style-container has-global-padding is-layout-constrained wp-block-group-is-layout-constrained\" style=\"padding-top:var(--wp--preset--spacing--60);padding-bottom:var(--wp--preset--spacing--60)\">\n<p>Ce site web utilise des cookies. Nous les utilisons pour personnaliser le contenu et les publicit\u00e9s, pour fournir des fonctions de m\u00e9dias sociaux et pour analyser notre trafic. Nous partageons \u00e9galement des informations sur la fa\u00e7on dont vous utilisez notre site avec nos partenaires d&rsquo;analyse web, de publicit\u00e9 et de m\u00e9dias sociaux, qui peuvent les combiner avec d&rsquo;autres informations que vous leur avez fournies ou qu&rsquo;ils ont collect\u00e9es \u00e0 partir de votre utilisation de leurs services.  <\/p>\n\n\n\n<p>Les cookies sont de petits fichiers texte qui peuvent \u00eatre utilis\u00e9s par les sites web pour rendre l&rsquo;exp\u00e9rience de l&rsquo;utilisateur plus efficace.<br\/><br\/>La loi stipule que nous pouvons stocker des cookies sur votre appareil s&rsquo;ils sont strictement n\u00e9cessaires au fonctionnement de ce site. Pour tous les autres types de cookies, nous avons besoin de votre consentement. <br\/><br\/>Ce site utilise diff\u00e9rents types de cookies. Certains cookies sont plac\u00e9s par des services tiers qui apparaissent sur nos pages. <br\/><br\/>Vous pouvez modifier ou r\u00e9voquer votre consentement \u00e0 tout moment \u00e0 partir de la d\u00e9claration sur les cookies sur notre site web.<br\/><br\/>Pour en savoir plus sur qui nous sommes, comment vous pouvez nous contacter et comment nous traitons les donn\u00e9es personnelles, consultez notre politique de confidentialit\u00e9.<br\/><br\/>Pr\u00e9cisez l&rsquo;identifiant de votre consentement et la date \u00e0 laquelle vous nous avez contact\u00e9s \u00e0 ce sujet.<\/p>\n\n\n\n<p>Votre consentement s&rsquo;applique aux sites web suivants : blog.berti.net, www.berti.net<\/p>\n\n\n<script\n\t\ttype=\"text\/javascript\"\n\t\tid=\"CookieDeclaration\"\n\t\tsrc=\"https:\/\/consent.cookiebot.com\/6b7a30cd-6c1c-4523-9c2c-38ccea48c3f8\/cd.js\"\n\t\tasync><\/script>\n<\/div>\n","protected":false},"excerpt":{"rendered":"<p>Politique en mati\u00e8re de cookies Ce site web utilise des cookies. Nous les utilisons pour personnaliser le contenu et les publicit\u00e9s, pour fournir des fonctions de m\u00e9dias sociaux et pour analyser notre trafic. Nous partageons \u00e9galement des informations sur la fa\u00e7on dont vous utilisez notre site avec nos partenaires d&rsquo;analyse web, de publicit\u00e9 et de m\u00e9dias sociaux, qui peuvent les [&hellip;]<\/p>\n","protected":false},"author":2,"featured_media":0,"parent":0,"menu_order":0,"comment_status":"closed","ping_status":"open","template":"","meta":{"footnotes":""},"class_list":["post-11784","page","type-page","status-publish","hentry"],"_links":{"self":[{"href":"https:\/\/berti.net\/fr\/wp-json\/wp\/v2\/pages\/11784","targetHints":{"allow":["GET"]}}],"collection":[{"href":"https:\/\/berti.net\/fr\/wp-json\/wp\/v2\/pages"}],"about":[{"href":"https:\/\/berti.net\/fr\/wp-json\/wp\/v2\/types\/page"}],"author":[{"embeddable":true,"href":"https:\/\/berti.net\/fr\/wp-json\/wp\/v2\/users\/2"}],"replies":[{"embeddable":true,"href":"https:\/\/berti.net\/fr\/wp-json\/wp\/v2\/comments?post=11784"}],"version-history":[{"count":2,"href":"https:\/\/berti.net\/fr\/wp-json\/wp\/v2\/pages\/11784\/revisions"}],"predecessor-version":[{"id":11859,"href":"https:\/\/berti.net\/fr\/wp-json\/wp\/v2\/pages\/11784\/revisions\/11859"}],"wp:attachment":[{"href":"https:\/\/berti.net\/fr\/wp-json\/wp\/v2\/media?parent=11784"}],"curies":[{"name":"wp","href":"https:\/\/api.w.org\/{rel}","templated":true}]}}