{"id":25534,"date":"2025-06-24T10:45:20","date_gmt":"2025-06-24T10:45:20","guid":{"rendered":"https:\/\/www.berti.net\/product\/gripe-mono\/"},"modified":"2025-12-03T16:15:06","modified_gmt":"2025-12-03T16:15:06","slug":"gripe-mono","status":"publish","type":"product","link":"https:\/\/berti.net\/es\/productos-de-parquet\/gripe-mono\/","title":{"rendered":"GRIPPIX"},"content":{"rendered":"\n<div class=\"wp-block-group is-style-container has-global-padding is-content-justification-center is-layout-constrained wp-block-group-is-layout-constrained\">\n<div class=\"wp-block-group title-text-indented-pattern animated fadeIn has-global-padding is-layout-constrained wp-container-core-group-is-layout-a31aa551 wp-block-group-is-layout-constrained\">\n<h3 class=\"wp-block-heading has-text-color has-m-32-font-size\" style=\"color:#000000\">Caracter\u00edsticas principales<\/h3>\n\n\n\n<div class=\"wp-block-group has-global-padding is-layout-constrained wp-block-group-is-layout-constrained\" style=\"margin-bottom:var(--wp--preset--spacing--50)\">\n<ul class=\"wp-block-list\">\n<li>Adhesivo sin <strong>disolventes<\/strong>, sin aminas y sin resinas epoxi<\/li>\n\n\n\n<li><strong>Baja viscosidad<\/strong> y procesabilidad \u00f3ptima<\/li>\n\n\n\n<li><strong>Excelente<\/strong> agarre de <strong>la l\u00ednea<\/strong>: adherencia constante incluso en superficies dif\u00edciles<\/li>\n\n\n\n<li>Adecuado para todo tipo de parquet multicapa<\/li>\n\n\n\n<li><strong>20-30% m\u00e1s de rendimiento<\/strong> en comparaci\u00f3n con los adhesivos de dos componentes<\/li>\n\n\n\n<li>Ideal para calentar sustratos<\/li>\n\n\n\n<li>Sin mezclar: <strong>listo para usar<\/strong><\/li>\n<\/ul>\n<\/div>\n<\/div>\n\n\n\n<div class=\"wp-block-group title-text-indented-pattern animated fadeIn has-global-padding is-layout-constrained wp-container-core-group-is-layout-a31aa551 wp-block-group-is-layout-constrained\">\n<h3 class=\"wp-block-heading has-text-color has-m-32-font-size\" style=\"color:#000000\">Modalidades de uso<\/h3>\n\n\n\n<div class=\"wp-block-group has-global-padding is-layout-constrained wp-block-group-is-layout-constrained\" style=\"margin-bottom:var(--wp--preset--spacing--50)\">\n<h4 class=\"wp-block-heading has-m-22-font-size\">Preparaci\u00f3n del sustrato<\/h4>\n\n\n\n<ul class=\"wp-block-list\">\n<li>Comprueba que el sustrato est\u00e9 <strong>seco, limpio, estable y firme<\/strong>.<\/li>\n\n\n\n<li>En caso de humedad residual elevada, utiliza imprimaciones impermeabilizantes (por ejemplo, Eco Prim PU 1K).<\/li>\n\n\n\n<li>En suelos existentes (cer\u00e1mica, m\u00e1rmol, madera), lija o desbasta la superficie antes de pegar.<\/li>\n<\/ul>\n<\/div>\n\n\n\n<div class=\"wp-block-group has-global-padding is-layout-constrained wp-block-group-is-layout-constrained\" style=\"margin-bottom:var(--wp--preset--spacing--50)\">\n<h4 class=\"wp-block-heading has-m-22-font-size\">Aplicaci\u00f3n del producto<\/h4>\n\n\n\n<ul class=\"wp-block-list\">\n<li>Abre la <strong>bolsa de aluminio<\/strong> que contiene el bid\u00f3n y vi\u00e9rtela directamente sobre el sustrato.<\/li>\n\n\n\n<li>Extender con <strong>llana dentada MAPEI<\/strong> para parquet.<\/li>\n\n\n\n<li>Aplica s\u00f3lo la cantidad de adhesivo que pueda procesarse en <strong>110 minutos<\/strong>.<\/li>\n\n\n\n<li>Guarda el producto sobrante <strong>cerrando la bolsa y eliminando el aire restante<\/strong>.<\/li>\n<\/ul>\n<\/div>\n\n\n\n<div class=\"wp-block-group has-global-padding is-layout-constrained wp-block-group-is-layout-constrained\" style=\"margin-bottom:var(--wp--preset--spacing--50)\">\n<h4 class=\"wp-block-heading has-m-22-font-size\">Colocaci\u00f3n del parquet<\/h4>\n\n\n\n<ul class=\"wp-block-list\">\n<li>Presiona las tablas sobre el lecho de adhesivo, <strong>evitando que se atasquen en las juntas<\/strong>.<\/li>\n\n\n\n<li>Mant\u00e9n una <strong>junta perimetral de aproximadamente 1 cm<\/strong> alrededor de paredes y salientes.<\/li>\n\n\n\n<li>Temperatura de instalaci\u00f3n: de +10\u00b0C a +25\u00b0C.<\/li>\n<\/ul>\n<\/div>\n<\/div>\n\n\n\n<div class=\"wp-block-group title-text-indented-pattern animated fadeIn has-global-padding is-layout-constrained wp-container-core-group-is-layout-a31aa551 wp-block-group-is-layout-constrained\">\n<h3 class=\"wp-block-heading has-text-color has-m-32-font-size\" style=\"color:#000000\">Tiempos t\u00e9cnicos<\/h3>\n\n\n\n<div class=\"wp-block-group has-global-padding is-layout-constrained wp-block-group-is-layout-constrained\" style=\"margin-bottom:var(--wp--preset--spacing--50)\">\n<ul class=\"wp-block-list\">\n<li><strong>Tiempo abierto<\/strong> (formaci\u00f3n de la piel): 110 minutos aprox.<\/li>\n\n\n\n<li><strong>Tiempo de grabaci\u00f3n<\/strong>: 3 horas<\/li>\n\n\n\n<li><strong>Caminabilidad<\/strong>: despu\u00e9s de unas <strong>12 horas<\/strong><\/li>\n\n\n\n<li><strong>Lijado<\/strong>: despu\u00e9s de <strong>3 d\u00edas<\/strong><\/li>\n<\/ul>\n<\/div>\n<\/div>\n\n\n\n<div class=\"wp-block-group title-text-indented-pattern animated fadeIn has-global-padding is-layout-constrained wp-container-core-group-is-layout-a31aa551 wp-block-group-is-layout-constrained\">\n<h3 class=\"wp-block-heading has-text-color has-m-32-font-size\" style=\"color:#000000\">Datos t\u00e9cnicos<\/h3>\n\n\n\n<div class=\"wp-block-group has-global-padding is-layout-constrained wp-block-group-is-layout-constrained\" style=\"margin-bottom:var(--wp--preset--spacing--50)\">\n<ul class=\"wp-block-list\">\n<li><strong>Formato<\/strong>: 15 kg (bolsa de aluminio en bid\u00f3n de pl\u00e1stico)<\/li>\n\n\n\n<li><strong>Consistencia<\/strong>: pasta cremosa<\/li>\n\n\n\n<li><strong>Color<\/strong>: beige<\/li>\n\n\n\n<li><strong>Consumo<\/strong>: 800-1000 g\/m\u00b2<\/li>\n\n\n\n<li><strong>Densidad<\/strong>: 1,45 \u00b1 0,05 g\/cm\u00b3<\/li>\n\n\n\n<li><strong>Viscosidad<\/strong>: 32.000 \u00b1 4.000 mPa-s<\/li>\n\n\n\n<li><strong>Residuo seco<\/strong>: 100<\/li>\n\n\n\n<li><strong>Dureza Shore A<\/strong>: 55 (a los 7 d\u00edas)<\/li>\n\n\n\n<li><strong>Alargamiento a la rotura<\/strong>: 130%.<\/li>\n\n\n\n<li><strong>Adherencia madera-hormig\u00f3n<\/strong>: 1,8 N\/mm\u00b2.<\/li>\n\n\n\n<li><strong>Temperatura de funcionamiento<\/strong>: de -20\u00b0C a +80\u00b0C<\/li>\n\n\n\n<li><strong>Almacenamiento<\/strong>: 12 meses<\/li>\n<\/ul>\n<\/div>\n<\/div>\n\n\n\n<div class=\"wp-block-group title-text-indented-pattern animated fadeIn has-global-padding is-layout-constrained wp-container-core-group-is-layout-a31aa551 wp-block-group-is-layout-constrained\">\n<h3 class=\"wp-block-heading has-text-color has-m-32-font-size\" style=\"color:#000000\">Seguridad<\/h3>\n\n\n\n<div class=\"wp-block-group has-global-padding is-layout-constrained wp-block-group-is-layout-constrained\" style=\"margin-bottom:var(--wp--preset--spacing--50)\">\n<ul class=\"wp-block-list\">\n<li>El GRIPPIX es <strong>corrosivo<\/strong>: puede causar lesiones oculares graves.<\/li>\n\n\n\n<li>Utiliza <strong>guantes, gafas, mascarilla y ropa protectora<\/strong> durante su uso.<\/li>\n\n\n\n<li>No emite vapores nocivos a temperatura ambiente, pero puede sensibilizar por encima de +60\u00b0C.<\/li>\n\n\n\n<li><strong>S\u00f3lo para uso profesional.<\/strong><\/li>\n<\/ul>\n\n\n\n<p>Consulta siempre la <strong>Ficha de Datos de Seguridad<\/strong> actualizada antes de utilizarlo.<\/p>\n<\/div>\n<\/div>\n<\/div>\n\n<div style=\"height:var(--wp--preset--spacing--80)\" aria-hidden=\"true\" class=\"wp-block-spacer\"><\/div>\n\n<div class=\"wp-block-group alignwide is-style-container has-contrast-2-background-color has-background has-global-padding is-layout-constrained wp-container-core-group-is-layout-f04d5c41 wp-block-group-is-layout-constrained\" id=\"catalog\">\n<div class=\"wp-block-columns alignwide are-vertically-aligned-center is-layout-flex wp-container-core-columns-is-layout-e4e53ecd wp-block-columns-is-layout-flex\" style=\"margin-top:var(--wp--preset--spacing--100);margin-bottom:var(--wp--preset--spacing--100)\">\n<div class=\"wp-block-column is-layout-flow wp-block-column-is-layout-flow\" style=\"flex-basis:50%\">\n<figure class=\"wp-block-image size-full\"><img loading=\"lazy\" decoding=\"async\" width=\"900\" height=\"901\" src=\"https:\/\/www.berti.net\/wp-content\/uploads\/grippix-catalog-ok.jpg\" alt=\"\" class=\"wp-image-29162\" style=\"box-shadow:var(--wp--preset--shadow--deep)\" srcset=\"https:\/\/berti.net\/wp-content\/uploads\/grippix-catalog-ok.jpg 900w, https:\/\/berti.net\/wp-content\/uploads\/grippix-catalog-ok-812x812.jpg 812w, https:\/\/berti.net\/wp-content\/uploads\/grippix-catalog-ok-406x406.jpg 406w, https:\/\/berti.net\/wp-content\/uploads\/grippix-catalog-ok-768x769.jpg 768w\" sizes=\"auto, (max-width: 900px) 100vw, 900px\" \/><\/figure>\n<\/div>\n\n\n\n<div class=\"wp-block-column is-layout-flow wp-block-column-is-layout-flow\" style=\"flex-basis:50%\">\n<h4 class=\"wp-block-heading\" style=\"margin-top:var(--wp--preset--spacing--20);margin-bottom:var(--wp--preset--spacing--20);font-size:clamp(26.944px, 1.684rem + ((1vw - 3.2px) * 1.489), 46px);line-height:1\">Descargar ficha t\u00e9cnica<\/h4>\n\n\n\n<p class=\"has-text-color has-body-font-family\" style=\"color:#000000;padding-right:16%;font-size:14px\">Descarga el cat\u00e1logo para descubrir la nueva colecci\u00f3n GRIPPIX de Berti Pavimenti Legno.<\/p>\n\n\n\n<div class=\"wp-block-buttons is-layout-flex wp-block-buttons-is-layout-flex\" style=\"margin-top:var(--wp--preset--spacing--30)\">\n<div class=\"wp-block-button is-style-fill\"><a class=\"wp-block-button__link has-base-3-color has-base-background-color has-text-color has-background has-link-color has-custom-font-size wp-element-button\" href=\"https:\/\/www.berti.net\/wp-content\/uploads\/BERTI_Grippix_user_guide.pdf\" style=\"padding-top:15px;padding-right:40px;padding-bottom:15px;padding-left:40px;font-size:clamp(14px, 0.875rem + ((1vw - 3.2px) * 0.156), 16px);\" target=\"_blank\" rel=\"noreferrer noopener\">DESCARGA<\/a><\/div>\n<\/div>\n<\/div>\n<\/div>\n<\/div>\n","protected":false},"excerpt":{"rendered":"<p>Caracter\u00edsticas principales Modalidades de uso Preparaci\u00f3n del sustrato Aplicaci\u00f3n del producto Colocaci\u00f3n del parquet Tiempos t\u00e9cnicos Datos t\u00e9cnicos Seguridad Consulta siempre la Ficha de Datos de Seguridad actualizada antes de utilizarlo. Descargar ficha t\u00e9cnica Descarga el cat\u00e1logo para descubrir la nueva colecci\u00f3n GRIPPIX de Berti Pavimenti Legno.<\/p>\n","protected":false},"author":2,"featured_media":25283,"template":"","product_collection":[259],"product_type":[],"product_color":[],"class_list":["post-25534","product","type-product","status-publish","has-post-thumbnail","hentry","product_collection-productos-de-parquet"],"_links":{"self":[{"href":"https:\/\/berti.net\/es\/wp-json\/wp\/v2\/product\/25534","targetHints":{"allow":["GET"]}}],"collection":[{"href":"https:\/\/berti.net\/es\/wp-json\/wp\/v2\/product"}],"about":[{"href":"https:\/\/berti.net\/es\/wp-json\/wp\/v2\/types\/product"}],"author":[{"embeddable":true,"href":"https:\/\/berti.net\/es\/wp-json\/wp\/v2\/users\/2"}],"wp:featuredmedia":[{"embeddable":true,"href":"https:\/\/berti.net\/es\/wp-json\/wp\/v2\/media\/25283"}],"wp:attachment":[{"href":"https:\/\/berti.net\/es\/wp-json\/wp\/v2\/media?parent=25534"}],"wp:term":[{"taxonomy":"product_collection","embeddable":true,"href":"https:\/\/berti.net\/es\/wp-json\/wp\/v2\/product_collection?post=25534"},{"taxonomy":"product_type","embeddable":true,"href":"https:\/\/berti.net\/es\/wp-json\/wp\/v2\/product_type?post=25534"},{"taxonomy":"product_color","embeddable":true,"href":"https:\/\/berti.net\/es\/wp-json\/wp\/v2\/product_color?post=25534"}],"curies":[{"name":"wp","href":"https:\/\/api.w.org\/{rel}","templated":true}]}}