{"id":25532,"date":"2025-06-26T10:11:26","date_gmt":"2025-06-26T10:11:26","guid":{"rendered":"https:\/\/www.berti.net\/product\/refinar\/"},"modified":"2025-06-27T10:41:03","modified_gmt":"2025-06-27T10:41:03","slug":"refinar","status":"publish","type":"product","link":"https:\/\/berti.net\/es\/productos-de-parquet\/refinar\/","title":{"rendered":"REFINAR"},"content":{"rendered":"\n<div class=\"wp-block-group is-style-container has-global-padding is-content-justification-center is-layout-constrained wp-block-group-is-layout-constrained\">\n<div class=\"wp-block-group title-text-indented-pattern animated fadeIn has-global-padding is-layout-constrained wp-container-core-group-is-layout-a31aa551 wp-block-group-is-layout-constrained\">\n<div class=\"wp-block-group has-global-padding is-layout-constrained wp-block-group-is-layout-constrained\" style=\"margin-bottom:var(--wp--preset--spacing--50)\">\n<p class=\"has-m-font-size\">Su <strong>fresco aroma a menta y pino<\/strong> proporciona una agradable sensaci\u00f3n de limpieza. Es perfecto para limpiar parquet preacabado, madera aceitada o pintada, y otras superficies como m\u00e1rmol, terracota, gres, cristal, laminados y lin\u00f3leo. <\/p>\n\n\n\n<p class=\"has-m-font-size\"><strong>No requiere aclarado<\/strong> si se utiliza en las dosis recomendadas, y puede aplicarse con una fregona, un pa\u00f1o de algod\u00f3n o una mopa pulverizadora.<\/p>\n<\/div>\n<\/div>\n\n\n\n<div class=\"wp-block-group title-text-indented-pattern animated fadeIn has-global-padding is-layout-constrained wp-container-core-group-is-layout-a31aa551 wp-block-group-is-layout-constrained\">\n<h3 class=\"wp-block-heading has-text-color has-m-32-font-size\" style=\"color:#000000\">Caracter\u00edsticas principales<\/h3>\n\n\n\n<div class=\"wp-block-group has-global-padding is-layout-constrained wp-block-group-is-layout-constrained\" style=\"margin-bottom:var(--wp--preset--spacing--50)\">\n<ul class=\"wp-block-list\">\n<li>Limpiador espec\u00edfico para parquet y superficies delicadas<\/li>\n\n\n\n<li><strong>Baja formaci\u00f3n de espuma<\/strong>, no deja residuos<\/li>\n\n\n\n<li>No peligroso, <strong>sin s\u00edmbolos de riesgo<\/strong><\/li>\n\n\n\n<li>Fragancia natural: menta-pino, lim\u00f3n o flor de loto<\/li>\n\n\n\n<li>Ideal para uso diario y fregadoras<\/li>\n\n\n\n<li><strong>Econ\u00f3mico<\/strong>: alto rendimiento incluso con dosis bajas<\/li>\n<\/ul>\n<\/div>\n<\/div>\n\n\n\n<div class=\"wp-block-group title-text-indented-pattern animated fadeIn has-global-padding is-layout-constrained wp-container-core-group-is-layout-a31aa551 wp-block-group-is-layout-constrained\">\n<h3 class=\"wp-block-heading has-text-color has-m-32-font-size\" style=\"color:#000000\">Modalidades de uso<\/h3>\n\n\n\n<div class=\"wp-block-group has-global-padding is-layout-constrained wp-block-group-is-layout-constrained\" style=\"margin-bottom:var(--wp--preset--spacing--50)\">\n<h4 class=\"wp-block-heading has-m-22-font-size\">Limpieza diaria (fregona o pa\u00f1o de microfibra)<\/h4>\n\n\n\n<ul class=\"wp-block-list\">\n<li><strong>Aspira la superficie<\/strong> para eliminar el polvo y la suciedad.<\/li>\n\n\n\n<li>Diluye REFINE al <strong>1-2%<\/strong> (por ejemplo, 1 tap\u00f3n por litro de agua).<\/li>\n\n\n\n<li>Remoja y escurre bien el pa\u00f1o en la soluci\u00f3n.<\/li>\n\n\n\n<li>Limpia <strong>de 10 a 20 m\u00b2 cada vez<\/strong>, aclarando el pa\u00f1o con agua limpia.<\/li>\n\n\n\n<li>No es necesario aclarar.<\/li>\n\n\n\n<li>Deja secar.<\/li>\n<\/ul>\n<\/div>\n\n\n\n<div class=\"wp-block-group has-global-padding is-layout-constrained wp-block-group-is-layout-constrained\" style=\"margin-bottom:var(--wp--preset--spacing--50)\">\n<h4 class=\"wp-block-heading has-m-22-font-size\">Limpieza con mopa pulverizadora<\/h4>\n\n\n\n<ul class=\"wp-block-list\">\n<li>Vierte <strong>2 tapones<\/strong> de REFINE en <strong>0,5 litros de agua<\/strong> en el dep\u00f3sito.<\/li>\n\n\n\n<li>Pulveriza y friega como de costumbre.<\/li>\n\n\n\n<li>Para suciedad intensa: aumenta la dosis al 10% y aclara.<\/li>\n<\/ul>\n<\/div>\n\n\n\n<div class=\"wp-block-group has-global-padding is-layout-constrained wp-block-group-is-layout-constrained\" style=\"margin-bottom:var(--wp--preset--spacing--50)\">\n<h4 class=\"wp-block-heading has-m-22-font-size\">Para la suciedad persistente<\/h4>\n\n\n\n<ul class=\"wp-block-list\">\n<li>Diluye el REFINO al <strong>5-10%<\/strong>.<\/li>\n\n\n\n<li>Aplicar, dejar actuar y limpiar con un pa\u00f1o o esponja.<\/li>\n\n\n\n<li>Aclara con agua limpia.<\/li>\n<\/ul>\n\n\n\n<p><em>Consejo pr\u00e1ctico<\/em>: si es posible, utiliza dos cubos (uno para el detergente y otro para el aclarado) para evitar contaminar la soluci\u00f3n limpia.<\/p>\n<\/div>\n<\/div>\n\n\n\n<div class=\"wp-block-group title-text-indented-pattern animated fadeIn has-global-padding is-layout-constrained wp-container-core-group-is-layout-a31aa551 wp-block-group-is-layout-constrained\">\n<h3 class=\"wp-block-heading has-text-color has-m-32-font-size\" style=\"color:#000000\">Datos t\u00e9cnicos<\/h3>\n\n\n\n<div class=\"wp-block-group has-global-padding is-layout-constrained wp-block-group-is-layout-constrained\" style=\"margin-bottom:var(--wp--preset--spacing--50)\">\n<ul class=\"wp-block-list\">\n<li><strong>Formato<\/strong>: 1 litro<\/li>\n\n\n\n<li><strong>Rendimiento<\/strong>: 10 L = aprox. 100 m\u00b2<\/li>\n\n\n\n<li><strong>pH (20\u00b0C<\/strong>): 7,1 &#8211; neutro<\/li>\n\n\n\n<li><strong>Aspecto<\/strong>: l\u00edquido verde o amarillo<\/li>\n\n\n\n<li><strong>Olor<\/strong>: menta-pino, lim\u00f3n<\/li>\n\n\n\n<li><strong>Peso espec\u00edfico<\/strong>: 1,004 kg\/L<\/li>\n\n\n\n<li><strong>Punto de inflamaci\u00f3n<\/strong>: &gt;60\u00b0C<\/li>\n\n\n\n<li><strong>Conservaci\u00f3n<\/strong>: 24 meses en lugar fresco y seco<\/li>\n<\/ul>\n<\/div>\n<\/div>\n\n\n\n<div class=\"wp-block-group title-text-indented-pattern animated fadeIn has-global-padding is-layout-constrained wp-container-core-group-is-layout-a31aa551 wp-block-group-is-layout-constrained\">\n<h3 class=\"wp-block-heading has-text-color has-m-32-font-size\" style=\"color:#000000\">Sostenibilidad y seguridad<\/h3>\n\n\n\n<div class=\"wp-block-group has-global-padding is-layout-constrained wp-block-group-is-layout-constrained\" style=\"margin-bottom:var(--wp--preset--spacing--50)\">\n<ul class=\"wp-block-list\">\n<li>Ingredientes <strong>biodegradables de origen vegetal<\/strong><\/li>\n\n\n\n<li>Certificado <strong>ECOCERT<\/strong> y <strong>RSPO<\/strong><\/li>\n\n\n\n<li>Sin s\u00edmbolo CLP &#8211; <strong>seguro para uso dom\u00e9stico<\/strong><\/li>\n\n\n\n<li>Envases totalmente reciclables<\/li>\n<\/ul>\n<\/div>\n<\/div>\n<\/div>\n\n<div style=\"height:var(--wp--preset--spacing--80)\" aria-hidden=\"true\" class=\"wp-block-spacer\"><\/div>\n\n<div class=\"wp-block-group alignwide is-style-container has-contrast-2-background-color has-background has-global-padding is-layout-constrained wp-container-core-group-is-layout-f04d5c41 wp-block-group-is-layout-constrained\" id=\"catalog\">\n<div class=\"wp-block-columns alignwide are-vertically-aligned-center is-layout-flex wp-container-core-columns-is-layout-e4e53ecd wp-block-columns-is-layout-flex\" style=\"margin-top:var(--wp--preset--spacing--100);margin-bottom:var(--wp--preset--spacing--100)\">\n<div class=\"wp-block-column is-layout-flow wp-block-column-is-layout-flow\" style=\"flex-basis:50%\">\n<figure class=\"wp-block-image size-full\"><img loading=\"lazy\" decoding=\"async\" width=\"900\" height=\"901\" src=\"https:\/\/www.berti.net\/wp-content\/uploads\/refine-catalog-ok.jpg\" alt=\"\" class=\"wp-image-25521\" style=\"box-shadow:var(--wp--preset--shadow--deep)\" srcset=\"https:\/\/berti.net\/wp-content\/uploads\/refine-catalog-ok.jpg 900w, https:\/\/berti.net\/wp-content\/uploads\/refine-catalog-ok-812x812.jpg 812w, https:\/\/berti.net\/wp-content\/uploads\/refine-catalog-ok-406x406.jpg 406w, https:\/\/berti.net\/wp-content\/uploads\/refine-catalog-ok-768x769.jpg 768w\" sizes=\"auto, (max-width: 900px) 100vw, 900px\" \/><\/figure>\n<\/div>\n\n\n\n<div class=\"wp-block-column is-layout-flow wp-block-column-is-layout-flow\" style=\"flex-basis:50%\">\n<h4 class=\"wp-block-heading\" style=\"margin-top:var(--wp--preset--spacing--20);margin-bottom:var(--wp--preset--spacing--20);font-size:clamp(26.944px, 1.684rem + ((1vw - 3.2px) * 1.489), 46px);line-height:1\">Descargar ficha t\u00e9cnica<\/h4>\n\n\n\n<p class=\"has-text-color has-body-font-family\" style=\"color:#000000;padding-right:16%;font-size:14px\">Descarga el cat\u00e1logo para descubrir la nueva colecci\u00f3n REFINE de Berti Pavimenti Legno.<\/p>\n\n\n\n<div class=\"wp-block-buttons is-layout-flex wp-block-buttons-is-layout-flex\" style=\"margin-top:var(--wp--preset--spacing--30)\">\n<div class=\"wp-block-button is-style-fill\"><a class=\"wp-block-button__link has-base-3-color has-base-background-color has-text-color has-background has-link-color has-custom-font-size wp-element-button\" href=\"https:\/\/www.berti.net\/wp-content\/uploads\/BERTI_Refine_user_guide_compressed.pdf\" style=\"padding-top:15px;padding-right:40px;padding-bottom:15px;padding-left:40px;font-size:clamp(14px, 0.875rem + ((1vw - 3.2px) * 0.156), 16px);\" target=\"_blank\" rel=\"noreferrer noopener\">DESCARGA<\/a><\/div>\n<\/div>\n<\/div>\n<\/div>\n<\/div>\n","protected":false},"excerpt":{"rendered":"<p>Su fresco aroma a menta y pino proporciona una agradable sensaci\u00f3n de limpieza. Es perfecto para limpiar parquet preacabado, madera aceitada o pintada, y otras superficies como m\u00e1rmol, terracota, gres, cristal, laminados y lin\u00f3leo. No requiere aclarado si se utiliza en las dosis recomendadas, y puede aplicarse con una fregona, un pa\u00f1o de algod\u00f3n o una mopa pulverizadora. Caracter\u00edsticas principales [&hellip;]<\/p>\n","protected":false},"author":2,"featured_media":25343,"template":"","product_collection":[259],"product_type":[],"product_color":[],"class_list":["post-25532","product","type-product","status-publish","has-post-thumbnail","hentry","product_collection-productos-de-parquet"],"_links":{"self":[{"href":"https:\/\/berti.net\/es\/wp-json\/wp\/v2\/product\/25532","targetHints":{"allow":["GET"]}}],"collection":[{"href":"https:\/\/berti.net\/es\/wp-json\/wp\/v2\/product"}],"about":[{"href":"https:\/\/berti.net\/es\/wp-json\/wp\/v2\/types\/product"}],"author":[{"embeddable":true,"href":"https:\/\/berti.net\/es\/wp-json\/wp\/v2\/users\/2"}],"wp:featuredmedia":[{"embeddable":true,"href":"https:\/\/berti.net\/es\/wp-json\/wp\/v2\/media\/25343"}],"wp:attachment":[{"href":"https:\/\/berti.net\/es\/wp-json\/wp\/v2\/media?parent=25532"}],"wp:term":[{"taxonomy":"product_collection","embeddable":true,"href":"https:\/\/berti.net\/es\/wp-json\/wp\/v2\/product_collection?post=25532"},{"taxonomy":"product_type","embeddable":true,"href":"https:\/\/berti.net\/es\/wp-json\/wp\/v2\/product_type?post=25532"},{"taxonomy":"product_color","embeddable":true,"href":"https:\/\/berti.net\/es\/wp-json\/wp\/v2\/product_color?post=25532"}],"curies":[{"name":"wp","href":"https:\/\/api.w.org\/{rel}","templated":true}]}}