{"id":20150,"date":"2024-09-16T15:43:45","date_gmt":"2024-09-16T15:43:45","guid":{"rendered":"https:\/\/www.berti.net\/product\/black-star\/"},"modified":"2025-10-24T08:55:28","modified_gmt":"2025-10-24T08:55:28","slug":"black-star","status":"publish","type":"product","link":"https:\/\/berti.net\/es\/i-wood\/black-star\/","title":{"rendered":"Black Star"},"content":{"rendered":"\n<div class=\"wp-block-group is-style-container has-global-padding is-content-justification-center is-layout-constrained wp-block-group-is-layout-constrained\">\n<div class=\"wp-block-group is-style-default has-global-padding is-content-justification-left is-layout-constrained wp-container-core-group-is-layout-a6931cc7 wp-block-group-is-layout-constrained\" style=\"margin-top:var(--wp--preset--spacing--130);margin-bottom:var(--wp--preset--spacing--130)\">\n<p class=\"is-style-indent animated fadeIn has-m-22-font-size\">Revestimientos de madera, para paredes o suelos, dise\u00f1ados para satisfacer todas las necesidades de renovaci\u00f3n y transformaci\u00f3n de espacios p\u00fablicos y privados.<\/p>\n\n\n\n<p class=\"is-style-indent animated fadeIn has-m-22-font-size\">Las <strong>losetas Black Star<\/strong> se caracterizan por el ic\u00f3nico dise\u00f1o degradado, creado con la \u00faltima tecnolog\u00eda de impresi\u00f3n digital y concebido junto con Diesel para la colecci\u00f3n de hogar.<\/p>\n<\/div>\n\n\n\n<div class=\"wp-block-group alignfull has-global-padding is-layout-constrained wp-block-group-is-layout-constrained\" style=\"margin-top:0;margin-bottom:0\">\n<div class=\"wp-block-columns alignwide is-layout-flex wp-container-core-columns-is-layout-8fbed60e wp-block-columns-is-layout-flex\" style=\"margin-top:0;margin-bottom:0\">\n<div class=\"wp-block-column is-layout-flow wp-container-core-column-is-layout-8a368f38 wp-block-column-is-layout-flow\" style=\"flex-basis:60%\">\n<figure data-wp-context=\"{&quot;imageId&quot;:&quot;69efef78ab7ac&quot;}\" data-wp-interactive=\"core\/image\" data-wp-key=\"69efef78ab7ac\" class=\"wp-block-image size-full is-resized is-style-default wp-lightbox-container\"><img loading=\"lazy\" decoding=\"async\" width=\"653\" height=\"871\" data-wp-class--hide=\"state.isContentHidden\" data-wp-class--show=\"state.isContentVisible\" data-wp-init=\"callbacks.setButtonStyles\" data-wp-on--click=\"actions.showLightbox\" data-wp-on--load=\"callbacks.setButtonStyles\" data-wp-on-window--resize=\"callbacks.setButtonStyles\" src=\"https:\/\/www.berti.net\/wp-content\/uploads\/2024\/09\/berti-rivestimenti-in-legno-diesel-blackstar-iwood-living-1.jpg\" alt=\"\" class=\"wp-image-7042\" style=\"width:660px;height:auto\" srcset=\"https:\/\/berti.net\/wp-content\/uploads\/2024\/09\/berti-rivestimenti-in-legno-diesel-blackstar-iwood-living-1.jpg 653w, https:\/\/berti.net\/wp-content\/uploads\/2024\/09\/berti-rivestimenti-in-legno-diesel-blackstar-iwood-living-1-225x300.jpg 225w\" sizes=\"auto, (max-width: 653px) 100vw, 653px\" \/><button\n\t\t\tclass=\"lightbox-trigger\"\n\t\t\ttype=\"button\"\n\t\t\taria-haspopup=\"dialog\"\n\t\t\taria-label=\"Enlarge\"\n\t\t\tdata-wp-init=\"callbacks.initTriggerButton\"\n\t\t\tdata-wp-on--click=\"actions.showLightbox\"\n\t\t\tdata-wp-style--right=\"state.imageButtonRight\"\n\t\t\tdata-wp-style--top=\"state.imageButtonTop\"\n\t\t>\n\t\t\t<svg xmlns=\"http:\/\/www.w3.org\/2000\/svg\" width=\"12\" height=\"12\" fill=\"none\" viewBox=\"0 0 12 12\">\n\t\t\t\t<path fill=\"#fff\" d=\"M2 0a2 2 0 0 0-2 2v2h1.5V2a.5.5 0 0 1 .5-.5h2V0H2Zm2 10.5H2a.5.5 0 0 1-.5-.5V8H0v2a2 2 0 0 0 2 2h2v-1.5ZM8 12v-1.5h2a.5.5 0 0 0 .5-.5V8H12v2a2 2 0 0 1-2 2H8Zm2-12a2 2 0 0 1 2 2v2h-1.5V2a.5.5 0 0 0-.5-.5H8V0h2Z\" \/>\n\t\t\t<\/svg>\n\t\t<\/button><\/figure>\n\n\n\n<div style=\"height:var(--wp--preset--spacing--60)\" aria-hidden=\"true\" class=\"wp-block-spacer\"><\/div>\n<\/div>\n\n\n\n<div class=\"wp-block-column is-layout-flow wp-container-core-column-is-layout-8a368f38 wp-block-column-is-layout-flow\" style=\"flex-basis:40%\">\n<figure data-wp-context=\"{&quot;imageId&quot;:&quot;69efef78aba35&quot;}\" data-wp-interactive=\"core\/image\" data-wp-key=\"69efef78aba35\" class=\"wp-block-image size-full is-style-default wp-lightbox-container\"><img loading=\"lazy\" decoding=\"async\" width=\"873\" height=\"651\" data-wp-class--hide=\"state.isContentHidden\" data-wp-class--show=\"state.isContentVisible\" data-wp-init=\"callbacks.setButtonStyles\" data-wp-on--click=\"actions.showLightbox\" data-wp-on--load=\"callbacks.setButtonStyles\" data-wp-on-window--resize=\"callbacks.setButtonStyles\" src=\"https:\/\/www.berti.net\/wp-content\/uploads\/2024\/09\/rivestimento-in-legno-blackstar-iwood-diesel-berti-02-2.jpg\" alt=\"\" class=\"wp-image-7045\" srcset=\"https:\/\/berti.net\/wp-content\/uploads\/2024\/09\/rivestimento-in-legno-blackstar-iwood-diesel-berti-02-2.jpg 873w, https:\/\/berti.net\/wp-content\/uploads\/2024\/09\/rivestimento-in-legno-blackstar-iwood-diesel-berti-02-2-300x224.jpg 300w, https:\/\/berti.net\/wp-content\/uploads\/2024\/09\/rivestimento-in-legno-blackstar-iwood-diesel-berti-02-2-768x573.jpg 768w\" sizes=\"auto, (max-width: 873px) 100vw, 873px\" \/><button\n\t\t\tclass=\"lightbox-trigger\"\n\t\t\ttype=\"button\"\n\t\t\taria-haspopup=\"dialog\"\n\t\t\taria-label=\"Enlarge\"\n\t\t\tdata-wp-init=\"callbacks.initTriggerButton\"\n\t\t\tdata-wp-on--click=\"actions.showLightbox\"\n\t\t\tdata-wp-style--right=\"state.imageButtonRight\"\n\t\t\tdata-wp-style--top=\"state.imageButtonTop\"\n\t\t>\n\t\t\t<svg xmlns=\"http:\/\/www.w3.org\/2000\/svg\" width=\"12\" height=\"12\" fill=\"none\" viewBox=\"0 0 12 12\">\n\t\t\t\t<path fill=\"#fff\" d=\"M2 0a2 2 0 0 0-2 2v2h1.5V2a.5.5 0 0 1 .5-.5h2V0H2Zm2 10.5H2a.5.5 0 0 1-.5-.5V8H0v2a2 2 0 0 0 2 2h2v-1.5ZM8 12v-1.5h2a.5.5 0 0 0 .5-.5V8H12v2a2 2 0 0 1-2 2H8Zm2-12a2 2 0 0 1 2 2v2h-1.5V2a.5.5 0 0 0-.5-.5H8V0h2Z\" \/>\n\t\t\t<\/svg>\n\t\t<\/button><\/figure>\n\n\n\n<div style=\"height:var(--wp--preset--spacing--60)\" aria-hidden=\"true\" class=\"wp-block-spacer\"><\/div>\n\n\n\n<figure data-wp-context=\"{&quot;imageId&quot;:&quot;69efef78abbdd&quot;}\" data-wp-interactive=\"core\/image\" data-wp-key=\"69efef78abbdd\" class=\"wp-block-image size-full is-style-default wp-lightbox-container\"><img loading=\"lazy\" decoding=\"async\" width=\"653\" height=\"871\" data-wp-class--hide=\"state.isContentHidden\" data-wp-class--show=\"state.isContentVisible\" data-wp-init=\"callbacks.setButtonStyles\" data-wp-on--click=\"actions.showLightbox\" data-wp-on--load=\"callbacks.setButtonStyles\" data-wp-on-window--resize=\"callbacks.setButtonStyles\" src=\"https:\/\/www.berti.net\/wp-content\/uploads\/2024\/09\/rivestimento-in-legno-blackstar-iwood-diesel-berti-2-1.jpg\" alt=\"\" class=\"wp-image-7048\" srcset=\"https:\/\/berti.net\/wp-content\/uploads\/2024\/09\/rivestimento-in-legno-blackstar-iwood-diesel-berti-2-1.jpg 653w, https:\/\/berti.net\/wp-content\/uploads\/2024\/09\/rivestimento-in-legno-blackstar-iwood-diesel-berti-2-1-225x300.jpg 225w\" sizes=\"auto, (max-width: 653px) 100vw, 653px\" \/><button\n\t\t\tclass=\"lightbox-trigger\"\n\t\t\ttype=\"button\"\n\t\t\taria-haspopup=\"dialog\"\n\t\t\taria-label=\"Enlarge\"\n\t\t\tdata-wp-init=\"callbacks.initTriggerButton\"\n\t\t\tdata-wp-on--click=\"actions.showLightbox\"\n\t\t\tdata-wp-style--right=\"state.imageButtonRight\"\n\t\t\tdata-wp-style--top=\"state.imageButtonTop\"\n\t\t>\n\t\t\t<svg xmlns=\"http:\/\/www.w3.org\/2000\/svg\" width=\"12\" height=\"12\" fill=\"none\" viewBox=\"0 0 12 12\">\n\t\t\t\t<path fill=\"#fff\" d=\"M2 0a2 2 0 0 0-2 2v2h1.5V2a.5.5 0 0 1 .5-.5h2V0H2Zm2 10.5H2a.5.5 0 0 1-.5-.5V8H0v2a2 2 0 0 0 2 2h2v-1.5ZM8 12v-1.5h2a.5.5 0 0 0 .5-.5V8H12v2a2 2 0 0 1-2 2H8Zm2-12a2 2 0 0 1 2 2v2h-1.5V2a.5.5 0 0 0-.5-.5H8V0h2Z\" \/>\n\t\t\t<\/svg>\n\t\t<\/button><\/figure>\n<\/div>\n<\/div>\n<\/div>\n\n\n\n<div style=\"height:100px\" aria-hidden=\"true\" class=\"wp-block-spacer\"><\/div>\n<\/div>\n","protected":false},"excerpt":{"rendered":"<p>Revestimientos de madera, para paredes o suelos, dise\u00f1ados para satisfacer todas las necesidades de renovaci\u00f3n y transformaci\u00f3n de espacios p\u00fablicos y privados. Las losetas Black Star se caracterizan por el ic\u00f3nico dise\u00f1o degradado, creado con la \u00faltima tecnolog\u00eda de impresi\u00f3n digital y concebido junto con Diesel para la colecci\u00f3n de hogar.<\/p>\n","protected":false},"author":2,"featured_media":26120,"template":"","product_collection":[121,126],"product_type":[],"product_color":[],"class_list":["post-20150","product","type-product","status-publish","has-post-thumbnail","hentry","product_collection-i-wood","product_collection-parquet-diesel-living-with-berti"],"_links":{"self":[{"href":"https:\/\/berti.net\/es\/wp-json\/wp\/v2\/product\/20150","targetHints":{"allow":["GET"]}}],"collection":[{"href":"https:\/\/berti.net\/es\/wp-json\/wp\/v2\/product"}],"about":[{"href":"https:\/\/berti.net\/es\/wp-json\/wp\/v2\/types\/product"}],"author":[{"embeddable":true,"href":"https:\/\/berti.net\/es\/wp-json\/wp\/v2\/users\/2"}],"wp:featuredmedia":[{"embeddable":true,"href":"https:\/\/berti.net\/es\/wp-json\/wp\/v2\/media\/26120"}],"wp:attachment":[{"href":"https:\/\/berti.net\/es\/wp-json\/wp\/v2\/media?parent=20150"}],"wp:term":[{"taxonomy":"product_collection","embeddable":true,"href":"https:\/\/berti.net\/es\/wp-json\/wp\/v2\/product_collection?post=20150"},{"taxonomy":"product_type","embeddable":true,"href":"https:\/\/berti.net\/es\/wp-json\/wp\/v2\/product_type?post=20150"},{"taxonomy":"product_color","embeddable":true,"href":"https:\/\/berti.net\/es\/wp-json\/wp\/v2\/product_color?post=20150"}],"curies":[{"name":"wp","href":"https:\/\/api.w.org\/{rel}","templated":true}]}}