{"id":20130,"date":"2024-09-17T09:43:20","date_gmt":"2024-09-17T09:43:20","guid":{"rendered":"https:\/\/www.berti.net\/product\/roble-duna\/"},"modified":"2025-10-24T12:26:53","modified_gmt":"2025-10-24T12:26:53","slug":"roble-duna","status":"publish","type":"product","link":"https:\/\/berti.net\/es\/parquet\/parquet-essential\/roble-duna\/","title":{"rendered":"Roble Duna"},"content":{"rendered":"\n<div class=\"wp-block-group is-style-container has-global-padding is-content-justification-center is-layout-constrained wp-block-group-is-layout-constrained\">\n<div class=\"wp-block-group is-style-default has-global-padding is-content-justification-left is-layout-constrained wp-container-core-group-is-layout-a6931cc7 wp-block-group-is-layout-constrained\" style=\"margin-top:var(--wp--preset--spacing--130);margin-bottom:var(--wp--preset--spacing--130)\">\n<p class=\"is-style-indent animated fadeIn has-m-22-font-size\">El <strong>c\u00e1lido tono arena<\/strong> confiere a este parquet un car\u00e1cter muy natural, creando ambientes especialmente confortables.<\/p>\n\n\n\n<p class=\"is-style-indent animated fadeIn has-m-22-font-size\"><br\/>Las planchas de <strong>roble Duna<\/strong> son adecuadas para instalaci\u00f3n flotante o encolada y para sistemas de calefacci\u00f3n y refrigeraci\u00f3n por suelo radiante. Disponibles en 2 capas preacabadas en varios formatos y tama\u00f1os para colocaci\u00f3n corrida o Espiga. <\/p>\n<\/div>\n\n\n\n<div class=\"wp-block-group alignfull has-global-padding is-layout-constrained wp-block-group-is-layout-constrained\" style=\"margin-top:0;margin-bottom:0\">\n<figure data-wp-context=\"{&quot;imageId&quot;:&quot;69f063a81e93f&quot;}\" data-wp-interactive=\"core\/image\" data-wp-key=\"69f063a81e93f\" class=\"wp-block-image aligncenter size-full is-style-default wp-lightbox-container\"><img loading=\"lazy\" decoding=\"async\" width=\"653\" height=\"871\" data-wp-class--hide=\"state.isContentHidden\" data-wp-class--show=\"state.isContentVisible\" data-wp-init=\"callbacks.setButtonStyles\" data-wp-on--click=\"actions.showLightbox\" data-wp-on--load=\"callbacks.setButtonStyles\" data-wp-on-window--resize=\"callbacks.setButtonStyles\" src=\"https:\/\/www.berti.net\/wp-content\/uploads\/2024\/09\/parquet-rovere-spazzolato-prefinito-duna.jpg\" alt=\"\" class=\"wp-image-6625\" srcset=\"https:\/\/berti.net\/wp-content\/uploads\/2024\/09\/parquet-rovere-spazzolato-prefinito-duna.jpg 653w, https:\/\/berti.net\/wp-content\/uploads\/2024\/09\/parquet-rovere-spazzolato-prefinito-duna-225x300.jpg 225w\" sizes=\"auto, (max-width: 653px) 100vw, 653px\" \/><button\n\t\t\tclass=\"lightbox-trigger\"\n\t\t\ttype=\"button\"\n\t\t\taria-haspopup=\"dialog\"\n\t\t\taria-label=\"Enlarge\"\n\t\t\tdata-wp-init=\"callbacks.initTriggerButton\"\n\t\t\tdata-wp-on--click=\"actions.showLightbox\"\n\t\t\tdata-wp-style--right=\"state.imageButtonRight\"\n\t\t\tdata-wp-style--top=\"state.imageButtonTop\"\n\t\t>\n\t\t\t<svg xmlns=\"http:\/\/www.w3.org\/2000\/svg\" width=\"12\" height=\"12\" fill=\"none\" viewBox=\"0 0 12 12\">\n\t\t\t\t<path fill=\"#fff\" d=\"M2 0a2 2 0 0 0-2 2v2h1.5V2a.5.5 0 0 1 .5-.5h2V0H2Zm2 10.5H2a.5.5 0 0 1-.5-.5V8H0v2a2 2 0 0 0 2 2h2v-1.5ZM8 12v-1.5h2a.5.5 0 0 0 .5-.5V8H12v2a2 2 0 0 1-2 2H8Zm2-12a2 2 0 0 1 2 2v2h-1.5V2a.5.5 0 0 0-.5-.5H8V0h2Z\" \/>\n\t\t\t<\/svg>\n\t\t<\/button><\/figure>\n\n\n\n<div style=\"height:100px\" aria-hidden=\"true\" class=\"wp-block-spacer\"><\/div>\n<\/div>\n<\/div>\n","protected":false},"excerpt":{"rendered":"<p>El c\u00e1lido tono arena confiere a este parquet un car\u00e1cter muy natural, creando ambientes especialmente confortables. Las planchas de roble Duna son adecuadas para instalaci\u00f3n flotante o encolada y para sistemas de calefacci\u00f3n y refrigeraci\u00f3n por suelo radiante. Disponibles en 2 capas preacabadas en varios formatos y tama\u00f1os para colocaci\u00f3n corrida o Espiga.<\/p>\n","protected":false},"author":4,"featured_media":17152,"template":"","product_collection":[127],"product_type":[],"product_color":[75],"class_list":["post-20130","product","type-product","status-publish","has-post-thumbnail","hentry","product_collection-parquet-essential","product_color-chiaro"],"_links":{"self":[{"href":"https:\/\/berti.net\/es\/wp-json\/wp\/v2\/product\/20130","targetHints":{"allow":["GET"]}}],"collection":[{"href":"https:\/\/berti.net\/es\/wp-json\/wp\/v2\/product"}],"about":[{"href":"https:\/\/berti.net\/es\/wp-json\/wp\/v2\/types\/product"}],"author":[{"embeddable":true,"href":"https:\/\/berti.net\/es\/wp-json\/wp\/v2\/users\/4"}],"wp:featuredmedia":[{"embeddable":true,"href":"https:\/\/berti.net\/es\/wp-json\/wp\/v2\/media\/17152"}],"wp:attachment":[{"href":"https:\/\/berti.net\/es\/wp-json\/wp\/v2\/media?parent=20130"}],"wp:term":[{"taxonomy":"product_collection","embeddable":true,"href":"https:\/\/berti.net\/es\/wp-json\/wp\/v2\/product_collection?post=20130"},{"taxonomy":"product_type","embeddable":true,"href":"https:\/\/berti.net\/es\/wp-json\/wp\/v2\/product_type?post=20130"},{"taxonomy":"product_color","embeddable":true,"href":"https:\/\/berti.net\/es\/wp-json\/wp\/v2\/product_color?post=20130"}],"curies":[{"name":"wp","href":"https:\/\/api.w.org\/{rel}","templated":true}]}}