{"id":19938,"date":"2024-09-20T10:30:11","date_gmt":"2024-09-20T10:30:11","guid":{"rendered":"https:\/\/www.berti.net\/product\/nogal-americano-neutro\/"},"modified":"2025-11-18T14:02:40","modified_gmt":"2025-11-18T14:02:40","slug":"nogal-americano-neutro","status":"publish","type":"product","link":"https:\/\/berti.net\/es\/parquet\/parquet-essential\/nogal-americano-neutro\/","title":{"rendered":"Nogal americano Neutro"},"content":{"rendered":"\n<div class=\"wp-block-group is-style-container has-global-padding is-content-justification-center is-layout-constrained wp-block-group-is-layout-constrained\">\n<div class=\"wp-block-group is-style-default has-global-padding is-content-justification-left is-layout-constrained wp-container-core-group-is-layout-a6931cc7 wp-block-group-is-layout-constrained\" style=\"margin-top:var(--wp--preset--spacing--130);margin-bottom:var(--wp--preset--spacing--130)\">\n<p class=\"is-style-indent animated fadeIn has-m-22-font-size\">A diferencia del color del nogal nacional, el nogal americano, al ser una <strong>madera oscura<\/strong>, es m\u00e1s intenso, con tonos que pueden variar entre el marr\u00f3n oscuro y el negro p\u00farpura.  <\/p>\n\n\n\n<p class=\"is-style-indent animated fadeIn has-m-22-font-size\">Por la belleza de su estructura y veteado, el parquet de nogal americano Neutro es perfecto para interiores cl\u00e1sicos y modernos. Resistente <strong>y estable<\/strong>, presume de una buena durabilidad.<\/p>\n<\/div>\n<\/div>\n","protected":false},"excerpt":{"rendered":"<p>A diferencia del color del nogal nacional, el nogal americano, al ser una madera oscura, es m\u00e1s intenso, con tonos que pueden variar entre el marr\u00f3n oscuro y el negro p\u00farpura. Por la belleza de su estructura y veteado, el parquet de nogal americano Neutro es perfecto para interiores cl\u00e1sicos y modernos. Resistente y estable, presume de una buena durabilidad.<\/p>\n","protected":false},"author":4,"featured_media":25983,"template":"","product_collection":[127],"product_type":[],"product_color":[],"class_list":["post-19938","product","type-product","status-publish","has-post-thumbnail","hentry","product_collection-parquet-essential"],"_links":{"self":[{"href":"https:\/\/berti.net\/es\/wp-json\/wp\/v2\/product\/19938","targetHints":{"allow":["GET"]}}],"collection":[{"href":"https:\/\/berti.net\/es\/wp-json\/wp\/v2\/product"}],"about":[{"href":"https:\/\/berti.net\/es\/wp-json\/wp\/v2\/types\/product"}],"author":[{"embeddable":true,"href":"https:\/\/berti.net\/es\/wp-json\/wp\/v2\/users\/4"}],"wp:featuredmedia":[{"embeddable":true,"href":"https:\/\/berti.net\/es\/wp-json\/wp\/v2\/media\/25983"}],"wp:attachment":[{"href":"https:\/\/berti.net\/es\/wp-json\/wp\/v2\/media?parent=19938"}],"wp:term":[{"taxonomy":"product_collection","embeddable":true,"href":"https:\/\/berti.net\/es\/wp-json\/wp\/v2\/product_collection?post=19938"},{"taxonomy":"product_type","embeddable":true,"href":"https:\/\/berti.net\/es\/wp-json\/wp\/v2\/product_type?post=19938"},{"taxonomy":"product_color","embeddable":true,"href":"https:\/\/berti.net\/es\/wp-json\/wp\/v2\/product_color?post=19938"}],"curies":[{"name":"wp","href":"https:\/\/api.w.org\/{rel}","templated":true}]}}