{"id":19902,"date":"2024-09-20T10:17:03","date_gmt":"2024-09-20T10:17:03","guid":{"rendered":"https:\/\/www.berti.net\/product\/roble-moka\/"},"modified":"2025-11-04T14:49:36","modified_gmt":"2025-11-04T14:49:36","slug":"roble-moka","status":"publish","type":"product","link":"https:\/\/berti.net\/es\/parquet\/parquet-essential\/roble-moka\/","title":{"rendered":"Roble Moka"},"content":{"rendered":"\n<div class=\"wp-block-group is-style-container has-global-padding is-content-justification-center is-layout-constrained wp-block-group-is-layout-constrained\">\n<div class=\"wp-block-group is-style-default has-global-padding is-content-justification-left is-layout-constrained wp-container-core-group-is-layout-a6931cc7 wp-block-group-is-layout-constrained\" style=\"margin-top:var(--wp--preset--spacing--130);margin-bottom:var(--wp--preset--spacing--130)\">\n<p class=\"is-style-indent animated fadeIn has-m-22-font-size\"><strong>Moka Preacabado<\/strong> est\u00e1 disponible en planchas de madera de 2 capas, en planchas de formato peque\u00f1o, mediano y grande, adecuadas para la colocaci\u00f3n de parquet flotante o encolado y para <strong>sistemas de calefacci\u00f3n por suelo radiante<\/strong>.<\/p>\n<\/div>\n<\/div>\n","protected":false},"excerpt":{"rendered":"<p>Moka Preacabado est\u00e1 disponible en planchas de madera de 2 capas, en planchas de formato peque\u00f1o, mediano y grande, adecuadas para la colocaci\u00f3n de parquet flotante o encolado y para sistemas de calefacci\u00f3n por suelo radiante.<\/p>\n","protected":false},"author":4,"featured_media":19907,"template":"","product_collection":[127],"product_type":[],"product_color":[76],"class_list":["post-19902","product","type-product","status-publish","has-post-thumbnail","hentry","product_collection-parquet-essential","product_color-scuro"],"_links":{"self":[{"href":"https:\/\/berti.net\/es\/wp-json\/wp\/v2\/product\/19902","targetHints":{"allow":["GET"]}}],"collection":[{"href":"https:\/\/berti.net\/es\/wp-json\/wp\/v2\/product"}],"about":[{"href":"https:\/\/berti.net\/es\/wp-json\/wp\/v2\/types\/product"}],"author":[{"embeddable":true,"href":"https:\/\/berti.net\/es\/wp-json\/wp\/v2\/users\/4"}],"wp:featuredmedia":[{"embeddable":true,"href":"https:\/\/berti.net\/es\/wp-json\/wp\/v2\/media\/19907"}],"wp:attachment":[{"href":"https:\/\/berti.net\/es\/wp-json\/wp\/v2\/media?parent=19902"}],"wp:term":[{"taxonomy":"product_collection","embeddable":true,"href":"https:\/\/berti.net\/es\/wp-json\/wp\/v2\/product_collection?post=19902"},{"taxonomy":"product_type","embeddable":true,"href":"https:\/\/berti.net\/es\/wp-json\/wp\/v2\/product_type?post=19902"},{"taxonomy":"product_color","embeddable":true,"href":"https:\/\/berti.net\/es\/wp-json\/wp\/v2\/product_color?post=19902"}],"curies":[{"name":"wp","href":"https:\/\/api.w.org\/{rel}","templated":true}]}}