{"id":19791,"date":"2024-09-20T15:21:42","date_gmt":"2024-09-20T15:21:42","guid":{"rendered":"https:\/\/www.berti.net\/product\/roble-grey-shadow\/"},"modified":"2025-10-24T09:04:46","modified_gmt":"2025-10-24T09:04:46","slug":"roble-grey-shadow","status":"publish","type":"product","link":"https:\/\/berti.net\/es\/parquet\/parquet-diesel-living-with-berti\/roble-grey-shadow\/","title":{"rendered":"Roble Grey Shadow"},"content":{"rendered":"\n<div class=\"wp-block-group is-style-container has-global-padding is-content-justification-center is-layout-constrained wp-block-group-is-layout-constrained\">\n<div class=\"wp-block-group is-style-default has-global-padding is-content-justification-left is-layout-constrained wp-container-core-group-is-layout-a6931cc7 wp-block-group-is-layout-constrained\" style=\"margin-top:var(--wp--preset--spacing--130);margin-bottom:var(--wp--preset--spacing--130)\">\n<p class=\"is-style-indent animated fadeIn has-m-22-font-size\">Un <strong>parquet ligero<\/strong> que engloba una gradaci\u00f3n de paletas en tonos suaves, del roble gris hielo al arena, en un conjunto crom\u00e1tico que sabe combinar notas c\u00e1lidas y fr\u00edas con elegancia y estilo.  <\/p>\n\n\n\n<p class=\"is-style-indent animated fadeIn has-m-22-font-size\">Del mismo modo, las tablas de madera que componen este suelo pueden crear diferentes <strong>perspectivas y juegos compositivos<\/strong> que den singularidad y movimiento a la estancia.  <\/p>\n\n\n\n<p class=\"is-style-indent animated fadeIn has-m-22-font-size\"><strong>Grey Shadow<\/strong> De hecho, responde con perfecto atractivo a la elecci\u00f3n de un parquet de madera ligero, <strong>luminoso y envolvente<\/strong>, tanto como <strong>refinado<\/strong>, <strong>original<\/strong> e <strong>impactante<\/strong>. Un acabado pensado para equipar interiores donde los tonos claros y sombr\u00edos y las combinaciones equilibradas de texturas contrastadas dan valor a un <strong>dise\u00f1o con vocaci\u00f3n contempor\u00e1nea<\/strong>. <\/p>\n<\/div>\n\n\n\n<div class=\"wp-block-group alignfull has-global-padding is-layout-constrained wp-block-group-is-layout-constrained\" style=\"margin-top:0;margin-bottom:0\">\n<figure data-wp-context=\"{&quot;imageId&quot;:&quot;69eff7f3643cd&quot;}\" data-wp-interactive=\"core\/image\" data-wp-key=\"69eff7f3643cd\" class=\"wp-block-image aligncenter size-full is-style-default wp-lightbox-container\"><img loading=\"lazy\" decoding=\"async\" width=\"653\" height=\"871\" data-wp-class--hide=\"state.isContentHidden\" data-wp-class--show=\"state.isContentVisible\" data-wp-init=\"callbacks.setButtonStyles\" data-wp-on--click=\"actions.showLightbox\" data-wp-on--load=\"callbacks.setButtonStyles\" data-wp-on-window--resize=\"callbacks.setButtonStyles\" src=\"https:\/\/www.berti.net\/wp-content\/uploads\/2024\/09\/parquet-grigio-chiaro-berti-grey-shadow-diesel.jpg\" alt=\"\" class=\"wp-image-6942\" srcset=\"https:\/\/berti.net\/wp-content\/uploads\/2024\/09\/parquet-grigio-chiaro-berti-grey-shadow-diesel.jpg 653w, https:\/\/berti.net\/wp-content\/uploads\/2024\/09\/parquet-grigio-chiaro-berti-grey-shadow-diesel-225x300.jpg 225w\" sizes=\"auto, (max-width: 653px) 100vw, 653px\" \/><button\n\t\t\tclass=\"lightbox-trigger\"\n\t\t\ttype=\"button\"\n\t\t\taria-haspopup=\"dialog\"\n\t\t\taria-label=\"Enlarge\"\n\t\t\tdata-wp-init=\"callbacks.initTriggerButton\"\n\t\t\tdata-wp-on--click=\"actions.showLightbox\"\n\t\t\tdata-wp-style--right=\"state.imageButtonRight\"\n\t\t\tdata-wp-style--top=\"state.imageButtonTop\"\n\t\t>\n\t\t\t<svg xmlns=\"http:\/\/www.w3.org\/2000\/svg\" width=\"12\" height=\"12\" fill=\"none\" viewBox=\"0 0 12 12\">\n\t\t\t\t<path fill=\"#fff\" d=\"M2 0a2 2 0 0 0-2 2v2h1.5V2a.5.5 0 0 1 .5-.5h2V0H2Zm2 10.5H2a.5.5 0 0 1-.5-.5V8H0v2a2 2 0 0 0 2 2h2v-1.5ZM8 12v-1.5h2a.5.5 0 0 0 .5-.5V8H12v2a2 2 0 0 1-2 2H8Zm2-12a2 2 0 0 1 2 2v2h-1.5V2a.5.5 0 0 0-.5-.5H8V0h2Z\" \/>\n\t\t\t<\/svg>\n\t\t<\/button><\/figure>\n\n\n\n<div style=\"height:60px\" aria-hidden=\"true\" class=\"wp-block-spacer\"><\/div>\n<\/div>\n<\/div>\n","protected":false},"excerpt":{"rendered":"<p>Un parquet ligero que engloba una gradaci\u00f3n de paletas en tonos suaves, del roble gris hielo al arena, en un conjunto crom\u00e1tico que sabe combinar notas c\u00e1lidas y fr\u00edas con elegancia y estilo. Del mismo modo, las tablas de madera que componen este suelo pueden crear diferentes perspectivas y juegos compositivos que den singularidad y movimiento a la estancia. Grey [&hellip;]<\/p>\n","protected":false},"author":2,"featured_media":19793,"template":"","product_collection":[126],"product_type":[],"product_color":[75,77],"class_list":["post-19791","product","type-product","status-publish","has-post-thumbnail","hentry","product_collection-parquet-diesel-living-with-berti","product_color-chiaro","product_color-grigio"],"_links":{"self":[{"href":"https:\/\/berti.net\/es\/wp-json\/wp\/v2\/product\/19791","targetHints":{"allow":["GET"]}}],"collection":[{"href":"https:\/\/berti.net\/es\/wp-json\/wp\/v2\/product"}],"about":[{"href":"https:\/\/berti.net\/es\/wp-json\/wp\/v2\/types\/product"}],"author":[{"embeddable":true,"href":"https:\/\/berti.net\/es\/wp-json\/wp\/v2\/users\/2"}],"wp:featuredmedia":[{"embeddable":true,"href":"https:\/\/berti.net\/es\/wp-json\/wp\/v2\/media\/19793"}],"wp:attachment":[{"href":"https:\/\/berti.net\/es\/wp-json\/wp\/v2\/media?parent=19791"}],"wp:term":[{"taxonomy":"product_collection","embeddable":true,"href":"https:\/\/berti.net\/es\/wp-json\/wp\/v2\/product_collection?post=19791"},{"taxonomy":"product_type","embeddable":true,"href":"https:\/\/berti.net\/es\/wp-json\/wp\/v2\/product_type?post=19791"},{"taxonomy":"product_color","embeddable":true,"href":"https:\/\/berti.net\/es\/wp-json\/wp\/v2\/product_color?post=19791"}],"curies":[{"name":"wp","href":"https:\/\/api.w.org\/{rel}","templated":true}]}}