{"id":19756,"date":"2024-09-20T15:08:28","date_gmt":"2024-09-20T15:08:28","guid":{"rendered":"https:\/\/www.berti.net\/product\/scratch-tortola\/"},"modified":"2025-11-07T16:09:47","modified_gmt":"2025-11-07T16:09:47","slug":"scratch-tortola","status":"publish","type":"product","link":"https:\/\/berti.net\/es\/parquet\/berti-studio\/roble-berti-studio\/scratch-tortola\/","title":{"rendered":"Scratch Tortora"},"content":{"rendered":"\n<div class=\"wp-block-group is-style-container has-global-padding is-content-justification-center is-layout-constrained wp-block-group-is-layout-constrained\">\n<div class=\"wp-block-group is-style-default has-global-padding is-content-justification-left is-layout-constrained wp-container-core-group-is-layout-a6931cc7 wp-block-group-is-layout-constrained\" style=\"margin-top:var(--wp--preset--spacing--130);margin-bottom:var(--wp--preset--spacing--130)\">\n<p class=\"is-style-indent animated fadeIn has-m-22-font-size\">Aqu\u00ed, la f\u00f3rmula del <strong>parquet claro<\/strong> adquiere una gradaci\u00f3n superior para un tono que a\u00fana el refinamiento del parquet gris y la calidez del color de la madera natural, <strong>en una tonalidad, la del gris paloma<\/strong>, que confiere suavidad y continuidad al ambiente.  <\/p>\n\n\n\n<p class=\"is-style-indent animated fadeIn has-m-22-font-size\">El <strong>procesado con efecto de tejido<\/strong> define entonces una superficie de madera con una textura viva y el atractivo vivido del parqu\u00e9 rayado, combinando la suavidad del color con un car\u00e1cter fuerte e inconfundible que no deja de vestir cualquier interior con elegancia desenfadada.<\/p>\n<\/div>\n\n\n\n<div class=\"wp-block-group alignfull animated fadeInUp has-global-padding is-layout-constrained wp-block-group-is-layout-constrained\" style=\"margin-top:0;margin-bottom:0\">\n<figure data-wp-context=\"{&quot;imageId&quot;:&quot;69f02bc059cc8&quot;}\" data-wp-interactive=\"core\/image\" data-wp-key=\"69f02bc059cc8\" class=\"wp-block-image alignfull size-full is-style-default wp-lightbox-container\"><img loading=\"lazy\" decoding=\"async\" width=\"1200\" height=\"820\" data-wp-class--hide=\"state.isContentHidden\" data-wp-class--show=\"state.isContentVisible\" data-wp-init=\"callbacks.setButtonStyles\" data-wp-on--click=\"actions.showLightbox\" data-wp-on--load=\"callbacks.setButtonStyles\" data-wp-on-window--resize=\"callbacks.setButtonStyles\" src=\"https:\/\/www.berti.net\/wp-content\/uploads\/BertiStudio_rovere-scratch-tortora_gallery-1.jpg\" alt=\"\" class=\"wp-image-13901\" srcset=\"https:\/\/berti.net\/wp-content\/uploads\/BertiStudio_rovere-scratch-tortora_gallery-1.jpg 1200w, https:\/\/berti.net\/wp-content\/uploads\/BertiStudio_rovere-scratch-tortora_gallery-1-812x555.jpg 812w, https:\/\/berti.net\/wp-content\/uploads\/BertiStudio_rovere-scratch-tortora_gallery-1-768x525.jpg 768w\" sizes=\"auto, (max-width: 1200px) 100vw, 1200px\" \/><button\n\t\t\tclass=\"lightbox-trigger\"\n\t\t\ttype=\"button\"\n\t\t\taria-haspopup=\"dialog\"\n\t\t\taria-label=\"Enlarge\"\n\t\t\tdata-wp-init=\"callbacks.initTriggerButton\"\n\t\t\tdata-wp-on--click=\"actions.showLightbox\"\n\t\t\tdata-wp-style--right=\"state.imageButtonRight\"\n\t\t\tdata-wp-style--top=\"state.imageButtonTop\"\n\t\t>\n\t\t\t<svg xmlns=\"http:\/\/www.w3.org\/2000\/svg\" width=\"12\" height=\"12\" fill=\"none\" viewBox=\"0 0 12 12\">\n\t\t\t\t<path fill=\"#fff\" d=\"M2 0a2 2 0 0 0-2 2v2h1.5V2a.5.5 0 0 1 .5-.5h2V0H2Zm2 10.5H2a.5.5 0 0 1-.5-.5V8H0v2a2 2 0 0 0 2 2h2v-1.5ZM8 12v-1.5h2a.5.5 0 0 0 .5-.5V8H12v2a2 2 0 0 1-2 2H8Zm2-12a2 2 0 0 1 2 2v2h-1.5V2a.5.5 0 0 0-.5-.5H8V0h2Z\" \/>\n\t\t\t<\/svg>\n\t\t<\/button><\/figure>\n\n\n\n<div style=\"margin-top:0;margin-bottom:0;height:var(--wp--preset--spacing--60)\" aria-hidden=\"true\" class=\"wp-block-spacer\"><\/div>\n<\/div>\n<\/div>\n","protected":false},"excerpt":{"rendered":"<p>Aqu\u00ed, la f\u00f3rmula del parquet claro adquiere una gradaci\u00f3n superior para un tono que a\u00fana el refinamiento del parquet gris y la calidez del color de la madera natural, en una tonalidad, la del gris paloma, que confiere suavidad y continuidad al ambiente. El procesado con efecto de tejido define entonces una superficie de madera con una textura viva y [&hellip;]<\/p>\n","protected":false},"author":4,"featured_media":19760,"template":"","product_collection":[124],"product_type":[],"product_color":[77],"class_list":["post-19756","product","type-product","status-publish","has-post-thumbnail","hentry","product_collection-roble-berti-studio","product_color-grigio"],"_links":{"self":[{"href":"https:\/\/berti.net\/es\/wp-json\/wp\/v2\/product\/19756","targetHints":{"allow":["GET"]}}],"collection":[{"href":"https:\/\/berti.net\/es\/wp-json\/wp\/v2\/product"}],"about":[{"href":"https:\/\/berti.net\/es\/wp-json\/wp\/v2\/types\/product"}],"author":[{"embeddable":true,"href":"https:\/\/berti.net\/es\/wp-json\/wp\/v2\/users\/4"}],"wp:featuredmedia":[{"embeddable":true,"href":"https:\/\/berti.net\/es\/wp-json\/wp\/v2\/media\/19760"}],"wp:attachment":[{"href":"https:\/\/berti.net\/es\/wp-json\/wp\/v2\/media?parent=19756"}],"wp:term":[{"taxonomy":"product_collection","embeddable":true,"href":"https:\/\/berti.net\/es\/wp-json\/wp\/v2\/product_collection?post=19756"},{"taxonomy":"product_type","embeddable":true,"href":"https:\/\/berti.net\/es\/wp-json\/wp\/v2\/product_type?post=19756"},{"taxonomy":"product_color","embeddable":true,"href":"https:\/\/berti.net\/es\/wp-json\/wp\/v2\/product_color?post=19756"}],"curies":[{"name":"wp","href":"https:\/\/api.w.org\/{rel}","templated":true}]}}