{"id":19743,"date":"2024-09-20T14:39:26","date_gmt":"2024-09-20T14:39:26","guid":{"rendered":"https:\/\/www.berti.net\/product\/iroko-antiguo\/"},"modified":"2025-11-06T15:18:30","modified_gmt":"2025-11-06T15:18:30","slug":"iroko-antiguo","status":"publish","type":"product","link":"https:\/\/berti.net\/es\/parquet\/parquet-essential\/iroko-antiguo\/","title":{"rendered":"Iroko antiguo"},"content":{"rendered":"\n<div class=\"wp-block-group is-style-container has-global-padding is-content-justification-center is-layout-constrained wp-block-group-is-layout-constrained\">\n<div class=\"wp-block-group is-style-default has-global-padding is-content-justification-left is-layout-constrained wp-container-core-group-is-layout-a6931cc7 wp-block-group-is-layout-constrained\" style=\"margin-top:var(--wp--preset--spacing--130);margin-bottom:var(--wp--preset--spacing--130)\">\n<p class=\"is-style-indent animated fadeIn has-m-22-font-size\"><strong>El parquet de<\/strong> iroko tiene excelentes caracter\u00edsticas t\u00e9cnicas, como la estabilidad y una gran resistencia a la humedad. Adem\u00e1s, el iroko tiene<strong>muy buena resistencia a la pisada<\/strong>, lo que lo hace adecuado para colocarlo sobre sistemas de calefacci\u00f3n por suelo radiante. <\/p>\n<\/div>\n<\/div>\n","protected":false},"excerpt":{"rendered":"<p>El parquet de iroko tiene excelentes caracter\u00edsticas t\u00e9cnicas, como la estabilidad y una gran resistencia a la humedad. Adem\u00e1s, el iroko tienemuy buena resistencia a la pisada, lo que lo hace adecuado para colocarlo sobre sistemas de calefacci\u00f3n por suelo radiante.<\/p>\n","protected":false},"author":4,"featured_media":19726,"template":"","product_collection":[127],"product_type":[],"product_color":[78],"class_list":["post-19743","product","type-product","status-publish","has-post-thumbnail","hentry","product_collection-parquet-essential","product_color-rosso"],"_links":{"self":[{"href":"https:\/\/berti.net\/es\/wp-json\/wp\/v2\/product\/19743","targetHints":{"allow":["GET"]}}],"collection":[{"href":"https:\/\/berti.net\/es\/wp-json\/wp\/v2\/product"}],"about":[{"href":"https:\/\/berti.net\/es\/wp-json\/wp\/v2\/types\/product"}],"author":[{"embeddable":true,"href":"https:\/\/berti.net\/es\/wp-json\/wp\/v2\/users\/4"}],"wp:featuredmedia":[{"embeddable":true,"href":"https:\/\/berti.net\/es\/wp-json\/wp\/v2\/media\/19726"}],"wp:attachment":[{"href":"https:\/\/berti.net\/es\/wp-json\/wp\/v2\/media?parent=19743"}],"wp:term":[{"taxonomy":"product_collection","embeddable":true,"href":"https:\/\/berti.net\/es\/wp-json\/wp\/v2\/product_collection?post=19743"},{"taxonomy":"product_type","embeddable":true,"href":"https:\/\/berti.net\/es\/wp-json\/wp\/v2\/product_type?post=19743"},{"taxonomy":"product_color","embeddable":true,"href":"https:\/\/berti.net\/es\/wp-json\/wp\/v2\/product_color?post=19743"}],"curies":[{"name":"wp","href":"https:\/\/api.w.org\/{rel}","templated":true}]}}