{"id":19727,"date":"2024-09-20T14:36:34","date_gmt":"2024-09-20T14:36:34","guid":{"rendered":"https:\/\/www.berti.net\/product\/iroko-neutro\/"},"modified":"2025-11-06T13:49:47","modified_gmt":"2025-11-06T13:49:47","slug":"iroko-neutro","status":"publish","type":"product","link":"https:\/\/berti.net\/es\/parquet\/parquet-essential\/iroko-neutro\/","title":{"rendered":"Iroko neutro"},"content":{"rendered":"\n<div class=\"wp-block-group is-style-container has-global-padding is-content-justification-center is-layout-constrained wp-block-group-is-layout-constrained\">\n<div class=\"wp-block-group is-style-default has-global-padding is-content-justification-left is-layout-constrained wp-container-core-group-is-layout-a6931cc7 wp-block-group-is-layout-constrained\" style=\"margin-top:var(--wp--preset--spacing--130);margin-bottom:var(--wp--preset--spacing--130)\">\n<p class=\"is-style-indent animated fadeIn has-m-22-font-size\">El iroko es una <strong>madera africana de color marr\u00f3n amarillento<\/strong> y sus principales caracter\u00edsticas son la estabilidad, la dureza y la durabilidad. Tiene fibras ricas en aceite que la hacen impermeable <strong>y resistente<\/strong> a la humedad incluso sin tratamientos especiales.   <\/p>\n\n\n\n<p class=\"is-style-indent animated fadeIn has-m-22-font-size\">Por sus especiales cualidades de <strong>resistencia y durabilidad<\/strong>, el iroko se recomienda para ambientes h\u00famedos (parquet en el ba\u00f1o).  <\/p>\n\n\n\n<p class=\"is-style-indent animated fadeIn has-m-22-font-size\"><strong>El parquet de iroko<\/strong> es un suelo muy elegante que casi siempre se coloca en habitaciones de mobiliario cl\u00e1sico. Debido a su excelente resistencia a las pisadas, tambi\u00e9n se elige mucho en presencia de calefacci\u00f3n por suelo radiante. <\/p>\n<\/div>\n<\/div>\n","protected":false},"excerpt":{"rendered":"<p>El iroko es una madera africana de color marr\u00f3n amarillento y sus principales caracter\u00edsticas son la estabilidad, la dureza y la durabilidad. Tiene fibras ricas en aceite que la hacen impermeable y resistente a la humedad incluso sin tratamientos especiales. Por sus especiales cualidades de resistencia y durabilidad, el iroko se recomienda para ambientes h\u00famedos (parquet en el ba\u00f1o). El [&hellip;]<\/p>\n","protected":false},"author":4,"featured_media":19729,"template":"","product_collection":[127],"product_type":[],"product_color":[],"class_list":["post-19727","product","type-product","status-publish","has-post-thumbnail","hentry","product_collection-parquet-essential"],"_links":{"self":[{"href":"https:\/\/berti.net\/es\/wp-json\/wp\/v2\/product\/19727","targetHints":{"allow":["GET"]}}],"collection":[{"href":"https:\/\/berti.net\/es\/wp-json\/wp\/v2\/product"}],"about":[{"href":"https:\/\/berti.net\/es\/wp-json\/wp\/v2\/types\/product"}],"author":[{"embeddable":true,"href":"https:\/\/berti.net\/es\/wp-json\/wp\/v2\/users\/4"}],"wp:featuredmedia":[{"embeddable":true,"href":"https:\/\/berti.net\/es\/wp-json\/wp\/v2\/media\/19729"}],"wp:attachment":[{"href":"https:\/\/berti.net\/es\/wp-json\/wp\/v2\/media?parent=19727"}],"wp:term":[{"taxonomy":"product_collection","embeddable":true,"href":"https:\/\/berti.net\/es\/wp-json\/wp\/v2\/product_collection?post=19727"},{"taxonomy":"product_type","embeddable":true,"href":"https:\/\/berti.net\/es\/wp-json\/wp\/v2\/product_type?post=19727"},{"taxonomy":"product_color","embeddable":true,"href":"https:\/\/berti.net\/es\/wp-json\/wp\/v2\/product_color?post=19727"}],"curies":[{"name":"wp","href":"https:\/\/api.w.org\/{rel}","templated":true}]}}