{"id":19693,"date":"2024-09-20T14:43:33","date_gmt":"2024-09-20T14:43:33","guid":{"rendered":"https:\/\/www.berti.net\/product\/doussie-antiguo\/"},"modified":"2025-11-06T15:31:26","modified_gmt":"2025-11-06T15:31:26","slug":"doussie-antiguo","status":"publish","type":"product","link":"https:\/\/berti.net\/es\/parquet\/parquet-essential\/doussie-antiguo\/","title":{"rendered":"Doussi\u00e8 Antiguo"},"content":{"rendered":"\n<div class=\"wp-block-group is-style-container has-global-padding is-content-justification-center is-layout-constrained wp-block-group-is-layout-constrained\">\n<div class=\"wp-block-group is-style-default has-global-padding is-content-justification-left is-layout-constrained wp-container-core-group-is-layout-a6931cc7 wp-block-group-is-layout-constrained\" style=\"margin-top:var(--wp--preset--spacing--130);margin-bottom:var(--wp--preset--spacing--130)\">\n<p class=\"is-style-indent animated fadeIn has-m-22-font-size\"><strong>El doussi\u00e9<\/strong>, clasificado entre las maderas ex\u00f3ticas m\u00e1s duras, es un <strong>parquet resistente a la humedad y al pisoteo<\/strong>, que permite una gran estabilidad incluso con calefacci\u00f3n por suelo radiante.  <\/p>\n\n\n\n<p class=\"is-style-indent animated fadeIn has-m-22-font-size\">Su gran <strong>resistencia a la humedad<\/strong> lo hace adecuado para todas las habitaciones de la casa, desde el ba\u00f1o hasta la cocina.  <\/p>\n\n\n\n<p class=\"is-style-indent animated fadeIn has-m-22-font-size\">Disponible en listones de madera de 2 capas con un grosor total de 13 mm, ideal para la colocaci\u00f3n por rodadura o por clavijas.<\/p>\n<\/div>\n<\/div>\n","protected":false},"excerpt":{"rendered":"<p>El doussi\u00e9, clasificado entre las maderas ex\u00f3ticas m\u00e1s duras, es un parquet resistente a la humedad y al pisoteo, que permite una gran estabilidad incluso con calefacci\u00f3n por suelo radiante. Su gran resistencia a la humedad lo hace adecuado para todas las habitaciones de la casa, desde el ba\u00f1o hasta la cocina. Disponible en listones de madera de 2 capas [&hellip;]<\/p>\n","protected":false},"author":4,"featured_media":19695,"template":"","product_collection":[127],"product_type":[],"product_color":[],"class_list":["post-19693","product","type-product","status-publish","has-post-thumbnail","hentry","product_collection-parquet-essential"],"_links":{"self":[{"href":"https:\/\/berti.net\/es\/wp-json\/wp\/v2\/product\/19693","targetHints":{"allow":["GET"]}}],"collection":[{"href":"https:\/\/berti.net\/es\/wp-json\/wp\/v2\/product"}],"about":[{"href":"https:\/\/berti.net\/es\/wp-json\/wp\/v2\/types\/product"}],"author":[{"embeddable":true,"href":"https:\/\/berti.net\/es\/wp-json\/wp\/v2\/users\/4"}],"wp:featuredmedia":[{"embeddable":true,"href":"https:\/\/berti.net\/es\/wp-json\/wp\/v2\/media\/19695"}],"wp:attachment":[{"href":"https:\/\/berti.net\/es\/wp-json\/wp\/v2\/media?parent=19693"}],"wp:term":[{"taxonomy":"product_collection","embeddable":true,"href":"https:\/\/berti.net\/es\/wp-json\/wp\/v2\/product_collection?post=19693"},{"taxonomy":"product_type","embeddable":true,"href":"https:\/\/berti.net\/es\/wp-json\/wp\/v2\/product_type?post=19693"},{"taxonomy":"product_color","embeddable":true,"href":"https:\/\/berti.net\/es\/wp-json\/wp\/v2\/product_color?post=19693"}],"curies":[{"name":"wp","href":"https:\/\/api.w.org\/{rel}","templated":true}]}}