{"id":19675,"date":"2024-09-20T14:41:41","date_gmt":"2024-09-20T14:41:41","guid":{"rendered":"https:\/\/www.berti.net\/product\/neutral-doussie\/"},"modified":"2025-11-06T15:25:18","modified_gmt":"2025-11-06T15:25:18","slug":"neutral-doussie","status":"publish","type":"product","link":"https:\/\/berti.net\/es\/parquet\/parquet-essential\/neutral-doussie\/","title":{"rendered":"Neutral Doussi\u00e8"},"content":{"rendered":"\n<div class=\"wp-block-group is-style-container has-global-padding is-content-justification-center is-layout-constrained wp-block-group-is-layout-constrained\">\n<div class=\"wp-block-group is-style-default has-global-padding is-content-justification-left is-layout-constrained wp-container-core-group-is-layout-a6931cc7 wp-block-group-is-layout-constrained\" style=\"margin-top:var(--wp--preset--spacing--130);margin-bottom:var(--wp--preset--spacing--130)\">\n<p class=\"is-style-indent animated fadeIn has-m-22-font-size\">Como <strong>madera ex\u00f3tica, es especialmente dura y compacta<\/strong>, y se presta bien a ser colocada en zonas h\u00famedas (parquet en el ba\u00f1o o la cocina) y de mucho tr\u00e1nsito. La especie de madera doussi\u00e8 es perfecta tanto para parquets cl\u00e1sicos como modernos. <\/p>\n<\/div>\n<\/div>\n","protected":false},"excerpt":{"rendered":"<p>Como madera ex\u00f3tica, es especialmente dura y compacta, y se presta bien a ser colocada en zonas h\u00famedas (parquet en el ba\u00f1o o la cocina) y de mucho tr\u00e1nsito. La especie de madera doussi\u00e8 es perfecta tanto para parquets cl\u00e1sicos como modernos.<\/p>\n","protected":false},"author":4,"featured_media":19679,"template":"","product_collection":[127],"product_type":[],"product_color":[78],"class_list":["post-19675","product","type-product","status-publish","has-post-thumbnail","hentry","product_collection-parquet-essential","product_color-rosso"],"_links":{"self":[{"href":"https:\/\/berti.net\/es\/wp-json\/wp\/v2\/product\/19675","targetHints":{"allow":["GET"]}}],"collection":[{"href":"https:\/\/berti.net\/es\/wp-json\/wp\/v2\/product"}],"about":[{"href":"https:\/\/berti.net\/es\/wp-json\/wp\/v2\/types\/product"}],"author":[{"embeddable":true,"href":"https:\/\/berti.net\/es\/wp-json\/wp\/v2\/users\/4"}],"wp:featuredmedia":[{"embeddable":true,"href":"https:\/\/berti.net\/es\/wp-json\/wp\/v2\/media\/19679"}],"wp:attachment":[{"href":"https:\/\/berti.net\/es\/wp-json\/wp\/v2\/media?parent=19675"}],"wp:term":[{"taxonomy":"product_collection","embeddable":true,"href":"https:\/\/berti.net\/es\/wp-json\/wp\/v2\/product_collection?post=19675"},{"taxonomy":"product_type","embeddable":true,"href":"https:\/\/berti.net\/es\/wp-json\/wp\/v2\/product_type?post=19675"},{"taxonomy":"product_color","embeddable":true,"href":"https:\/\/berti.net\/es\/wp-json\/wp\/v2\/product_color?post=19675"}],"curies":[{"name":"wp","href":"https:\/\/api.w.org\/{rel}","templated":true}]}}