{"id":19373,"date":"2024-10-16T10:10:40","date_gmt":"2024-10-16T10:10:40","guid":{"rendered":"https:\/\/www.berti.net\/product\/roble-total-black\/"},"modified":"2026-02-19T09:45:54","modified_gmt":"2026-02-19T09:45:54","slug":"roble-total-black","status":"publish","type":"product","link":"https:\/\/berti.net\/es\/parquet\/parquet-diesel-living-with-berti\/roble-total-black\/","title":{"rendered":"Roble Total Black"},"content":{"rendered":"\n<div class=\"wp-block-group is-style-container has-global-padding is-content-justification-center is-layout-constrained wp-block-group-is-layout-constrained\">\n<div class=\"wp-block-group is-style-default has-global-padding is-content-justification-left is-layout-constrained wp-container-core-group-is-layout-a6931cc7 wp-block-group-is-layout-constrained\" style=\"margin-top:var(--wp--preset--spacing--130);margin-bottom:var(--wp--preset--spacing--130)\">\n<p class=\"is-style-indent animated fadeIn has-m-22-font-size\">Un <strong>matiz enriquecido con un toque de azul<\/strong>, vibrante e intenso, que atrapa la mirada y se expresa con fuerza y encanto.  <\/p>\n\n\n\n<p class=\"is-style-indent animated fadeIn has-m-22-font-size\">Un acabado que combina la elecci\u00f3n del color con el rendimiento de un <strong>parquet<\/strong> <strong>brillante<\/strong>, <strong>luminoso<\/strong> y catalizador de reflejos llamativos.  <\/p>\n\n\n\n<p class=\"is-style-indent animated fadeIn has-m-22-font-size\">\u00c9sta es la f\u00f3rmula de un parquet moderno con<strong>alma de glam-rock<\/strong>, que recuerda al vinilo negro total de los a\u00f1os 80, sin excluir las propiedades de la experiencia de la madera natural, que sigue siendo perceptible al tacto en todas sus caracter\u00edsticas esenciales.<br\/><\/p>\n<\/div>\n\n\n\n<div class=\"wp-block-group alignfull has-global-padding is-layout-constrained wp-block-group-is-layout-constrained\" style=\"margin-top:0;margin-bottom:0\"><\/div>\n\n\n\n<div style=\"height:100px\" aria-hidden=\"true\" class=\"wp-block-spacer\"><\/div>\n<\/div>\n","protected":false},"excerpt":{"rendered":"<p>Un matiz enriquecido con un toque de azul, vibrante e intenso, que atrapa la mirada y se expresa con fuerza y encanto. Un acabado que combina la elecci\u00f3n del color con el rendimiento de un parquet brillante, luminoso y catalizador de reflejos llamativos. \u00c9sta es la f\u00f3rmula de un parquet moderno conalma de glam-rock, que recuerda al vinilo negro total [&hellip;]<\/p>\n","protected":false},"author":4,"featured_media":19374,"template":"","product_collection":[126],"product_type":[],"product_color":[76],"class_list":["post-19373","product","type-product","status-publish","has-post-thumbnail","hentry","product_collection-parquet-diesel-living-with-berti","product_color-scuro"],"_links":{"self":[{"href":"https:\/\/berti.net\/es\/wp-json\/wp\/v2\/product\/19373","targetHints":{"allow":["GET"]}}],"collection":[{"href":"https:\/\/berti.net\/es\/wp-json\/wp\/v2\/product"}],"about":[{"href":"https:\/\/berti.net\/es\/wp-json\/wp\/v2\/types\/product"}],"author":[{"embeddable":true,"href":"https:\/\/berti.net\/es\/wp-json\/wp\/v2\/users\/4"}],"wp:featuredmedia":[{"embeddable":true,"href":"https:\/\/berti.net\/es\/wp-json\/wp\/v2\/media\/19374"}],"wp:attachment":[{"href":"https:\/\/berti.net\/es\/wp-json\/wp\/v2\/media?parent=19373"}],"wp:term":[{"taxonomy":"product_collection","embeddable":true,"href":"https:\/\/berti.net\/es\/wp-json\/wp\/v2\/product_collection?post=19373"},{"taxonomy":"product_type","embeddable":true,"href":"https:\/\/berti.net\/es\/wp-json\/wp\/v2\/product_type?post=19373"},{"taxonomy":"product_color","embeddable":true,"href":"https:\/\/berti.net\/es\/wp-json\/wp\/v2\/product_color?post=19373"}],"curies":[{"name":"wp","href":"https:\/\/api.w.org\/{rel}","templated":true}]}}