{"id":19332,"date":"2024-10-16T10:36:34","date_gmt":"2024-10-16T10:36:34","guid":{"rendered":"https:\/\/www.berti.net\/product\/stud-black\/"},"modified":"2025-10-24T09:39:03","modified_gmt":"2025-10-24T09:39:03","slug":"stud-black","status":"publish","type":"product","link":"https:\/\/berti.net\/es\/parquet\/parquet-diesel-living-with-berti\/stud-black\/","title":{"rendered":"Stud Black"},"content":{"rendered":"\n<div class=\"wp-block-group is-style-container has-global-padding is-content-justification-center is-layout-constrained wp-block-group-is-layout-constrained\">\n<div class=\"wp-block-group is-style-default has-global-padding is-content-justification-left is-layout-constrained wp-container-core-group-is-layout-a6931cc7 wp-block-group-is-layout-constrained\" style=\"margin-top:var(--wp--preset--spacing--130);margin-bottom:var(--wp--preset--spacing--130)\">\n<p class=\"is-style-indent animated fadeIn has-m-22-font-size\">Un llamativo <strong>parqu\u00e9 negro<\/strong> donde las incrustaciones geom\u00e9tricas que decoran la madera contrastan con los preciosos detalles met\u00e1licos que completan la propuesta.<\/p>\n\n\n\n<p class=\"is-style-indent animated fadeIn has-m-22-font-size\">La calidad de un motivo decorativo en versi\u00f3n oscura, formado por Incrustaciones de losetas de madera, responde a la necesidad de definir un ambiente refinado, atrevido y atmosf\u00e9rico, donde la tendencia dec\u00f3 se combina con una actitud rockera.  <\/p>\n\n\n\n<p class=\"is-style-indent animated fadeIn has-m-22-font-size\"><strong>Stud Black<\/strong> consiste en baldosas de parquet de roble europeo de primera calidad, con Incrustaciones de motivos geom\u00e9tricos y procesadas con un profundo tratamiento de cepillado y barnizado en color.<\/p>\n<\/div>\n\n\n\n<div class=\"wp-block-group alignfull has-global-padding is-layout-constrained wp-block-group-is-layout-constrained\" style=\"margin-top:0;margin-bottom:0\">\n<div class=\"wp-block-columns alignwide is-layout-flex wp-container-core-columns-is-layout-8fbed60e wp-block-columns-is-layout-flex\" style=\"margin-top:0;margin-bottom:0\">\n<div class=\"wp-block-column is-layout-flow wp-container-core-column-is-layout-8a368f38 wp-block-column-is-layout-flow\" style=\"flex-basis:60%\">\n<figure data-wp-context=\"{&quot;imageId&quot;:&quot;69eff7db97e22&quot;}\" data-wp-interactive=\"core\/image\" data-wp-key=\"69eff7db97e22\" class=\"wp-block-image size-full is-resized is-style-default wp-lightbox-container\"><img loading=\"lazy\" decoding=\"async\" width=\"653\" height=\"871\" data-wp-class--hide=\"state.isContentHidden\" data-wp-class--show=\"state.isContentVisible\" data-wp-init=\"callbacks.setButtonStyles\" data-wp-on--click=\"actions.showLightbox\" data-wp-on--load=\"callbacks.setButtonStyles\" data-wp-on-window--resize=\"callbacks.setButtonStyles\" src=\"https:\/\/www.berti.net\/wp-content\/uploads\/2024\/10\/piastrelle-parquet-nero-stud-black-berti.jpg\" alt=\"\" class=\"wp-image-7293\" style=\"width:660px;height:auto\" srcset=\"https:\/\/berti.net\/wp-content\/uploads\/2024\/10\/piastrelle-parquet-nero-stud-black-berti.jpg 653w, https:\/\/berti.net\/wp-content\/uploads\/2024\/10\/piastrelle-parquet-nero-stud-black-berti-225x300.jpg 225w\" sizes=\"auto, (max-width: 653px) 100vw, 653px\" \/><button\n\t\t\tclass=\"lightbox-trigger\"\n\t\t\ttype=\"button\"\n\t\t\taria-haspopup=\"dialog\"\n\t\t\taria-label=\"Enlarge\"\n\t\t\tdata-wp-init=\"callbacks.initTriggerButton\"\n\t\t\tdata-wp-on--click=\"actions.showLightbox\"\n\t\t\tdata-wp-style--right=\"state.imageButtonRight\"\n\t\t\tdata-wp-style--top=\"state.imageButtonTop\"\n\t\t>\n\t\t\t<svg xmlns=\"http:\/\/www.w3.org\/2000\/svg\" width=\"12\" height=\"12\" fill=\"none\" viewBox=\"0 0 12 12\">\n\t\t\t\t<path fill=\"#fff\" d=\"M2 0a2 2 0 0 0-2 2v2h1.5V2a.5.5 0 0 1 .5-.5h2V0H2Zm2 10.5H2a.5.5 0 0 1-.5-.5V8H0v2a2 2 0 0 0 2 2h2v-1.5ZM8 12v-1.5h2a.5.5 0 0 0 .5-.5V8H12v2a2 2 0 0 1-2 2H8Zm2-12a2 2 0 0 1 2 2v2h-1.5V2a.5.5 0 0 0-.5-.5H8V0h2Z\" \/>\n\t\t\t<\/svg>\n\t\t<\/button><\/figure>\n\n\n\n<div style=\"height:var(--wp--preset--spacing--60)\" aria-hidden=\"true\" class=\"wp-block-spacer\"><\/div>\n<\/div>\n\n\n\n<div class=\"wp-block-column is-layout-flow wp-container-core-column-is-layout-8a368f38 wp-block-column-is-layout-flow\" style=\"flex-basis:40%\">\n<figure data-wp-context=\"{&quot;imageId&quot;:&quot;69eff7db98087&quot;}\" data-wp-interactive=\"core\/image\" data-wp-key=\"69eff7db98087\" class=\"wp-block-image size-full is-style-default wp-lightbox-container\"><img loading=\"lazy\" decoding=\"async\" width=\"653\" height=\"871\" data-wp-class--hide=\"state.isContentHidden\" data-wp-class--show=\"state.isContentVisible\" data-wp-init=\"callbacks.setButtonStyles\" data-wp-on--click=\"actions.showLightbox\" data-wp-on--load=\"callbacks.setButtonStyles\" data-wp-on-window--resize=\"callbacks.setButtonStyles\" src=\"https:\/\/www.berti.net\/wp-content\/uploads\/2024\/10\/parquet-nero-stud-black-berti.jpg\" alt=\"\" class=\"wp-image-7296\" srcset=\"https:\/\/berti.net\/wp-content\/uploads\/2024\/10\/parquet-nero-stud-black-berti.jpg 653w, https:\/\/berti.net\/wp-content\/uploads\/2024\/10\/parquet-nero-stud-black-berti-225x300.jpg 225w\" sizes=\"auto, (max-width: 653px) 100vw, 653px\" \/><button\n\t\t\tclass=\"lightbox-trigger\"\n\t\t\ttype=\"button\"\n\t\t\taria-haspopup=\"dialog\"\n\t\t\taria-label=\"Enlarge\"\n\t\t\tdata-wp-init=\"callbacks.initTriggerButton\"\n\t\t\tdata-wp-on--click=\"actions.showLightbox\"\n\t\t\tdata-wp-style--right=\"state.imageButtonRight\"\n\t\t\tdata-wp-style--top=\"state.imageButtonTop\"\n\t\t>\n\t\t\t<svg xmlns=\"http:\/\/www.w3.org\/2000\/svg\" width=\"12\" height=\"12\" fill=\"none\" viewBox=\"0 0 12 12\">\n\t\t\t\t<path fill=\"#fff\" d=\"M2 0a2 2 0 0 0-2 2v2h1.5V2a.5.5 0 0 1 .5-.5h2V0H2Zm2 10.5H2a.5.5 0 0 1-.5-.5V8H0v2a2 2 0 0 0 2 2h2v-1.5ZM8 12v-1.5h2a.5.5 0 0 0 .5-.5V8H12v2a2 2 0 0 1-2 2H8Zm2-12a2 2 0 0 1 2 2v2h-1.5V2a.5.5 0 0 0-.5-.5H8V0h2Z\" \/>\n\t\t\t<\/svg>\n\t\t<\/button><\/figure>\n\n\n\n<div style=\"height:var(--wp--preset--spacing--60)\" aria-hidden=\"true\" class=\"wp-block-spacer\"><\/div>\n<\/div>\n<\/div>\n<\/div>\n<\/div>\n","protected":false},"excerpt":{"rendered":"<p>Un llamativo parqu\u00e9 negro donde las incrustaciones geom\u00e9tricas que decoran la madera contrastan con los preciosos detalles met\u00e1licos que completan la propuesta. La calidad de un motivo decorativo en versi\u00f3n oscura, formado por Incrustaciones de losetas de madera, responde a la necesidad de definir un ambiente refinado, atrevido y atmosf\u00e9rico, donde la tendencia dec\u00f3 se combina con una actitud rockera. [&hellip;]<\/p>\n","protected":false},"author":2,"featured_media":19343,"template":"","product_collection":[126],"product_type":[],"product_color":[76],"class_list":["post-19332","product","type-product","status-publish","has-post-thumbnail","hentry","product_collection-parquet-diesel-living-with-berti","product_color-scuro"],"_links":{"self":[{"href":"https:\/\/berti.net\/es\/wp-json\/wp\/v2\/product\/19332","targetHints":{"allow":["GET"]}}],"collection":[{"href":"https:\/\/berti.net\/es\/wp-json\/wp\/v2\/product"}],"about":[{"href":"https:\/\/berti.net\/es\/wp-json\/wp\/v2\/types\/product"}],"author":[{"embeddable":true,"href":"https:\/\/berti.net\/es\/wp-json\/wp\/v2\/users\/2"}],"wp:featuredmedia":[{"embeddable":true,"href":"https:\/\/berti.net\/es\/wp-json\/wp\/v2\/media\/19343"}],"wp:attachment":[{"href":"https:\/\/berti.net\/es\/wp-json\/wp\/v2\/media?parent=19332"}],"wp:term":[{"taxonomy":"product_collection","embeddable":true,"href":"https:\/\/berti.net\/es\/wp-json\/wp\/v2\/product_collection?post=19332"},{"taxonomy":"product_type","embeddable":true,"href":"https:\/\/berti.net\/es\/wp-json\/wp\/v2\/product_type?post=19332"},{"taxonomy":"product_color","embeddable":true,"href":"https:\/\/berti.net\/es\/wp-json\/wp\/v2\/product_color?post=19332"}],"curies":[{"name":"wp","href":"https:\/\/api.w.org\/{rel}","templated":true}]}}