{"id":17372,"date":"2024-09-11T08:01:02","date_gmt":"2024-09-11T08:01:02","guid":{"rendered":"https:\/\/www.berti.net\/empresa\/"},"modified":"2025-09-26T07:55:47","modified_gmt":"2025-09-26T07:55:47","slug":"empresa","status":"publish","type":"page","link":"https:\/\/berti.net\/es\/empresa\/","title":{"rendered":"Empresa"},"content":{"rendered":"\n<div class=\"wp-block-group alignfull has-global-padding is-layout-constrained wp-container-core-group-is-layout-071fe3a8 wp-block-group-is-layout-constrained\">\n<div class=\"wp-block-media-text has-media-on-the-right is-stacked-on-mobile is-vertically-aligned-top is-style-text-indent\" style=\"margin-top:var(--wp--preset--spacing--130);margin-bottom:var(--wp--preset--spacing--130);grid-template-columns:auto 25%\"><div class=\"wp-block-media-text__content\">\n<div class=\"wp-block-group has-global-padding is-layout-constrained wp-container-core-group-is-layout-e52e509d wp-block-group-is-layout-constrained\">\n<h2 class=\"wp-block-heading animated fadeIn has-text-color\" style=\"color:#000000\">L\u00e1seres y suelos, sofisticada combinaci\u00f3n\n <\/h2>\n\n\n\n<div class=\"wp-block-group has-global-padding is-layout-constrained wp-block-group-is-layout-constrained\">\n<p class=\"animated fadeIn has-m-22-font-size\" style=\"line-height:1.5\"><strong>La empresa fue la primera del mundo<\/strong> en estudiar la aplicaci\u00f3n de la tecnolog\u00eda l\u00e1ser para crear parquet fino y suelos con incrustaciones, verdaderas obras de arte que han hecho de <strong>Berti Pavimenti Legno<\/strong> un punto de referencia inigualable para esta avanzada t\u00e9cnica de elaboraci\u00f3n y la demanda de parquet de lujo. Gracias a esta tecnolog\u00eda, simples tablones de madera maciza o preacabada se transforman en elegantes decoraciones. Peque\u00f1as piezas de madera, combinadas y unidas con gusto, pueden crear verdaderas obras maestras.    <\/p>\n<\/div>\n<\/div>\n<\/div><figure class=\"wp-block-media-text__media\"><img loading=\"lazy\" decoding=\"async\" width=\"880\" height=\"1180\" src=\"https:\/\/www.berti.net\/wp-content\/uploads\/berti-pavimenti-legno_parquet_laser_hand-made-in-italy.jpg\" alt=\"\" class=\"wp-image-12382 size-full\" srcset=\"https:\/\/berti.net\/wp-content\/uploads\/berti-pavimenti-legno_parquet_laser_hand-made-in-italy.jpg 880w, https:\/\/berti.net\/wp-content\/uploads\/berti-pavimenti-legno_parquet_laser_hand-made-in-italy-606x812.jpg 606w, https:\/\/berti.net\/wp-content\/uploads\/berti-pavimenti-legno_parquet_laser_hand-made-in-italy-768x1030.jpg 768w\" sizes=\"auto, (max-width: 880px) 100vw, 880px\" \/><\/figure><\/div>\n<\/div>\n\n<div class=\"wp-block-group alignfull references-banner-pattern animated fadeIn has-base-background-color has-background has-global-padding is-layout-constrained wp-container-core-group-is-layout-f170806e wp-block-group-is-layout-constrained\">\n<div class=\"wp-block-group alignwide has-global-padding is-layout-constrained wp-block-group-is-layout-constrained\">\n<div class=\"wp-block-columns alignwide has-base-3-color has-text-color has-link-color wp-elements-fb70ec8d0040e2f963a057d6a89fc6cb is-layout-flex wp-container-core-columns-is-layout-f0342b05 wp-block-columns-is-layout-flex\" style=\"margin-top:0;margin-bottom:0\">\n<div class=\"wp-block-column references-colum-image has-global-padding is-layout-constrained wp-block-column-is-layout-constrained\" style=\"flex-basis:40%\">\n<figure class=\"wp-block-image\"><img decoding=\"async\" src=\"https:\/\/www.berti.net\/wp-content\/themes\/thombase\/public\/images\/reference.webp\" alt=\"\"\/><\/figure>\n<\/div>\n\n\n\n<div class=\"wp-block-column references-colum-text is-layout-flow wp-block-column-is-layout-flow\" style=\"flex-basis:60%\">\n<div class=\"wp-block-group has-global-padding is-content-justification-left is-layout-constrained wp-container-core-group-is-layout-8ef2fb18 wp-block-group-is-layout-constrained\">\n<h2 class=\"wp-block-heading has-base-3-color has-text-color has-link-color has-xl-font-size wp-elements-aaa74c90b8178599b0effc500e048d64\">Cada proyecto es para nosotros una oportunidad de crear belleza, realizando deseos<\/h2>\n\n\n\n<p class=\"has-m-22-font-size\"><strong>Berti Pavimenti legno<\/strong> ha elevado el patrimonio que ha recogido a un aut\u00e9ntico arte, haciendo brillar la elegancia de la madera en prestigiosas realizaciones y referencias que distinguen a la marca en todo el mundo.<\/p>\n\n\n\n<div style=\"height:1.3vw\" aria-hidden=\"true\" class=\"wp-block-spacer\"><\/div>\n\n\n\n<div class=\"wp-block-buttons is-layout-flex wp-block-buttons-is-layout-flex\">\n<div class=\"wp-block-button is-style-link\"><a class=\"wp-block-button__link has-base-3-color has-text-color has-link-color wp-element-button\" href=\"\/referenze\">DESCUBRE REFERENCIAS<\/a><\/div>\n<\/div>\n<\/div>\n<\/div>\n<\/div>\n<\/div>\n<\/div>\n\n<div class=\"wp-block-cover alignfull is-light estimate-request-content animated fadeIn\" style=\"margin-top:0\"><img decoding=\"async\" class=\"wp-block-cover__image-background\" alt=\"\" src=\"https:\/\/www.berti.net\/wp-content\/themes\/thombase\/public\/images\/estimateBanner.webp\" data-object-fit=\"cover\"\/><span aria-hidden=\"true\" class=\"wp-block-cover__background has-background-dim-0 has-background-dim\"><\/span><div class=\"wp-block-cover__inner-container has-global-padding is-layout-constrained wp-block-cover-is-layout-constrained\">\n<div id=\"estimate\" class=\"wp-block-group alignleft estimate-request-content-inner has-global-padding is-content-justification-left is-layout-constrained wp-container-core-group-is-layout-94054b8f wp-block-group-is-layout-constrained\">\n<h5 class=\"wp-block-heading\">Pide <strong>presupuesto<\/strong>,<br\/>entra en el mundo Berti<\/h5>\n\n\n\n<p style=\"line-height:1.5\">Rellena el formulario para solicitar un Presupuesto.  <br\/>Recibir\u00e1s una respuesta de nuestro personal en breve.<\/p>\n\n\n\n<div class=\"wp-block-buttons is-layout-flex wp-block-buttons-is-layout-flex\">\n<div class=\"wp-block-button is-style-link\"><a class=\"wp-block-button__link wp-element-button\" href=\"https:\/\/www.berti.net\/es\/solicita-preventivo-2\/\">SOLICITA AHORA<\/a><\/div>\n<\/div>\n<\/div>\n<\/div><\/div>\n\n<div class=\"wp-block-group alignwide animated fadeIn has-base-color has-base-3-background-color has-text-color has-background has-link-color wp-elements-ad797415f3b4765a90f274137d6108df has-global-padding is-layout-constrained wp-container-core-group-is-layout-4e081920 wp-block-group-is-layout-constrained\" style=\"margin-top:10%;margin-bottom:10%;padding-top:0;padding-right:var(--wp--preset--spacing--70);padding-bottom:0;padding-left:var(--wp--preset--spacing--70);line-height:1\">\n<div class=\"wp-block-group has-global-padding is-layout-constrained wp-container-core-group-is-layout-a31aa551 wp-block-group-is-layout-constrained\">\n<h3 class=\"wp-block-heading has-text-align-center has-base-color has-text-color has-link-color has-xxl-font-size wp-elements-01a3cb93430e111a16ff1ef4831d88bc\" style=\"line-height:1\">Calidad sin concesiones: parquet fabricado en Italia, mejorado con t\u00e9cnicas de elaboraci\u00f3n exclusivas de Berti<\/h3>\n<\/div>\n<\/div>\n\n<div class=\"wp-block-group alignwide animated fadeInUp has-global-padding is-layout-constrained wp-container-core-group-is-layout-d427c859 wp-block-group-is-layout-constrained\" style=\"margin-top:var(--wp--preset--spacing--50);margin-bottom:var(--wp--preset--spacing--50);padding-right:16px;padding-left:16px\">\n<div class=\"wp-block-columns alignwide is-not-stacked-on-mobile is-layout-flex wp-container-core-columns-is-layout-ff4b9c61 wp-block-columns-is-layout-flex\" style=\"margin-top:0;margin-bottom:0\">\n<div class=\"wp-block-column is-vertically-aligned-center is-layout-flow wp-container-core-column-is-layout-8a368f38 wp-block-column-is-layout-flow\">\n<figure class=\"wp-block-image size-full is-style-default\"><img decoding=\"async\" src=\"https:\/\/www.berti.net\/wp-content\/themes\/thombase\/public\/images\/brand_01.webp\" alt=\"\" style=\"aspect-ratio:1;object-fit:cover\"\/><\/figure>\n<\/div>\n\n\n\n<div class=\"wp-block-column is-vertically-aligned-center is-layout-flow wp-container-core-column-is-layout-8a368f38 wp-block-column-is-layout-flow\">\n<figure class=\"wp-block-image size-large is-style-default\"><img decoding=\"async\" src=\"https:\/\/www.berti.net\/wp-content\/themes\/thombase\/public\/images\/brand_02.webp\" alt=\"\"\/><\/figure>\n<\/div>\n<\/div>\n<\/div>\n\n<div class=\"wp-block-group alignwide animated fadeIn has-global-padding is-layout-constrained wp-container-core-group-is-layout-fa40e266 wp-block-group-is-layout-constrained\" style=\"padding-top:var(--wp--preset--spacing--90);padding-bottom:var(--wp--preset--spacing--90)\">\n<h3 class=\"wp-block-heading has-text-color has-l-48-font-size\" style=\"color:#000000\">Una capa noble<\/h3>\n\n\n\n<div class=\"wp-block-group has-global-padding is-layout-constrained wp-block-group-is-layout-constrained\">\n<p class=\"has-m-22-font-size\" style=\"line-height:1.5\">Berti presta especial atenci\u00f3n a la preparaci\u00f3n de la madera noble y del soporte, favoreciendo las cualidades t\u00e9cnicas de la madera de abedul para garantizar la m\u00e1xima estabilidad. Respetando cuidadosamente el tiempo de adhesi\u00f3n, se elimina la posibilidad de que la primera capa se desprenda de la segunda. <\/p>\n<\/div>\n<\/div>\n\n<div class=\"wp-block-group animated fadeInUp has-global-padding is-layout-constrained wp-container-core-group-is-layout-a576007d wp-block-group-is-layout-constrained\" style=\"padding-right:16px;padding-left:16px\">\n<figure class=\"wp-block-image size-large\"><img decoding=\"async\" src=\"https:\/\/www.berti.net\/wp-content\/themes\/thombase\/public\/images\/brand_03.webp\" alt=\"\"\/><\/figure>\n<\/div>\n\n<div class=\"wp-block-group alignwide animated fadeIn has-global-padding is-layout-constrained wp-container-core-group-is-layout-35bb1be9 wp-block-group-is-layout-constrained\" style=\"padding-top:var(--wp--preset--spacing--100);padding-bottom:var(--wp--preset--spacing--100)\">\n<h3 class=\"wp-block-heading has-text-align-center has-l-48-font-size\">Pintura de alta tecnolog\u00eda <br\/>Estrictamente italiana<\/h3>\n\n\n\n<p class=\"has-text-align-center has-m-22-font-size\" style=\"line-height:1.5\">Berti ha desarrollado una innovadora t\u00e9cnica de acabado del parquet con barniz al agua aplicado con rodillo, que garantiza un suelo resistente a las manchas y al desgaste. Este barniz de alta tecnolog\u00eda, cuidadosamente ejecutado en una planta industrial de secado UV, ofrece una dureza excepcional y un efecto de textura natural, al tiempo que garantiza un control preciso del proceso de secado y endurecimiento. Parquet antibacteriano con PROTECTOR DE PLATA BERTI, un acabado especial que utiliza la potente acci\u00f3n de los iones de plata para proteger tu entorno eliminando el 99% de las bacterias en s\u00f3lo 24 horas. La soluci\u00f3n ideal para entornos con elevados requisitos higi\u00e9nicos: consultas m\u00e9dicas, salones de belleza, restaurantes o para estancias m\u00e1s saludables en el hogar, como ba\u00f1os, cocinas o habitaciones infantiles.   <\/p>\n<\/div>\n\n<div class=\"wp-block-group alignwide certificates-list-pattern animated fadeIn has-global-padding is-layout-constrained wp-container-core-group-is-layout-fff56076 wp-block-group-is-layout-constrained\">\n<div class=\"wp-block-group has-global-padding is-layout-constrained wp-container-core-group-is-layout-6dea37ad wp-block-group-is-layout-constrained\">\n<h3 class=\"wp-block-heading has-text-align-center has-l-48-font-size\" style=\"margin-bottom:var(--wp--preset--spacing--60);padding-right:5%;padding-left:5%\">Toda la naturalidad certificada de un parquet de calidad<\/h3>\n<\/div>\n\n\n\n<div style=\"margin-top:8%;height:0px\" aria-hidden=\"true\" class=\"wp-block-spacer\"><\/div>\n\n\n\n<div class=\"wp-block-columns is-layout-flex wp-container-core-columns-is-layout-192be23c wp-block-columns-is-layout-flex\">\n<div class=\"wp-block-column is-layout-flow wp-block-column-is-layout-flow\">\n<div class=\"wp-block-columns is-not-stacked-on-mobile is-layout-flex wp-container-core-columns-is-layout-7fc3d43a wp-block-columns-is-layout-flex\">\n<div class=\"wp-block-column is-layout-flow wp-block-column-is-layout-flow\" style=\"flex-basis:10%\">\n<figure class=\"wp-block-image size-full\"><img decoding=\"async\" src=\"https:\/\/www.berti.net\/wp-content\/themes\/thombase\/public\/images\/ce.webp\" alt=\"\" style=\"aspect-ratio:1;object-fit:contain\"\/><\/figure>\n<\/div>\n\n\n\n<div class=\"wp-block-column has-s-font-size is-layout-flow wp-block-column-is-layout-flow\">\n<h6 class=\"wp-block-heading has-body-font-family\" style=\"line-height:1.3\"><strong>Certificado CE<\/strong><\/h6>\n\n\n\n<p style=\"margin-top:0;line-height:1.3\">Los productos Berti llevan el marcado CE. Garantiza su conformidad con los requisitos esenciales de las directivas pertinentes sobre seguridad, salud p\u00fablica y protecci\u00f3n de los consumidores. <\/p>\n\n\n\n<div class=\"wp-block-buttons is-layout-flex wp-block-buttons-is-layout-flex\" style=\"margin-bottom:var(--wp--preset--spacing--10)\">\n<div class=\"wp-block-button is-style-link\"><a class=\"wp-block-button__link wp-element-button\" href=\"https:\/\/www.berti.net\/wp-content\/uploads\/2024\/09\/berti_pavimenti-legno_dop.pdf\" target=\"_blank\" rel=\"noreferrer noopener\">DESCARGAR CERTIFICADO<\/a><\/div>\n<\/div>\n<\/div>\n<\/div>\n<\/div>\n\n\n\n<div class=\"wp-block-column is-layout-flow wp-block-column-is-layout-flow\">\n<div class=\"wp-block-columns is-not-stacked-on-mobile is-layout-flex wp-container-core-columns-is-layout-7fc3d43a wp-block-columns-is-layout-flex\">\n<div class=\"wp-block-column is-layout-flow wp-block-column-is-layout-flow\" style=\"flex-basis:10%\">\n<figure class=\"wp-block-image size-full\"><img loading=\"lazy\" decoding=\"async\" width=\"80\" height=\"80\" src=\"https:\/\/www.berti.net\/wp-content\/uploads\/2024\/09\/berti-pavimenti-legno_parquet-certificati-ZERO-VOC-1.png\" alt=\"\" class=\"wp-image-201\" style=\"aspect-ratio:1;object-fit:contain\"\/><\/figure>\n<\/div>\n\n\n\n<div class=\"wp-block-column has-s-font-size is-layout-flow wp-block-column-is-layout-flow\">\n<h6 class=\"wp-block-heading has-body-font-family\" style=\"line-height:1.3\"><strong>COV<\/strong><\/h6>\n\n\n\n<p style=\"margin-top:0;line-height:1.3\">La certificaci\u00f3n COV o COV (Compuestos Org\u00e1nicos Vol\u00e1tiles) define los compuestos vol\u00e1tiles presentes en un producto en funci\u00f3n del impacto que tiene en el aire que respiramos en el medio ambiente.<\/p>\n\n\n\n<div class=\"wp-block-buttons is-layout-flex wp-block-buttons-is-layout-flex\" style=\"margin-bottom:var(--wp--preset--spacing--10)\">\n<div class=\"wp-block-button is-style-link\"><a class=\"wp-block-button__link wp-element-button\" href=\"https:\/\/www.berti.net\/wp-content\/uploads\/2024\/09\/berti-pavimenti-legno_parquet_certificato_voc.pdf\" target=\"_blank\" rel=\"noreferrer noopener\">DESCARGAR CERTIFICADO<\/a><\/div>\n<\/div>\n<\/div>\n<\/div>\n<\/div>\n<\/div>\n\n\n\n<div class=\"wp-block-columns is-layout-flex wp-container-core-columns-is-layout-468f3750 wp-block-columns-is-layout-flex\" style=\"margin-top:var(--wp--preset--spacing--60);margin-bottom:var(--wp--preset--spacing--60)\">\n<div class=\"wp-block-column is-layout-flow wp-block-column-is-layout-flow\">\n<div class=\"wp-block-columns is-not-stacked-on-mobile is-layout-flex wp-container-core-columns-is-layout-7fc3d43a wp-block-columns-is-layout-flex\">\n<div class=\"wp-block-column is-layout-flow wp-block-column-is-layout-flow\" style=\"flex-basis:10%\">\n<figure class=\"wp-block-image size-full\"><img loading=\"lazy\" decoding=\"async\" width=\"61\" height=\"71\" src=\"https:\/\/www.berti.net\/wp-content\/uploads\/2024\/09\/berti_fsc.png\" alt=\"\" class=\"wp-image-202\"\/><\/figure>\n<\/div>\n\n\n\n<div class=\"wp-block-column has-s-font-size is-layout-flow wp-block-column-is-layout-flow\">\n<h6 class=\"wp-block-heading has-body-font-family\" style=\"line-height:1.3\"><strong>FSC<\/strong><\/h6>\n\n\n\n<p style=\"margin-top:0;line-height:1.3\">Pide suelos de madera con certificaci\u00f3n FSC\u00ae. La certificaci\u00f3n Forest Steward Council\u00ae demuestra que la materia prima procede de bosques gestionados de forma correcta, transparente y controlada seg\u00fan las normas FSC\u00ae. <\/p>\n\n\n\n<div class=\"wp-block-buttons is-layout-flex wp-block-buttons-is-layout-flex\" style=\"margin-bottom:var(--wp--preset--spacing--10)\">\n<div class=\"wp-block-button is-style-link\"><a class=\"wp-block-button__link wp-element-button\" href=\"https:\/\/www.berti.net\/wp-content\/uploads\/2024\/09\/ICILA-COC-002959.pdf\" target=\"_blank\" rel=\"noreferrer noopener\">DESCARGAR CERTIFICADO<\/a><\/div>\n<\/div>\n<\/div>\n<\/div>\n<\/div>\n\n\n\n<div class=\"wp-block-column is-layout-flow wp-block-column-is-layout-flow\">\n<div class=\"wp-block-columns is-not-stacked-on-mobile is-layout-flex wp-container-core-columns-is-layout-7fc3d43a wp-block-columns-is-layout-flex\">\n<div class=\"wp-block-column is-layout-flow wp-block-column-is-layout-flow\" style=\"flex-basis:10%\">\n<figure class=\"wp-block-image size-full\"><img loading=\"lazy\" decoding=\"async\" width=\"80\" height=\"80\" src=\"https:\/\/www.berti.net\/wp-content\/uploads\/2024\/09\/berti-pavimenti-legno_parquet-certificati-carb-1.png\" alt=\"\" class=\"wp-image-203\"\/><\/figure>\n<\/div>\n\n\n\n<div class=\"wp-block-column has-s-font-size is-layout-flow wp-block-column-is-layout-flow\">\n<h6 class=\"wp-block-heading has-body-font-family\" style=\"line-height:1.3\"><strong>CARB<\/strong><\/h6>\n\n\n\n<p style=\"margin-top:0;line-height:1.3\">La certificaci\u00f3n CARB, aunque s\u00f3lo es obligatoria en California, ha sido asumida como norma estadounidense, lo que ha influido en muchos fabricantes europeos de productos semiacabados o acabados para controlar las emisiones de formaldeh\u00eddo.<\/p>\n\n\n\n<div class=\"wp-block-buttons is-layout-flex wp-block-buttons-is-layout-flex\" style=\"margin-bottom:var(--wp--preset--spacing--10)\">\n<div class=\"wp-block-button is-style-link\"><a class=\"wp-block-button__link wp-element-button\" href=\"https:\/\/www.berti.net\/wp-content\/uploads\/2024\/09\/berti-pavimenti-legno_parquet_certificato_CARB-TSCA.pdf\" target=\"_blank\" rel=\"noreferrer noopener\">DESCARGAR CERTIFICADO<\/a><\/div>\n<\/div>\n<\/div>\n<\/div>\n<\/div>\n<\/div>\n\n\n\n<div class=\"wp-block-columns is-layout-flex wp-container-core-columns-is-layout-468f3750 wp-block-columns-is-layout-flex\" style=\"margin-top:var(--wp--preset--spacing--60);margin-bottom:var(--wp--preset--spacing--60)\">\n<div class=\"wp-block-column is-layout-flow wp-block-column-is-layout-flow\">\n<div class=\"wp-block-columns is-not-stacked-on-mobile is-layout-flex wp-container-core-columns-is-layout-7fc3d43a wp-block-columns-is-layout-flex\">\n<div class=\"wp-block-column is-layout-flow wp-block-column-is-layout-flow\" style=\"flex-basis:10%\">\n<figure class=\"wp-block-image size-full\"><img loading=\"lazy\" decoding=\"async\" width=\"80\" height=\"80\" src=\"https:\/\/www.berti.net\/wp-content\/uploads\/2024\/09\/berti-pavimenti-legno_parquet-certificati-dolomiti-energia-2.png\" alt=\"\" class=\"wp-image-204\"\/><\/figure>\n<\/div>\n\n\n\n<div class=\"wp-block-column has-s-font-size is-layout-flow wp-block-column-is-layout-flow\">\n<h6 class=\"wp-block-heading has-body-font-family\" style=\"line-height:1.3\"><strong>Dolomiti Energ\u00eda<\/strong><\/h6>\n\n\n\n<p style=\"margin-top:0;line-height:1.3\">La marca &#8221;100% energ\u00eda limpia Dolomiti Energia&#8221; identifica el origen de la electricidad procedente de una fuente renovable y representa un nuevo concepto de consumo energ\u00e9tico.<\/p>\n\n\n\n<div class=\"wp-block-buttons is-layout-flex wp-block-buttons-is-layout-flex\" style=\"margin-bottom:var(--wp--preset--spacing--10)\">\n<div class=\"wp-block-button is-style-link\"><a class=\"wp-block-button__link wp-element-button\" href=\"https:\/\/www.berti.net\/wp-content\/uploads\/2024\/09\/Report_CO2_FREE_EE_EE_B_2022_2410053.pdf\" target=\"_blank\" rel=\"noreferrer noopener\">DESCARGAR CERTIFICADO<\/a><\/div>\n<\/div>\n<\/div>\n<\/div>\n<\/div>\n\n\n\n<div class=\"wp-block-column is-layout-flow wp-block-column-is-layout-flow\"><\/div>\n<\/div>\n<\/div>\n\n<div class=\"wp-block-group alignwide icon-with-text-wrapper animated fadeIn has-base-color has-contrast-2-background-color has-text-color has-background has-link-color wp-elements-b79c16bf3b3955b60ac4886558b128b9 has-global-padding is-layout-constrained wp-container-core-group-is-layout-680b948d wp-block-group-is-layout-constrained\" style=\"padding-top:var(--wp--preset--spacing--70);padding-bottom:var(--wp--preset--spacing--80)\">\n<figure class=\"wp-block-image aligncenter icon\"><img decoding=\"async\" src=\"https:\/\/www.berti.net\/wp-content\/themes\/thombase\/public\/images\/icon-1.webp\" alt=\"\"\/><\/figure>\n\n\n\n<p class=\"has-text-align-center has-m-32-font-size\" style=\"margin-top:0;line-height:1.45\">El hombre y el medio ambiente. Construyendo y amueblando el espacio del primero, respetando la vida y la integridad del segundo. Est\u00e1 en la propia naturaleza de <strong>los productos Berti<\/strong> cuidar la salud de quienes viven, caminan y trabajan en sus suelos, as\u00ed como contribuir al equilibrio energ\u00e9tico de los entornos en los que se colocan.  <\/p>\n<\/div>\n","protected":false},"excerpt":{"rendered":"<p>L\u00e1seres y suelos, sofisticada combinaci\u00f3n La empresa fue la primera del mundo en estudiar la aplicaci\u00f3n de la tecnolog\u00eda l\u00e1ser para crear parquet fino y suelos con incrustaciones, verdaderas obras de arte que han hecho de Berti Pavimenti Legno un punto de referencia inigualable para esta avanzada t\u00e9cnica de elaboraci\u00f3n y la demanda de parquet de lujo. Gracias a esta [&hellip;]<\/p>\n","protected":false},"author":2,"featured_media":17400,"parent":0,"menu_order":0,"comment_status":"closed","ping_status":"closed","template":"page-with-timeline","meta":{"footnotes":""},"class_list":["post-17372","page","type-page","status-publish","has-post-thumbnail","hentry"],"_links":{"self":[{"href":"https:\/\/berti.net\/es\/wp-json\/wp\/v2\/pages\/17372","targetHints":{"allow":["GET"]}}],"collection":[{"href":"https:\/\/berti.net\/es\/wp-json\/wp\/v2\/pages"}],"about":[{"href":"https:\/\/berti.net\/es\/wp-json\/wp\/v2\/types\/page"}],"author":[{"embeddable":true,"href":"https:\/\/berti.net\/es\/wp-json\/wp\/v2\/users\/2"}],"replies":[{"embeddable":true,"href":"https:\/\/berti.net\/es\/wp-json\/wp\/v2\/comments?post=17372"}],"version-history":[{"count":5,"href":"https:\/\/berti.net\/es\/wp-json\/wp\/v2\/pages\/17372\/revisions"}],"predecessor-version":[{"id":27245,"href":"https:\/\/berti.net\/es\/wp-json\/wp\/v2\/pages\/17372\/revisions\/27245"}],"wp:featuredmedia":[{"embeddable":true,"href":"https:\/\/berti.net\/es\/wp-json\/wp\/v2\/media\/17400"}],"wp:attachment":[{"href":"https:\/\/berti.net\/es\/wp-json\/wp\/v2\/media?parent=17372"}],"curies":[{"name":"wp","href":"https:\/\/api.w.org\/{rel}","templated":true}]}}