{"id":17341,"date":"2024-10-16T14:28:45","date_gmt":"2024-10-16T14:28:45","guid":{"rendered":"https:\/\/www.berti.net\/parquet\/incrustaciones\/"},"modified":"2025-07-10T08:59:43","modified_gmt":"2025-07-10T08:59:43","slug":"incrustaciones","status":"publish","type":"page","link":"https:\/\/berti.net\/es\/parquet\/incrustaciones\/","title":{"rendered":"Incrustaciones"},"content":{"rendered":"\n<div class=\"wp-block-group alignfull hero-title-slider-pattern has-global-padding is-layout-constrained wp-block-group-is-layout-constrained\">\n<div class=\"wp-block-cover alignfull banner-hero has-aspect-ratio wp-duotone-unset-1\" style=\"padding-top:0px;padding-right:0;padding-bottom:0px;padding-left:0;min-height:516px;aspect-ratio:auto;min-height:unset;\"><img loading=\"lazy\" decoding=\"async\" width=\"1600\" height=\"1200\" class=\"wp-block-cover__image-background wp-image-233\" alt=\"\" src=\"https:\/\/www.berti.net\/wp-content\/uploads\/2024\/09\/Hero_1.jpg\" data-object-fit=\"cover\" srcset=\"https:\/\/berti.net\/wp-content\/uploads\/2024\/09\/Hero_1.jpg 1600w, https:\/\/berti.net\/wp-content\/uploads\/2024\/09\/Hero_1-300x225.jpg 300w, https:\/\/berti.net\/wp-content\/uploads\/2024\/09\/Hero_1-1024x768.jpg 1024w, https:\/\/berti.net\/wp-content\/uploads\/2024\/09\/Hero_1-768x576.jpg 768w, https:\/\/berti.net\/wp-content\/uploads\/2024\/09\/Hero_1-1536x1152.jpg 1536w\" sizes=\"auto, (max-width: 1600px) 100vw, 1600px\" \/><span aria-hidden=\"true\" class=\"wp-block-cover__background has-base-background-color has-background-dim\"><\/span><div class=\"wp-block-cover__inner-container is-layout-flow wp-block-cover-is-layout-flow\">\n<div class=\"wp-block-group banner-hero-content has-global-padding is-layout-constrained wp-container-core-group-is-layout-ebc48d2c wp-block-group-is-layout-constrained\" style=\"padding-bottom:var(--wp--preset--spacing--80)\">\n<div class=\"wp-block-group has-global-padding is-layout-constrained wp-container-core-group-is-layout-b831be90 wp-block-group-is-layout-constrained\">\n<h1 class=\"wp-block-heading has-text-align-center has-white-color has-text-color has-xxl-font-size\" style=\"letter-spacing:0px;line-height:1\">Colecci\u00f3n de Incrustaciones<\/h1>\n<\/div>\n<\/div>\n<\/div><\/div>\n<\/div>\n\n\n\n<div class=\"wp-block-group alignwide has-global-padding is-layout-constrained wp-container-core-group-is-layout-92dded1c wp-block-group-is-layout-constrained\" style=\"margin-top:var(--wp--preset--spacing--120);margin-bottom:var(--wp--preset--spacing--120)\">\n<div class=\"wp-block-group title-text-indented-pattern has-global-padding is-layout-constrained wp-container-core-group-is-layout-a31aa551 wp-block-group-is-layout-constrained\">\n<h2 class=\"wp-block-heading animated fadeInUp has-text-color\" style=\"color:#000000\">Tecnolog\u00eda l\u00e1ser y suelos de madera: <strong>el arte de la incrustaci\u00f3n<\/strong><\/h2>\n\n\n\n<div class=\"wp-block-group animated fadeInUp has-global-padding is-layout-constrained wp-block-group-is-layout-constrained\">\n<p class=\"has-text-color has-m-22-font-size\" style=\"line-height:1.5\">Ser la <strong>primera empresa del mundo<\/strong> en aplicar la tecnolog\u00eda l\u00e1ser a los suelos de madera ha convertido a <strong>Berti Pavimenti Legno<\/strong> en una referencia en el arte de la taracea. Gracias a esta innovaci\u00f3n, Berti crea verdaderas <strong>obras de arte en madera<\/strong>, combinando la artesan\u00eda tradicional y la tecnolog\u00eda m\u00e1s avanzada. <\/p>\n\n\n\n<p class=\"has-text-color has-m-22-font-size\" style=\"line-height:1.5\">Colaboramos con los <strong>dise\u00f1adores<\/strong> y <strong>arquitectos<\/strong> m\u00e1s consagrados, poniendo a su disposici\u00f3n nuestro departamento t\u00e9cnico para dise\u00f1ar y crear suelos de taracea, cenefas decorativas y originales decoraciones murales. Cada creaci\u00f3n es \u00fanica y est\u00e1 pensada para realzar cualquier ambiente con estilo y elegancia. <\/p>\n<\/div>\n<\/div>\n<\/div>\n\n\n\n<div class=\"wp-block-group alignwide animated fadeIn has-global-padding is-layout-constrained wp-container-core-group-is-layout-d427c859 wp-block-group-is-layout-constrained\" style=\"margin-top:var(--wp--preset--spacing--50);margin-bottom:var(--wp--preset--spacing--50);padding-right:16px;padding-left:16px\">\n<figure class=\"wp-block-image size-large\"><img loading=\"lazy\" decoding=\"async\" width=\"1920\" height=\"1080\" src=\"https:\/\/www.berti.net\/wp-content\/uploads\/parquet-bordure-intarsiate-africa-berti-1920x1080.jpg\" alt=\"\" class=\"wp-image-22071\" srcset=\"https:\/\/berti.net\/wp-content\/uploads\/parquet-bordure-intarsiate-africa-berti-1920x1080.jpg 1920w, https:\/\/berti.net\/wp-content\/uploads\/parquet-bordure-intarsiate-africa-berti-812x457.jpg 812w, https:\/\/berti.net\/wp-content\/uploads\/parquet-bordure-intarsiate-africa-berti-768x432.jpg 768w, https:\/\/berti.net\/wp-content\/uploads\/parquet-bordure-intarsiate-africa-berti-1536x864.jpg 1536w, https:\/\/berti.net\/wp-content\/uploads\/parquet-bordure-intarsiate-africa-berti.jpg 1928w\" sizes=\"auto, (max-width: 1920px) 100vw, 1920px\" \/><\/figure>\n<\/div>\n\n\n\n<div class=\"wp-block-group alignwide animated fadeIn has-base-color has-text-color has-link-color wp-elements-fff3af25e038492ca21aa1196a3454f1 has-global-padding is-layout-constrained wp-container-core-group-is-layout-e7f6fb82 wp-block-group-is-layout-constrained\" style=\"padding-top:0;padding-bottom:var(--wp--preset--spacing--90)\">\n<h3 class=\"wp-block-heading has-text-color has-l-48-font-size\" style=\"color:#000000\">Marqueter\u00eda art\u00edstica<\/h3>\n\n\n\n<div class=\"wp-block-group has-global-padding is-layout-constrained wp-block-group-is-layout-constrained\">\n<p class=\"has-m-22-font-size\" style=\"line-height:1.5\"><a href=\"https:\/\/www.berti.net\/es\/parquet\/incrustaciones\/incrustaciones-artisticas\/\">La t\u00e9cnica de la<strong>marqueter\u00eda art\u00edstica<\/strong> permite crear suelos de madera decorados, dise\u00f1os centrales y detalles que resaltan zonas concretas de una habitaci\u00f3n. Cada decoraci\u00f3n est\u00e1 hecha a medida para adaptarse a las necesidades est\u00e9ticas y funcionales del cliente. <\/a><\/p>\n\n\n\n<div class=\"wp-block-buttons is-layout-flex wp-block-buttons-is-layout-flex\" style=\"margin-top:var(--wp--preset--spacing--40)\">\n<div class=\"wp-block-button is-style-fill\"><a class=\"wp-block-button__link has-contrast-2-color has-base-background-color has-text-color has-background has-link-color wp-element-button\" href=\"https:\/\/www.berti.net\/es\/parquet\/incrustaciones\/incrustaciones-artisticas\/\" style=\"padding-top:15px;padding-right:30px;padding-bottom:15px;padding-left:30px\">M\u00e1s informaci\u00f3n sobre nuestras incrustaciones art\u00edsticas<\/a><\/div>\n<\/div>\n<\/div>\n<\/div>\n\n\n\n<div class=\"wp-block-group alignwide animated fadeIn has-global-padding is-layout-constrained wp-container-core-group-is-layout-d427c859 wp-block-group-is-layout-constrained\" style=\"margin-top:var(--wp--preset--spacing--50);margin-bottom:var(--wp--preset--spacing--50);padding-right:16px;padding-left:16px\">\n<figure class=\"wp-block-image size-large\"><img loading=\"lazy\" decoding=\"async\" width=\"1920\" height=\"1080\" src=\"https:\/\/www.berti.net\/wp-content\/uploads\/parquet-intarsi-laser-dubai-berti-1920x1080.jpg\" alt=\"\" class=\"wp-image-22075\" srcset=\"https:\/\/berti.net\/wp-content\/uploads\/parquet-intarsi-laser-dubai-berti-1920x1080.jpg 1920w, https:\/\/berti.net\/wp-content\/uploads\/parquet-intarsi-laser-dubai-berti-812x457.jpg 812w, https:\/\/berti.net\/wp-content\/uploads\/parquet-intarsi-laser-dubai-berti-768x432.jpg 768w, https:\/\/berti.net\/wp-content\/uploads\/parquet-intarsi-laser-dubai-berti-1536x864.jpg 1536w, https:\/\/berti.net\/wp-content\/uploads\/parquet-intarsi-laser-dubai-berti.jpg 1928w\" sizes=\"auto, (max-width: 1920px) 100vw, 1920px\" \/><\/figure>\n<\/div>\n\n\n\n<div class=\"wp-block-group alignwide animated fadeIn has-base-color has-text-color has-link-color wp-elements-ee4789656732901991fafa151c8b0e32 has-global-padding is-layout-constrained wp-container-core-group-is-layout-e7f6fb82 wp-block-group-is-layout-constrained\" style=\"padding-top:0;padding-bottom:var(--wp--preset--spacing--90)\">\n<h3 class=\"wp-block-heading has-text-color has-l-48-font-size\" style=\"color:#000000\">Bordes con incrustaciones<\/h3>\n\n\n\n<div class=\"wp-block-group has-global-padding is-layout-constrained wp-block-group-is-layout-constrained\">\n<p class=\"has-m-22-font-size\" style=\"line-height:1.5\"><a href=\"https:\/\/www.berti.net\/es\/parquet\/incrustaciones\/bordes-con-incrustaciones\/\"><strong>Los bordes con incrustaciones<\/strong> son bandas decorativas dise\u00f1adas con estilos y especies de madera de todo el mundo. Estos detalles ornamentales a\u00f1aden un toque de prestigio a los suelos, haciendo que cada habitaci\u00f3n sea \u00fanica y exclusiva. <\/a><\/p>\n\n\n\n<div class=\"wp-block-buttons is-layout-flex wp-block-buttons-is-layout-flex\" style=\"margin-top:var(--wp--preset--spacing--40)\">\n<div class=\"wp-block-button is-style-fill\"><a class=\"wp-block-button__link has-contrast-2-color has-base-background-color has-text-color has-background has-link-color wp-element-button\" href=\"https:\/\/www.berti.net\/es\/parquet\/incrustaciones\/bordes-con-incrustaciones\/\" style=\"padding-top:15px;padding-right:30px;padding-bottom:15px;padding-left:30px\">M\u00e1s informaci\u00f3n sobre nuestras fronteras<\/a><\/div>\n<\/div>\n<\/div>\n<\/div>\n\n\n\n<div class=\"wp-block-group is-style-default has-global-padding is-layout-constrained wp-block-group-is-layout-constrained\" style=\"margin-top:var(--wp--preset--spacing--60)\">\n<figure class=\"wp-block-embed aligncenter is-type-video is-provider-youtube wp-block-embed-youtube wp-embed-aspect-16-9 wp-has-aspect-ratio\"><div class=\"wp-block-embed__wrapper\">\n<iframe loading=\"lazy\" title=\"Intarsi de Berti: Parquet art\u00edstico con incrustaciones y tecnolog\u00eda l\u00e1ser exclusiva\" width=\"500\" height=\"281\" src=\"https:\/\/www.youtube.com\/embed\/rDmKKMlIZwE?feature=oembed\" frameborder=\"0\" allow=\"accelerometer; autoplay; clipboard-write; encrypted-media; gyroscope; picture-in-picture; web-share\" referrerpolicy=\"strict-origin-when-cross-origin\" allowfullscreen><\/iframe>\n<\/div><\/figure>\n<\/div>\n\n\n\n<div style=\"height:100px\" aria-hidden=\"true\" class=\"wp-block-spacer\"><\/div>\n\n\n\n<div class=\"wp-block-cover alignfull is-light estimate-request-content animated fadeIn\" style=\"margin-top:0\"><img decoding=\"async\" class=\"wp-block-cover__image-background\" alt=\"\" src=\"https:\/\/www.berti.net\/wp-content\/themes\/thombase\/public\/images\/estimateBanner.webp\" data-object-fit=\"cover\"\/><span aria-hidden=\"true\" class=\"wp-block-cover__background has-background-dim-0 has-background-dim\"><\/span><div class=\"wp-block-cover__inner-container has-global-padding is-layout-constrained wp-block-cover-is-layout-constrained\">\n<div id=\"estimate\" class=\"wp-block-group alignleft estimate-request-content-inner has-global-padding is-content-justification-left is-layout-constrained wp-container-core-group-is-layout-94054b8f wp-block-group-is-layout-constrained\">\n<h5 class=\"wp-block-heading\">Pide una <strong>presupuesto<\/strong>,<br>entra en el mundo Berti<\/h5>\n\n\n\n<p style=\"line-height:1.5\">Rellena el formulario para solicitar un presupuesto. Recibir\u00e1s una respuesta de nuestro personal en breve.   <\/p>\n\n\n\n<div class=\"wp-block-buttons is-layout-flex wp-block-buttons-is-layout-flex\">\n<div class=\"wp-block-button is-style-link\"><a class=\"wp-block-button__link wp-element-button\" href=\"https:\/\/www.berti.net\/es\/solicita-preventivo-2\/\">SOLICITA AHORA<\/a><\/div>\n<\/div>\n<\/div>\n<\/div><\/div>\n","protected":false},"excerpt":{"rendered":"<p>Tecnolog\u00eda l\u00e1ser y suelos de madera: el arte de la incrustaci\u00f3n Ser la primera empresa del mundo en aplicar la tecnolog\u00eda l\u00e1ser a los suelos de madera ha convertido a Berti Pavimenti Legno en una referencia en el arte de la taracea. Gracias a esta innovaci\u00f3n, Berti crea verdaderas obras de arte en madera, combinando la artesan\u00eda tradicional y la [&hellip;]<\/p>\n","protected":false},"author":4,"featured_media":0,"parent":17281,"menu_order":0,"comment_status":"closed","ping_status":"closed","template":"page-with-overlying-header","meta":{"footnotes":""},"class_list":["post-17341","page","type-page","status-publish","hentry"],"_links":{"self":[{"href":"https:\/\/berti.net\/es\/wp-json\/wp\/v2\/pages\/17341","targetHints":{"allow":["GET"]}}],"collection":[{"href":"https:\/\/berti.net\/es\/wp-json\/wp\/v2\/pages"}],"about":[{"href":"https:\/\/berti.net\/es\/wp-json\/wp\/v2\/types\/page"}],"author":[{"embeddable":true,"href":"https:\/\/berti.net\/es\/wp-json\/wp\/v2\/users\/4"}],"replies":[{"embeddable":true,"href":"https:\/\/berti.net\/es\/wp-json\/wp\/v2\/comments?post=17341"}],"version-history":[{"count":11,"href":"https:\/\/berti.net\/es\/wp-json\/wp\/v2\/pages\/17341\/revisions"}],"predecessor-version":[{"id":25824,"href":"https:\/\/berti.net\/es\/wp-json\/wp\/v2\/pages\/17341\/revisions\/25824"}],"up":[{"embeddable":true,"href":"https:\/\/berti.net\/es\/wp-json\/wp\/v2\/pages\/17281"}],"wp:attachment":[{"href":"https:\/\/berti.net\/es\/wp-json\/wp\/v2\/media?parent=17341"}],"curies":[{"name":"wp","href":"https:\/\/api.w.org\/{rel}","templated":true}]}}