{"id":17282,"date":"2024-09-17T21:04:55","date_gmt":"2024-09-17T21:04:55","guid":{"rendered":"https:\/\/www.berti.net\/parquet-countryside\/"},"modified":"2025-10-08T07:22:56","modified_gmt":"2025-10-08T07:22:56","slug":"parquet-countryside","status":"publish","type":"page","link":"https:\/\/berti.net\/es\/parquet\/parquet-countryside\/","title":{"rendered":"Parquet Countryside"},"content":{"rendered":"\n<div class=\"wp-block-group alignfull hero-title-slider-pattern has-global-padding is-layout-constrained wp-block-group-is-layout-constrained\">\n<div class=\"wp-block-cover alignfull banner-hero has-aspect-ratio wp-duotone-unset-1\" style=\"padding-top:0px;padding-right:0;padding-bottom:0px;padding-left:0;min-height:516px;aspect-ratio:auto;min-height:unset;\"><img loading=\"lazy\" decoding=\"async\" width=\"1355\" height=\"733\" class=\"wp-block-cover__image-background wp-image-1002\" alt=\"\" src=\"https:\/\/www.berti.net\/wp-content\/uploads\/2024\/10\/berti_countryside-slide_02.jpg\" style=\"object-position:50% 83%\" data-object-fit=\"cover\" data-object-position=\"50% 83%\" srcset=\"https:\/\/berti.net\/wp-content\/uploads\/2024\/10\/berti_countryside-slide_02.jpg 1355w, https:\/\/berti.net\/wp-content\/uploads\/2024\/10\/berti_countryside-slide_02-300x162.jpg 300w, https:\/\/berti.net\/wp-content\/uploads\/2024\/10\/berti_countryside-slide_02-1024x554.jpg 1024w, https:\/\/berti.net\/wp-content\/uploads\/2024\/10\/berti_countryside-slide_02-768x415.jpg 768w\" sizes=\"auto, (max-width: 1355px) 100vw, 1355px\" \/><span aria-hidden=\"true\" class=\"wp-block-cover__background has-background-dim wp-block-cover__gradient-background has-background-gradient has-gradient-2-gradient-background\"><\/span><div class=\"wp-block-cover__inner-container is-layout-flow wp-block-cover-is-layout-flow\">\n<div class=\"wp-block-group banner-hero-content has-global-padding is-layout-constrained wp-container-core-group-is-layout-a05d3a21 wp-block-group-is-layout-constrained\">\n<div class=\"wp-block-group has-global-padding is-layout-constrained wp-container-core-group-is-layout-b831be90 wp-block-group-is-layout-constrained\"><h1 style=\"line-height:1;text-transform:uppercase;\" class=\"has-text-align-center has-link-color wp-elements-a5fdec94e3cace30e3d3b888b881736c wp-block-post-title has-text-color has-base-3-color has-heading-font-family\">Parquet Countryside<\/h1><\/div>\n<\/div>\n<\/div><\/div>\n\n\n\n<div class=\"wp-block-group alignfull slider-hero has-global-padding is-layout-constrained wp-block-group-is-layout-constrained\">\n<div style=\"margin-top:0%;margin-bottom:0;\" class=\"swiper alignfull is-style-zoom wp-block-wpe-thom-slider-block\" data-swiper=\"{&quot;autoplay&quot;:false,&quot;navigation&quot;:false,&quot;pagination&quot;:false,&quot;loop&quot;:false,&quot;centeredSlides&quot;:true,&quot;slidesPerView&quot;:1.5,&quot;slidesPerViewMobile&quot;:1.5}\">\n\n\t<div class=\"swiper-wrapper\">\n\t\t\n\n<div class=\"wp-block-cover aligncenter has-custom-content-position is-position-bottom-left swiper-slide has-text-color has-link-color wp-elements-8f7e48720510c8ca31b4a07d14c0140f\" style=\"color:#ffffff;padding-top:var(--wp--preset--spacing--large);padding-right:var(--wp--preset--spacing--large);padding-bottom:var(--wp--preset--spacing--large);padding-left:var(--wp--preset--spacing--large)\"><img loading=\"lazy\" decoding=\"async\" width=\"1355\" height=\"733\" class=\"wp-block-cover__image-background wp-image-932\" alt=\"\" src=\"https:\/\/www.berti.net\/wp-content\/uploads\/2024\/10\/berti_countryside-tuscany_ambientata_02.jpg\" data-object-fit=\"cover\" srcset=\"https:\/\/berti.net\/wp-content\/uploads\/2024\/10\/berti_countryside-tuscany_ambientata_02.jpg 1355w, https:\/\/berti.net\/wp-content\/uploads\/2024\/10\/berti_countryside-tuscany_ambientata_02-300x162.jpg 300w, https:\/\/berti.net\/wp-content\/uploads\/2024\/10\/berti_countryside-tuscany_ambientata_02-1024x554.jpg 1024w, https:\/\/berti.net\/wp-content\/uploads\/2024\/10\/berti_countryside-tuscany_ambientata_02-768x415.jpg 768w\" sizes=\"auto, (max-width: 1355px) 100vw, 1355px\" \/><span aria-hidden=\"true\" class=\"wp-block-cover__background has-background-dim-20 has-background-dim\" style=\"background-color:#837a73\"><\/span><div class=\"wp-block-cover__inner-container has-global-padding is-layout-constrained wp-container-core-cover-is-layout-e20e7e2d wp-block-cover-is-layout-constrained\">\n<div class=\"wp-block-group has-global-padding is-layout-constrained wp-block-group-is-layout-constrained\"><\/div>\n<\/div><\/div>\n\n\n\n<div class=\"wp-block-cover aligncenter is-light has-custom-content-position is-position-bottom-left swiper-slide has-text-color has-link-color wp-elements-dcef2c154038008508b83a714953c0ee\" style=\"color:#ffffff;padding-top:var(--wp--preset--spacing--large);padding-right:var(--wp--preset--spacing--large);padding-bottom:var(--wp--preset--spacing--large);padding-left:var(--wp--preset--spacing--large)\"><img loading=\"lazy\" decoding=\"async\" width=\"1355\" height=\"733\" class=\"wp-block-cover__image-background wp-image-931\" alt=\"\" src=\"https:\/\/www.berti.net\/wp-content\/uploads\/2024\/10\/berti_countryside-tuscany_ambientata_01.jpg\" data-object-fit=\"cover\" srcset=\"https:\/\/berti.net\/wp-content\/uploads\/2024\/10\/berti_countryside-tuscany_ambientata_01.jpg 1355w, https:\/\/berti.net\/wp-content\/uploads\/2024\/10\/berti_countryside-tuscany_ambientata_01-300x162.jpg 300w, https:\/\/berti.net\/wp-content\/uploads\/2024\/10\/berti_countryside-tuscany_ambientata_01-1024x554.jpg 1024w, https:\/\/berti.net\/wp-content\/uploads\/2024\/10\/berti_countryside-tuscany_ambientata_01-768x415.jpg 768w\" sizes=\"auto, (max-width: 1355px) 100vw, 1355px\" \/><span aria-hidden=\"true\" class=\"wp-block-cover__background has-background-dim-20 has-background-dim\" style=\"background-color:#827f78\"><\/span><div class=\"wp-block-cover__inner-container has-global-padding is-layout-constrained wp-container-core-cover-is-layout-e20e7e2d wp-block-cover-is-layout-constrained\">\n<div class=\"wp-block-group has-global-padding is-layout-constrained wp-block-group-is-layout-constrained\"><\/div>\n<\/div><\/div>\n\n\n\n<div class=\"wp-block-cover aligncenter is-light has-custom-content-position is-position-bottom-left swiper-slide has-text-color has-link-color wp-elements-dee6493d8ff4cef3e3c65f94bf0c1f32\" style=\"color:#ffffff;padding-top:var(--wp--preset--spacing--large);padding-right:var(--wp--preset--spacing--large);padding-bottom:var(--wp--preset--spacing--large);padding-left:var(--wp--preset--spacing--large)\"><img loading=\"lazy\" decoding=\"async\" width=\"1355\" height=\"733\" class=\"wp-block-cover__image-background wp-image-929\" alt=\"\" src=\"https:\/\/www.berti.net\/wp-content\/uploads\/2024\/10\/berti_countryside-manitoba_ambientata_02.jpg\" data-object-fit=\"cover\" srcset=\"https:\/\/berti.net\/wp-content\/uploads\/2024\/10\/berti_countryside-manitoba_ambientata_02.jpg 1355w, https:\/\/berti.net\/wp-content\/uploads\/2024\/10\/berti_countryside-manitoba_ambientata_02-300x162.jpg 300w, https:\/\/berti.net\/wp-content\/uploads\/2024\/10\/berti_countryside-manitoba_ambientata_02-1024x554.jpg 1024w, https:\/\/berti.net\/wp-content\/uploads\/2024\/10\/berti_countryside-manitoba_ambientata_02-768x415.jpg 768w\" sizes=\"auto, (max-width: 1355px) 100vw, 1355px\" \/><span aria-hidden=\"true\" class=\"wp-block-cover__background has-background-dim-20 has-background-dim\" style=\"background-color:#988b7f\"><\/span><div class=\"wp-block-cover__inner-container has-global-padding is-layout-constrained wp-container-core-cover-is-layout-e20e7e2d wp-block-cover-is-layout-constrained\">\n<div class=\"wp-block-group has-global-padding is-layout-constrained wp-block-group-is-layout-constrained\"><\/div>\n<\/div><\/div>\n\n\t<\/div>\n\n<\/div><!-- .swiper -->\n<\/div>\n<\/div>\n\n<div class=\"wp-block-group alignwide has-global-padding is-layout-constrained wp-container-core-group-is-layout-92dded1c wp-block-group-is-layout-constrained\" style=\"margin-top:var(--wp--preset--spacing--120);margin-bottom:var(--wp--preset--spacing--120)\">\n<div class=\"wp-block-group title-text-indented-pattern has-global-padding is-layout-constrained wp-container-core-group-is-layout-a31aa551 wp-block-group-is-layout-constrained\">\n<h2 class=\"wp-block-heading animated fadeInUp has-text-color\" style=\"color:#000000\"><strong>Berti Countryside<\/strong>, una l\u00ednea especial y original de parquet preacabado perfecta para ambientes confortables y acogedores.<\/h2>\n\n\n\n<div class=\"wp-block-group animated fadeInUp has-global-padding is-layout-constrained wp-block-group-is-layout-constrained\">\n<p class=\"has-m-22-font-size\" style=\"line-height:1.5\">Una est\u00e9tica clara y precisa con un sabor robusto y genuino. El cepillado profundo enriquecido con nudos, grietas y astillas es el alma de este producto, que se convierte en un aut\u00e9ntico mueble. <\/p>\n<\/div>\n<\/div>\n<\/div>\n\n<div class=\"wp-block-group products-group is-style-container has-global-padding is-content-justification-left is-layout-constrained wp-container-core-group-is-layout-5c6e4e02 wp-block-group-is-layout-constrained\" style=\"margin-top:var(--wp--preset--spacing--30)\">\n<h2 class=\"wp-block-heading has-text-align-center products-group-title animated fadeIn has-ml-font-size\">Countryside<\/h2>\n\n\n\n<div class=\"wp-block-query products-grid-4-col is-layout-flow wp-block-query-is-layout-flow\"><ul class=\"has-link-color columns-4 products-grid-4-col-template wp-elements-5efb364da9ef6ceffd7daf6751bb65f0 wp-block-post-template has-text-color has-base-color is-layout-grid wp-container-core-post-template-is-layout-e7fd85f5 wp-block-post-template-is-layout-grid\"><li class=\"wp-block-post post-19869 product type-product status-publish has-post-thumbnail hentry product_collection-roble-countryside\">\n<figure class=\"animated fadeIn wp-block-post-featured-image wp-elements-5efb364da9ef6ceffd7daf6751bb65f0\"><a href=\"https:\/\/berti.net\/es\/parquet\/roble-countryside\/manitoba\/\" target=\"_self\"  ><img loading=\"lazy\" decoding=\"async\" width=\"300\" height=\"300\" src=\"https:\/\/berti.net\/wp-content\/uploads\/2024\/09\/berti-pavimenti-in-legno_parquet-rovere-countryside-manitoba-1-1-300x300.jpeg\" class=\"attachment-medium size-medium\" alt=\"\" srcset=\"https:\/\/berti.net\/wp-content\/uploads\/2024\/09\/berti-pavimenti-in-legno_parquet-rovere-countryside-manitoba-1-1-300x300.jpeg 300w, https:\/\/berti.net\/wp-content\/uploads\/2024\/09\/berti-pavimenti-in-legno_parquet-rovere-countryside-manitoba-1-1-1024x1024.jpeg 1024w, https:\/\/berti.net\/wp-content\/uploads\/2024\/09\/berti-pavimenti-in-legno_parquet-rovere-countryside-manitoba-1-1-150x150.jpeg 150w, https:\/\/berti.net\/wp-content\/uploads\/2024\/09\/berti-pavimenti-in-legno_parquet-rovere-countryside-manitoba-1-1-768x768.jpeg 768w, https:\/\/berti.net\/wp-content\/uploads\/2024\/09\/berti-pavimenti-in-legno_parquet-rovere-countryside-manitoba-1-1-1536x1536.jpeg 1536w, https:\/\/berti.net\/wp-content\/uploads\/2024\/09\/berti-pavimenti-in-legno_parquet-rovere-countryside-manitoba-1-1.jpeg 1908w\" sizes=\"auto, (max-width: 300px) 100vw, 300px\" \/><\/a><\/figure>\n\n<h2 style=\"font-size:clamp(15.747px, 0.984rem + ((1vw - 3.2px) * 0.645), 24px);font-style:normal;font-weight:700;\" class=\"animated fadeIn wp-block-post-title\"><a href=\"https:\/\/berti.net\/es\/parquet\/roble-countryside\/manitoba\/\" target=\"_self\" >Manitoba<\/a><\/h2>\n\n<div class=\"acf_product_list_subtitle wp-block-post-field\"><a href=\"https:\/\/berti.net\/es\/parquet\/roble-countryside\/manitoba\/\">Roble Countryside<\/a><\/div>\n<\/li><li class=\"wp-block-post post-19882 product type-product status-publish has-post-thumbnail hentry product_collection-roble-countryside\">\n<figure class=\"animated fadeIn wp-block-post-featured-image wp-elements-5efb364da9ef6ceffd7daf6751bb65f0\"><a href=\"https:\/\/berti.net\/es\/parquet\/roble-countryside\/alberta\/\" target=\"_self\"  ><img loading=\"lazy\" decoding=\"async\" width=\"300\" height=\"300\" src=\"https:\/\/berti.net\/wp-content\/uploads\/2024\/09\/berti-pavimenti-in-legno_parquet-rovere-countryside-alberta-1-1-300x300.jpeg\" class=\"attachment-medium size-medium\" alt=\"\" srcset=\"https:\/\/berti.net\/wp-content\/uploads\/2024\/09\/berti-pavimenti-in-legno_parquet-rovere-countryside-alberta-1-1-300x300.jpeg 300w, https:\/\/berti.net\/wp-content\/uploads\/2024\/09\/berti-pavimenti-in-legno_parquet-rovere-countryside-alberta-1-1-1024x1024.jpeg 1024w, https:\/\/berti.net\/wp-content\/uploads\/2024\/09\/berti-pavimenti-in-legno_parquet-rovere-countryside-alberta-1-1-150x150.jpeg 150w, https:\/\/berti.net\/wp-content\/uploads\/2024\/09\/berti-pavimenti-in-legno_parquet-rovere-countryside-alberta-1-1-768x768.jpeg 768w, https:\/\/berti.net\/wp-content\/uploads\/2024\/09\/berti-pavimenti-in-legno_parquet-rovere-countryside-alberta-1-1-1536x1536.jpeg 1536w, https:\/\/berti.net\/wp-content\/uploads\/2024\/09\/berti-pavimenti-in-legno_parquet-rovere-countryside-alberta-1-1.jpeg 1908w\" sizes=\"auto, (max-width: 300px) 100vw, 300px\" \/><\/a><\/figure>\n\n<h2 style=\"font-size:clamp(15.747px, 0.984rem + ((1vw - 3.2px) * 0.645), 24px);font-style:normal;font-weight:700;\" class=\"animated fadeIn wp-block-post-title\"><a href=\"https:\/\/berti.net\/es\/parquet\/roble-countryside\/alberta\/\" target=\"_self\" >Alberta<\/a><\/h2>\n\n<div class=\"acf_product_list_subtitle wp-block-post-field\"><a href=\"https:\/\/berti.net\/es\/parquet\/roble-countryside\/alberta\/\">Roble Countryside<\/a><\/div>\n<\/li><li class=\"wp-block-post post-19891 product type-product status-publish has-post-thumbnail hentry product_collection-roble-countryside\">\n<figure class=\"animated fadeIn wp-block-post-featured-image wp-elements-5efb364da9ef6ceffd7daf6751bb65f0\"><a href=\"https:\/\/berti.net\/es\/parquet\/roble-countryside\/canyon\/\" target=\"_self\"  ><img loading=\"lazy\" decoding=\"async\" width=\"300\" height=\"300\" src=\"https:\/\/berti.net\/wp-content\/uploads\/2024\/09\/berti-pavimenti-in-legno_parquet-rovere-countryside-canyon-1-300x300.jpeg\" class=\"attachment-medium size-medium\" alt=\"\" srcset=\"https:\/\/berti.net\/wp-content\/uploads\/2024\/09\/berti-pavimenti-in-legno_parquet-rovere-countryside-canyon-1-300x300.jpeg 300w, https:\/\/berti.net\/wp-content\/uploads\/2024\/09\/berti-pavimenti-in-legno_parquet-rovere-countryside-canyon-1-1024x1024.jpeg 1024w, https:\/\/berti.net\/wp-content\/uploads\/2024\/09\/berti-pavimenti-in-legno_parquet-rovere-countryside-canyon-1-150x150.jpeg 150w, https:\/\/berti.net\/wp-content\/uploads\/2024\/09\/berti-pavimenti-in-legno_parquet-rovere-countryside-canyon-1-768x768.jpeg 768w, https:\/\/berti.net\/wp-content\/uploads\/2024\/09\/berti-pavimenti-in-legno_parquet-rovere-countryside-canyon-1-1536x1536.jpeg 1536w, https:\/\/berti.net\/wp-content\/uploads\/2024\/09\/berti-pavimenti-in-legno_parquet-rovere-countryside-canyon-1.jpeg 1908w\" sizes=\"auto, (max-width: 300px) 100vw, 300px\" \/><\/a><\/figure>\n\n<h2 style=\"font-size:clamp(15.747px, 0.984rem + ((1vw - 3.2px) * 0.645), 24px);font-style:normal;font-weight:700;\" class=\"animated fadeIn wp-block-post-title\"><a href=\"https:\/\/berti.net\/es\/parquet\/roble-countryside\/canyon\/\" target=\"_self\" >Canyon<\/a><\/h2>\n\n<div class=\"acf_product_list_subtitle wp-block-post-field\"><a href=\"https:\/\/berti.net\/es\/parquet\/roble-countryside\/canyon\/\">Roble Countryside<\/a><\/div>\n<\/li><li class=\"wp-block-post post-19817 product type-product status-publish has-post-thumbnail hentry product_collection-roble-countryside\">\n<figure class=\"animated fadeIn wp-block-post-featured-image wp-elements-5efb364da9ef6ceffd7daf6751bb65f0\"><a href=\"https:\/\/berti.net\/es\/parquet\/roble-countryside\/tuscany\/\" target=\"_self\"  ><img loading=\"lazy\" decoding=\"async\" width=\"300\" height=\"300\" src=\"https:\/\/berti.net\/wp-content\/uploads\/2024\/09\/berti-pavimenti-in-legno_parquet-rovere-countryside-tuscany-1-300x300.jpeg\" class=\"attachment-medium size-medium\" alt=\"\" srcset=\"https:\/\/berti.net\/wp-content\/uploads\/2024\/09\/berti-pavimenti-in-legno_parquet-rovere-countryside-tuscany-1-300x300.jpeg 300w, https:\/\/berti.net\/wp-content\/uploads\/2024\/09\/berti-pavimenti-in-legno_parquet-rovere-countryside-tuscany-1-1024x1024.jpeg 1024w, https:\/\/berti.net\/wp-content\/uploads\/2024\/09\/berti-pavimenti-in-legno_parquet-rovere-countryside-tuscany-1-150x150.jpeg 150w, https:\/\/berti.net\/wp-content\/uploads\/2024\/09\/berti-pavimenti-in-legno_parquet-rovere-countryside-tuscany-1-768x768.jpeg 768w, https:\/\/berti.net\/wp-content\/uploads\/2024\/09\/berti-pavimenti-in-legno_parquet-rovere-countryside-tuscany-1-1536x1536.jpeg 1536w, https:\/\/berti.net\/wp-content\/uploads\/2024\/09\/berti-pavimenti-in-legno_parquet-rovere-countryside-tuscany-1.jpeg 1908w\" sizes=\"auto, (max-width: 300px) 100vw, 300px\" \/><\/a><\/figure>\n\n<h2 style=\"font-size:clamp(15.747px, 0.984rem + ((1vw - 3.2px) * 0.645), 24px);font-style:normal;font-weight:700;\" class=\"animated fadeIn wp-block-post-title\"><a href=\"https:\/\/berti.net\/es\/parquet\/roble-countryside\/tuscany\/\" target=\"_self\" >Tuscany<\/a><\/h2>\n\n<div class=\"acf_product_list_subtitle wp-block-post-field\"><a href=\"https:\/\/berti.net\/es\/parquet\/roble-countryside\/tuscany\/\">Roble Countryside<\/a><\/div>\n<\/li><\/ul><\/div>\n<\/div>\n\n<div class=\"wp-block-group has-global-padding is-layout-constrained wp-block-group-is-layout-constrained\" style=\"margin-top:var(--wp--preset--spacing--60)\">\n<figure class=\"wp-block-embed is-type-video is-provider-youtube wp-block-embed-youtube wp-embed-aspect-16-9 wp-has-aspect-ratio\"><div class=\"wp-block-embed__wrapper\">\n<iframe loading=\"lazy\" title=\"Collezione Countryside\" width=\"500\" height=\"281\" src=\"https:\/\/www.youtube.com\/embed\/zm21deoaaV4?feature=oembed\" frameborder=\"0\" allow=\"accelerometer; autoplay; clipboard-write; encrypted-media; gyroscope; picture-in-picture; web-share\" referrerpolicy=\"strict-origin-when-cross-origin\" allowfullscreen><\/iframe>\n<\/div><\/figure>\n<\/div>\n\n<div class=\"wp-block-group alignwide is-style-container has-contrast-2-background-color has-background has-global-padding is-layout-constrained wp-container-core-group-is-layout-87315055 wp-block-group-is-layout-constrained\" style=\"margin-top:0\">\n<div class=\"wp-block-columns alignwide are-vertically-aligned-center is-layout-flex wp-container-core-columns-is-layout-e4e53ecd wp-block-columns-is-layout-flex\" style=\"margin-top:var(--wp--preset--spacing--100);margin-bottom:var(--wp--preset--spacing--100)\">\n<div class=\"wp-block-column is-layout-flow wp-block-column-is-layout-flow\" style=\"flex-basis:50%\">\n<figure class=\"wp-block-image size-full\"><img loading=\"lazy\" decoding=\"async\" width=\"1426\" height=\"1427\" src=\"https:\/\/www.berti.net\/wp-content\/uploads\/2024\/10\/catalogo-country.jpg\" alt=\"\" class=\"wp-image-9928\" style=\"box-shadow:var(--wp--preset--shadow--deep)\" srcset=\"https:\/\/berti.net\/wp-content\/uploads\/2024\/10\/catalogo-country.jpg 1426w, https:\/\/berti.net\/wp-content\/uploads\/2024\/10\/catalogo-country-812x812.jpg 812w, https:\/\/berti.net\/wp-content\/uploads\/2024\/10\/catalogo-country-406x406.jpg 406w, https:\/\/berti.net\/wp-content\/uploads\/2024\/10\/catalogo-country-768x769.jpg 768w\" sizes=\"auto, (max-width: 1426px) 100vw, 1426px\" \/><\/figure>\n<\/div>\n\n\n\n<div class=\"wp-block-column is-layout-flow wp-block-column-is-layout-flow\" style=\"flex-basis:50%\">\n<h4 class=\"wp-block-heading\" style=\"margin-top:var(--wp--preset--spacing--20);margin-bottom:var(--wp--preset--spacing--20);font-size:clamp(26.944px, 1.684rem + ((1vw - 3.2px) * 1.489), 46px);line-height:1\">Descubre el cat\u00e1logo Countryside<\/h4>\n\n\n\n<p class=\"has-text-color has-body-font-family\" style=\"color:#000000;padding-right:16%;font-size:14px\">Consulta o descarga el cat\u00e1logo para descubrir la nueva colecci\u00f3n Countryside de Berti Pavimenti Legno.<\/p>\n\n\n\n<div class=\"wp-block-buttons is-layout-flex wp-block-buttons-is-layout-flex\" style=\"margin-top:var(--wp--preset--spacing--30)\">\n<div class=\"wp-block-button is-style-fill\"><a class=\"wp-block-button__link has-base-3-color has-base-background-color has-text-color has-background has-link-color has-custom-font-size wp-element-button\" href=\"https:\/\/www.berti.net\/wp-content\/uploads\/2024\/10\/catalogo-prefiniti-berti-bertistudio-web.pdf\" style=\"padding-top:15px;padding-right:40px;padding-bottom:15px;padding-left:40px;font-size:clamp(14px, 0.875rem + ((1vw - 3.2px) * 0.156), 16px);\" target=\"_blank\" rel=\"noreferrer noopener\">DESCARGA<\/a><\/div>\n<\/div>\n<\/div>\n<\/div>\n<\/div>\n\n<div class=\"wp-block-cover alignfull is-light estimate-request-content animated fadeIn\" style=\"margin-top:0\"><img decoding=\"async\" class=\"wp-block-cover__image-background\" alt=\"\" src=\"https:\/\/www.berti.net\/wp-content\/themes\/thombase\/public\/images\/estimateBanner.webp\" data-object-fit=\"cover\"\/><span aria-hidden=\"true\" class=\"wp-block-cover__background has-background-dim-0 has-background-dim\"><\/span><div class=\"wp-block-cover__inner-container has-global-padding is-layout-constrained wp-block-cover-is-layout-constrained\">\n<div id=\"estimate\" class=\"wp-block-group alignleft estimate-request-content-inner has-global-padding is-content-justification-left is-layout-constrained wp-container-core-group-is-layout-94054b8f wp-block-group-is-layout-constrained\">\n<h5 class=\"wp-block-heading\">Pide <strong>presupuesto<\/strong>,<br\/>entra en el mundo Berti<\/h5>\n\n\n\n<p style=\"line-height:1.5\">Rellena el formulario para solicitar un Presupuesto.  <br\/>Recibir\u00e1s una respuesta de nuestro personal en breve.  <\/p>\n\n\n\n<div class=\"wp-block-buttons is-layout-flex wp-block-buttons-is-layout-flex\">\n<div class=\"wp-block-button is-style-link\"><a class=\"wp-block-button__link wp-element-button\" href=\"https:\/\/www.berti.net\/es\/solicita-preventivo-2\/\">SOLICITA AHORA<\/a><\/div>\n<\/div>\n<\/div>\n<\/div><\/div>\n","protected":false},"excerpt":{"rendered":"<p>Berti Countryside, una l\u00ednea especial y original de parquet preacabado perfecta para ambientes confortables y acogedores. Una est\u00e9tica clara y precisa con un sabor robusto y genuino. El cepillado profundo enriquecido con nudos, grietas y astillas es el alma de este producto, que se convierte en un aut\u00e9ntico mueble. Countryside Descubre el cat\u00e1logo Countryside Consulta o descarga el cat\u00e1logo para [&hellip;]<\/p>\n","protected":false},"author":2,"featured_media":0,"parent":17281,"menu_order":0,"comment_status":"closed","ping_status":"closed","template":"page-with-overlying-header","meta":{"footnotes":""},"class_list":["post-17282","page","type-page","status-publish","hentry"],"_links":{"self":[{"href":"https:\/\/berti.net\/es\/wp-json\/wp\/v2\/pages\/17282","targetHints":{"allow":["GET"]}}],"collection":[{"href":"https:\/\/berti.net\/es\/wp-json\/wp\/v2\/pages"}],"about":[{"href":"https:\/\/berti.net\/es\/wp-json\/wp\/v2\/types\/page"}],"author":[{"embeddable":true,"href":"https:\/\/berti.net\/es\/wp-json\/wp\/v2\/users\/2"}],"replies":[{"embeddable":true,"href":"https:\/\/berti.net\/es\/wp-json\/wp\/v2\/comments?post=17282"}],"version-history":[{"count":8,"href":"https:\/\/berti.net\/es\/wp-json\/wp\/v2\/pages\/17282\/revisions"}],"predecessor-version":[{"id":27410,"href":"https:\/\/berti.net\/es\/wp-json\/wp\/v2\/pages\/17282\/revisions\/27410"}],"up":[{"embeddable":true,"href":"https:\/\/berti.net\/es\/wp-json\/wp\/v2\/pages\/17281"}],"wp:attachment":[{"href":"https:\/\/berti.net\/es\/wp-json\/wp\/v2\/media?parent=17282"}],"curies":[{"name":"wp","href":"https:\/\/api.w.org\/{rel}","templated":true}]}}