{"id":17281,"date":"2024-09-18T15:01:52","date_gmt":"2024-09-18T15:01:52","guid":{"rendered":"https:\/\/www.berti.net\/parquet\/"},"modified":"2025-07-21T12:53:53","modified_gmt":"2025-07-21T12:53:53","slug":"parquet","status":"publish","type":"page","link":"https:\/\/berti.net\/es\/parquet\/","title":{"rendered":"Parquet"},"content":{"rendered":"\n<div class=\"wp-block-group alignfull hero-title-slider-pattern has-global-padding is-layout-constrained wp-block-group-is-layout-constrained\">\n<div class=\"wp-block-cover alignfull banner-hero has-aspect-ratio wp-duotone-unset-1\" style=\"padding-top:0px;padding-right:0;padding-bottom:0px;padding-left:0;min-height:516px;aspect-ratio:auto;min-height:unset;\"><img loading=\"lazy\" decoding=\"async\" width=\"1600\" height=\"1200\" class=\"wp-block-cover__image-background wp-image-233\" alt=\"\" src=\"https:\/\/www.berti.net\/wp-content\/uploads\/2024\/09\/Hero_1.jpg\" data-object-fit=\"cover\" srcset=\"https:\/\/berti.net\/wp-content\/uploads\/2024\/09\/Hero_1.jpg 1600w, https:\/\/berti.net\/wp-content\/uploads\/2024\/09\/Hero_1-300x225.jpg 300w, https:\/\/berti.net\/wp-content\/uploads\/2024\/09\/Hero_1-1024x768.jpg 1024w, https:\/\/berti.net\/wp-content\/uploads\/2024\/09\/Hero_1-768x576.jpg 768w, https:\/\/berti.net\/wp-content\/uploads\/2024\/09\/Hero_1-1536x1152.jpg 1536w\" sizes=\"auto, (max-width: 1600px) 100vw, 1600px\" \/><span aria-hidden=\"true\" class=\"wp-block-cover__background has-base-background-color has-background-dim\"><\/span><div class=\"wp-block-cover__inner-container is-layout-flow wp-block-cover-is-layout-flow\">\n<div class=\"wp-block-group banner-hero-content has-global-padding is-layout-constrained wp-container-core-group-is-layout-a05d3a21 wp-block-group-is-layout-constrained\">\n<div class=\"wp-block-group has-global-padding is-layout-constrained wp-container-core-group-is-layout-b831be90 wp-block-group-is-layout-constrained\">\n<h1 class=\"wp-block-heading has-text-align-center has-white-color has-text-color has-xxl-font-size\" style=\"letter-spacing:0px;line-height:1\">Parquet<\/h1>\n<\/div>\n<\/div>\n<\/div><\/div>\n<\/div>\n\n<div class=\"wp-block-group alignwide has-global-padding is-layout-constrained wp-container-core-group-is-layout-92dded1c wp-block-group-is-layout-constrained\" style=\"margin-top:var(--wp--preset--spacing--120);margin-bottom:var(--wp--preset--spacing--120)\">\n<div class=\"wp-block-group title-text-indented-pattern has-global-padding is-layout-constrained wp-container-core-group-is-layout-a31aa551 wp-block-group-is-layout-constrained\">\n<h2 class=\"wp-block-heading animated fadeInUp has-text-color\" style=\"color:#000000\">Descubre todas las colecciones <strong>Berti Pavimenti Legno<\/strong>: parquet y suelos de madera preacabados de roble a nogal, de estilo contempor\u00e1neo a las incrustaciones m\u00e1s art\u00edsticas.<\/h2>\n\n\n\n<div class=\"wp-block-group animated fadeInUp has-global-padding is-layout-constrained wp-container-core-group-is-layout-81356f74 wp-block-group-is-layout-constrained\" style=\"padding-right:var(--wp--preset--spacing--10)\">\n<p class=\"has-text-color has-m-22-font-size\" style=\"line-height:1.5\">La madera es el material natural por excelencia: siempre elogiada como material vivo, es una elecci\u00f3n de bienestar. La emoci\u00f3n y la calidez de la madera natural no pueden compararse con ninguna otra elecci\u00f3n en t\u00e9rminos de revestimiento, combinadas con un alto rendimiento y una notable elegancia est\u00e9tica y decorativa. Conoces la calidad de nuestros productos: la madera y el parquet son nuestras pasiones.  <\/p>\n<\/div>\n<\/div>\n<\/div>\n\n<div class=\"wp-block-group alignwide animated fadeIn has-global-padding is-layout-constrained wp-container-core-group-is-layout-d427c859 wp-block-group-is-layout-constrained\" style=\"margin-top:var(--wp--preset--spacing--50);margin-bottom:var(--wp--preset--spacing--50);padding-right:16px;padding-left:16px\">\n<figure class=\"wp-block-image size-large\"><a href=\"https:\/\/www.berti.net\/es\/parquet\/parquet-essential-2\/\"><img loading=\"lazy\" decoding=\"async\" width=\"1024\" height=\"576\" src=\"https:\/\/www.berti.net\/wp-content\/uploads\/2024\/09\/berti-pavimenti-in-legno_parquet-rovere_essential-sand-1024x576.jpg\" alt=\"Parquet Essential\" class=\"wp-image-602\" srcset=\"https:\/\/berti.net\/wp-content\/uploads\/2024\/09\/berti-pavimenti-in-legno_parquet-rovere_essential-sand-1024x576.jpg 1024w, https:\/\/berti.net\/wp-content\/uploads\/2024\/09\/berti-pavimenti-in-legno_parquet-rovere_essential-sand-300x169.jpg 300w, https:\/\/berti.net\/wp-content\/uploads\/2024\/09\/berti-pavimenti-in-legno_parquet-rovere_essential-sand-768x432.jpg 768w, https:\/\/berti.net\/wp-content\/uploads\/2024\/09\/berti-pavimenti-in-legno_parquet-rovere_essential-sand-1536x864.jpg 1536w, https:\/\/berti.net\/wp-content\/uploads\/2024\/09\/berti-pavimenti-in-legno_parquet-rovere_essential-sand.jpg 1928w\" sizes=\"auto, (max-width: 1024px) 100vw, 1024px\" \/><\/a><\/figure>\n<\/div>\n\n<div class=\"wp-block-group alignwide animated fadeIn has-base-color has-text-color has-link-color wp-elements-a8c93f840c71e9cf356b92768afe4890 has-global-padding is-layout-constrained wp-container-core-group-is-layout-e7f6fb82 wp-block-group-is-layout-constrained\" style=\"padding-top:0;padding-bottom:var(--wp--preset--spacing--90)\">\n<h3 class=\"wp-block-heading has-text-color has-l-48-font-size\" style=\"color:#000000;text-decoration:none\"><a href=\"https:\/\/www.berti.net\/es\/parquet\/parquet-essential-2\/\">Parquet Essential<\/a><\/h3>\n\n\n\n<div class=\"wp-block-group has-global-padding is-layout-constrained wp-block-group-is-layout-constrained\">\n<p class=\"has-m-22-font-size\" style=\"line-height:1.5\"><a href=\"https:\/\/www.berti.net\/es\/parquet\/parquet-essential-2\/\">La colecci\u00f3n de parquet preacabado Essential es perfecta para todo tipo de ambientes. Una gama de especies de madera que va desde las m\u00e1s buscadas y prestigiosas, como la teca de Birmania, el nogal en sus variantes europea y americana, el doussi\u00e8 y el iroko, hasta el roble europeo en tonos delicados y mates. <\/a><\/p>\n\n\n\n<div class=\"wp-block-buttons is-layout-flex wp-block-buttons-is-layout-flex\" style=\"margin-top:var(--wp--preset--spacing--40)\">\n<div class=\"wp-block-button is-style-fill\"><a class=\"wp-block-button__link has-contrast-2-color has-base-background-color has-text-color has-background has-link-color wp-element-button\" href=\"https:\/\/www.berti.net\/es\/parquet\/parquet-essential-2\/\" style=\"padding-top:15px;padding-right:30px;padding-bottom:15px;padding-left:30px\">Descubre los productos<\/a><\/div>\n<\/div>\n<\/div>\n<\/div>\n\n<div class=\"wp-block-group alignwide animated fadeIn has-global-padding is-layout-constrained wp-container-core-group-is-layout-d427c859 wp-block-group-is-layout-constrained\" style=\"margin-top:var(--wp--preset--spacing--50);margin-bottom:var(--wp--preset--spacing--50);padding-right:16px;padding-left:16px\">\n<figure class=\"wp-block-image size-large\"><a href=\"https:\/\/www.berti.net\/es\/parquet\/parquet-countryside\/\"><img loading=\"lazy\" decoding=\"async\" width=\"1024\" height=\"576\" src=\"https:\/\/www.berti.net\/wp-content\/uploads\/2024\/09\/parquet-prefinito-rovere-spazzolato-countyside-1024x576.jpg\" alt=\"Parquet Countryside\" class=\"wp-image-592\" srcset=\"https:\/\/berti.net\/wp-content\/uploads\/2024\/09\/parquet-prefinito-rovere-spazzolato-countyside-1024x576.jpg 1024w, https:\/\/berti.net\/wp-content\/uploads\/2024\/09\/parquet-prefinito-rovere-spazzolato-countyside-300x169.jpg 300w, https:\/\/berti.net\/wp-content\/uploads\/2024\/09\/parquet-prefinito-rovere-spazzolato-countyside-768x432.jpg 768w, https:\/\/berti.net\/wp-content\/uploads\/2024\/09\/parquet-prefinito-rovere-spazzolato-countyside-1536x864.jpg 1536w, https:\/\/berti.net\/wp-content\/uploads\/2024\/09\/parquet-prefinito-rovere-spazzolato-countyside.jpg 1928w\" sizes=\"auto, (max-width: 1024px) 100vw, 1024px\" \/><\/a><\/figure>\n<\/div>\n\n<div class=\"wp-block-group alignwide animated fadeIn has-base-color has-text-color has-link-color wp-elements-6e141ccdad495cab9941702b1396a42f has-global-padding is-layout-constrained wp-container-core-group-is-layout-e7f6fb82 wp-block-group-is-layout-constrained\" style=\"padding-top:0;padding-bottom:var(--wp--preset--spacing--90)\">\n<h3 class=\"wp-block-heading has-text-color has-l-48-font-size\" style=\"color:#000000\"><a href=\"https:\/\/www.berti.net\/es\/parquet\/parquet-countryside\/\">Parquet Countryside<\/a><\/h3>\n\n\n\n<div class=\"wp-block-group has-global-padding is-layout-constrained wp-block-group-is-layout-constrained\">\n<p class=\"has-m-22-font-size\" style=\"line-height:1.5\"><a href=\"https:\/\/www.berti.net\/es\/parquet\/parquet-countryside\/\">Los tablones de roble preacabados Countryside se caracterizan por acabados y tratamientos que realzan la naturalidad de la madera. Roble te\u00f1ido de claro a oscuro para un parquet shabby chic o para muebles modernos con personalidad. <\/a><\/p>\n\n\n\n<div class=\"wp-block-buttons is-layout-flex wp-block-buttons-is-layout-flex\" style=\"margin-top:var(--wp--preset--spacing--40)\">\n<div class=\"wp-block-button is-style-fill\"><a class=\"wp-block-button__link has-contrast-2-color has-base-background-color has-text-color has-background has-link-color wp-element-button\" href=\"https:\/\/www.berti.net\/es\/parquet\/parquet-countryside\/\" style=\"padding-top:15px;padding-right:30px;padding-bottom:15px;padding-left:30px\">Descubre los productos<\/a><\/div>\n<\/div>\n<\/div>\n<\/div>\n\n<div class=\"wp-block-group alignwide animated fadeIn has-global-padding is-layout-constrained wp-container-core-group-is-layout-d427c859 wp-block-group-is-layout-constrained\" style=\"margin-top:var(--wp--preset--spacing--50);margin-bottom:var(--wp--preset--spacing--50);padding-right:16px;padding-left:16px\">\n<figure class=\"wp-block-image size-large\"><a href=\"https:\/\/www.berti.net\/es\/parquet\/coleccion-berti-studio\/\"><img loading=\"lazy\" decoding=\"async\" width=\"1024\" height=\"576\" src=\"https:\/\/www.berti.net\/wp-content\/uploads\/2024\/09\/berti-pavimenti-in-legno_parquet-rovere-greyish_berti-studio-1024x576.jpg\" alt=\"Parquet Berti Studio\" class=\"wp-image-594\" srcset=\"https:\/\/berti.net\/wp-content\/uploads\/2024\/09\/berti-pavimenti-in-legno_parquet-rovere-greyish_berti-studio-1024x576.jpg 1024w, https:\/\/berti.net\/wp-content\/uploads\/2024\/09\/berti-pavimenti-in-legno_parquet-rovere-greyish_berti-studio-300x169.jpg 300w, https:\/\/berti.net\/wp-content\/uploads\/2024\/09\/berti-pavimenti-in-legno_parquet-rovere-greyish_berti-studio-768x432.jpg 768w, https:\/\/berti.net\/wp-content\/uploads\/2024\/09\/berti-pavimenti-in-legno_parquet-rovere-greyish_berti-studio-1536x864.jpg 1536w, https:\/\/berti.net\/wp-content\/uploads\/2024\/09\/berti-pavimenti-in-legno_parquet-rovere-greyish_berti-studio.jpg 1928w\" sizes=\"auto, (max-width: 1024px) 100vw, 1024px\" \/><\/a><\/figure>\n<\/div>\n\n<div class=\"wp-block-group alignwide animated fadeIn has-base-color has-text-color has-link-color wp-elements-60642e4705b7a1ccebf43c1920028e41 has-global-padding is-layout-constrained wp-container-core-group-is-layout-e7f6fb82 wp-block-group-is-layout-constrained\" style=\"padding-top:0;padding-bottom:var(--wp--preset--spacing--90)\">\n<h3 class=\"wp-block-heading has-text-color has-l-48-font-size\" style=\"color:#000000\"><a href=\"https:\/\/www.berti.net\/es\/parquet\/coleccion-berti-studio\/\">Parquet Berti Studio<\/a><\/h3>\n\n\n\n<div class=\"wp-block-group has-global-padding is-layout-constrained wp-block-group-is-layout-constrained\">\n<p class=\"has-m-22-font-size\" style=\"line-height:1.5\"><a href=\"https:\/\/www.berti.net\/es\/parquet\/coleccion-berti-studio\/\">Un estilo joven y extrovertido. Berti Studio es una gama viva y original de suelos de roble preacabados con la que el parquet se reinventa y se convierte en un espacio abierto a la experimentaci\u00f3n, a lo nuevo, a lo ins\u00f3lito. Para un parquet que se convierte en una pieza \u00fanica e irrepetible, la colecci\u00f3n Berti Studio cuenta con un trabajo artesanal basado en el saber hacer de nuestros artesanos.  <\/a><\/p>\n\n\n\n<div class=\"wp-block-buttons is-layout-flex wp-block-buttons-is-layout-flex\" style=\"margin-top:var(--wp--preset--spacing--40)\">\n<div class=\"wp-block-button is-style-fill\"><a class=\"wp-block-button__link has-contrast-2-color has-base-background-color has-text-color has-background has-link-color wp-element-button\" href=\"https:\/\/www.berti.net\/es\/parquet\/coleccion-berti-studio\/\" style=\"padding-top:15px;padding-right:30px;padding-bottom:15px;padding-left:30px\">Descubre los productos<\/a><\/div>\n<\/div>\n<\/div>\n<\/div>\n\n<div class=\"wp-block-group alignwide animated fadeIn has-global-padding is-layout-constrained wp-container-core-group-is-layout-d427c859 wp-block-group-is-layout-constrained\" style=\"margin-top:var(--wp--preset--spacing--50);margin-bottom:var(--wp--preset--spacing--50);padding-right:16px;padding-left:16px\">\n<figure class=\"wp-block-image size-large\"><a href=\"https:\/\/www.berti.net\/parquet\/parquet-diesel-living\/\"><img loading=\"lazy\" decoding=\"async\" width=\"1024\" height=\"576\" src=\"https:\/\/www.berti.net\/wp-content\/uploads\/2024\/09\/berti-pavimenti-in-legno_parquet-rovere-black_diesel-1024x576.jpg\" alt=\"Diesel Vivir con Berti\" class=\"wp-image-595\" srcset=\"https:\/\/berti.net\/wp-content\/uploads\/2024\/09\/berti-pavimenti-in-legno_parquet-rovere-black_diesel-1024x576.jpg 1024w, https:\/\/berti.net\/wp-content\/uploads\/2024\/09\/berti-pavimenti-in-legno_parquet-rovere-black_diesel-300x169.jpg 300w, https:\/\/berti.net\/wp-content\/uploads\/2024\/09\/berti-pavimenti-in-legno_parquet-rovere-black_diesel-768x432.jpg 768w, https:\/\/berti.net\/wp-content\/uploads\/2024\/09\/berti-pavimenti-in-legno_parquet-rovere-black_diesel-1536x864.jpg 1536w, https:\/\/berti.net\/wp-content\/uploads\/2024\/09\/berti-pavimenti-in-legno_parquet-rovere-black_diesel.jpg 1928w\" sizes=\"auto, (max-width: 1024px) 100vw, 1024px\" \/><\/a><\/figure>\n<\/div>\n\n<div class=\"wp-block-group alignwide animated fadeIn has-base-color has-text-color has-link-color wp-elements-ab1fae517f32d53e4f1037199d12231a has-global-padding is-layout-constrained wp-container-core-group-is-layout-e7f6fb82 wp-block-group-is-layout-constrained\" style=\"padding-top:0;padding-bottom:var(--wp--preset--spacing--90)\">\n<h3 class=\"wp-block-heading has-text-color has-l-48-font-size\" style=\"color:#000000\"><a href=\"https:\/\/www.berti.net\/parquet\/parquet-diesel-living\/\">Diesel Vivir con Berti<\/a><\/h3>\n\n\n\n<div class=\"wp-block-group has-global-padding is-layout-constrained wp-block-group-is-layout-constrained\">\n<p class=\"has-m-22-font-size\" style=\"line-height:1.5\"><a href=\"https:\/\/www.berti.net\/parquet\/parquet-diesel-living\/\">Junto con Diesel Living, Berti ha dise\u00f1ado suelos de madera con la idea de que la calidad de vida viene determinada por la pasi\u00f3n, la experiencia y los sentimientos. La l\u00ednea Diesel Living with Berti propone una interpretaci\u00f3n del parquet preacabado sobre una base de roble con un marcado sabor contempor\u00e1neo, con detalles en los matices de color y los procesos de tratamiento. Una propuesta de parquet con formas contrastadas y tratamientos especiales combinados con una b\u00fasqueda constante del gusto contempor\u00e1neo y vintage.  <\/a><\/p>\n\n\n\n<div class=\"wp-block-buttons is-layout-flex wp-block-buttons-is-layout-flex\" style=\"margin-top:var(--wp--preset--spacing--40)\">\n<div class=\"wp-block-button is-style-fill\"><a class=\"wp-block-button__link has-contrast-2-color has-base-background-color has-text-color has-background has-link-color wp-element-button\" href=\"https:\/\/www.berti.net\/parquet\/parquet-diesel-living\/\" style=\"padding-top:15px;padding-right:30px;padding-bottom:15px;padding-left:30px\">Descubre los productos<\/a><\/div>\n<\/div>\n<\/div>\n<\/div>\n\n<div class=\"wp-block-group alignwide animated fadeIn has-global-padding is-layout-constrained wp-container-core-group-is-layout-d427c859 wp-block-group-is-layout-constrained\" style=\"margin-top:var(--wp--preset--spacing--50);margin-bottom:var(--wp--preset--spacing--50);padding-right:16px;padding-left:16px\">\n<figure class=\"wp-block-image size-large\"><a href=\"https:\/\/www.berti.net\/es\/parquet\/quadrotte-square-space\/\"><img loading=\"lazy\" decoding=\"async\" width=\"1024\" height=\"576\" src=\"https:\/\/www.berti.net\/wp-content\/uploads\/2024\/09\/berti-pavimenti-in-legno_star_intarsi-1024x576.jpg\" alt=\"Parquet Square Space\" class=\"wp-image-593\" srcset=\"https:\/\/berti.net\/wp-content\/uploads\/2024\/09\/berti-pavimenti-in-legno_star_intarsi-1024x576.jpg 1024w, https:\/\/berti.net\/wp-content\/uploads\/2024\/09\/berti-pavimenti-in-legno_star_intarsi-300x169.jpg 300w, https:\/\/berti.net\/wp-content\/uploads\/2024\/09\/berti-pavimenti-in-legno_star_intarsi-768x432.jpg 768w, https:\/\/berti.net\/wp-content\/uploads\/2024\/09\/berti-pavimenti-in-legno_star_intarsi-1536x864.jpg 1536w, https:\/\/berti.net\/wp-content\/uploads\/2024\/09\/berti-pavimenti-in-legno_star_intarsi.jpg 1928w\" sizes=\"auto, (max-width: 1024px) 100vw, 1024px\" \/><\/a><\/figure>\n<\/div>\n\n<div class=\"wp-block-group alignwide animated fadeIn has-base-color has-text-color has-link-color wp-elements-31ed17e457459b0be525405a55a5d629 has-global-padding is-layout-constrained wp-container-core-group-is-layout-e7f6fb82 wp-block-group-is-layout-constrained\" style=\"padding-top:0;padding-bottom:var(--wp--preset--spacing--90)\">\n<h3 class=\"wp-block-heading has-text-color has-l-48-font-size\" style=\"color:#000000\"><a href=\"https:\/\/www.berti.net\/es\/parquet\/quadrotte-square-space\/\">Parquet Square Space<\/a><\/h3>\n\n\n\n<div class=\"wp-block-group has-global-padding is-layout-constrained wp-block-group-is-layout-constrained\">\n<p class=\"has-m-22-font-size\" style=\"line-height:1.5\"><a href=\"https:\/\/www.berti.net\/es\/parquet\/quadrotte-square-space\/\">La colecci\u00f3n Square Space tiene una belleza atemporal, ya sea cl\u00e1sica o moderna. Desempe\u00f1an un papel protagonista en el mobiliario, porque su presencia da calidez y encanto a las estancias, haci\u00e9ndolas confortables y acogedoras. Disponible en preacabado y, bajo pedido, en madera maciza.  <\/a><a href=\"https:\/\/www.berti.net\/es\/parquet\/quadrotte-square-space\/\"><\/a><\/p>\n\n\n\n<div class=\"wp-block-buttons is-layout-flex wp-block-buttons-is-layout-flex\" style=\"margin-top:var(--wp--preset--spacing--40)\">\n<div class=\"wp-block-button is-style-fill\"><a class=\"wp-block-button__link has-contrast-2-color has-base-background-color has-text-color has-background has-link-color wp-element-button\" href=\"https:\/\/www.berti.net\/es\/parquet\/quadrotte-square-space\/\" style=\"padding-top:15px;padding-right:30px;padding-bottom:15px;padding-left:30px\">Descubre los productos<\/a><\/div>\n<\/div>\n<\/div>\n<\/div>\n\n<div class=\"wp-block-group alignwide animated fadeIn has-global-padding is-layout-constrained wp-container-core-group-is-layout-d427c859 wp-block-group-is-layout-constrained\" style=\"margin-top:var(--wp--preset--spacing--50);margin-bottom:var(--wp--preset--spacing--50);padding-right:16px;padding-left:16px\">\n<figure class=\"wp-block-image size-large\"><img loading=\"lazy\" decoding=\"async\" width=\"1920\" height=\"1080\" src=\"https:\/\/www.berti.net\/wp-content\/uploads\/intarsi_emozionale-1920x1080.jpg\" alt=\"Incrustaciones\" class=\"wp-image-22085\" srcset=\"https:\/\/berti.net\/wp-content\/uploads\/intarsi_emozionale-1920x1080.jpg 1920w, https:\/\/berti.net\/wp-content\/uploads\/intarsi_emozionale-812x457.jpg 812w, https:\/\/berti.net\/wp-content\/uploads\/intarsi_emozionale-768x432.jpg 768w, https:\/\/berti.net\/wp-content\/uploads\/intarsi_emozionale-1536x864.jpg 1536w, https:\/\/berti.net\/wp-content\/uploads\/intarsi_emozionale.jpg 1928w\" sizes=\"auto, (max-width: 1920px) 100vw, 1920px\" \/><\/figure>\n<\/div>\n\n<div class=\"wp-block-group alignwide animated fadeIn has-base-color has-text-color has-link-color wp-elements-267c7c7904439dc0e84d159286b4831d has-global-padding is-layout-constrained wp-container-core-group-is-layout-e7f6fb82 wp-block-group-is-layout-constrained\" style=\"padding-top:0;padding-bottom:var(--wp--preset--spacing--90)\">\n<h3 class=\"wp-block-heading has-text-color has-l-48-font-size\" style=\"color:#000000\"><a href=\"https:\/\/www.berti.net\/es\/parquet\/incrustaciones\/\">Incrustaciones<\/a><\/h3>\n\n\n\n<div class=\"wp-block-group has-global-padding is-layout-constrained wp-block-group-is-layout-constrained\">\n<p class=\"has-m-22-font-size\" style=\"line-height:1.5\"><a href=\"https:\/\/www.berti.net\/es\/parquet\/incrustaciones\/\">Los suelos de taracea de Berti son obras de gran valor est\u00e9tico, testimonio de c\u00f3mo el antiguo arte de la taracea en madera ha recuperado todo su esplendor gracias a la tecnolog\u00eda moderna.<\/a><\/p>\n\n\n\n<div class=\"wp-block-buttons is-layout-flex wp-block-buttons-is-layout-flex\" style=\"margin-top:var(--wp--preset--spacing--40)\">\n<div class=\"wp-block-button is-style-fill\"><a class=\"wp-block-button__link has-contrast-2-color has-base-background-color has-text-color has-background has-link-color wp-element-button\" href=\"https:\/\/www.berti.net\/es\/parquet\/incrustaciones\/\" style=\"padding-top:15px;padding-right:30px;padding-bottom:15px;padding-left:30px\">Descubre los productos<\/a><\/div>\n<\/div>\n<\/div>\n<\/div>\n\n<div style=\"height:100px\" aria-hidden=\"true\" class=\"wp-block-spacer\"><\/div>\n\n<div class=\"wp-block-cover alignfull is-light estimate-request-content animated fadeIn\" style=\"margin-top:0\"><img decoding=\"async\" class=\"wp-block-cover__image-background\" alt=\"\" src=\"https:\/\/www.berti.net\/wp-content\/themes\/thombase\/public\/images\/estimateBanner.webp\" data-object-fit=\"cover\"\/><span aria-hidden=\"true\" class=\"wp-block-cover__background has-background-dim-0 has-background-dim\"><\/span><div class=\"wp-block-cover__inner-container has-global-padding is-layout-constrained wp-block-cover-is-layout-constrained\">\n<div id=\"estimate\" class=\"wp-block-group alignleft estimate-request-content-inner has-global-padding is-content-justification-left is-layout-constrained wp-container-core-group-is-layout-94054b8f wp-block-group-is-layout-constrained\">\n<h5 class=\"wp-block-heading\">Pide <strong>presupuesto<\/strong>,<br\/>entra en el mundo Berti<\/h5>\n\n\n\n<p style=\"line-height:1.5\">Rellena el formulario para solicitar un presupuesto. Recibir\u00e1s una respuesta de nuestro personal en breve.   <\/p>\n\n\n\n<div class=\"wp-block-buttons is-layout-flex wp-block-buttons-is-layout-flex\">\n<div class=\"wp-block-button is-style-link\"><a class=\"wp-block-button__link wp-element-button\" href=\"https:\/\/www.berti.net\/es\/solicita-preventivo-2\/\">SOLICITA AHORA<\/a><\/div>\n<\/div>\n<\/div>\n<\/div><\/div>\n","protected":false},"excerpt":{"rendered":"<p>Descubre todas las colecciones Berti Pavimenti Legno: parquet y suelos de madera preacabados de roble a nogal, de estilo contempor\u00e1neo a las incrustaciones m\u00e1s art\u00edsticas. La madera es el material natural por excelencia: siempre elogiada como material vivo, es una elecci\u00f3n de bienestar. La emoci\u00f3n y la calidez de la madera natural no pueden compararse con ninguna otra elecci\u00f3n en [&hellip;]<\/p>\n","protected":false},"author":2,"featured_media":0,"parent":0,"menu_order":0,"comment_status":"closed","ping_status":"closed","template":"page-with-overlying-header","meta":{"footnotes":""},"class_list":["post-17281","page","type-page","status-publish","hentry"],"_links":{"self":[{"href":"https:\/\/berti.net\/es\/wp-json\/wp\/v2\/pages\/17281","targetHints":{"allow":["GET"]}}],"collection":[{"href":"https:\/\/berti.net\/es\/wp-json\/wp\/v2\/pages"}],"about":[{"href":"https:\/\/berti.net\/es\/wp-json\/wp\/v2\/types\/page"}],"author":[{"embeddable":true,"href":"https:\/\/berti.net\/es\/wp-json\/wp\/v2\/users\/2"}],"replies":[{"embeddable":true,"href":"https:\/\/berti.net\/es\/wp-json\/wp\/v2\/comments?post=17281"}],"version-history":[{"count":8,"href":"https:\/\/berti.net\/es\/wp-json\/wp\/v2\/pages\/17281\/revisions"}],"predecessor-version":[{"id":26020,"href":"https:\/\/berti.net\/es\/wp-json\/wp\/v2\/pages\/17281\/revisions\/26020"}],"wp:attachment":[{"href":"https:\/\/berti.net\/es\/wp-json\/wp\/v2\/media?parent=17281"}],"curies":[{"name":"wp","href":"https:\/\/api.w.org\/{rel}","templated":true}]}}