{"id":17212,"date":"2024-09-12T13:23:29","date_gmt":"2024-09-12T13:23:29","guid":{"rendered":"https:\/\/www.berti.net\/descarga\/catalogos-y-cuadernos-de-trabajo\/"},"modified":"2025-12-04T10:58:46","modified_gmt":"2025-12-04T10:58:46","slug":"catalogos-y-cuadernos-de-trabajo","status":"publish","type":"page","link":"https:\/\/berti.net\/es\/descarga\/catalogos-y-cuadernos-de-trabajo\/","title":{"rendered":"Cat\u00e1logos y cuadernos de trabajo"},"content":{"rendered":"\n<div class=\"wp-block-group alignfull hero-title-slider-pattern has-global-padding is-layout-constrained wp-block-group-is-layout-constrained\">\n<div class=\"wp-block-group banner-hero-content has-global-padding is-layout-constrained wp-container-core-group-is-layout-09a7d114 wp-block-group-is-layout-constrained\" style=\"margin-top:var(--wp--preset--spacing--70);margin-bottom:var(--wp--preset--spacing--30)\">\n<div class=\"wp-block-group is-style-container has-global-padding is-layout-constrained wp-container-core-group-is-layout-a816393c wp-block-group-is-layout-constrained\">\n<h1 class=\"wp-block-heading has-text-align-center has-xxl-font-size\" style=\"margin-bottom:16px;letter-spacing:0px;line-height:1\">Cat\u00e1logos y cuadernos de trabajo<\/h1>\n\n\n\n<p class=\"has-text-align-center has-base-color has-text-color has-link-color has-xxs-font-size wp-elements-dd56f4b8efd561dc98043df7d6151a85\" style=\"margin-top:var(--wp--preset--spacing--30);line-height:1.45;text-decoration:none\">\n                <a href=\"https:\/\/www.berti.net\/es\/descarga\/\">Volver a la lista<\/a>\n            <\/p>\n<\/div>\n<\/div>\n<\/div>\n\n<div class=\"wp-block-group is-style-container has-global-padding is-layout-constrained wp-block-group-is-layout-constrained\" style=\"margin-top:var(--wp--preset--spacing--90);margin-bottom:var(--wp--preset--spacing--90)\">\n<div class=\"wp-block-columns is-layout-flex wp-container-core-columns-is-layout-cf05694f wp-block-columns-is-layout-flex\">\n<div class=\"wp-block-column is-layout-flow wp-block-column-is-layout-flow\" style=\"flex-basis:30%\">\n<div class=\"wp-block-group has-base-color has-text-color has-link-color has-m-font-size wp-elements-a047e70b0a561c3c83b17e5b25c466e2 is-vertical is-nowrap is-layout-flex wp-container-core-group-is-layout-6fe931d8 wp-block-group-is-layout-flex\" style=\"border-top-color:var(--wp--preset--color--base);border-top-width:2px\"><ul class=\"wp-block-page-list has-m-font-size\"><li class=\"wp-block-pages-list__item\"><a class=\"wp-block-pages-list__item__link\" href=\"https:\/\/berti.net\/es\/descarga\/catalogos-y-cuadernos-de-trabajo\/\">Cat\u00e1logos y cuadernos de trabajo<\/a><\/li><li class=\"wp-block-pages-list__item\"><a class=\"wp-block-pages-list__item__link\" href=\"https:\/\/berti.net\/es\/descarga\/fichas-tecnicas\/\">Fichas t\u00e9cnicas<\/a><\/li><li class=\"wp-block-pages-list__item\"><a class=\"wp-block-pages-list__item__link\" href=\"https:\/\/berti.net\/es\/descarga\/kit-de-prensa\/\">Kit de prensa<\/a><\/li><\/ul><\/div>\n<\/div>\n\n\n\n<div class=\"wp-block-column is-layout-flow wp-block-column-is-layout-flow\" style=\"flex-basis:70%\">\n<div class=\"wp-block-group thom-download-list has-s-font-size has-global-padding is-layout-constrained wp-block-group-is-layout-constrained\" style=\"line-height:1.5\">\n<div class=\"wp-block-group has-body-font-family has-s-font-size is-layout-flex wp-container-core-group-is-layout-a671d2dd wp-block-group-is-layout-flex\" style=\"border-top-color:var(--wp--preset--color--base);border-top-width:1px;border-bottom-color:var(--wp--preset--color--base);border-bottom-width:1px;margin-top:0;margin-bottom:0;padding-top:20px;padding-right:46px;padding-bottom:20px;padding-left:var(--wp--preset--spacing--10)\">\n<h6 class=\"wp-block-heading has-body-font-family has-s-font-size\"><strong>Monograf\u00eda Berti<\/strong><\/h6>\n\n\n\n<p class=\"has-s-font-size wp-container-content-9cfa9a5a\">Perfil de la empresa<\/p>\n\n\n\n<div class=\"wp-block-file icon-download has-link-color\"><a id=\"wp-block-file--media-6333137a-85f4-44e7-a861-7d2819de962a\" href=\"https:\/\/www.berti.net\/wp-content\/uploads\/berti-monografia-INT-2023-01_web.pdf\" target=\"_blank\" rel=\"noreferrer noopener\">berti-monografia-INT-2023-01_web<\/a><a href=\"https:\/\/www.berti.net\/wp-content\/uploads\/berti-monografia-INT-2023-01_web.pdf\" class=\"wp-block-file__button wp-element-button\" download=\"\" aria-describedby=\"wp-block-file--media-6333137a-85f4-44e7-a861-7d2819de962a\">Descarga<\/a><\/div>\n<\/div>\n\n\n\n<div class=\"wp-block-group is-layout-flex wp-container-core-group-is-layout-ae06bbc4 wp-block-group-is-layout-flex\" style=\"border-bottom-color:var(--wp--preset--color--base);border-bottom-width:1px;margin-top:0;margin-bottom:0;padding-top:20px;padding-right:46px;padding-bottom:20px;padding-left:var(--wp--preset--spacing--10)\">\n<h6 class=\"wp-block-heading has-body-font-family has-s-font-size\"><strong>I-Wood<\/strong><\/h6>\n\n\n\n<p class=\"wp-container-content-9cfa9a5a\">Colecci\u00f3n de revestimientos de madera<\/p>\n\n\n\n<div class=\"wp-block-file icon-download has-link-color\"><a id=\"wp-block-file--media-38081e75-acfd-4904-8df2-7fa14399992b\" href=\"https:\/\/www.berti.net\/wp-content\/uploads\/2024\/10\/berti_I-Wood_catalogo-web_02-112022-1.pdf\" target=\"_blank\" rel=\"noreferrer noopener\">berti_I-Wood_catalogo-web_02-112022-1<\/a><a href=\"https:\/\/www.berti.net\/wp-content\/uploads\/2024\/10\/berti_I-Wood_catalogo-web_02-112022-1.pdf\" class=\"wp-block-file__button wp-element-button\" download=\"\" aria-describedby=\"wp-block-file--media-38081e75-acfd-4904-8df2-7fa14399992b\">Descarga<\/a><\/div>\n<\/div>\n\n\n\n<div class=\"wp-block-group is-layout-flex wp-container-core-group-is-layout-ae06bbc4 wp-block-group-is-layout-flex\" style=\"border-bottom-color:var(--wp--preset--color--base);border-bottom-width:1px;margin-top:0;margin-bottom:0;padding-top:20px;padding-right:46px;padding-bottom:20px;padding-left:var(--wp--preset--spacing--10)\">\n<h6 class=\"wp-block-heading has-body-font-family has-s-font-size\"><strong>Cat\u00e1logo Parquet Preacabado<\/strong><\/h6>\n\n\n\n<p class=\"wp-container-content-9cfa9a5a\">Colecci\u00f3n Berti y Berti Studio<\/p>\n\n\n\n<div class=\"wp-block-file icon-download has-link-color\"><a id=\"wp-block-file--media-1e602347-77f6-437e-96ef-1ee736a5d201\" href=\"https:\/\/www.berti.net\/wp-content\/uploads\/2024\/10\/berti-parquet-catalogo-prefiniti_2022.pdf\" target=\"_blank\" rel=\"noreferrer noopener\">berti-parquet-cat\u00e1logo-prefiniti_2022<\/a><a href=\"https:\/\/www.berti.net\/wp-content\/uploads\/2024\/10\/berti-parquet-catalogo-prefiniti_2022.pdf\" class=\"wp-block-file__button wp-element-button\" download=\"\" aria-describedby=\"wp-block-file--media-1e602347-77f6-437e-96ef-1ee736a5d201\">Descarga<\/a><\/div>\n<\/div>\n\n\n\n<div class=\"wp-block-group is-layout-flex wp-container-core-group-is-layout-ae06bbc4 wp-block-group-is-layout-flex\" style=\"border-bottom-color:var(--wp--preset--color--base);border-bottom-width:1px;margin-top:0;margin-bottom:0;padding-top:20px;padding-right:46px;padding-bottom:20px;padding-left:var(--wp--preset--spacing--10)\">\n<h6 class=\"wp-block-heading has-body-font-family has-s-font-size\"><strong>Cat\u00e1logo Square Space<\/strong><\/h6>\n\n\n\n<p class=\"wp-container-content-9cfa9a5a\">Colecci\u00f3n de losetas<\/p>\n\n\n\n<div class=\"wp-block-file icon-download has-link-color\"><a id=\"wp-block-file--media-facac459-f69d-4728-b56f-2d2f2ee962e8\" href=\"https:\/\/www.berti.net\/wp-content\/uploads\/2024\/10\/catalogo_quadrotte-squarespace_01-2022.pdf\" target=\"_blank\" rel=\"noreferrer noopener\">catalogue_squarespace_01-2022<\/a><a href=\"https:\/\/www.berti.net\/wp-content\/uploads\/2024\/10\/catalogo_quadrotte-squarespace_01-2022.pdf\" class=\"wp-block-file__button wp-element-button\" download=\"\" aria-describedby=\"wp-block-file--media-facac459-f69d-4728-b56f-2d2f2ee962e8\">Descarga<\/a><\/div>\n<\/div>\n\n\n\n<div class=\"wp-block-group is-layout-flex wp-container-core-group-is-layout-ae06bbc4 wp-block-group-is-layout-flex\" style=\"border-bottom-color:var(--wp--preset--color--base);border-bottom-width:1px;margin-top:0;margin-bottom:0;padding-top:20px;padding-right:46px;padding-bottom:20px;padding-left:var(--wp--preset--spacing--10)\">\n<h6 class=\"wp-block-heading has-body-font-family has-s-font-size\"><strong>Incrustaciones y Bordes con incrustaciones<\/strong><\/h6>\n\n\n\n<p class=\"wp-container-content-9cfa9a5a\">Cat\u00e1logo<\/p>\n\n\n\n<div class=\"wp-block-file icon-download has-link-color\"><a id=\"wp-block-file--media-9907f995-c55a-4b5f-93c9-bb964406da7f\" href=\"https:\/\/www.berti.net\/wp-content\/uploads\/catalogo_berti_intarsi.pdf\" target=\"_blank\" rel=\"noreferrer noopener\">cat\u00e1logo_berti_intarsi<\/a><a href=\"https:\/\/www.berti.net\/wp-content\/uploads\/catalogo_berti_intarsi.pdf\" class=\"wp-block-file__button wp-element-button\" download=\"\" aria-describedby=\"wp-block-file--media-9907f995-c55a-4b5f-93c9-bb964406da7f\">Descarga<\/a><\/div>\n<\/div>\n\n\n\n<div class=\"wp-block-group is-layout-flex wp-container-core-group-is-layout-ae06bbc4 wp-block-group-is-layout-flex\" style=\"border-bottom-color:var(--wp--preset--color--base);border-bottom-width:1px;margin-top:0;margin-bottom:0;padding-top:20px;padding-right:46px;padding-bottom:20px;padding-left:var(--wp--preset--spacing--10)\">\n<h6 class=\"wp-block-heading has-body-font-family has-s-font-size\"><strong>Diesel Vivir con Berti<\/strong><\/h6>\n\n\n\n<p class=\"wp-container-content-9cfa9a5a\">Cat\u00e1logo<\/p>\n\n\n\n<div class=\"wp-block-file icon-download has-link-color\"><a id=\"wp-block-file--media-da250af5-daf3-4271-9cb6-9a9598a958cb\" href=\"https:\/\/www.berti.net\/wp-content\/uploads\/DIESEL-2025-BERTI-PAVIMENTI-CATALOGO-41225.pdf\" target=\"_blank\" rel=\"noreferrer noopener\">DIESEL-2025-BERTI-PAVIMENTI-CATALOGO-41225<\/a><a href=\"https:\/\/www.berti.net\/wp-content\/uploads\/DIESEL-2025-BERTI-PAVIMENTI-CATALOGO-41225.pdf\" class=\"wp-block-file__button wp-element-button\" download=\"\" aria-describedby=\"wp-block-file--media-da250af5-daf3-4271-9cb6-9a9598a958cb\">Descarga<\/a><\/div>\n<\/div>\n\n\n\n<div class=\"wp-block-group is-layout-flex wp-container-core-group-is-layout-ae06bbc4 wp-block-group-is-layout-flex\" style=\"border-bottom-color:var(--wp--preset--color--base);border-bottom-width:1px;margin-top:0;margin-bottom:0;padding-top:20px;padding-right:46px;padding-bottom:20px;padding-left:var(--wp--preset--spacing--10)\">\n<h6 class=\"wp-block-heading has-body-font-family has-s-font-size\"><strong>Suelo del ba\u00f1o<\/strong><\/h6>\n\n\n\n<p class=\"wp-container-content-9cfa9a5a\">Plegable<\/p>\n\n\n\n<div class=\"wp-block-file icon-download has-link-color\"><a id=\"wp-block-file--media-01bc97b8-8e2c-48bb-a074-9954fbc156d4\" href=\"https:\/\/www.berti.net\/wp-content\/uploads\/2024\/10\/berti_pavimenti-legno_parquet_piano-bagno_catalogo.pdf\" target=\"_blank\" rel=\"noreferrer noopener\">berti_pisos_parquet_de_madera_de_ba\u00f1o_cat\u00e1logo<\/a><a href=\"https:\/\/www.berti.net\/wp-content\/uploads\/2024\/10\/berti_pavimenti-legno_parquet_piano-bagno_catalogo.pdf\" class=\"wp-block-file__button wp-element-button\" download=\"\" aria-describedby=\"wp-block-file--media-01bc97b8-8e2c-48bb-a074-9954fbc156d4\">Descarga<\/a><\/div>\n<\/div>\n\n\n\n<div class=\"wp-block-group is-layout-flex wp-container-core-group-is-layout-ae06bbc4 wp-block-group-is-layout-flex\" style=\"border-bottom-color:var(--wp--preset--color--base);border-bottom-width:1px;margin-top:0;margin-bottom:0;padding-top:20px;padding-right:46px;padding-bottom:20px;padding-left:var(--wp--preset--spacing--10)\">\n<h6 class=\"wp-block-heading has-body-font-family has-s-font-size\"><strong>Perfil de referencia<\/strong><\/h6>\n\n\n\n<p class=\"wp-container-content-9cfa9a5a\">Libro de ejercicios<\/p>\n\n\n\n<div class=\"wp-block-file icon-download has-link-color\"><a id=\"wp-block-file--media-7a723491-c09a-4767-a6ce-ffe39d6bea18\" href=\"https:\/\/www.berti.net\/wp-content\/uploads\/berti_pavimenti-legno_parquet_reference-profile-IT.pdf\" target=\"_blank\" rel=\"noreferrer noopener\">berti_pavings-parquet_de_madera_perfil_de_referencia-ES<\/a><a href=\"https:\/\/www.berti.net\/wp-content\/uploads\/berti_pavimenti-legno_parquet_reference-profile-IT.pdf\" class=\"wp-block-file__button wp-element-button\" download=\"\" aria-describedby=\"wp-block-file--media-7a723491-c09a-4767-a6ce-ffe39d6bea18\">Descarga<\/a><\/div>\n<\/div>\n\n\n\n<div class=\"wp-block-group is-layout-flex wp-container-core-group-is-layout-ae06bbc4 wp-block-group-is-layout-flex\" style=\"border-bottom-color:var(--wp--preset--color--base);border-bottom-width:1px;margin-top:0;margin-bottom:0;padding-top:20px;padding-right:46px;padding-bottom:20px;padding-left:var(--wp--preset--spacing--10)\">\n<h6 class=\"wp-block-heading has-body-font-family has-s-font-size\"><strong>Pintura antibacteriana Silver Protector<\/strong><\/h6>\n\n\n\n<p class=\"wp-container-content-9cfa9a5a\">Libro de ejercicios<\/p>\n\n\n\n<div class=\"wp-block-file icon-download has-link-color\"><a id=\"wp-block-file--media-774901ea-896b-48e9-a97e-1c4dcf6278b4\" href=\"https:\/\/www.berti.net\/wp-content\/uploads\/berti_pavimenti-legno_parquet_silver-protector.pdf\" target=\"_blank\" rel=\"noreferrer noopener\">berti_pisos_parquet_de_madera_protector_plata<\/a><a href=\"https:\/\/www.berti.net\/wp-content\/uploads\/berti_pavimenti-legno_parquet_silver-protector.pdf\" class=\"wp-block-file__button wp-element-button\" download=\"\" aria-describedby=\"wp-block-file--media-774901ea-896b-48e9-a97e-1c4dcf6278b4\">Descarga<\/a><\/div>\n<\/div>\n\n\n\n<div class=\"wp-block-group is-layout-flex wp-container-core-group-is-layout-ae06bbc4 wp-block-group-is-layout-flex\" style=\"border-bottom-color:var(--wp--preset--color--base);border-bottom-width:1px;margin-top:0;margin-bottom:0;padding-top:20px;padding-right:46px;padding-bottom:20px;padding-left:var(--wp--preset--spacing--10)\">\n<h6 class=\"wp-block-heading has-body-font-family has-s-font-size\"><strong>Faq Berti<\/strong><span class=\"bt-download-list__item--text\" style=\"box-sizing: border-box; font-size: 18px; font-stretch: normal; line-height: 30px; color: rgb(51, 51, 51); font-family: Karla; white-space-collapse: collapse; background-color: rgb(255, 255, 255);\"><\/span><\/h6>\n\n\n\n<p class=\"wp-container-content-9cfa9a5a\">Libro de ejercicios<\/p>\n\n\n\n<div class=\"wp-block-file icon-download has-link-color\"><a id=\"wp-block-file--media-634938bd-267d-40fb-af3d-7f8d44f9fc4f\" href=\"https:\/\/www.berti.net\/wp-content\/uploads\/BERTI-PAVIMENTI-LEGNO-FAQ_ITA.pdf\" target=\"_blank\" rel=\"noreferrer noopener\">BERTI-FLOORING-MADERA-FAQ_ITA<\/a><a href=\"https:\/\/www.berti.net\/wp-content\/uploads\/BERTI-PAVIMENTI-LEGNO-FAQ_ITA.pdf\" class=\"wp-block-file__button wp-element-button\" download=\"\" aria-describedby=\"wp-block-file--media-634938bd-267d-40fb-af3d-7f8d44f9fc4f\">Descarga<\/a><\/div>\n<\/div>\n\n\n\n<div class=\"wp-block-group is-layout-flex wp-container-core-group-is-layout-ae06bbc4 wp-block-group-is-layout-flex\" style=\"border-bottom-color:var(--wp--preset--color--base);border-bottom-width:1px;margin-top:0;margin-bottom:0;padding-top:20px;padding-right:46px;padding-bottom:20px;padding-left:var(--wp--preset--spacing--10)\">\n<h6 class=\"wp-block-heading has-body-font-family has-s-font-size\"><strong>Experiencia de compra<\/strong><span class=\"bt-download-list__item--text\" style=\"box-sizing: border-box; font-size: 18px; font-stretch: normal; line-height: 30px; color: rgb(51, 51, 51); font-family: Karla; white-space-collapse: collapse; background-color: rgb(255, 255, 255);\"><\/span><\/h6>\n\n\n\n<p class=\"wp-container-content-9cfa9a5a\">Woorkbook<\/p>\n\n\n\n<div class=\"wp-block-file icon-download has-link-color\"><a id=\"wp-block-file--media-55078655-845e-4a6c-a35b-dd8fe58bd2e1\" href=\"https:\/\/www.berti.net\/wp-content\/uploads\/2024\/11\/shopping-experience-082023-IT.pdf\" target=\"_blank\" rel=\"noreferrer noopener\">shopping-experience-082023-IT<\/a><a href=\"https:\/\/www.berti.net\/wp-content\/uploads\/2024\/11\/shopping-experience-082023-IT.pdf\" class=\"wp-block-file__button wp-element-button\" download=\"\" aria-describedby=\"wp-block-file--media-55078655-845e-4a6c-a35b-dd8fe58bd2e1\">Descarga<\/a><\/div>\n<\/div>\n<\/div>\n<\/div>\n<\/div>\n<\/div>\n\n<div style=\"height:var(--wp--preset--spacing--80)\" aria-hidden=\"true\" class=\"wp-block-spacer\"><\/div>\n\n<div class=\"wp-block-cover alignfull is-light estimate-request-content\" style=\"margin-top:0\"><img decoding=\"async\" class=\"wp-block-cover__image-background\" alt=\"\" src=\"https:\/\/www.berti.net\/wp-content\/themes\/thombase\/public\/images\/estimateBanner.webp\" data-object-fit=\"cover\"\/><span aria-hidden=\"true\" class=\"wp-block-cover__background has-background-dim-0 has-background-dim\"><\/span><div class=\"wp-block-cover__inner-container has-global-padding is-layout-constrained wp-block-cover-is-layout-constrained\">\n<div id=\"estimate\" class=\"wp-block-group alignleft estimate-request-content-inner has-global-padding is-content-justification-left is-layout-constrained wp-container-core-group-is-layout-94054b8f wp-block-group-is-layout-constrained\">\n<h5 class=\"wp-block-heading\">Pide <strong>presupuesto<\/strong>,<br\/>entra en el mundo Berti<\/h5>\n\n\n\n<p>Rellena el formulario para solicitar un Presupuesto.  <br\/>Recibir\u00e1s una respuesta de nuestro personal en breve.<\/p>\n\n\n\n<div class=\"wp-block-buttons is-layout-flex wp-block-buttons-is-layout-flex\">\n<div class=\"wp-block-button is-style-link\"><a class=\"wp-block-button__link wp-element-button\" href=\"https:\/\/www.berti.net\/es\/solicita-preventivo-2\/\">SOLICITA AHORA<\/a><\/div>\n<\/div>\n<\/div>\n<\/div><\/div>\n","protected":false},"excerpt":{"rendered":"<p>Cat\u00e1logos y cuadernos de trabajo Volver a la lista Monograf\u00eda Berti Perfil de la empresa I-Wood Colecci\u00f3n de revestimientos de madera Cat\u00e1logo Parquet Preacabado Colecci\u00f3n Berti y Berti Studio Cat\u00e1logo Square Space Colecci\u00f3n de losetas Incrustaciones y Bordes con incrustaciones Cat\u00e1logo Diesel Vivir con Berti Cat\u00e1logo Suelo del ba\u00f1o Plegable Perfil de referencia Libro de ejercicios Pintura antibacteriana Silver Protector [&hellip;]<\/p>\n","protected":false},"author":2,"featured_media":0,"parent":17188,"menu_order":0,"comment_status":"closed","ping_status":"closed","template":"","meta":{"footnotes":""},"class_list":["post-17212","page","type-page","status-publish","hentry"],"_links":{"self":[{"href":"https:\/\/berti.net\/es\/wp-json\/wp\/v2\/pages\/17212","targetHints":{"allow":["GET"]}}],"collection":[{"href":"https:\/\/berti.net\/es\/wp-json\/wp\/v2\/pages"}],"about":[{"href":"https:\/\/berti.net\/es\/wp-json\/wp\/v2\/types\/page"}],"author":[{"embeddable":true,"href":"https:\/\/berti.net\/es\/wp-json\/wp\/v2\/users\/2"}],"replies":[{"embeddable":true,"href":"https:\/\/berti.net\/es\/wp-json\/wp\/v2\/comments?post=17212"}],"version-history":[{"count":8,"href":"https:\/\/berti.net\/es\/wp-json\/wp\/v2\/pages\/17212\/revisions"}],"predecessor-version":[{"id":29179,"href":"https:\/\/berti.net\/es\/wp-json\/wp\/v2\/pages\/17212\/revisions\/29179"}],"up":[{"embeddable":true,"href":"https:\/\/berti.net\/es\/wp-json\/wp\/v2\/pages\/17188"}],"wp:attachment":[{"href":"https:\/\/berti.net\/es\/wp-json\/wp\/v2\/media?parent=17212"}],"curies":[{"name":"wp","href":"https:\/\/api.w.org\/{rel}","templated":true}]}}