{"id":17188,"date":"2024-09-12T13:20:20","date_gmt":"2024-09-12T13:20:20","guid":{"rendered":"https:\/\/www.berti.net\/descarga\/"},"modified":"2025-05-16T10:22:38","modified_gmt":"2025-05-16T10:22:38","slug":"descarga","status":"publish","type":"page","link":"https:\/\/berti.net\/es\/descarga\/","title":{"rendered":"Descarga"},"content":{"rendered":"\n<div class=\"wp-block-group alignfull hero-title-slider-pattern has-global-padding is-layout-constrained wp-block-group-is-layout-constrained\">\n<div class=\"wp-block-group banner-hero-content has-global-padding is-layout-constrained wp-container-core-group-is-layout-09a7d114 wp-block-group-is-layout-constrained\" style=\"margin-top:var(--wp--preset--spacing--70);margin-bottom:var(--wp--preset--spacing--30)\">\n<div class=\"wp-block-group is-style-container has-global-padding is-layout-constrained wp-container-core-group-is-layout-a816393c wp-block-group-is-layout-constrained\">\n<h1 class=\"wp-block-heading has-text-align-center has-xxl-font-size\" style=\"margin-bottom:16px;letter-spacing:0px;line-height:1\">\u00c1rea de descargas<\/h1>\n\n\n\n<p class=\"has-text-align-center has-m-22-font-size\" style=\"line-height:1.45\">En esta secci\u00f3n encontrar\u00e1s todos los recursos que necesitas para conocer mejor el mundo de los suelos Berti. <strong>Cat\u00e1logos<\/strong>, <strong>fichas t\u00e9cnicas<\/strong>, <strong>gu\u00edas de colocaci\u00f3n<\/strong> y <strong>material informativo<\/strong> est\u00e1n a tu disposici\u00f3n para ayudarte a elegir la soluci\u00f3n ideal y conocer cada detalle de nuestros productos. Descarga los documentos que necesites y descubre la excelencia y la calidad que distinguen a <strong>los suelos de madera Berti<\/strong>. <\/p>\n<\/div>\n<\/div>\n<\/div>\n\n\n\n<div class=\"wp-block-group is-style-container has-global-padding is-layout-constrained wp-block-group-is-layout-constrained\" style=\"margin-top:var(--wp--preset--spacing--60);margin-bottom:var(--wp--preset--spacing--60)\">\n<div class=\"wp-block-columns is-layout-flex wp-container-core-columns-is-layout-7fc3d43a wp-block-columns-is-layout-flex\">\n<div class=\"wp-block-column is-layout-flow wp-block-column-is-layout-flow\" style=\"flex-basis:33.34%\">\n<div class=\"wp-block-group is-style-default hover-border-item is-vertical is-content-justification-left is-nowrap is-layout-flex wp-container-core-group-is-layout-87328470 wp-block-group-is-layout-flex\">\n<div class=\"wp-block-group image-container has-global-padding is-layout-constrained wp-block-group-is-layout-constrained\">\n<figure class=\"wp-block-image size-large\"><a href=\"https:\/\/www.berti.net\/es\/descarga\/catalogos-y-cuadernos-de-trabajo\/\"><img loading=\"lazy\" decoding=\"async\" width=\"1920\" height=\"1920\" src=\"https:\/\/www.berti.net\/wp-content\/uploads\/berti-pavimenti-in-legno_parquet-download-catalogo-1920x1920.jpg\" alt=\"\" class=\"wp-image-11420\" srcset=\"https:\/\/berti.net\/wp-content\/uploads\/berti-pavimenti-in-legno_parquet-download-catalogo-1920x1920.jpg 1920w, https:\/\/berti.net\/wp-content\/uploads\/berti-pavimenti-in-legno_parquet-download-catalogo-812x812.jpg 812w, https:\/\/berti.net\/wp-content\/uploads\/berti-pavimenti-in-legno_parquet-download-catalogo-406x406.jpg 406w, https:\/\/berti.net\/wp-content\/uploads\/berti-pavimenti-in-legno_parquet-download-catalogo-768x768.jpg 768w, https:\/\/berti.net\/wp-content\/uploads\/berti-pavimenti-in-legno_parquet-download-catalogo-1536x1536.jpg 1536w, https:\/\/berti.net\/wp-content\/uploads\/berti-pavimenti-in-legno_parquet-download-catalogo-2048x2048.jpg 2048w, https:\/\/berti.net\/wp-content\/uploads\/berti-pavimenti-in-legno_parquet-download-catalogo-300x300.jpg 300w, https:\/\/berti.net\/wp-content\/uploads\/berti-pavimenti-in-legno_parquet-download-catalogo-400x400.jpg 400w, https:\/\/berti.net\/wp-content\/uploads\/berti-pavimenti-in-legno_parquet-download-catalogo-600x600.jpg 600w\" sizes=\"auto, (max-width: 1920px) 100vw, 1920px\" \/><\/a><\/figure>\n<\/div>\n\n\n\n<div class=\"wp-block-group has-global-padding is-content-justification-left is-layout-constrained wp-container-core-group-is-layout-cc1c0e03 wp-block-group-is-layout-constrained\" style=\"padding-right:var(--wp--preset--spacing--10);padding-left:var(--wp--preset--spacing--10)\">\n<h2 class=\"wp-block-heading has-base-color has-text-color has-link-color has-m-22-font-size wp-elements-3b264f5afe3940dd50922aa4d5626873\" style=\"text-decoration:none\"><a href=\"https:\/\/www.berti.net\/es\/descarga\/catalogos-y-cuadernos-de-trabajo\/\">Cat\u00e1logos y cuadernos de trabajo<\/a><\/h2>\n<\/div>\n<\/div>\n<\/div>\n\n\n\n<div class=\"wp-block-column is-layout-flow wp-block-column-is-layout-flow\" style=\"flex-basis:33.34%\">\n<div class=\"wp-block-group is-style-default hover-border-item is-vertical is-content-justification-left is-nowrap is-layout-flex wp-container-core-group-is-layout-87328470 wp-block-group-is-layout-flex\">\n<div class=\"wp-block-group image-container has-global-padding is-layout-constrained wp-block-group-is-layout-constrained\">\n<figure class=\"wp-block-image size-large\"><a href=\"https:\/\/www.berti.net\/es\/descarga\/fichas-tecnicas\/\"><img loading=\"lazy\" decoding=\"async\" width=\"1022\" height=\"1024\" src=\"https:\/\/www.berti.net\/wp-content\/uploads\/2024\/09\/download1-1022x1024.png\" alt=\"\" class=\"wp-image-100\" srcset=\"https:\/\/berti.net\/wp-content\/uploads\/2024\/09\/download1-1022x1024.png 1022w, https:\/\/berti.net\/wp-content\/uploads\/2024\/09\/download1-300x300.png 300w, https:\/\/berti.net\/wp-content\/uploads\/2024\/09\/download1-150x150.png 150w, https:\/\/berti.net\/wp-content\/uploads\/2024\/09\/download1-768x769.png 768w, https:\/\/berti.net\/wp-content\/uploads\/2024\/09\/download1.png 1066w\" sizes=\"auto, (max-width: 1022px) 100vw, 1022px\" \/><\/a><\/figure>\n<\/div>\n\n\n\n<div class=\"wp-block-group has-global-padding is-layout-constrained wp-container-core-group-is-layout-b13d32f8 wp-block-group-is-layout-constrained\" style=\"padding-right:var(--wp--preset--spacing--10);padding-left:var(--wp--preset--spacing--10)\">\n<h2 class=\"wp-block-heading has-text-align-left has-base-color has-text-color has-link-color has-m-22-font-size wp-elements-dce8c3847a3c7815cb6a1c089e50e93f\" style=\"text-decoration:none\"><a href=\"https:\/\/www.berti.net\/es\/descarga\/fichas-tecnicas\/\">Fichas t\u00e9cnicas<\/a><\/h2>\n<\/div>\n<\/div>\n<\/div>\n\n\n\n<div class=\"wp-block-column is-layout-flow wp-block-column-is-layout-flow\" style=\"flex-basis:33.33%\">\n<div class=\"wp-block-group is-style-default hover-border-item is-vertical is-content-justification-left is-nowrap is-layout-flex wp-container-core-group-is-layout-87328470 wp-block-group-is-layout-flex\">\n<div class=\"wp-block-group image-container has-global-padding is-layout-constrained wp-block-group-is-layout-constrained\">\n<figure class=\"wp-block-image size-large\"><a href=\"https:\/\/www.berti.net\/es\/descarga\/kit-de-prensa\/\"><img loading=\"lazy\" decoding=\"async\" width=\"1022\" height=\"1024\" src=\"https:\/\/www.berti.net\/wp-content\/uploads\/2024\/09\/download2-1022x1024.png\" alt=\"\" class=\"wp-image-99\" srcset=\"https:\/\/berti.net\/wp-content\/uploads\/2024\/09\/download2-1022x1024.png 1022w, https:\/\/berti.net\/wp-content\/uploads\/2024\/09\/download2-300x300.png 300w, https:\/\/berti.net\/wp-content\/uploads\/2024\/09\/download2-150x150.png 150w, https:\/\/berti.net\/wp-content\/uploads\/2024\/09\/download2-768x769.png 768w, https:\/\/berti.net\/wp-content\/uploads\/2024\/09\/download2.png 1066w\" sizes=\"auto, (max-width: 1022px) 100vw, 1022px\" \/><\/a><\/figure>\n<\/div>\n\n\n\n<div class=\"wp-block-group has-global-padding is-layout-constrained wp-container-core-group-is-layout-b13d32f8 wp-block-group-is-layout-constrained\" style=\"padding-right:var(--wp--preset--spacing--10);padding-left:var(--wp--preset--spacing--10)\">\n<h2 class=\"wp-block-heading has-base-color has-text-color has-link-color has-m-22-font-size wp-elements-affcbd98bb03e1e9244055dd2c7af1dc\" style=\"text-decoration:none\"><a href=\"https:\/\/www.berti.net\/es\/descarga\/kit-de-prensa\/\">Kit de prensa<\/a><\/h2>\n<\/div>\n<\/div>\n<\/div>\n<\/div>\n<\/div>\n\n\n\n<div style=\"height:var(--wp--preset--spacing--80)\" aria-hidden=\"true\" class=\"wp-block-spacer\"><\/div>\n\n\n\n<div class=\"wp-block-cover alignfull is-light estimate-request-content\" style=\"margin-top:0\"><span aria-hidden=\"true\" class=\"wp-block-cover__background has-background-dim-0 has-background-dim\"><\/span><img decoding=\"async\" class=\"wp-block-cover__image-background\" alt=\"\" src=\"https:\/\/www.berti.net\/wp-content\/themes\/thombase\/public\/images\/estimateBanner.webp\" data-object-fit=\"cover\"\/><div class=\"wp-block-cover__inner-container has-global-padding is-layout-constrained wp-block-cover-is-layout-constrained\">\n<div id=\"estimate\" class=\"wp-block-group alignleft estimate-request-content-inner has-global-padding is-content-justification-left is-layout-constrained wp-container-core-group-is-layout-94054b8f wp-block-group-is-layout-constrained\">\n<h5 class=\"wp-block-heading\">Pide un <strong>presupuesto<\/strong>,<br>entra en el mundo Berti<\/h5>\n\n\n\n<p>Rellena el formulario para solicitar un presupuesto.  <br>Recibir\u00e1s una respuesta de nuestro personal en breve.<\/p>\n\n\n\n<div class=\"wp-block-buttons is-layout-flex wp-block-buttons-is-layout-flex\">\n<div class=\"wp-block-button is-style-link\"><a class=\"wp-block-button__link wp-element-button\" href=\"https:\/\/www.berti.net\/es\/solicita-preventivo-2\/\">SOLICITA AHORA<\/a><\/div>\n<\/div>\n<\/div>\n<\/div><\/div>\n","protected":false},"excerpt":{"rendered":"<p>\u00c1rea de descargas En esta secci\u00f3n encontrar\u00e1s todos los recursos que necesitas para conocer mejor el mundo de los suelos Berti. Cat\u00e1logos, fichas t\u00e9cnicas, gu\u00edas de colocaci\u00f3n y material informativo est\u00e1n a tu disposici\u00f3n para ayudarte a elegir la soluci\u00f3n ideal y conocer cada detalle de nuestros productos. Descarga los documentos que necesites y descubre la excelencia y la calidad [&hellip;]<\/p>\n","protected":false},"author":2,"featured_media":0,"parent":0,"menu_order":0,"comment_status":"closed","ping_status":"closed","template":"","meta":{"footnotes":""},"class_list":["post-17188","page","type-page","status-publish","hentry"],"_links":{"self":[{"href":"https:\/\/berti.net\/es\/wp-json\/wp\/v2\/pages\/17188","targetHints":{"allow":["GET"]}}],"collection":[{"href":"https:\/\/berti.net\/es\/wp-json\/wp\/v2\/pages"}],"about":[{"href":"https:\/\/berti.net\/es\/wp-json\/wp\/v2\/types\/page"}],"author":[{"embeddable":true,"href":"https:\/\/berti.net\/es\/wp-json\/wp\/v2\/users\/2"}],"replies":[{"embeddable":true,"href":"https:\/\/berti.net\/es\/wp-json\/wp\/v2\/comments?post=17188"}],"version-history":[{"count":5,"href":"https:\/\/berti.net\/es\/wp-json\/wp\/v2\/pages\/17188\/revisions"}],"predecessor-version":[{"id":20241,"href":"https:\/\/berti.net\/es\/wp-json\/wp\/v2\/pages\/17188\/revisions\/20241"}],"wp:attachment":[{"href":"https:\/\/berti.net\/es\/wp-json\/wp\/v2\/media?parent=17188"}],"curies":[{"name":"wp","href":"https:\/\/api.w.org\/{rel}","templated":true}]}}